{"id":3,"date":"2012-04-02T15:19:27","date_gmt":"2012-04-02T15:19:27","guid":{"rendered":"http:\/\/academia.utp.edu.co\/medicinadeportiva\/?page_id=2"},"modified":"2024-01-12T03:37:39","modified_gmt":"2024-01-12T03:37:39","slug":"pagina-ejemplo","status":"publish","type":"page","link":"https:\/\/academia.utp.edu.co\/medicinadeportiva\/","title":{"rendered":"PROGRAMA DE LA ASIGNATURA MEDICINA DEPORTIVA"},"content":{"rendered":"<h3 style=\"text-align: center\"><span style=\"color: #008000\"><strong style=\"font-size: 1em\">IDENTIFICACI\u00d3N<\/strong><\/span><\/h3>\n<p style=\"text-align: center\"><strong>ASIGNATURA:\u00a0MEDICINA DEPORTIVA.<\/strong><br \/>\n<b>C\u00d3DIGO: DPO3\u00a0<\/b><br \/>\n<b>CR\u00c9DITOS: 5<\/b><br \/>\n<b>PRE-REQUISITOS<\/b>\u00a0Haber aprobado:<\/p>\n<ul style=\"text-align: center\">\n<li>Aprendizaje Motor.<\/li>\n<li>Nutrici\u00f3n Deportiva.<\/li>\n<li>Educaci\u00f3n en Salud II.<\/li>\n<\/ul>\n<p style=\"text-align: center\"><strong>\u00c1REA:<\/strong>\u00a0Ciencias B\u00e1sicas y Aplicadas.<br \/>\n<strong>SEMESTRE:<\/strong>\u00a0D\u00e9cimo.<br \/>\n<strong>HORAS TE\u00d3RICAS:<\/strong> 4 semanales.<br \/>\n<strong>HORAS PR\u00c1CTICAS:<\/strong>\u00a04 semanales. (Rotaci\u00f3n)<br \/>\n<strong>TOTAL DE SEMANAS:<\/strong>\u00a016<br \/>\n<strong>PRUEBA DE SUFICIENCIA:<\/strong>\u00a0Si.<\/p>\n<h3 style=\"text-align: center\"><span style=\"color: #008000\">JUSTIFICACI\u00d3N<\/span><\/h3>\n<p>Los profesionales en Ciencias del Deporte y la Recreaci\u00f3n con \u00e9nfasis en actividad\u00a0f\u00edsica para la salud, deben adquirir los conocimientos m\u00ednimos,\u00a0que le ser\u00e1n suministrados a lo largo del curso, en el cual se estudiaran temas relacionados con\u00a0las enfermedades m\u00e1s frecuentes en el ser humano y su posibilidad de participar\u00a0interdisciplinariamente en procesos de promoci\u00f3n, prevenci\u00f3n, atenci\u00f3n y\u00a0rehabilitaci\u00f3n, utilizando los conocimientos ya adquiridos sobre actividad f\u00edsica, deporte y\u00a0<em id=\"__mceDel\">recreaci\u00f3n, \u00a0de cuyas bases\u00a0<\/em><em id=\"__mceDel\">requieren para su ejercicio profesional.<\/em><\/p>\n<h3 style=\"text-align: center\"><span style=\"color: #008000\"><em id=\"__mceDel\"><strong>COMPETENCIAS A ADQUIRIR<\/strong><\/em><\/span><\/h3>\n<p><em id=\"__mceDel\"><br \/>\n<span style=\"color: #339966\"><strong>Del Saber:<\/strong><\/span><\/em><\/p>\n<ul>\n<li>Como la actividad f\u00edsica, el ejercicio y el deporte, act\u00faan en la prevenci\u00f3n y coadyuvan en el tratamiento de algunas enfermedades.<\/li>\n<li>La fisiopatolog\u00eda b\u00e1sica general de las diferentes enfermedades que se pueden intervenir con actividad f\u00edsica y ejercicio.<\/li>\n<li>Identificar los niveles de complejidad en los que pueden intervenir al orientar y manejar la actividad f\u00edsica.<\/li>\n<li>Del riesgo de usar sustancias prohibidas (Dopaje) como medios para lograr un mejor rendimiento, y adquirir argumentos para dise\u00f1ar programas y participar en prevenci\u00f3n del dopaje.<\/li>\n<\/ul>\n<p><span style=\"color: #339966\"><strong>Del Hacer:<\/strong><\/span><\/p>\n<ul>\n<li>La evaluaci\u00f3n b\u00e1sica inicial (tamizaje) a las personas que solicitan la orientaci\u00f3n de la actividad f\u00edsica.<\/li>\n<li>La Prescripci\u00f3n de la actividad f\u00edsica y ejercicio, seg\u00fan las posibilidades, teniendo en cuenta la evaluaci\u00f3n b\u00e1sica inicial y criterios para prescripci\u00f3n.<\/li>\n<li><em id=\"__mceDel\">Participar activamente en la evaluaci\u00f3n y Prescripci\u00f3n interdisciplinaria de la actividad f\u00edsica y ejercicio.<\/em><\/li>\n<li><em id=\"__mceDel\">Dise\u00f1ar, proponer y ejecutar programas de actividad f\u00edsica y deportiva con bases cient\u00edficas.<\/em><\/li>\n<\/ul>\n<p><span style=\"color: #339966\"><strong><em id=\"__mceDel\">Del Ser:<\/em><\/strong><\/span><\/p>\n<ul>\n<li><em id=\"__mceDel\">Mejorar sus cualidades para el trabajo interdisciplinario, sumando saberes y experticias para mejorar el trabajo con los las personas que realizan actividad f\u00edsica, ejercicio, deporte y recreaci\u00f3n.<\/em><\/li>\n<li><em id=\"__mceDel\">Aportar\u00e1 desde las ciencias del deporte y la recreaci\u00f3n, IDEAS para resolver los problemas funcionales de las personas que practican actividad f\u00edsica, ejercicio, deporte y recreaci\u00f3n.<\/em><\/li>\n<\/ul>\n<h4><\/h4>\n","protected":false},"excerpt":{"rendered":"<p>IDENTIFICACI\u00d3N ASIGNATURA:\u00a0MEDICINA DEPORTIVA. C\u00d3DIGO: DPO3\u00a0 CR\u00c9DITOS: 5 PRE-REQUISITOS\u00a0Haber aprobado: Aprendizaje Motor. Nutrici\u00f3n Deportiva. Educaci\u00f3n en Salud II. \u00c1REA:\u00a0Ciencias B\u00e1sicas y Aplicadas. SEMESTRE:\u00a0D\u00e9cimo. HORAS TE\u00d3RICAS: 4 semanales. HORAS PR\u00c1CTICAS:\u00a04 semanales. (Rotaci\u00f3n) TOTAL DE SEMANAS:\u00a016 PRUEBA&#46;&#46;&#46;<\/p>\n","protected":false},"author":15,"featured_media":0,"parent":0,"menu_order":0,"comment_status":"open","ping_status":"closed","template":"","meta":{"footnotes":""},"class_list":["post-3","page","type-page","status-publish","hentry"],"_links":{"self":[{"href":"https:\/\/academia.utp.edu.co\/medicinadeportiva\/wp-json\/wp\/v2\/pages\/3","targetHints":{"allow":["GET"]}}],"collection":[{"href":"https:\/\/academia.utp.edu.co\/medicinadeportiva\/wp-json\/wp\/v2\/pages"}],"about":[{"href":"https:\/\/academia.utp.edu.co\/medicinadeportiva\/wp-json\/wp\/v2\/types\/page"}],"author":[{"embeddable":true,"href":"https:\/\/academia.utp.edu.co\/medicinadeportiva\/wp-json\/wp\/v2\/users\/15"}],"replies":[{"embeddable":true,"href":"https:\/\/academia.utp.edu.co\/medicinadeportiva\/wp-json\/wp\/v2\/comments?post=3"}],"version-history":[{"count":84,"href":"https:\/\/academia.utp.edu.co\/medicinadeportiva\/wp-json\/wp\/v2\/pages\/3\/revisions"}],"predecessor-version":[{"id":8031,"href":"https:\/\/academia.utp.edu.co\/medicinadeportiva\/wp-json\/wp\/v2\/pages\/3\/revisions\/8031"}],"wp:attachment":[{"href":"https:\/\/academia.utp.edu.co\/medicinadeportiva\/wp-json\/wp\/v2\/media?parent=3"}],"curies":[{"name":"wp","href":"https:\/\/api.w.org\/{rel}","templated":true}]}}