{"id":18,"date":"2025-10-14T10:43:00","date_gmt":"2025-10-14T15:43:00","guid":{"rendered":"https:\/\/academia.utp.edu.co\/metrologia-lmve\/?page_id=18"},"modified":"2025-10-26T15:00:01","modified_gmt":"2025-10-26T20:00:01","slug":"servicios","status":"publish","type":"page","link":"https:\/\/academia.utp.edu.co\/metrologia-lmve\/servicios\/","title":{"rendered":"Servicios"},"content":{"rendered":"\n<p>Este laboratorio se encuentra acreditado ante el Organismo Nacional de Acreditaci\u00f3n de Colombia \u2013 ONAC.<\/p>\n\n\n\n<div class=\"wp-block-columns are-vertically-aligned-center is-layout-flex wp-container-core-columns-is-layout-28f84493 wp-block-columns-is-layout-flex\">\n<div class=\"wp-block-column is-vertically-aligned-center is-layout-flow wp-block-column-is-layout-flow\">\n<figure class=\"wp-block-image size-full is-style-rounded wp-duotone-unset-1\" style=\"margin-top:0;margin-right:0;margin-bottom:0;margin-left:0\"><img loading=\"lazy\" decoding=\"async\" width=\"1024\" height=\"576\" src=\"https:\/\/academia.utp.edu.co\/metrologia-lmve\/files\/2025\/10\/20250519_084303-1024x576-1.jpg\" alt=\"LMVE\" class=\"wp-image-83\" srcset=\"https:\/\/academia.utp.edu.co\/metrologia-lmve\/files\/2025\/10\/20250519_084303-1024x576-1.jpg 1024w, https:\/\/academia.utp.edu.co\/metrologia-lmve\/files\/2025\/10\/20250519_084303-1024x576-1-300x169.jpg 300w, https:\/\/academia.utp.edu.co\/metrologia-lmve\/files\/2025\/10\/20250519_084303-1024x576-1-768x432.jpg 768w\" sizes=\"auto, (max-width: 1024px) 100vw, 1024px\" \/><\/figure>\n<\/div>\n\n\n\n<div class=\"wp-block-column is-vertically-aligned-center is-layout-flow wp-block-column-is-layout-flow\">\n<h3 class=\"wp-block-heading has-text-align-center\">Para satisfacer las necesidades metrol\u00f3gicas presentes y futuras del sector industrial, comercial y de investigaci\u00f3n de la naci\u00f3n, se ofrecen los siguientes servicios:<\/h3>\n\n\n\n<p class=\"has-text-align-left has-accent-color has-background-color-background-color has-text-color has-background has-link-color wp-elements-bb25b639347966634a7e6e375e8dcd9d\"><\/p>\n<\/div>\n<\/div>\n\n\n\n<div class=\"wp-block-group alignwide\"><div class=\"wp-block-group__inner-container is-layout-constrained wp-block-group-is-layout-constrained\">\n<div class=\"wp-block-columns is-layout-flex wp-container-core-columns-is-layout-47c06fe3 wp-block-columns-is-layout-flex\">\n<div class=\"wp-block-column is-layout-flow wp-block-column-is-layout-flow\">\n<div class=\"wp-block-group has-background\" style=\"border-radius:8px;background-color:#f9f8f7;padding-top:32px;padding-right:32px;padding-bottom:32px;padding-left:32px\"><div class=\"wp-block-group__inner-container is-layout-constrained wp-container-core-group-is-layout-3432adc9 wp-block-group-is-layout-constrained\">\n<h3 class=\"wp-block-heading\">Calibracion de Equipos<\/h3>\n\n\n\n<ul class=\"wp-block-list\">\n<li>Mult\u00edmetros<\/li>\n\n\n\n<li>Telur\u00f3metros<\/li>\n\n\n\n<li>Pinzas Voltiamperim\u00e9tricas<\/li>\n\n\n\n<li>Medidores de Resistencia de Aislamiento<\/li>\n\n\n\n<li>Osciloscopios<\/li>\n\n\n\n<li>Analizadores de Redes<\/li>\n\n\n\n<li>Calibradores de Procesos<\/li>\n\n\n\n<li>Indicadores de Temperatura (TC y RTD)<\/li>\n<\/ul>\n\n\n\n<div class=\"wp-block-buttons is-layout-flex wp-block-buttons-is-layout-flex\">\n<div class=\"wp-block-button\"><a class=\"wp-block-button__link has-white-color has-text-color has-background has-link-color has-small-font-size has-custom-font-size wp-element-button\" style=\"background-color:#b1b1b1;padding-top:var(--wp--preset--spacing--40);padding-right:var(--wp--preset--spacing--60);padding-bottom:var(--wp--preset--spacing--40);padding-left:var(--wp--preset--spacing--60);font-style:normal;font-weight:600;text-transform:uppercase\">VER MAS<\/a><\/div>\n<\/div>\n<\/div><\/div>\n<\/div>\n\n\n\n<div class=\"wp-block-column is-layout-flow wp-block-column-is-layout-flow\">\n<div class=\"wp-block-group has-background\" style=\"border-radius:8px;background-color:#f9f8f7;padding-top:32px;padding-right:32px;padding-bottom:32px;padding-left:32px\"><div class=\"wp-block-group__inner-container is-layout-constrained wp-container-core-group-is-layout-3432adc9 wp-block-group-is-layout-constrained\">\n<h3 class=\"wp-block-heading\">Magnitudes a Calibrar<\/h3>\n\n\n\n<p>Resistencia El\u00e9ctrica de Tierra<\/p>\n\n\n\n<p>Frecuencia<\/p>\n\n\n\n<p>Simulaci\u00f3n El\u00e9ctrica de Temperatura (Indicadores de Termocuplas y RTD\u00b4s)<\/p>\n\n\n\n<div class=\"wp-block-buttons is-layout-flex wp-block-buttons-is-layout-flex\">\n<div class=\"wp-block-button\"><a class=\"wp-block-button__link has-white-color has-accent-background-color has-text-color has-background has-link-color has-small-font-size has-custom-font-size wp-element-button\" style=\"padding-top:var(--wp--preset--spacing--40);padding-right:var(--wp--preset--spacing--60);padding-bottom:var(--wp--preset--spacing--40);padding-left:var(--wp--preset--spacing--60);font-style:normal;font-weight:600;text-transform:uppercase\">VER MAS<\/a><\/div>\n<\/div>\n<\/div><\/div>\n<\/div>\n\n\n\n<div class=\"wp-block-column is-layout-flow wp-block-column-is-layout-flow\">\n<div class=\"wp-block-group has-white-color has-text-color has-background has-link-color wp-elements-ffe15778b322acc92d39cea15aadcf6f\" style=\"border-radius:8px;background-color:#b1b1b1;padding-top:32px;padding-right:32px;padding-bottom:32px;padding-left:32px\"><div class=\"wp-block-group__inner-container is-layout-constrained wp-container-core-group-is-layout-3432adc9 wp-block-group-is-layout-constrained\">\n<h3 class=\"wp-block-heading has-accent-color has-text-color has-link-color wp-elements-028b37f3b5a255e7da049134e3a84fac\">Magnitudes a Calibrar<\/h3>\n\n\n\n<p>Tensi\u00f3n El\u00e9ctrica AC y DC<\/p>\n\n\n\n<p>Corriente El\u00e9ctrica AC y DC<\/p>\n\n\n\n<p>Potencia El\u00e9ctrica AC y DC<\/p>\n\n\n\n<p>Resistencia El\u00e9ctrica, Resistencia El\u00e9ctrica de Aislamiento<\/p>\n\n\n\n<div class=\"wp-block-buttons is-layout-flex wp-block-buttons-is-layout-flex\">\n<div class=\"wp-block-button\"><a class=\"wp-block-button__link has-white-color has-text-color has-background has-link-color has-border-color has-white-border-color has-small-font-size has-custom-font-size wp-element-button\" style=\"border-width:2px;background-color:#ffffff00;padding-top:var(--wp--preset--spacing--40);padding-right:var(--wp--preset--spacing--60);padding-bottom:var(--wp--preset--spacing--40);padding-left:var(--wp--preset--spacing--60);font-style:normal;font-weight:600;text-transform:uppercase\">VER MAS<\/a><\/div>\n<\/div>\n<\/div><\/div>\n<\/div>\n<\/div>\n\n\n\n<div class=\"wp-block-columns is-layout-flex wp-container-core-columns-is-layout-47c06fe3 wp-block-columns-is-layout-flex\">\n<div class=\"wp-block-column is-layout-flow wp-block-column-is-layout-flow\"><\/div>\n\n\n\n<div class=\"wp-block-column is-layout-flow wp-block-column-is-layout-flow\"><\/div>\n\n\n\n<div class=\"wp-block-column is-layout-flow wp-block-column-is-layout-flow\"><\/div>\n<\/div>\n<\/div><\/div>\n\n\n\n<div class=\"wp-block-group has-white-color has-text-color has-background has-link-color wp-elements-6e18e59059ab11765d1dad83bd0eb52b\" style=\"border-radius:8px;background-color:#b1b1b1;padding-top:32px;padding-right:32px;padding-bottom:32px;padding-left:32px\"><div class=\"wp-block-group__inner-container is-layout-constrained wp-container-core-group-is-layout-3432adc9 wp-block-group-is-layout-constrained\">\n<p>El Laboratorio de Metrolog\u00eda de Variables El\u00e9ctricas en su trayectoria ha prestado servicios a empresas importantes en el sector teniendo como clientes principales:<\/p>\n\n\n\n<h3 class=\"wp-block-heading has-accent-color has-text-color has-link-color wp-elements-06344c5d1d45507a6829b83c9607466e\"><\/h3>\n\n\n\n<ul class=\"wp-block-list\">\n<li>ABB<\/li>\n\n\n\n<li>CHEC<\/li>\n\n\n\n<li>Uni\u00f3n El\u00e9ctrica<\/li>\n\n\n\n<li>Magnetr\u00f3n<\/li>\n\n\n\n<li>Frisby<\/li>\n\n\n\n<li>Coexito<\/li>\n<\/ul>\n\n\n\n<ul class=\"wp-block-list\">\n<li>Retie<\/li>\n\n\n\n<li>Retilap<\/li>\n\n\n\n<li>Molinos Santa Marta<\/li>\n\n\n\n<li>Compa\u00f1\u00eda Colombiana de Certificaci\u00f3n<\/li>\n\n\n\n<li>Clarios Andina<\/li>\n<\/ul>\n\n\n\n<div class=\"wp-block-buttons is-layout-flex wp-block-buttons-is-layout-flex\">\n<div class=\"wp-block-button\"><a class=\"wp-block-button__link has-white-color has-text-color has-background has-link-color has-border-color has-white-border-color has-small-font-size has-custom-font-size wp-element-button\" style=\"border-width:2px;background-color:#ffffff00;padding-top:var(--wp--preset--spacing--40);padding-right:var(--wp--preset--spacing--60);padding-bottom:var(--wp--preset--spacing--40);padding-left:var(--wp--preset--spacing--60);font-style:normal;font-weight:600;text-transform:uppercase\">vER MAS<\/a><\/div>\n<\/div>\n<\/div><\/div>\n\n\n\n<figure class=\"wp-block-embed is-type-video is-provider-youtube wp-block-embed-youtube wp-embed-aspect-16-9 wp-has-aspect-ratio\"><div class=\"wp-block-embed__wrapper\">\n<iframe loading=\"lazy\" title=\"Laboratorio de Metrolog\u00eda y Variables El\u00e9ctricas UTP\" width=\"750\" height=\"422\" src=\"https:\/\/www.youtube.com\/embed\/tjE0J8erNTs?feature=oembed\" frameborder=\"0\" allow=\"accelerometer; autoplay; clipboard-write; encrypted-media; gyroscope; picture-in-picture; web-share\" referrerpolicy=\"strict-origin-when-cross-origin\" allowfullscreen><\/iframe>\n","protected":false},"excerpt":{"rendered":"<p>Este laboratorio se encuentra acreditado ante el Organismo Nacional de Acreditaci\u00f3n de Colombia \u2013 ONAC. Para satisfacer las necesidades metrol\u00f3gicas presentes y futuras del sector industrial, comercial y de investigaci\u00f3n de la naci\u00f3n, se ofrecen los siguientes servicios: Calibracion de Equipos Magnitudes a Calibrar Resistencia El\u00e9ctrica de Tierra Frecuencia Simulaci\u00f3n [&hellip;]<\/p>\n","protected":false},"author":531,"featured_media":80,"parent":0,"menu_order":0,"comment_status":"closed","ping_status":"closed","template":"","meta":{"footnotes":""},"class_list":["post-18","page","type-page","status-publish","has-post-thumbnail","hentry"],"_links":{"self":[{"href":"https:\/\/academia.utp.edu.co\/metrologia-lmve\/wp-json\/wp\/v2\/pages\/18","targetHints":{"allow":["GET"]}}],"collection":[{"href":"https:\/\/academia.utp.edu.co\/metrologia-lmve\/wp-json\/wp\/v2\/pages"}],"about":[{"href":"https:\/\/academia.utp.edu.co\/metrologia-lmve\/wp-json\/wp\/v2\/types\/page"}],"author":[{"embeddable":true,"href":"https:\/\/academia.utp.edu.co\/metrologia-lmve\/wp-json\/wp\/v2\/users\/531"}],"replies":[{"embeddable":true,"href":"https:\/\/academia.utp.edu.co\/metrologia-lmve\/wp-json\/wp\/v2\/comments?post=18"}],"version-history":[{"count":8,"href":"https:\/\/academia.utp.edu.co\/metrologia-lmve\/wp-json\/wp\/v2\/pages\/18\/revisions"}],"predecessor-version":[{"id":84,"href":"https:\/\/academia.utp.edu.co\/metrologia-lmve\/wp-json\/wp\/v2\/pages\/18\/revisions\/84"}],"wp:featuredmedia":[{"embeddable":true,"href":"https:\/\/academia.utp.edu.co\/metrologia-lmve\/wp-json\/wp\/v2\/media\/80"}],"wp:attachment":[{"href":"https:\/\/academia.utp.edu.co\/metrologia-lmve\/wp-json\/wp\/v2\/media?parent=18"}],"curies":[{"name":"wp","href":"https:\/\/api.w.org\/{rel}","templated":true}]}}