{"id":281,"date":"2022-09-05T10:38:32","date_gmt":"2022-09-05T15:38:32","guid":{"rendered":"https:\/\/academia.utp.edu.co\/metrologia\/?page_id=281"},"modified":"2022-09-05T10:39:36","modified_gmt":"2022-09-05T15:39:36","slug":"quienes-somos","status":"publish","type":"page","link":"https:\/\/academia.utp.edu.co\/metrologia\/quienes-somos\/","title":{"rendered":"Qui\u00e9nes Somos!"},"content":{"rendered":"\n<div class=\"wp-block-group alignfull has-background\" style=\"background-color:#f8f4e4\"><div class=\"wp-block-group__inner-container is-layout-flow wp-block-group-is-layout-flow\">\n<div class=\"wp-block-columns alignwide is-layout-flex wp-container-core-columns-is-layout-28f84493 wp-block-columns-is-layout-flex\">\n<div class=\"wp-block-column is-layout-flow wp-block-column-is-layout-flow\">\n<div style=\"height:100px\" aria-hidden=\"true\" class=\"wp-block-spacer\"><\/div>\n\n\n\n<h6 class=\"has-text-color wp-block-heading\" id=\"ecosystem\" style=\"color:#000000\">ECOSISTEMA<\/h6>\n\n\n\n<p class=\"has-text-color\" style=\"color:#000000;font-size:5vw;line-height:1.1\"><strong>Crecimiento positivo.<\/strong><\/p>\n\n\n\n<div style=\"height:5px\" aria-hidden=\"true\" class=\"wp-block-spacer\"><\/div>\n<\/div>\n<\/div>\n\n\n\n<div class=\"wp-block-columns alignwide is-layout-flex wp-container-core-columns-is-layout-28f84493 wp-block-columns-is-layout-flex\">\n<div class=\"wp-block-column is-layout-flow wp-block-column-is-layout-flow\" style=\"flex-basis:33.38%\">\n<p class=\"has-text-color has-extra-small-font-size\" style=\"color:#000000\">alksdfasdknfklajsbdflkjbads l\u00f1ksdhafas doiahsdflma\u00f1sldkna \u00f1oasjdf`presi\u00f3n tan grandiosa como la del mundo en la mente humana, no var\u00edan el resultado.<\/p>\n<\/div>\n\n\n\n<div class=\"wp-block-column is-layout-flow wp-block-column-is-layout-flow\" style=\"flex-basis:33%\">\n<div style=\"height:100px\" aria-hidden=\"true\" class=\"wp-block-spacer\"><\/div>\n\n\n\n<figure class=\"wp-block-image size-large\"><img loading=\"lazy\" decoding=\"async\" width=\"1024\" height=\"284\" src=\"http:\/\/academia.utp.edu.co\/metrologia\/files\/2022\/09\/Banner-1024x284.jpg\" alt=\"\" class=\"wp-image-161\" srcset=\"https:\/\/academia.utp.edu.co\/metrologia\/files\/2022\/09\/Banner-1024x284.jpg 1024w, https:\/\/academia.utp.edu.co\/metrologia\/files\/2022\/09\/Banner-300x83.jpg 300w, https:\/\/academia.utp.edu.co\/metrologia\/files\/2022\/09\/Banner-768x213.jpg 768w, https:\/\/academia.utp.edu.co\/metrologia\/files\/2022\/09\/Banner-1536x426.jpg 1536w, https:\/\/academia.utp.edu.co\/metrologia\/files\/2022\/09\/Banner.jpg 1920w\" sizes=\"auto, (max-width: 1024px) 100vw, 1024px\" \/><\/figure>\n<\/div>\n\n\n\n<div class=\"wp-block-column is-layout-flow wp-block-column-is-layout-flow\" style=\"flex-basis:33.62%\">\n<figure class=\"wp-block-image size-large\"><img decoding=\"async\" src=\"https:\/\/s.w.org\/images\/core\/5.8\/outside-02.jpg\" alt=\"Aerogeneradores en una llanura de hierba, con un cielo azul.\"\/><\/figure>\n<\/div>\n<\/div>\n\n\n\n<div class=\"wp-block-columns alignwide is-layout-flex wp-container-core-columns-is-layout-28f84493 wp-block-columns-is-layout-flex\">\n<div class=\"wp-block-column is-layout-flow wp-block-column-is-layout-flow\" style=\"flex-basis:67%\"><div class=\"wp-block-image\">\n<figure class=\"alignright size-large\"><img decoding=\"async\" src=\"https:\/\/s.w.org\/images\/core\/5.8\/outside-03.jpg\" alt=\"El sol brilla sobre una cresta que desciende hacia la costa. A lo lejos, un coche circula por una carretera.\"\/><\/figure>\n<\/div><\/div>\n\n\n\n<div class=\"wp-block-column is-vertically-aligned-center is-layout-flow wp-block-column-is-layout-flow\" style=\"flex-basis:33%\">\n<p class=\"has-text-color has-extra-small-font-size\" style=\"color:#000000\">Sin duda, no tenemos que hacer preguntas que no tengan respuesta. Debemos confiar en la perfecci\u00f3n de la creaci\u00f3n hasta el punto de creer que cualquier curiosidad que el orden de las cosas haya despertado en nuestra mente, el orden de las cosas puede satisfacerla. La condici\u00f3n de todo hombre es una soluci\u00f3n en jerogl\u00edfico a las preguntas que \u00e9l mismo se plantea.<\/p>\n<\/div>\n<\/div>\n<\/div><\/div>\n","protected":false},"excerpt":{"rendered":"<p>ECOSISTEMA Crecimiento positivo. alksdfasdknfklajsbdflkjbads l\u00f1ksdhafas doiahsdflma\u00f1sldkna \u00f1oasjdf`presi\u00f3n tan grandiosa como la del mundo en la mente humana, no var\u00edan el resultado. Sin duda, no tenemos que hacer preguntas que no tengan respuesta. Debemos confiar en la perfecci\u00f3n de la creaci\u00f3n hasta el punto de creer que cualquier curiosidad que el [&hellip;]<\/p>\n","protected":false},"author":531,"featured_media":161,"parent":0,"menu_order":0,"comment_status":"closed","ping_status":"closed","template":"","meta":{"_EventAllDay":false,"_EventTimezone":"","_EventStartDate":"","_EventEndDate":"","_EventStartDateUTC":"","_EventEndDateUTC":"","_EventShowMap":false,"_EventShowMapLink":false,"_EventURL":"","_EventCost":"","_EventCostDescription":"","_EventCurrencySymbol":"","_EventCurrencyCode":"","_EventCurrencyPosition":"","_EventDateTimeSeparator":"","_EventTimeRangeSeparator":"","_EventOrganizerID":[],"_EventVenueID":[],"_OrganizerEmail":"","_OrganizerPhone":"","_OrganizerWebsite":"","_VenueAddress":"","_VenueCity":"","_VenueCountry":"","_VenueProvince":"","_VenueState":"","_VenueZip":"","_VenuePhone":"","_VenueURL":"","_VenueStateProvince":"","_VenueLat":"","_VenueLng":"","_VenueShowMap":false,"_VenueShowMapLink":false,"footnotes":""},"class_list":["post-281","page","type-page","status-publish","has-post-thumbnail","hentry"],"_links":{"self":[{"href":"https:\/\/academia.utp.edu.co\/metrologia\/wp-json\/wp\/v2\/pages\/281","targetHints":{"allow":["GET"]}}],"collection":[{"href":"https:\/\/academia.utp.edu.co\/metrologia\/wp-json\/wp\/v2\/pages"}],"about":[{"href":"https:\/\/academia.utp.edu.co\/metrologia\/wp-json\/wp\/v2\/types\/page"}],"author":[{"embeddable":true,"href":"https:\/\/academia.utp.edu.co\/metrologia\/wp-json\/wp\/v2\/users\/531"}],"replies":[{"embeddable":true,"href":"https:\/\/academia.utp.edu.co\/metrologia\/wp-json\/wp\/v2\/comments?post=281"}],"version-history":[{"count":1,"href":"https:\/\/academia.utp.edu.co\/metrologia\/wp-json\/wp\/v2\/pages\/281\/revisions"}],"predecessor-version":[{"id":291,"href":"https:\/\/academia.utp.edu.co\/metrologia\/wp-json\/wp\/v2\/pages\/281\/revisions\/291"}],"wp:featuredmedia":[{"embeddable":true,"href":"https:\/\/academia.utp.edu.co\/metrologia\/wp-json\/wp\/v2\/media\/161"}],"wp:attachment":[{"href":"https:\/\/academia.utp.edu.co\/metrologia\/wp-json\/wp\/v2\/media?parent=281"}],"curies":[{"name":"wp","href":"https:\/\/api.w.org\/{rel}","templated":true}]}}