{"id":1110,"date":"2025-01-22T17:30:15","date_gmt":"2025-01-22T22:30:15","guid":{"rendered":"https:\/\/academia.utp.edu.co\/modelado-y-simulacion-computacional\/?page_id=1110"},"modified":"2025-08-13T19:52:13","modified_gmt":"2025-08-14T00:52:13","slug":"research","status":"publish","type":"page","link":"https:\/\/academia.utp.edu.co\/modelado-y-simulacion-computacional\/research\/","title":{"rendered":"Publications"},"content":{"rendered":"\n<div style=\"height:60px\" aria-hidden=\"true\" class=\"wp-block-spacer\"><\/div>\n\n\n\n<h2 class=\"wp-block-heading\">Paper<\/h2>\n\n\n\n<div class=\"wp-block-group\"><div class=\"wp-block-group__inner-container is-layout-constrained wp-block-group-is-layout-constrained\">\n<blockquote class=\"wp-block-quote is-layout-flow wp-block-quote-is-layout-flow\">\n<p><strong>2025<\/strong><\/p>\n\n\n\n<ul class=\"wp-block-list\">\n<li><a href=\"https:\/\/doi.org\/10.1016\/j.est.2025.117240\" data-type=\"link\" data-id=\"https:\/\/doi.org\/10.1016\/j.est.2025.117240\">Hydrogen adsorption on germanene doped with Sn, V, Ti, Zn, and Cu and decorated with K, Li, and Mg. A DFT study.<\/a><\/li>\n<\/ul>\n<\/blockquote>\n<\/div><\/div>\n\n\n\n<div style=\"height:40px\" aria-hidden=\"true\" class=\"wp-block-spacer\"><\/div>\n\n\n\n<div class=\"wp-block-group\"><div class=\"wp-block-group__inner-container is-layout-constrained wp-block-group-is-layout-constrained\">\n<blockquote class=\"wp-block-quote is-layout-flow wp-block-quote-is-layout-flow\">\n<p><strong>2024<\/strong><\/p>\n\n\n\n<ul class=\"wp-block-list\">\n<li><a href=\"https:\/\/www.sciencedirect.com\/science\/article\/pii\/S2352492824025959\">Tailoring electronic structure and thermodynamic stability of (Al, In)-substituted GaAs: Ab-initio insights into bulk and (001) surfaces.<\/a><\/li>\n\n\n\n<li><a href=\"https:\/\/iopscience.iop.org\/article\/10.1088\/1402-4896\/ad6518\/meta\">Unveiling the structural and optoelectronic properties of (P, Bi, Sb)- doped GaAs by first- principles calculations.<\/a><\/li>\n\n\n\n<li><a href=\"https:\/\/www.frontiersin.org\/journals\/chemistry\/articles\/10.3389\/fchem.2024.1405315\/full\">Pressure induced mechanical, elastic, and optoelectronic characteristics of Cd0.75Zn0.25Se alloy.<\/a><\/li>\n<\/ul>\n<\/blockquote>\n<\/div><\/div>\n\n\n\n<div style=\"height:40px\" aria-hidden=\"true\" class=\"wp-block-spacer\"><\/div>\n\n\n\n<div class=\"wp-block-group\"><div class=\"wp-block-group__inner-container is-layout-constrained wp-block-group-is-layout-constrained\">\n<blockquote class=\"wp-block-quote is-layout-flow wp-block-quote-is-layout-flow\">\n<p><strong>2023<\/strong><\/p>\n\n\n\n<ul class=\"wp-block-list\">\n<li><a href=\"https:\/\/link.springer.com\/article\/10.1007\/s12648-023-02759-z\">Effect of aluminum nanoparticle size on phase transitions: a molecular dynamics study.<\/a><\/li>\n\n\n\n<li><a href=\"https:\/\/www.nature.com\/articles\/s41598-023-33034-0\">Effects of the Hubbard potential on the NMR shielding and optoelectronic properties of BiMnVO5 compound.<\/a><\/li>\n\n\n\n<li><a href=\"https:\/\/advanced.onlinelibrary.wiley.com\/doi\/abs\/10.1002\/adts.202300270\">Theoretical Insights into Pressure-Driven Stability and Optoelectronic Response of Cd0.75Zn0.25S Alloy for Blue-Violet Display.<\/a><\/li>\n\n\n\n<li><a href=\"https:\/\/www.sciencedirect.com\/science\/article\/abs\/pii\/S2468519423002471\">Experimental and theoretical study of Cr(VI) photoreduction and adsorption onto SO4 2- -doped TiO2 obtained by plasma electrolytic oxidation.<\/a><\/li>\n\n\n\n<li><a href=\"https:\/\/www.sciencedirect.com\/science\/article\/abs\/pii\/S0927025623005402\">DFT based kinetic Monte Carlo study of metal surface Growth: Comparison of a restricted and an unrestricted diffusion model.<\/a><\/li>\n<\/ul>\n<\/blockquote>\n<\/div><\/div>\n\n\n\n<div style=\"height:40px\" aria-hidden=\"true\" class=\"wp-block-spacer\"><\/div>\n\n\n\n<div class=\"wp-block-group\"><div class=\"wp-block-group__inner-container is-layout-constrained wp-block-group-is-layout-constrained\">\n<blockquote class=\"wp-block-quote is-layout-flow wp-block-quote-is-layout-flow\">\n<p><strong>2022<\/strong><\/p>\n\n\n\n<ul class=\"wp-block-list\">\n<li><a href=\"https:\/\/www.sciencedirect.com\/science\/article\/abs\/pii\/S030101042200101X\">Dissociative adsorption of H2 on metal cluster and (1 1 1) surface of Ag, Co, Cu and Ru.<\/a><\/li>\n\n\n\n<li><a href=\"https:\/\/www.sciencedirect.com\/science\/article\/abs\/pii\/S0169433222013575\">Study of the incorporation of S in TiO2 \/SO42- Coatings produced by PEO process through XPS and DFT.<\/a><\/li>\n\n\n\n<li><a href=\"https:\/\/pubs.rsc.org\/en\/content\/articlehtml\/2022\/ra\/d2ra03850a\">Unveiling concentration effects on the structural and optoelectronic characteristics of Zn 1-xCdxS (x = 0, 0.25, 0.50, 0.75, 1) cubic semiconductors: a theoretical study.<\/a><\/li>\n<\/ul>\n<\/blockquote>\n<\/div><\/div>\n\n\n\n<div style=\"height:40px\" aria-hidden=\"true\" class=\"wp-block-spacer\"><\/div>\n\n\n\n<div class=\"wp-block-group\"><div class=\"wp-block-group__inner-container is-layout-constrained wp-block-group-is-layout-constrained\">\n<blockquote class=\"wp-block-quote is-layout-flow wp-block-quote-is-layout-flow\">\n<p><strong>2021<\/strong><\/p>\n\n\n\n<ul class=\"wp-block-list\">\n<li><a href=\"https:\/\/dialnet.unirioja.es\/servlet\/articulo?codigo=8186277\">Influence of the Calcination Temperature on the Crystallographic, Compositional and Morphological Properties of Natural Hydroxyapatite Obtained from Sheep Bones.<\/a><\/li>\n<\/ul>\n<\/blockquote>\n<\/div><\/div>\n\n\n\n<div style=\"height:40px\" aria-hidden=\"true\" class=\"wp-block-spacer\"><\/div>\n\n\n\n<div class=\"wp-block-group\"><div class=\"wp-block-group__inner-container is-layout-constrained wp-block-group-is-layout-constrained\">\n<blockquote class=\"wp-block-quote is-layout-flow wp-block-quote-is-layout-flow\">\n<p><strong>2020<\/strong><\/p>\n\n\n\n<ul class=\"wp-block-list\">\n<li>Determination of Orbital Elements and Ephemerides using the Geocentric Laplace\u00bfs Method.<\/li>\n<\/ul>\n<\/blockquote>\n<\/div><\/div>\n\n\n\n<div style=\"height:40px\" aria-hidden=\"true\" class=\"wp-block-spacer\"><\/div>\n\n\n\n<div class=\"wp-block-group\"><div class=\"wp-block-group__inner-container is-layout-constrained wp-block-group-is-layout-constrained\">\n<blockquote class=\"wp-block-quote is-layout-flow wp-block-quote-is-layout-flow\">\n<p><strong>2019<\/strong><\/p>\n\n\n\n<ul class=\"wp-block-list\">\n<li><a href=\"https:\/\/www.researchgate.net\/profile\/Ivan-Arellano-Ramirez\/publication\/341147679_DEVELOPMENT_AND_IMPLEMENTATION_OF_A_MOBILE_APPLICATION_FOR_THE_MEASUREMENT_OF_TEMPERATURE_AND_RELATIVE_HUMIDITY_IN_GREENHOUSE_CROPS\/links\/5ff6630645851553a026305c\/DEVELOPMENT-AND-IMPLEMENTATION-OF-A-MOBILE-APPLICATION-FOR-THE-MEASUREMENT-OF-TEMPERATURE-AND-RELATIVE-HUMIDITY-IN-GREENHOUSE-CROPS.pdf\">Development and Implementation of a Mobile Application for the Measurement of Temperature and Relative Humidity in Greenhouse Crops.<\/a><\/li>\n\n\n\n<li>Design and construction of an ultraviolet germicidal irradiation device for the inactivation of Staphylococcus aureus in kitchen utensils.<\/li>\n\n\n\n<li>Development of a radio telescope for the observation of celestial bodies in the Ku Band.<\/li>\n<\/ul>\n<\/blockquote>\n<\/div><\/div>\n\n\n\n<div style=\"height:40px\" aria-hidden=\"true\" class=\"wp-block-spacer\"><\/div>\n\n\n\n<div class=\"wp-block-group\"><div class=\"wp-block-group__inner-container is-layout-constrained wp-block-group-is-layout-constrained\">\n<blockquote class=\"wp-block-quote is-layout-flow wp-block-quote-is-layout-flow\">\n<p><strong>2017<\/strong><\/p>\n\n\n\n<ul class=\"wp-block-list\">\n<li>Introduction to Fundamental Concepts of Spectroscopy Using the Lhires III Spectrograph.<\/li>\n\n\n\n<li><a href=\"https:\/\/eric.ed.gov\/?id=EJ1139841\">The relevance of English in Colombian Scientific Research Awareness.<\/a><\/li>\n<\/ul>\n<\/blockquote>\n<\/div><\/div>\n\n\n\n<div style=\"height:40px\" aria-hidden=\"true\" class=\"wp-block-spacer\"><\/div>\n\n\n\n<div class=\"wp-block-group\"><div class=\"wp-block-group__inner-container is-layout-constrained wp-block-group-is-layout-constrained\">\n<blockquote class=\"wp-block-quote is-layout-flow wp-block-quote-is-layout-flow\">\n<p><strong>2012<\/strong><\/p>\n\n\n\n<ul class=\"wp-block-list\">\n<li><a href=\"https:\/\/www.sciencedirect.com\/science\/article\/abs\/pii\/S0022231312002566\">Luminescence of yttrium niobium-tantalate doubly activated by europium and\/or terbium under X-ray and electron beam excitation.<\/a><\/li>\n<\/ul>\n<\/blockquote>\n<\/div><\/div>\n\n\n\n<div style=\"height:40px\" aria-hidden=\"true\" class=\"wp-block-spacer\"><\/div>\n\n\n\n<div class=\"wp-block-group\"><div class=\"wp-block-group__inner-container is-layout-constrained wp-block-group-is-layout-constrained\">\n<blockquote class=\"wp-block-quote is-layout-flow wp-block-quote-is-layout-flow\">\n<p><strong>2010<\/strong><\/p>\n\n\n\n<ul class=\"wp-block-list\">\n<li><a href=\"https:\/\/www.sciencedirect.com\/science\/article\/abs\/pii\/S0254058409004453\">Luminescence and structural properties of Y(Ta,Nb)O4:Eu3+,Tb3+ phosphors.<\/a><\/li>\n<\/ul>\n<\/blockquote>\n<\/div><\/div>\n\n\n\n<div style=\"height:40px\" aria-hidden=\"true\" class=\"wp-block-spacer\"><\/div>\n\n\n\n<div class=\"wp-block-group\"><div class=\"wp-block-group__inner-container is-layout-constrained wp-block-group-is-layout-constrained\">\n<blockquote class=\"wp-block-quote is-layout-flow wp-block-quote-is-layout-flow\">\n<p><strong>2009<\/strong><\/p>\n\n\n\n<ul class=\"wp-block-list\">\n<li><a href=\"https:\/\/www.sciencedirect.com\/science\/article\/pii\/S1875389209000455\">Studies concerning the properties of some Europium activated phosphors based on Yttrium tantalate.<\/a><\/li>\n\n\n\n<li><a href=\"https:\/\/dialnet.unirioja.es\/servlet\/articulo?codigo=3174456\">Structural and morphological analysis of Y(Ta,Nb)O4:Eu3+,Tb3+ phosphors.<\/a><\/li>\n\n\n\n<li>Polarization selection rules and optical transitions in terbium activated yttrium tantalate phosphor under X-ray, VUV and UV excitations.<\/li>\n<\/ul>\n<\/blockquote>\n<\/div><\/div>\n\n\n\n<div style=\"height:60px\" aria-hidden=\"true\" class=\"wp-block-spacer\"><\/div>\n\n\n\n<h2 class=\"wp-block-heading\">Congresses<\/h2>\n\n\n\n<div class=\"wp-block-group\"><div class=\"wp-block-group__inner-container is-layout-constrained wp-block-group-is-layout-constrained\">\n<blockquote class=\"wp-block-quote is-layout-flow wp-block-quote-is-layout-flow\">\n<p><em><strong>2024<\/strong><\/em><\/p>\n\n\n\n<ul class=\"wp-block-list\">\n<li>XII Congreso Internacional de Materiales.<\/li>\n\n\n\n<li>Frontiers of Condensed Matter VII.<\/li>\n<\/ul>\n<\/blockquote>\n<\/div><\/div>\n\n\n\n<div style=\"height:40px\" aria-hidden=\"true\" class=\"wp-block-spacer\"><\/div>\n\n\n\n<div class=\"wp-block-group\"><div class=\"wp-block-group__inner-container is-layout-constrained wp-block-group-is-layout-constrained\">\n<blockquote class=\"wp-block-quote is-layout-flow wp-block-quote-is-layout-flow\">\n<p><strong>2023<\/strong><\/p>\n\n\n\n<ul class=\"wp-block-list\">\n<li>Ciencia de Materiales y algunas caracterizaciones.<\/li>\n\n\n\n<li>Seventh International Meeting for Researchers in Materials and Plasma Technology.<\/li>\n\n\n\n<li>VII Congreso Nacional de Ingenier\u00eda Fisica.<\/li>\n\n\n\n<li>IX Encuentro Regional de Ciencias F\u00edsicas 2023.<\/li>\n\n\n\n<li>X Workshop on Novel Methods for Electronic Structure Calculations.<\/li>\n\n\n\n<li>IX Reuni\u00f3n de S\u00f3lidos.<\/li>\n\n\n\n<li>Aplicaci\u00f3n de la Teor\u00eda del Funcional Densidad en la simulaci\u00f3n de materiales.<\/li>\n<\/ul>\n<\/blockquote>\n<\/div><\/div>\n\n\n\n<div style=\"height:40px\" aria-hidden=\"true\" class=\"wp-block-spacer\"><\/div>\n\n\n\n<div class=\"wp-block-group\"><div class=\"wp-block-group__inner-container is-layout-constrained wp-block-group-is-layout-constrained\">\n<blockquote class=\"wp-block-quote is-layout-flow wp-block-quote-is-layout-flow\">\n<p><strong>2022<\/strong><\/p>\n\n\n\n<ul class=\"wp-block-list\">\n<li>XXIX Congreso Nacional de F\u00edsica.<\/li>\n\n\n\n<li>segundo encuentro de Modelamiento Molecular Colombia.<\/li>\n\n\n\n<li>107 Reuni\u00f3n de la Asociaci\u00f2n de F\u00edsica de Argentina.<\/li>\n<\/ul>\n<\/blockquote>\n<\/div><\/div>\n\n\n\n<div style=\"height:40px\" aria-hidden=\"true\" class=\"wp-block-spacer\"><\/div>\n\n\n\n<div class=\"wp-block-group\"><div class=\"wp-block-group__inner-container is-layout-constrained wp-block-group-is-layout-constrained\">\n<blockquote class=\"wp-block-quote is-layout-flow wp-block-quote-is-layout-flow\">\n<p><strong>2021<\/strong><\/p>\n\n\n\n<ul class=\"wp-block-list\">\n<li>Congreso Internacional de F\u00edsica y Tecnolog\u00edas Emergentes CIFTE21-3.<\/li>\n\n\n\n<li>Virtual Conference on Chemistry and its Applications.<\/li>\n\n\n\n<li>Ciencia de Materiales Computacional: Fen\u00f3menos superficiales, formaci\u00f3n de clusters y almacenamiento de hidr\u00f3geno.<\/li>\n<\/ul>\n<\/blockquote>\n<\/div><\/div>\n\n\n\n<div style=\"height:40px\" aria-hidden=\"true\" class=\"wp-block-spacer\"><\/div>\n\n\n\n<div class=\"wp-block-group\"><div class=\"wp-block-group__inner-container is-layout-constrained wp-block-group-is-layout-constrained\">\n<blockquote class=\"wp-block-quote is-layout-flow wp-block-quote-is-layout-flow\">\n<p><em><strong>2020<\/strong><\/em><\/p>\n\n\n\n<ul class=\"wp-block-list\">\n<li>The 6th National Conference on Physical Engineering.<\/li>\n\n\n\n<li>1st Applied Physics Engineering and Innovation.<\/li>\n<\/ul>\n<\/blockquote>\n<\/div><\/div>\n\n\n\n<div style=\"height:40px\" aria-hidden=\"true\" class=\"wp-block-spacer\"><\/div>\n\n\n\n<div class=\"wp-block-group\"><div class=\"wp-block-group__inner-container is-layout-constrained wp-block-group-is-layout-constrained\">\n<blockquote class=\"wp-block-quote is-layout-flow wp-block-quote-is-layout-flow\">\n<p><strong>2019<\/strong><\/p>\n\n\n\n<ul class=\"wp-block-list\">\n<li>XXVIII Congreso Nacional de F\u00edsica.<\/li>\n<\/ul>\n<\/blockquote>\n<\/div><\/div>\n\n\n\n<div style=\"height:40px\" aria-hidden=\"true\" class=\"wp-block-spacer\"><\/div>\n\n\n\n<div class=\"wp-block-group\"><div class=\"wp-block-group__inner-container is-layout-constrained wp-block-group-is-layout-constrained\">\n<blockquote class=\"wp-block-quote is-layout-flow wp-block-quote-is-layout-flow\">\n<p><strong><em>2018<\/em><\/strong><\/p>\n\n\n\n<ul class=\"wp-block-list\">\n<li>The 6th National Conference on Physical Engineering.<\/li>\n\n\n\n<li>1st Applied Physics Engineering and Innovation.<\/li>\n<\/ul>\n<\/blockquote>\n<\/div><\/div>\n\n\n\n<div style=\"height:40px\" aria-hidden=\"true\" class=\"wp-block-spacer\"><\/div>\n\n\n\n<div class=\"wp-block-group\"><div class=\"wp-block-group__inner-container is-layout-constrained wp-block-group-is-layout-constrained\">\n<blockquote class=\"wp-block-quote is-layout-flow wp-block-quote-is-layout-flow\">\n<p><strong><em>2017<\/em><\/strong><\/p>\n\n\n\n<ul class=\"wp-block-list\">\n<li>Progress in Electromagnetics Research Symposium.<\/li>\n<\/ul>\n<\/blockquote>\n<\/div><\/div>\n\n\n\n<div style=\"height:40px\" aria-hidden=\"true\" class=\"wp-block-spacer\"><\/div>\n\n\n\n<div class=\"wp-block-group\"><div class=\"wp-block-group__inner-container is-layout-constrained wp-block-group-is-layout-constrained\">\n<blockquote class=\"wp-block-quote is-layout-flow wp-block-quote-is-layout-flow\">\n<p><strong><em>2016<\/em><\/strong><\/p>\n\n\n\n<ul class=\"wp-block-list\">\n<li>XV Latin American Regional IAU Meeting.<\/li>\n\n\n\n<li>V Congreso Nacional de Ingenier\u00eda F\u00edsica.<\/li>\n<\/ul>\n<\/blockquote>\n<\/div><\/div>\n\n\n\n<div style=\"height:40px\" aria-hidden=\"true\" class=\"wp-block-spacer\"><\/div>\n\n\n\n<div class=\"wp-block-group\"><div class=\"wp-block-group__inner-container is-layout-constrained wp-block-group-is-layout-constrained\">\n<blockquote class=\"wp-block-quote is-layout-flow wp-block-quote-is-layout-flow\">\n<p><strong><em>2013<\/em><\/strong><\/p>\n\n\n\n<ul class=\"wp-block-list\">\n<li>Progress in Electromagnetics Research Symposium.<\/li>\n<\/ul>\n<\/blockquote>\n<\/div><\/div>\n\n\n\n<div style=\"height:40px\" aria-hidden=\"true\" class=\"wp-block-spacer\"><\/div>\n\n\n\n<div class=\"wp-block-group\"><div class=\"wp-block-group__inner-container is-layout-constrained wp-block-group-is-layout-constrained\">\n<blockquote class=\"wp-block-quote is-layout-flow wp-block-quote-is-layout-flow\">\n<p><strong><em>2012<\/em><\/strong><\/p>\n\n\n\n<ul class=\"wp-block-list\">\n<li>Progress in Electromagnetics Research Symposium.<\/li>\n<\/ul>\n<\/blockquote>\n<\/div><\/div>\n\n\n\n<div style=\"height:40px\" aria-hidden=\"true\" class=\"wp-block-spacer\"><\/div>\n\n\n\n<div class=\"wp-block-group\"><div class=\"wp-block-group__inner-container is-layout-constrained wp-block-group-is-layout-constrained\">\n<blockquote class=\"wp-block-quote is-layout-flow wp-block-quote-is-layout-flow\">\n<p><em><strong>2009<\/strong><\/em><\/p>\n\n\n\n<ul class=\"wp-block-list\">\n<li>The 34-th International conference on Infrared, Millimeter and Terahertz Waves.<\/li>\n<\/ul>\n<\/blockquote>\n<\/div><\/div>\n\n\n\n<div style=\"height:40px\" aria-hidden=\"true\" class=\"wp-block-spacer\"><\/div>\n\n\n\n<div class=\"wp-block-group\"><div class=\"wp-block-group__inner-container is-layout-constrained wp-block-group-is-layout-constrained\">\n<blockquote class=\"wp-block-quote is-layout-flow wp-block-quote-is-layout-flow\">\n<p><strong>2008<\/strong><\/p>\n\n\n\n<ul class=\"wp-block-list\">\n<li>Optical Society of Korea Summer meeting.<\/li>\n\n\n\n<li>Bulletin of the Korean Physical Society.<\/li>\n\n\n\n<li>The 14th International workshop on inorganic and organic electroluminescence EL-2008.<\/li>\n<\/ul>\n<\/blockquote>\n<\/div><\/div>\n\n\n\n<hr class=\"wp-block-separator has-alpha-channel-opacity is-style-wide\" \/>\n\n\n\n<p><\/p>\n","protected":false},"excerpt":{"rendered":"<p>Paper 2025 2024 2023 2022 2021 2020 2019 2017 2012 2010 2009 Congresses 2024 2023 2022 2021 2020 2019 2018 2017 2016 2013 2012 2009 2008<\/p>\n","protected":false},"author":1591,"featured_media":0,"parent":0,"menu_order":0,"comment_status":"closed","ping_status":"closed","template":"","meta":{"footnotes":""},"class_list":["post-1110","page","type-page","status-publish","hentry"],"_links":{"self":[{"href":"https:\/\/academia.utp.edu.co\/modelado-y-simulacion-computacional\/wp-json\/wp\/v2\/pages\/1110","targetHints":{"allow":["GET"]}}],"collection":[{"href":"https:\/\/academia.utp.edu.co\/modelado-y-simulacion-computacional\/wp-json\/wp\/v2\/pages"}],"about":[{"href":"https:\/\/academia.utp.edu.co\/modelado-y-simulacion-computacional\/wp-json\/wp\/v2\/types\/page"}],"author":[{"embeddable":true,"href":"https:\/\/academia.utp.edu.co\/modelado-y-simulacion-computacional\/wp-json\/wp\/v2\/users\/1591"}],"replies":[{"embeddable":true,"href":"https:\/\/academia.utp.edu.co\/modelado-y-simulacion-computacional\/wp-json\/wp\/v2\/comments?post=1110"}],"version-history":[{"count":30,"href":"https:\/\/academia.utp.edu.co\/modelado-y-simulacion-computacional\/wp-json\/wp\/v2\/pages\/1110\/revisions"}],"predecessor-version":[{"id":1424,"href":"https:\/\/academia.utp.edu.co\/modelado-y-simulacion-computacional\/wp-json\/wp\/v2\/pages\/1110\/revisions\/1424"}],"wp:attachment":[{"href":"https:\/\/academia.utp.edu.co\/modelado-y-simulacion-computacional\/wp-json\/wp\/v2\/media?parent=1110"}],"curies":[{"name":"wp","href":"https:\/\/api.w.org\/{rel}","templated":true}]}}