{"id":58,"date":"2026-04-09T15:55:04","date_gmt":"2026-04-09T20:55:04","guid":{"rendered":"https:\/\/academia.utp.edu.co\/paideia\/?page_id=58"},"modified":"2026-04-15T16:57:38","modified_gmt":"2026-04-15T21:57:38","slug":"sobre-nosotros","status":"publish","type":"page","link":"https:\/\/academia.utp.edu.co\/paideia\/sobre-nosotros\/","title":{"rendered":"Sobre Nosotros"},"content":{"rendered":"\n<div class=\"wp-block-columns is-layout-flex wp-container-core-columns-is-layout-28f84493 wp-block-columns-is-layout-flex\">\n<div class=\"wp-block-column is-layout-flow wp-block-column-is-layout-flow\" style=\"flex-basis:66.66%\">\n<figure class=\"wp-block-image size-large\"><img loading=\"lazy\" decoding=\"async\" width=\"768\" height=\"1024\" src=\"https:\/\/academia.utp.edu.co\/paideia\/files\/2026\/04\/WhatsApp-Image-2026-04-09-at-3.34.57-PM-1-768x1024.jpeg\" alt=\"\" class=\"wp-image-72\" srcset=\"https:\/\/academia.utp.edu.co\/paideia\/files\/2026\/04\/WhatsApp-Image-2026-04-09-at-3.34.57-PM-1-768x1023.jpeg 768w, https:\/\/academia.utp.edu.co\/paideia\/files\/2026\/04\/WhatsApp-Image-2026-04-09-at-3.34.57-PM-1-225x300.jpeg 225w, https:\/\/academia.utp.edu.co\/paideia\/files\/2026\/04\/WhatsApp-Image-2026-04-09-at-3.34.57-PM-1-1153x1536.jpeg 1153w, https:\/\/academia.utp.edu.co\/paideia\/files\/2026\/04\/WhatsApp-Image-2026-04-09-at-3.34.57-PM-1.jpeg 1200w\" sizes=\"auto, (max-width: 768px) 100vw, 768px\" \/><\/figure>\n\n\n\n<div class=\"wp-block-group\"><div class=\"wp-block-group__inner-container is-layout-constrained wp-block-group-is-layout-constrained\">\n<p style=\"font-size:28px\"><strong><em><mark class=\"has-inline-color has-background-color-color\">Misi\u00f3n<\/mark><\/em><\/strong><\/p>\n\n\n\n<p>Somos un espacio de formaci\u00f3n integral que desarrolla en los estudiantes competencias como investigadores, cr\u00edticos y autogestores, utilizando el arte y la pedagog\u00eda como herramientas para abordar problem\u00e1ticas sociales espec\u00edficas y fortalecer la conciencia hist\u00f3rica y la memoria del territorio.<\/p>\n<\/div><\/div>\n<\/div>\n<\/div>\n\n\n\n<div class=\"wp-block-group is-horizontal is-content-justification-left is-layout-flex wp-container-core-group-is-layout-14ca1295 wp-block-group-is-layout-flex\">\n<p style=\"font-size:28px\"><strong><em><mark class=\"has-inline-color has-background-color-color\">Visi\u00f3n<\/mark><\/em><\/strong><\/p>\n\n\n\n<p>El Semillero Paideia se consolidar\u00e1 como un referente de excelencia en investigaci\u00f3n formativa a nivel nacional e internacional, reconocido por su alta visibilidad acad\u00e9mica en redes acad\u00e9micas y art\u00edsticas y su capacidad de divulgaci\u00f3n cient\u00edfica y social mediante productos art\u00edsticos y editoriales de alta calidad t\u00e9cnica que impacten permanentemente la realidad social<\/p>\n\n\n\n<div class=\"wp-block-group is-horizontal is-content-justification-left is-layout-flex wp-container-core-group-is-layout-14ca1295 wp-block-group-is-layout-flex\">\n<p style=\"font-size:28px\"><strong><em><mark class=\"has-inline-color has-background-color-color\">Objetivo<\/mark><\/em><\/strong><\/p>\n\n\n\n<p>Fomentar capacidades de investigaci\u00f3n-creaci\u00f3n en estudiantes de la Licenciatura en Artes Visuales y otros programas, a trav\u00e9s del an\u00e1lisis cr\u00edtico de las relaciones entre arte, pedagog\u00eda y contexto territorial, con el fin de generar conocimiento sensible que aporte a la transformaci\u00f3n social y al fortalecimiento de la identidad cultural en la regi\u00f3n.<\/p>\n<\/div>\n<\/div>\n\n\n\n<div class=\"wp-block-columns is-layout-flex wp-container-core-columns-is-layout-28f84493 wp-block-columns-is-layout-flex\">\n<div class=\"wp-block-column is-layout-flow wp-block-column-is-layout-flow\">\n<div class=\"wp-block-cover\" style=\"min-height:100px;aspect-ratio:unset;\"><span aria-hidden=\"true\" class=\"wp-block-cover__background has-background-color-background-color has-background-dim-100 has-background-dim\"><\/span><div class=\"wp-block-cover__inner-container is-layout-constrained wp-block-cover-is-layout-constrained\">\n<p class=\"has-text-align-center has-accent-color has-text-color has-link-color has-large-font-size wp-elements-a4a58f16f256ea19feedca390440820d\" style=\"font-style:italic;font-weight:100\">Listado de Integrantes<\/p>\n<\/div><\/div>\n<\/div>\n<\/div>\n\n\n\n<div class=\"wp-block-columns is-layout-flex wp-container-core-columns-is-layout-28f84493 wp-block-columns-is-layout-flex\">\n<div class=\"wp-block-column is-layout-flow wp-block-column-is-layout-flow\" style=\"flex-basis:100%\">\n<figure class=\"wp-block-table is-style-stripes\"><table class=\"has-fixed-layout\"><tbody><tr><td>ANGELA HENAO FERN\u00c1NDEZ<\/td><td><\/td><\/tr><tr><td>CHRISTIAN CAMILO GALEANO BENJUMEA<\/td><td><\/td><\/tr><tr><td>ABAD RAM\u00cdREZ HENAO<\/td><td><\/td><\/tr><tr><td>RODRIGO ANTONIO GRAJALES MURILLO<\/td><td><\/td><\/tr><tr><td>MARIA ISABEL ISAZA ECHEVERRY<\/td><td><\/td><\/tr><tr><td>CRUZ ELENA HENAO FERN\u00c1NDEZ<\/td><td><\/td><\/tr><tr><td>SOLANGEL CANO GIRALDO<\/td><td><\/td><\/tr><tr><td>LUZ MARINA BETANCUR CAMPUZANO<\/td><td><\/td><\/tr><tr><td>JUAN JOS\u00c9 PEREZ DIAZ<\/td><td><\/td><\/tr><tr><td>KAREN DAYANA MORENO MACHADO<\/td><td><\/td><\/tr><tr><td>LISETH DAIANA ARIAS ESPINOSA<\/td><td><\/td><\/tr><tr><td>NATALIA RAMIREZ OSPINA<\/td><td><\/td><\/tr><tr><td>SAMUEL S\u00c1NCHEZ HINCAPI\u00c9<\/td><td><\/td><\/tr><tr><td>SANTIAGO VELEZ ALZATE<\/td><td><\/td><\/tr><tr><td>SARA RONDEROS ARIAS<\/td><td><\/td><\/tr><tr><td>SOF\u00cdA HENAO ARCILA<\/td><td><\/td><\/tr><tr><td>SOF\u00cdA IGLESIAS S\u00c1NCHEZ<\/td><td><\/td><\/tr><tr><td>VALENTINA MORALES MOLINA<\/td><td><\/td><\/tr><tr><td>VALENTINA ISABEL MIER VARGAS<\/td><td><\/td><\/tr><tr><td>MARIA JOSE VASQUEZ RENGIFO<\/td><td><\/td><\/tr><tr><td>LAURA VANESSA ARDILA<\/td><td><\/td><\/tr><tr><td>ISABELLA OSPINA RIOS<\/td><td><\/td><\/tr><\/tbody><\/table><\/figure>\n<\/div>\n<\/div>\n\n\n\n<p><\/p>\n","protected":false},"excerpt":{"rendered":"<p>Misi\u00f3n Somos un espacio de formaci\u00f3n integral que desarrolla en los estudiantes competencias como investigadores, cr\u00edticos y autogestores, utilizando el arte y la pedagog\u00eda como herramientas para abordar problem\u00e1ticas sociales espec\u00edficas y fortalecer la conciencia hist\u00f3rica y la memoria del territorio. Visi\u00f3n El Semillero Paideia se consolidar\u00e1 como un referente [&hellip;]<\/p>\n","protected":false},"author":1979,"featured_media":0,"parent":0,"menu_order":0,"comment_status":"closed","ping_status":"closed","template":"","meta":{"footnotes":""},"class_list":["post-58","page","type-page","status-publish","hentry"],"_links":{"self":[{"href":"https:\/\/academia.utp.edu.co\/paideia\/wp-json\/wp\/v2\/pages\/58","targetHints":{"allow":["GET"]}}],"collection":[{"href":"https:\/\/academia.utp.edu.co\/paideia\/wp-json\/wp\/v2\/pages"}],"about":[{"href":"https:\/\/academia.utp.edu.co\/paideia\/wp-json\/wp\/v2\/types\/page"}],"author":[{"embeddable":true,"href":"https:\/\/academia.utp.edu.co\/paideia\/wp-json\/wp\/v2\/users\/1979"}],"replies":[{"embeddable":true,"href":"https:\/\/academia.utp.edu.co\/paideia\/wp-json\/wp\/v2\/comments?post=58"}],"version-history":[{"count":4,"href":"https:\/\/academia.utp.edu.co\/paideia\/wp-json\/wp\/v2\/pages\/58\/revisions"}],"predecessor-version":[{"id":97,"href":"https:\/\/academia.utp.edu.co\/paideia\/wp-json\/wp\/v2\/pages\/58\/revisions\/97"}],"wp:attachment":[{"href":"https:\/\/academia.utp.edu.co\/paideia\/wp-json\/wp\/v2\/media?parent=58"}],"curies":[{"name":"wp","href":"https:\/\/api.w.org\/{rel}","templated":true}]}}