{"id":1015,"date":"2013-10-22T22:16:55","date_gmt":"2013-10-22T22:16:55","guid":{"rendered":"http:\/\/academia.utp.edu.co\/planeamiento\/?page_id=1015"},"modified":"2013-12-19T00:57:05","modified_gmt":"2013-12-19T00:57:05","slug":"universidade-estadual-paulista","status":"publish","type":"page","link":"https:\/\/academia.utp.edu.co\/planeamiento\/relaciones-internacionales\/universidade-estadual-paulista\/","title":{"rendered":"Universidade Estadual Paulista"},"content":{"rendered":"<p style=\"text-align: center\"><a href=\"http:\/\/www.unesp.br\/\"><img loading=\"lazy\" decoding=\"async\" class=\" wp-image-1017 aligncenter\" alt=\"Universidade Estadual Paulista\" src=\"https:\/\/academia.utp.edu.co\/planeamiento\/files\/2013\/10\/Universidade-Estadual-Paulista.jpg\" width=\"200\" height=\"204\" \/><\/a><\/p>\n<p style=\"text-align: justify\"><strong>CONTACTOS<\/strong><\/p>\n<div>\n<ul>\n<li><strong><span style=\"color: #3366ff\">Ph.D. Rub\u00e9n A. Romero Lazaro<\/span>\u00a0\u00a0<\/strong><span style=\"color: #000000\">(Planeamiento de sistemas el\u00e9ctricos de distribuci\u00f3n y potencia. Optimizaci\u00f3n aplicada).<\/span><\/li>\n<\/ul>\n<ul>\n<li><span style=\"color: #3366ff\"><strong>Ph.D. Jose Roberto Mantovani<\/strong> <\/span>\u00a0<span style=\"color: #000000\">(Planeamiento de redes de distribuci\u00f3n).<\/span><\/li>\n<\/ul>\n<ul>\n<li>\n<div><span style=\"color: #3366ff\"><strong>Ph.D. Percival Bueno de Araujo<\/strong><\/span> \u00a0<span style=\"color: #000000\">(Estabilidad de peque\u00f1a se\u00f1al).<\/span><\/div>\n<\/li>\n<\/ul>\n<ul>\n<li>\n<div><span style=\"color: #3366ff\"><strong>Ph.D. Antonio Padilha Feltrin<\/strong><\/span> <span style=\"color: #000000\">(Distribuci\u00f3n de costos de p\u00e9rdidas en el sistema de transmisi\u00f3n).<\/span><\/div>\n<\/li>\n<\/ul>\n<ul>\n<li>\n<div><span style=\"color: #3366ff\"><strong>Ph.D.Dionizio Paschuarelli Jr.<\/strong><\/span> \u00a0<span style=\"color: #000000\">(Arm\u00f3nicos en sistemas el\u00e9ctricos).<\/span><\/div>\n<\/li>\n<\/ul>\n<ul>\n<li>\n<div><strong><span style=\"color: #3366ff\">Ph.D. Sergio Azevedo de Oliveira<\/span><\/strong> <span style=\"color: #000000\">\u00a0(Procesamiento paralelo y computaci\u00f3n intensi).<\/span><\/div>\n<\/li>\n<\/ul>\n<\/div>\n","protected":false},"excerpt":{"rendered":"<p>CONTACTOS Ph.D. Rub\u00e9n A. Romero Lazaro\u00a0\u00a0(Planeamiento de sistemas el\u00e9ctricos de distribuci\u00f3n y potencia. Optimizaci\u00f3n aplicada). Ph.D. Jose Roberto Mantovani \u00a0(Planeamiento de redes de distribuci\u00f3n). Ph.D. Percival Bueno de Araujo \u00a0(Estabilidad de peque\u00f1a se\u00f1al). Ph.D. Antonio Padilha Feltrin (Distribuci\u00f3n de costos &hellip; <a href=\"https:\/\/academia.utp.edu.co\/planeamiento\/relaciones-internacionales\/universidade-estadual-paulista\/\">Sigue leyendo <span class=\"meta-nav\">&rarr;<\/span><\/a><\/p>\n","protected":false},"author":31,"featured_media":0,"parent":115,"menu_order":0,"comment_status":"closed","ping_status":"open","template":"sidebar-page.php","meta":{"footnotes":""},"class_list":["post-1015","page","type-page","status-publish","hentry"],"_links":{"self":[{"href":"https:\/\/academia.utp.edu.co\/planeamiento\/wp-json\/wp\/v2\/pages\/1015","targetHints":{"allow":["GET"]}}],"collection":[{"href":"https:\/\/academia.utp.edu.co\/planeamiento\/wp-json\/wp\/v2\/pages"}],"about":[{"href":"https:\/\/academia.utp.edu.co\/planeamiento\/wp-json\/wp\/v2\/types\/page"}],"author":[{"embeddable":true,"href":"https:\/\/academia.utp.edu.co\/planeamiento\/wp-json\/wp\/v2\/users\/31"}],"replies":[{"embeddable":true,"href":"https:\/\/academia.utp.edu.co\/planeamiento\/wp-json\/wp\/v2\/comments?post=1015"}],"version-history":[{"count":13,"href":"https:\/\/academia.utp.edu.co\/planeamiento\/wp-json\/wp\/v2\/pages\/1015\/revisions"}],"predecessor-version":[{"id":1775,"href":"https:\/\/academia.utp.edu.co\/planeamiento\/wp-json\/wp\/v2\/pages\/1015\/revisions\/1775"}],"up":[{"embeddable":true,"href":"https:\/\/academia.utp.edu.co\/planeamiento\/wp-json\/wp\/v2\/pages\/115"}],"wp:attachment":[{"href":"https:\/\/academia.utp.edu.co\/planeamiento\/wp-json\/wp\/v2\/media?parent=1015"}],"curies":[{"name":"wp","href":"https:\/\/api.w.org\/{rel}","templated":true}]}}