{"id":1043,"date":"2013-10-24T06:08:47","date_gmt":"2013-10-24T06:08:47","guid":{"rendered":"http:\/\/academia.utp.edu.co\/planeamiento\/?page_id=1043"},"modified":"2013-12-19T00:57:40","modified_gmt":"2013-12-19T00:57:40","slug":"universidad-estadual-de-campinas","status":"publish","type":"page","link":"https:\/\/academia.utp.edu.co\/planeamiento\/relaciones-internacionales\/universidad-estadual-de-campinas\/","title":{"rendered":"Universidad Estadual de Campinas"},"content":{"rendered":"<p style=\"text-align: center\"><a href=\"http:\/\/www.unicamp.br\/unicamp\/\"><img loading=\"lazy\" decoding=\"async\" class=\" wp-image-1051 aligncenter\" alt=\"logo_unicamp\" src=\"https:\/\/academia.utp.edu.co\/planeamiento\/files\/2013\/10\/logo_unicamp.gif\" width=\"187\" height=\"187\" \/><\/a><\/p>\n<p><strong>Contactos<\/strong><\/p>\n<ul>\n<li><span style=\"color: #3366ff\"><strong>Ph.D. Secundino Soares<\/strong><\/span> \u00a0(Despacho Hidrot\u00e9rmico)<\/li>\n<\/ul>\n<ul>\n<li>\n<div><span style=\"color: #3366ff\"><strong>Ph.D. Walmir Freitas<\/strong><\/span> \u00a0(Cogeneraci\u00f3n, estabilidad transitoria)<\/div>\n<\/li>\n<\/ul>\n<ul>\n<li>\n<div><strong><span style=\"color: #3366ff\">Ph.D. Marcos A. Rider<\/span><\/strong> \u00a0(M\u00e9todo de puntos interiores aplicado al an\u00e1lisis de sistemas el\u00e9ctricos)<\/div>\n<\/li>\n<\/ul>\n<ul>\n<li>\n<div><strong><span style=\"color: #3366ff\">Ph.D. Carlos Castro<\/span><\/strong> \u00a0(Estabilidad de tensi\u00f3n)<\/div>\n<\/li>\n<\/ul>\n<ul>\n<li>\n<div><strong><span style=\"color: #3366ff\">Ph.D. Luiz Carlos Pereira da Silva<\/span><\/strong> \u00a0(Estabilidad de tensi\u00f3n)<\/div>\n<\/li>\n<\/ul>\n<ul>\n<li>\n<div><strong><span style=\"color: #3366ff\">Ph.D. Ariovaldo Garc\u00eda<\/span><\/strong> \u00a0(Centros de control)<\/div>\n<\/li>\n<\/ul>\n","protected":false},"excerpt":{"rendered":"<p>Contactos Ph.D. Secundino Soares \u00a0(Despacho Hidrot\u00e9rmico) Ph.D. Walmir Freitas \u00a0(Cogeneraci\u00f3n, estabilidad transitoria) Ph.D. Marcos A. Rider \u00a0(M\u00e9todo de puntos interiores aplicado al an\u00e1lisis de sistemas el\u00e9ctricos) Ph.D. Carlos Castro \u00a0(Estabilidad de tensi\u00f3n) Ph.D. Luiz Carlos Pereira da Silva \u00a0(Estabilidad de &hellip; <a href=\"https:\/\/academia.utp.edu.co\/planeamiento\/relaciones-internacionales\/universidad-estadual-de-campinas\/\">Sigue leyendo <span class=\"meta-nav\">&rarr;<\/span><\/a><\/p>\n","protected":false},"author":31,"featured_media":0,"parent":115,"menu_order":0,"comment_status":"closed","ping_status":"open","template":"sidebar-page.php","meta":{"footnotes":""},"class_list":["post-1043","page","type-page","status-publish","hentry"],"_links":{"self":[{"href":"https:\/\/academia.utp.edu.co\/planeamiento\/wp-json\/wp\/v2\/pages\/1043","targetHints":{"allow":["GET"]}}],"collection":[{"href":"https:\/\/academia.utp.edu.co\/planeamiento\/wp-json\/wp\/v2\/pages"}],"about":[{"href":"https:\/\/academia.utp.edu.co\/planeamiento\/wp-json\/wp\/v2\/types\/page"}],"author":[{"embeddable":true,"href":"https:\/\/academia.utp.edu.co\/planeamiento\/wp-json\/wp\/v2\/users\/31"}],"replies":[{"embeddable":true,"href":"https:\/\/academia.utp.edu.co\/planeamiento\/wp-json\/wp\/v2\/comments?post=1043"}],"version-history":[{"count":10,"href":"https:\/\/academia.utp.edu.co\/planeamiento\/wp-json\/wp\/v2\/pages\/1043\/revisions"}],"predecessor-version":[{"id":1049,"href":"https:\/\/academia.utp.edu.co\/planeamiento\/wp-json\/wp\/v2\/pages\/1043\/revisions\/1049"}],"up":[{"embeddable":true,"href":"https:\/\/academia.utp.edu.co\/planeamiento\/wp-json\/wp\/v2\/pages\/115"}],"wp:attachment":[{"href":"https:\/\/academia.utp.edu.co\/planeamiento\/wp-json\/wp\/v2\/media?parent=1043"}],"curies":[{"name":"wp","href":"https:\/\/api.w.org\/{rel}","templated":true}]}}