{"id":107,"date":"2013-09-18T03:32:27","date_gmt":"2013-09-18T03:32:27","guid":{"rendered":"http:\/\/academia.utp.edu.co\/planeamiento\/?page_id=107"},"modified":"2013-12-28T06:50:10","modified_gmt":"2013-12-28T06:50:10","slug":"produccion-bibliografica","status":"publish","type":"page","link":"https:\/\/academia.utp.edu.co\/planeamiento\/produccion-bibliografica\/","title":{"rendered":"PRODUCCI\u00d3N BIBLIOGR\u00c1FICA"},"content":{"rendered":"<p><span style=\"color: #888888\">\u00a0<\/span><\/p>\n<ul>\n<li><span style=\"text-decoration: underline;color: #0000ff\"><span style=\"text-decoration: underline\"><span style=\"text-decoration: underline\"><a href=\"https:\/\/academia.utp.edu.co\/planeamiento\/produccion-bibliografica\/libros-2\/\"><span style=\"color: #0000ff;text-decoration: underline\">Libros<\/span><\/a><\/span><\/span><\/span><span style=\"text-decoration: underline;color: #0000ff\"><span style=\"color: #0000ff;text-decoration: underline\"><br \/>\n<\/span><\/span><\/li>\n<li><span style=\"text-decoration: underline;color: #0000ff\"><a href=\"https:\/\/academia.utp.edu.co\/planeamiento\/produccion-bibliografica\/articulos-en-revistas-internacionales\/\"><span style=\"color: #0000ff;text-decoration: underline\">Art\u00edculos en revistas internacionales<\/span><\/a><\/span><\/li>\n<li><span style=\"text-decoration: underline;color: #0000ff\"><a href=\"https:\/\/academia.utp.edu.co\/planeamiento\/produccion-bibliografica\/articulos-en-revistas-nacionales\/\"><span style=\"color: #0000ff;text-decoration: underline\">Art\u00edculos en revistas nacionales<\/span><\/a><\/span><\/li>\n<li><span style=\"text-decoration: underline;color: #0000ff\"><a href=\"https:\/\/academia.utp.edu.co\/planeamiento\/produccion-bibliografica\/ponencias-en-congresos\/\"><span style=\"color: #0000ff;text-decoration: underline\">Ponencias en congresos<\/span><\/a><\/span><\/li>\n<li><span style=\"text-decoration: underline;color: #0000ff\"><a href=\"https:\/\/academia.utp.edu.co\/planeamiento\/produccion-bibliografica\/software\/\"><span style=\"color: #0000ff;text-decoration: underline\">Software<\/span><\/a><\/span><\/li>\n<li><span style=\"text-decoration: underline\"><span style=\"color: #0000ff\"><a href=\"https:\/\/academia.utp.edu.co\/planeamiento\/produccion-bibliografica\/tesis-de-maestria\/\"><span style=\"color: #0000ff;text-decoration: underline\">Tesis de Maestr\u00eda<\/span><\/a><\/span><\/span><\/li>\n<li><span style=\"text-decoration: underline;color: #0000ff\"><a href=\"https:\/\/academia.utp.edu.co\/planeamiento\/produccion-bibliografica\/proyectos-de-grado-de-ingenieria-electrica\/\"><span style=\"color: #0000ff;text-decoration: underline\">Proyectos de Grado de Ingenier\u00eda El\u00e9ctrica<\/span><\/a><\/span><\/li>\n<li><span style=\"text-decoration: underline\"><span style=\"color: #0000ff\"><a href=\"https:\/\/academia.utp.edu.co\/planeamiento\/produccion-bibliografica\/proyectos-de-investigacion\/\"><span style=\"color: #0000ff;text-decoration: underline\">Proyectos de Investigaci\u00f3n<\/span><\/a><\/span><\/span><\/li>\n<\/ul>\n<p>&nbsp;<\/p>\n<p>&nbsp;<\/p>\n<p>&nbsp;<\/p>\n","protected":false},"excerpt":{"rendered":"<p>\u00a0 Libros Art\u00edculos en revistas internacionales Art\u00edculos en revistas nacionales Ponencias en congresos Software Tesis de Maestr\u00eda Proyectos de Grado de Ingenier\u00eda El\u00e9ctrica Proyectos de Investigaci\u00f3n &nbsp; &nbsp; &nbsp;<\/p>\n","protected":false},"author":31,"featured_media":0,"parent":0,"menu_order":0,"comment_status":"closed","ping_status":"open","template":"sidebar-page.php","meta":{"footnotes":""},"class_list":["post-107","page","type-page","status-publish","hentry"],"_links":{"self":[{"href":"https:\/\/academia.utp.edu.co\/planeamiento\/wp-json\/wp\/v2\/pages\/107","targetHints":{"allow":["GET"]}}],"collection":[{"href":"https:\/\/academia.utp.edu.co\/planeamiento\/wp-json\/wp\/v2\/pages"}],"about":[{"href":"https:\/\/academia.utp.edu.co\/planeamiento\/wp-json\/wp\/v2\/types\/page"}],"author":[{"embeddable":true,"href":"https:\/\/academia.utp.edu.co\/planeamiento\/wp-json\/wp\/v2\/users\/31"}],"replies":[{"embeddable":true,"href":"https:\/\/academia.utp.edu.co\/planeamiento\/wp-json\/wp\/v2\/comments?post=107"}],"version-history":[{"count":16,"href":"https:\/\/academia.utp.edu.co\/planeamiento\/wp-json\/wp\/v2\/pages\/107\/revisions"}],"predecessor-version":[{"id":797,"href":"https:\/\/academia.utp.edu.co\/planeamiento\/wp-json\/wp\/v2\/pages\/107\/revisions\/797"}],"wp:attachment":[{"href":"https:\/\/academia.utp.edu.co\/planeamiento\/wp-json\/wp\/v2\/media?parent=107"}],"curies":[{"name":"wp","href":"https:\/\/api.w.org\/{rel}","templated":true}]}}