{"id":1505,"date":"2013-12-16T07:13:24","date_gmt":"2013-12-16T07:13:24","guid":{"rendered":"http:\/\/academia.utp.edu.co\/planeamiento\/?page_id=1505"},"modified":"2013-12-28T23:14:21","modified_gmt":"2013-12-28T23:14:21","slug":"grupo-gaope","status":"publish","type":"page","link":"https:\/\/academia.utp.edu.co\/planeamiento\/produccion-bibliografica\/articulos-en-revistas-internacionales\/grupo-gaope\/","title":{"rendered":"Grupo GAOPE"},"content":{"rendered":"<ul>\n<li style=\"text-align: justify\">3.-\u00a0<strong>Publicado en revista especializada:<\/strong>\u00a0Modeling of protective system failures to operate for reliability studies at the power system level using stochastic point processes<br \/>\nItalia, International Review Of Electrical Engineering-Iree ISSN: 1827-6660, 2010 vol:5 fasc: 1 p\u00e1gs: 1 &#8211; 8<br \/>\nAutores: CARLOS JULIO ZAPATA GRISALES,<\/li>\n<\/ul>\n<ul style=\"text-align: justify\">\n<li>4.-\u00a0<strong>Publicado en revista especializada:<\/strong>\u00a0Reliability assessment of protective schemes considering time varying rates<br \/>\nItalia, International Review Of Electrical Engineering-Iree ISSN: 1827-6660, 2009 vol:4 fasc: 6 p\u00e1gs: 1 &#8211;<br \/>\nAutores: CARLOS JULIO ZAPATA GRISALES,<\/li>\n<\/ul>\n<ul style=\"text-align: justify\">\n<li>5.-\u00a0<strong>Publicado en revista especializada:<\/strong>\u00a0Voltage Stability Assessment with Ranking of Contingencies using QV Sensitivity<br \/>\nColombia, Ieee America Latina ISSN: 1548-0992, 2009 vol:7 fasc: 6 p\u00e1gs: 665 &#8211; 672<br \/>\nAutores: CARLOS JULIO ZAPATA GRISALES,<\/li>\n<\/ul>\n<ul style=\"text-align: justify\">\n<li>6.-\u00a0<strong>Publicado en revista especializada:<\/strong>\u00a0Improved branch participation factor in voltage stability assessment<br \/>\nColombia, International Review On Modelling And Simulations ISSN: 1974-9821, 2009 vol:21 fasc: N\/A p\u00e1gs: 18 &#8211; 24<br \/>\nAutores: CARLOS JULIO ZAPATA GRISALES,<\/li>\n<\/ul>\n<ul style=\"text-align: justify\">\n<li>13.-\u00a0<strong>Publicado en revista especializada:<\/strong>\u00a0A study on the occurrence of high order failure scenarios in bulk power transmission systems<br \/>\nEstados Unidos, International Review Of Electrical Engineering-Iree ISSN: 1827-6660, 2011 vol:6 fasc: 1 p\u00e1gs: 1 &#8211;<br \/>\nAutores: CARLOS JULIO ZAPATA GRISALES,<\/li>\n<\/ul>\n<ul style=\"text-align: justify\">\n<li>20.-\u00a0<strong>Publicado en revista especializada:<\/strong>\u00a0The effect of repairs on the occurrence of high order failure scenarios in bulk power transmission systems<br \/>\nItalia, International Review Of Electrical Engineering-Iree ISSN: 1827-6660, 2011 vol:6 fasc: 3 p\u00e1gs: 1 &#8211;<br \/>\nAutores: CARLOS JULIO ZAPATA GRISALES,<\/li>\n<\/ul>\n<ul style=\"text-align: justify\">\n<li>134.-\u00a0<strong>Publicado en revista especializada:<\/strong>\u00a0Coordinated control of series connected offshore wind park based on matrix converters<br \/>\nEstados Unidos, Wind Energy ISSN: 1099-1824, 2012 vol:15 fasc: 6 p\u00e1gs: 827 &#8211; 845<br \/>\nAutores: ALEJANDRO GARCES RUIZ, MARTA MOLINAS,<\/li>\n<\/ul>\n<ul style=\"text-align: justify\">\n<li>135.-\u00a0<strong>Publicado en revista especializada:<\/strong>\u00a0Constructive heuristic algorithm for the DC model in network transmission expansion planning<br \/>\nInglaterra, Iee Proceedings-Generation Transmission And Distribution ISSN: 1350-2360, 2005 vol:152 fasc: 2 p\u00e1gs: 277 &#8211; 282<br \/>\nAutores: RUBEN AUGUSTO ROMERO LAZARO, CARLOS ROCHA, JOSE ROBERTO MANTOVANI SANCHES, IVER SANCHEZ,<\/li>\n<\/ul>\n<ul style=\"text-align: justify\">\n<li>136.-\u00a0<strong>Publicado en revista especializada:<\/strong>\u00a0Specialized branch and bound algorithm for transmission network expansion planning<br \/>\nGran Breta\u00f1a, Iee Proceedings-Generation Transmission And Distribution ISSN: 1350-2360, 2001 vol:148 fasc: 5 p\u00e1gs: 257 &#8211; 262<br \/>\nAutores: RUBEN AUGUSTO ROMERO LAZARO, ALCIR MONTICELLI, SERGIO HAFFNER, ARIOVALDO GARCIA,<\/li>\n<\/ul>\n<ul style=\"text-align: justify\">\n<li>137.-\u00a0<strong>Publicado en revista especializada:<\/strong>\u00a0A branch and bound algorithm for transmission system expansion planning using a transportation model.<br \/>\nGran Breta\u00f1a, Iee Proceedings-Generation Transmission And Distribution ISSN: 1350-2360, 2000 vol:147 fasc: 3 p\u00e1gs: 123 &#8211; 128<br \/>\nAutores: RUBEN AUGUSTO ROMERO LAZARO, ALCIR MONTICELLI, SERGIO HAFFNER, JOSE ROBERTO MANTOVANI SANCHES, ARIOVALDO GARCIA,<\/li>\n<\/ul>\n<ul style=\"text-align: justify\">\n<li>138.-\u00a0<strong>Publicado en revista especializada:<\/strong>\u00a0Tabu Search algorithm for network synthesis<br \/>\nEstados Unidos, Ieee Transactions On Power Systems ISSN: 0885-8950, 2000 vol:15 fasc: 2 p\u00e1gs: 490 &#8211; 495<br \/>\nAutores: RUBEN AUGUSTO ROMERO LAZARO, RAMON ALFONSO GALLEGO RENDON, ALCIR MONTICELLI,<\/li>\n<\/ul>\n<ul style=\"text-align: justify\">\n<li>139.-\u00a0<strong>Publicado en revista especializada:<\/strong>\u00a0Artificial neural networks and clustering techniques applied in the reconfiguration of distribution systems<br \/>\nEstados Unidos, Ieee Transactions On Power Delivery ISSN: 0885-8977, 2006 vol: fasc: p\u00e1gs: &#8211;<br \/>\nAutores: RUBEN AUGUSTO ROMERO LAZARO, RAMON ALFONSO GALLEGO RENDON, HAROLD SALAZAR ISAZA,<\/li>\n<\/ul>\n<ul style=\"text-align: justify\">\n<li>140.-\u00a0<strong>Publicado en revista especializada:<\/strong>\u00a0An efficient codification to solve distribution network reconfiguration for loss reduction problem.<br \/>\nEstados Unidos, Ieee Transactions On Power Systems ISSN: 0885-8950, 2008 vol:23 fasc: N\/A p\u00e1gs: 1542 &#8211; 1151<br \/>\nAutores: RUBEN AUGUSTO ROMERO LAZARO,<\/li>\n<\/ul>\n<ul style=\"text-align: justify\">\n<li>141.-\u00a0<strong>Publicado en revista especializada:<\/strong>\u00a0A metaheuristic to solve the transmission expansion problem<br \/>\nColombia, Ieee Transactions On Power Systems ISSN: 0885-8950, 2008 vol:23 fasc: N\/A p\u00e1gs: 2289 &#8211; 2291<br \/>\nAutores: RUBEN AUGUSTO ROMERO LAZARO,<\/li>\n<\/ul>\n<ul style=\"text-align: justify\">\n<li>142.-\u00a0<strong>Publicado en revista especializada:<\/strong>\u00a0Constructive heuristic algorithm in branch and bound structure applied to transmission network expansion planning<br \/>\nInglaterra, Iee Proceedings-Generation Transmission And Distribution ISSN: 1350-2360, 2007 vol:1 fasc: N\/A p\u00e1gs: 318 &#8211; 323<br \/>\nAutores: RUBEN AUGUSTO ROMERO LAZARO,<\/li>\n<\/ul>\n<ul style=\"text-align: justify\">\n<li>143.-\u00a0<strong>Publicado en revista especializada:<\/strong>\u00a0A Bilevel Approach to Transmission Expansion Planning Within a Market Environment<br \/>\nEstados Unidos, Ieee Transactions On Power Systems ISSN: 0885-8950, 2009 vol:24 fasc: 3 p\u00e1gs: 1513 &#8211; 1522<br \/>\nAutores: RUBEN AUGUSTO ROMERO LAZARO,<\/li>\n<\/ul>\n<ul style=\"text-align: justify\">\n<li>144.-\u00a0<strong>Publicado en revista especializada:<\/strong>\u00a0Transmission Network Expansion Planning Considering Uncertainty in Demand<br \/>\nColombia, Ieee Transactions On Power Systems ISSN: 0885-8950, 2006 vol:21 fasc: 4 p\u00e1gs: 1565 &#8211; 1573<br \/>\nAutores: RUBEN AUGUSTO ROMERO LAZARO,<\/li>\n<\/ul>\n<ul style=\"text-align: justify\">\n<li>145.-\u00a0<strong>Publicado en revista especializada:<\/strong>\u00a0Planning of secondary distribution circuits through evolutionary algorithms.<br \/>\nEstados Unidos, Ieee Transactions On Power Delivery ISSN: 0885-8977, 2005 vol:20 fasc: 1 p\u00e1gs: 205 &#8211; 211<br \/>\nAutores: RUBEN AUGUSTO ROMERO LAZARO, JOSE ROBERTO MANTOVANI SANCHES, ANTONIO MARCOS COSSI,<\/li>\n<\/ul>\n<ul style=\"text-align: justify\">\n<li>146.-\u00a0<strong>Publicado en revista especializada:<\/strong>\u00a0Power system transmission network expansion planning using AC model<br \/>\nColombia, Iet Generation, Transmission And Distribution, (Iet Gener. Transm. Distrib.) ISSN: 1751-8687, 2007 vol:1 fasc: N\/A p\u00e1gs: 731 &#8211; 742<br \/>\nAutores: RUBEN AUGUSTO ROMERO LAZARO,<\/li>\n<\/ul>\n<ul style=\"text-align: justify\">\n<li>147.-\u00a0<strong>Publicado en revista especializada:<\/strong>\u00a0Planning and Projects of Secondary Electric Power Distribution Systems<br \/>\nBrasil, Ieee Transactions On Power Systems ISSN: 0885-8950, 2009 vol:24 fasc: 3 p\u00e1gs: 1599 &#8211; 1608<br \/>\nAutores: RUBEN AUGUSTO ROMERO LAZARO,<\/li>\n<\/ul>\n<ul style=\"text-align: justify\">\n<li>148.-\u00a0<strong>Publicado en revista especializada:<\/strong>\u00a0A Metaheuristic to Solve the Transmission Expansion Planning<br \/>\nEstados Unidos, Ieee Transactions On Power Systems ISSN: 0885-8950, 2007 vol:22 fasc: 4 p\u00e1gs: 2289 &#8211; 2291<br \/>\nAutores: RUBEN AUGUSTO ROMERO LAZARO,<\/li>\n<\/ul>\n<ul style=\"text-align: justify\">\n<li>149.-\u00a0<strong>Publicado en revista especializada:<\/strong>\u00a0Mathematical Optimization Techniques Applied to Power System Operation and Planning<br \/>\nColombia, International Journal Of Energy Technology And Policy, (Int. J. Energy Technol. Policy) ISSN: 1472-8923, 2007 vol:5 fasc: N\/A p\u00e1gs: 393 &#8211; 403<br \/>\nAutores: RUBEN AUGUSTO ROMERO LAZARO,<\/li>\n<\/ul>\n<ul style=\"text-align: justify\">\n<li>150.-\u00a0<strong>Publicado en revista especializada:<\/strong>\u00a0Evaluation of Hybrid Models for Static and Multistage Transmission System Planning<br \/>\nColombia, Sba: Controle &amp; Automa\u00e7\u00e3o Sociedade Brasileira De Automatica ISSN: 0103-1759, 2007 vol:18 fasc: N\/A p\u00e1gs: 106 &#8211; 114<br \/>\nAutores: RUBEN AUGUSTO ROMERO LAZARO,<\/li>\n<\/ul>\n<ul style=\"text-align: justify\">\n<li>151.-\u00a0<strong>Publicado en revista especializada:<\/strong>\u00a0Um Algoritmo Gen\u00e9tico Especializado Aplicado ao Planejamento da Expans\u00e3o do Sistema de Transmiss\u00e3o com Aloca\u00e7\u00e3o de Dispositivos de Compensa\u00e7\u00e3o S \u00e9rie<br \/>\nColombia, Sba: Controle &amp; Automa\u00e7\u00e3o Sociedade Brasileira De Automatica ISSN: 0103-1759, 2007 vol:18 fasc: N\/A p\u00e1gs: 211 &#8211; 223<br \/>\nAutores: RUBEN AUGUSTO ROMERO LAZARO,<\/li>\n<\/ul>\n<ul style=\"text-align: justify\">\n<li>152.-\u00a0<strong>Publicado en revista especializada:<\/strong>\u00a0Analysis of heuristic algorithms for the transportation model in static and multistage planning in network expansion systems<br \/>\nGran Breta\u00f1a, Iee Proceedings-Generation Transmission And Distribution ISSN: 1350-2360, 2003 vol:150 fasc: 5 p\u00e1gs: 521 &#8211; 526<br \/>\nAutores: RUBEN AUGUSTO ROMERO LAZARO, CARLOS ROCHA, MARILENE MANTOVANI, JOSE ROBERTO SANCHES, JOSE ROBERTO MANTOVANI SANCHES,<\/li>\n<\/ul>\n<ul style=\"text-align: justify\">\n<li>153.-\u00a0<strong>Publicado en revista especializada:<\/strong>\u00a0Efficient linear programming algorithm for the transmission network expansion planning problem<br \/>\nGran Breta\u00f1a, Iee Proceedings-Generation Transmission And Distribution ISSN: 1350-2360, 2003 vol: fasc: 5 p\u00e1gs: 536 &#8211; 542<br \/>\nAutores: RUBEN AUGUSTO ROMERO LAZARO, SELMA MARCHIORI HASHIMOTO, JOSE ROBERTO MANTOVANI SANCHES<\/li>\n<\/ul>\n<ul style=\"text-align: justify\">\n<li>198.-\u00a0<strong>Publicado en revista especializada:<\/strong>\u00a0A mixed-integer LP model for the optimal allocation of voltage regulators and capacitors in radial distribution systems<br \/>\nEstados Unidos, Ieee Transactions On Power Systems ISSN: 0885-8950, 2013 vol:48 fasc: 1 p\u00e1gs: 123 &#8211;<br \/>\nAutores: JOHN FREDY FRANCO BAQUERO,<\/li>\n<\/ul>\n<ul style=\"text-align: justify\">\n<li>199.-\u00a0<strong>Publicado en revista especializada:<\/strong>\u00a0A mixed-integer LP model for the reconfiguration of radial electric distribution systems considering distributed generation<br \/>\nEstados Unidos, Electric Power Systems Research ISSN: 0378-7796, 2013 vol:97 fasc: 1 p\u00e1gs: 51 &#8211;<br \/>\nAutores: JOHN FREDY FRANCO BAQUERO,<\/li>\n<\/ul>\n<ul style=\"text-align: justify\">\n<li>200.-\u00a0<strong>Publicado en revista especializada:<\/strong>\u00a0A mixed-integer linear programming approach for optimal type, size and allocation of distributed generation in radial distribution systems<br \/>\nEstados Unidos, Electric Power Systems Research ISSN: 0378-7796, 2013 vol:97 fasc: 1 p\u00e1gs: 133 &#8211;<br \/>\nAutores: JOHN FREDY FRANCO BAQUERO,<\/li>\n<\/ul>\n<ul style=\"text-align: justify\">\n<li>201.-\u00a0<strong>Publicado en revista especializada:<\/strong>\u00a0Imposing Radiality Constraints in Distribution System Optimization Problems<br \/>\nEstados Unidos, Ieee Transactions On Power Systems ISSN: 0885-8950, 2012 vol:27 fasc: 1 p\u00e1gs: 172 &#8211;<br \/>\nAutores: JOHN FREDY FRANCO BAQUERO,<\/li>\n<\/ul>\n<ul style=\"text-align: justify\">\n<li>216.-\u00a0<strong>Publicado en revista especializada:<\/strong>\u00a0Study of Efficiency in a Reduced Matrix Converter for Off-Shore Wind Farms<br \/>\nEstados Unidos, Ieee Transactions On Industrial Electronics ISSN: 0278-0046, 2012 vol:59 fasc: 1 p\u00e1gs: 184 &#8211; 193<br \/>\nAutores: ALEJANDRO GARCES RUIZ, MARTA MOLINAS,<\/li>\n<\/ul>\n<ul style=\"text-align: justify\">\n<li>217.-\u00a0<strong>Publicado en revista especializada:<\/strong>\u00a0Power system transmission network expansion planning using AC model<br \/>\nInglaterra, Iee Proceedings-Generation Transmission And Distribution ISSN: 1350-2360, 2007 vol:1 fasc: N\/A p\u00e1gs: 731 &#8211; 742<br \/>\nAutores: RUBEN AUGUSTO ROMERO LAZARO,<\/li>\n<\/ul>\n<p style=\"text-align: justify\">\n","protected":false},"excerpt":{"rendered":"<p>3.-\u00a0Publicado en revista especializada:\u00a0Modeling of protective system failures to operate for reliability studies at the power system level using stochastic point processes Italia, International Review Of Electrical Engineering-Iree ISSN: 1827-6660, 2010 vol:5 fasc: 1 p\u00e1gs: 1 &#8211; 8 Autores: CARLOS &hellip; <a href=\"https:\/\/academia.utp.edu.co\/planeamiento\/produccion-bibliografica\/articulos-en-revistas-internacionales\/grupo-gaope\/\">Sigue leyendo <span class=\"meta-nav\">&rarr;<\/span><\/a><\/p>\n","protected":false},"author":31,"featured_media":0,"parent":833,"menu_order":0,"comment_status":"closed","ping_status":"closed","template":"sidebar-page.php","meta":{"footnotes":""},"class_list":["post-1505","page","type-page","status-publish","hentry"],"_links":{"self":[{"href":"https:\/\/academia.utp.edu.co\/planeamiento\/wp-json\/wp\/v2\/pages\/1505","targetHints":{"allow":["GET"]}}],"collection":[{"href":"https:\/\/academia.utp.edu.co\/planeamiento\/wp-json\/wp\/v2\/pages"}],"about":[{"href":"https:\/\/academia.utp.edu.co\/planeamiento\/wp-json\/wp\/v2\/types\/page"}],"author":[{"embeddable":true,"href":"https:\/\/academia.utp.edu.co\/planeamiento\/wp-json\/wp\/v2\/users\/31"}],"replies":[{"embeddable":true,"href":"https:\/\/academia.utp.edu.co\/planeamiento\/wp-json\/wp\/v2\/comments?post=1505"}],"version-history":[{"count":8,"href":"https:\/\/academia.utp.edu.co\/planeamiento\/wp-json\/wp\/v2\/pages\/1505\/revisions"}],"predecessor-version":[{"id":2065,"href":"https:\/\/academia.utp.edu.co\/planeamiento\/wp-json\/wp\/v2\/pages\/1505\/revisions\/2065"}],"up":[{"embeddable":true,"href":"https:\/\/academia.utp.edu.co\/planeamiento\/wp-json\/wp\/v2\/pages\/833"}],"wp:attachment":[{"href":"https:\/\/academia.utp.edu.co\/planeamiento\/wp-json\/wp\/v2\/media?parent=1505"}],"curies":[{"name":"wp","href":"https:\/\/api.w.org\/{rel}","templated":true}]}}