{"id":159,"date":"2013-09-23T20:38:09","date_gmt":"2013-09-23T20:38:09","guid":{"rendered":"http:\/\/academia.utp.edu.co\/planeamiento\/?page_id=159"},"modified":"2013-12-18T15:11:09","modified_gmt":"2013-12-18T15:11:09","slug":"ricardo-alberto-hincapie-isaza","status":"publish","type":"page","link":"https:\/\/academia.utp.edu.co\/planeamiento\/docentes\/ricardo-alberto-hincapie-isaza\/","title":{"rendered":"Ricardo Alberto Hincapi\u00e9 Isaza"},"content":{"rendered":"<p><a href=\"https:\/\/academia.utp.edu.co\/planeamiento\/files\/2013\/09\/Sin-t\u00edtulo.jpg\"><img loading=\"lazy\" decoding=\"async\" class=\" wp-image-149   alignleft\" alt=\"\" src=\"https:\/\/academia.utp.edu.co\/planeamiento\/files\/2013\/09\/Sin-t\u00edtulo-200x300.jpg\" width=\"158\" height=\"239\" \/><\/a><\/p>\n<p><span style=\"color: #000000\"><span style=\"color: #333333\">Profesor Asistente\u00a0<\/span><\/span><\/p>\n<p><span style=\"color: #333333\">Facultad Ingenier\u00eda\u00a0<\/span><\/p>\n<p><span style=\"color: #333333\">Programa de Ingenier\u00eda El\u00e9ctrica\u00a0<a href=\"https:\/\/academia.utp.edu.co\/planeamiento\/files\/2013\/09\/Sin-t\u00edtulo.jpg\"><span style=\"color: #333333\"><br \/>\n<\/span><\/a><\/span><\/p>\n<p><span style=\"color: #333333\">ricardohincapie@utp.edu.co<a href=\"https:\/\/academia.utp.edu.co\/planeamiento\/files\/2013\/09\/Sin-t\u00edtulo.jpg\"><span style=\"color: #333333\"><br \/>\n<\/span><\/a><\/span><\/p>\n<p><span style=\"color: #888888\"><span style=\"color: #333333\">(0X6) 313 7154 &#8211; Extensi\u00f3n 112<\/span><\/span><b>\u00a0\u00a0<\/b><\/p>\n<p>&nbsp;<\/p>\n<p><b>Formaci\u00f3n<\/b><\/p>\n<p>&nbsp;<\/p>\n<p>Estudiante de Doctorado en Ingenier\u00eda, Universidad Tecnol\u00f3gica de Pereira. Pereira.<\/p>\n<p>Magister en Ingenier\u00eda El\u00e9ctrica, Universidad Tecnol\u00f3gica de Pereira. Pereira, 2004.<\/p>\n<p>Ingeniero Electricista, Universidad Tecnol\u00f3gica de Pereira. Pereira, 2002.<\/p>\n<p>&nbsp;<\/p>\n<p><b>\u00c1reas de Actuaci\u00f3n<\/b><em id=\"__mceDel\">\u00a0<\/em><\/p>\n<p>&nbsp;<\/p>\n<p>Planeaci\u00f3n de sistemas de distribuci\u00f3n de energ\u00eda<\/p>\n<p>Operaci\u00f3n de sistemas de distribuci\u00f3n de energ\u00eda<\/p>\n<p>Protecci\u00f3n de sistemas de potencia<\/p>\n<p>&nbsp;<\/p>\n<p><b>CvLAC<\/b><\/p>\n<p><a href=\"http:\/\/190.216.132.131:8081\/cvlac\/visualizador\/generarCurriculoCv.do?cod_rh=0001385761\">http:\/\/190.216.132.131:8081\/cvlac\/visualizador\/generarCurriculoCv.do?cod_rh=0001385761<\/a><\/p>\n<p>&nbsp;<\/p>\n<p>&nbsp;<\/p>\n<p>&nbsp;<\/p>\n","protected":false},"excerpt":{"rendered":"<p>Profesor Asistente\u00a0 Facultad Ingenier\u00eda\u00a0 Programa de Ingenier\u00eda El\u00e9ctrica\u00a0 ricardohincapie@utp.edu.co (0X6) 313 7154 &#8211; Extensi\u00f3n 112\u00a0\u00a0 &nbsp; Formaci\u00f3n &nbsp; Estudiante de Doctorado en Ingenier\u00eda, Universidad Tecnol\u00f3gica de Pereira. Pereira. Magister en Ingenier\u00eda El\u00e9ctrica, Universidad Tecnol\u00f3gica de Pereira. Pereira, 2004. Ingeniero Electricista, &hellip; <a href=\"https:\/\/academia.utp.edu.co\/planeamiento\/docentes\/ricardo-alberto-hincapie-isaza\/\">Sigue leyendo <span class=\"meta-nav\">&rarr;<\/span><\/a><\/p>\n","protected":false},"author":31,"featured_media":0,"parent":183,"menu_order":0,"comment_status":"closed","ping_status":"open","template":"sidebar-page.php","meta":{"footnotes":""},"class_list":["post-159","page","type-page","status-publish","hentry"],"_links":{"self":[{"href":"https:\/\/academia.utp.edu.co\/planeamiento\/wp-json\/wp\/v2\/pages\/159","targetHints":{"allow":["GET"]}}],"collection":[{"href":"https:\/\/academia.utp.edu.co\/planeamiento\/wp-json\/wp\/v2\/pages"}],"about":[{"href":"https:\/\/academia.utp.edu.co\/planeamiento\/wp-json\/wp\/v2\/types\/page"}],"author":[{"embeddable":true,"href":"https:\/\/academia.utp.edu.co\/planeamiento\/wp-json\/wp\/v2\/users\/31"}],"replies":[{"embeddable":true,"href":"https:\/\/academia.utp.edu.co\/planeamiento\/wp-json\/wp\/v2\/comments?post=159"}],"version-history":[{"count":37,"href":"https:\/\/academia.utp.edu.co\/planeamiento\/wp-json\/wp\/v2\/pages\/159\/revisions"}],"predecessor-version":[{"id":211,"href":"https:\/\/academia.utp.edu.co\/planeamiento\/wp-json\/wp\/v2\/pages\/159\/revisions\/211"}],"up":[{"embeddable":true,"href":"https:\/\/academia.utp.edu.co\/planeamiento\/wp-json\/wp\/v2\/pages\/183"}],"wp:attachment":[{"href":"https:\/\/academia.utp.edu.co\/planeamiento\/wp-json\/wp\/v2\/media?parent=159"}],"curies":[{"name":"wp","href":"https:\/\/api.w.org\/{rel}","templated":true}]}}