{"id":17,"date":"2013-09-16T16:53:27","date_gmt":"2013-09-16T16:53:27","guid":{"rendered":"http:\/\/academia.utp.edu.co\/planeamiento\/?page_id=17"},"modified":"2013-12-18T16:42:11","modified_gmt":"2013-12-18T16:42:11","slug":"presentacion","status":"publish","type":"page","link":"https:\/\/academia.utp.edu.co\/planeamiento\/presentacion\/","title":{"rendered":"PRESENTACI\u00d3N"},"content":{"rendered":"<p style=\"text-align: justify\"><span style=\"color: #000000\">El Grupo de Investigaci\u00f3n en Planeamiento de Sistemas El\u00e9ctricos fue fundado en el a\u00f1o 1999 por el Ingeniero Ram\u00f3n Alfonso Gallego\u00a0Rend\u00f3n, tiene como misi\u00f3n el desarrollar, mejorar y aplicar conocimiento en el \u00e1rea de sistemas el\u00e9ctricos de potencia para transferirlo a la comunidad acad\u00e9mica y a las empresas del sector el\u00e9ctrico.<\/span><\/p>\n<p style=\"text-align: center\"><a href=\"http:\/\/190.216.132.131:8080\/gruplac\/jsp\/visualiza\/visualizagr.jsp?nro=00000000002525\"><img loading=\"lazy\" decoding=\"async\" class=\"size-full wp-image-633 aligncenter\" alt=\"logo\" src=\"https:\/\/academia.utp.edu.co\/planeamiento\/files\/2013\/09\/logo.jpg\" width=\"179\" height=\"160\" \/><\/a><\/p>\n<p><span style=\"color: #000000\">Sus \u00e1reas de trabajo son:<\/span><\/p>\n<ul style=\"text-align: justify\">\n<li><span style=\"color: #000000\">Planeamiento de sistemas de transmisi\u00f3n de energ\u00eda el\u00e9ctrica<\/span><\/li>\n<\/ul>\n<ul style=\"text-align: justify\">\n<li><span style=\"color: #000000\">Planeamiento de sistemas de distribuci\u00f3n de energ\u00eda el\u00e9ctrica<\/span><\/li>\n<\/ul>\n<ul style=\"text-align: justify\">\n<li><span style=\"color: #000000\">Confiabilidad de sistemas el\u00e9ctricos<\/span><\/li>\n<\/ul>\n<ul style=\"text-align: justify\">\n<li><span style=\"color: #000000\">Calidad de la potencia<\/span><\/li>\n<\/ul>\n<ul style=\"text-align: justify\">\n<li><span style=\"color: #000000\">Investigaci\u00f3n de operaciones y optimizaci\u00f3n matem\u00e1tica<\/span><\/li>\n<\/ul>\n<ul style=\"text-align: justify\">\n<li><span style=\"color: #000000\">Mercados de energ\u00eda<\/span><\/li>\n<\/ul>\n<p><span style=\"color: #000000\"><b>MISI\u00d3N<\/b><\/span><\/p>\n<p style=\"text-align: justify\"><span style=\"color: #000000\">Desarrollar, mejorar y aplicar conocimiento especializado en el \u00e1rea de sistemas El\u00e9ctricos, para transferirlo a la comunidad acad\u00e9mica y a las empresas del sector.<\/span><\/p>\n<p><span style=\"color: #000000\">\u00a0<\/span><span style=\"color: #000000\"><b>VISI\u00d3N<\/b><\/span><\/p>\n<p style=\"text-align: justify\"><span style=\"color: #000000\">Ejecutar proyectos de investigaci\u00f3n, consultor\u00eda y capacitaci\u00f3n en cada una de sus \u00e1reas de trabajo, para consolidar su infraestructura acad\u00e9mica y operativa y ser reconocido tanto a nivel nacional como internacional.<\/span><\/p>\n<p style=\"text-align: justify\"><span style=\"color: #000000\">Con el fin de ampliar y profundizar las l\u00edneas de investigaci\u00f3n, se han creado en los \u00faltimos a\u00f1os otros grupos de investigaci\u00f3n con reconocimiento nacional. Estos grupos son: DINOP (Desarrollo en Investigaci\u00f3n de Operaciones), ICE3 (Investigaci\u00f3n en Calidad de Energ\u00eda El\u00e9ctrica y Estabilidad) y GAOPE (Grupo en Aplicaci\u00f3n de Optimizaci\u00f3n y Procesos Estoc\u00e1sticos).<\/span><\/p>\n<p style=\"text-align: center\"><a href=\"http:\/\/190.216.132.131:8080\/gruplac\/jsp\/visualiza\/visualizagr.jsp?nro=00000000002504\"><img loading=\"lazy\" decoding=\"async\" class=\"size-full wp-image-1325 aligncenter\" alt=\"DINOP\" src=\"https:\/\/academia.utp.edu.co\/planeamiento\/files\/2013\/09\/DINOP.jpg\" width=\"261\" height=\"151\" \/><\/a><\/p>\n<p style=\"text-align: center\"><a href=\"http:\/\/190.216.132.131:8080\/gruplac\/jsp\/visualiza\/visualizagr.jsp?nro=00000000003681\"><img loading=\"lazy\" decoding=\"async\" class=\"size-full wp-image-1329 aligncenter\" alt=\"ICE3\" src=\"https:\/\/academia.utp.edu.co\/planeamiento\/files\/2013\/09\/ICE.jpg\" width=\"299\" height=\"179\" \/><\/a><\/p>\n<p style=\"text-align: center\"><a href=\"http:\/\/190.216.132.131:8080\/gruplac\/jsp\/visualiza\/visualizagr.jsp?nro=00000000007744\"><img loading=\"lazy\" decoding=\"async\" class=\"size-full wp-image-1331 aligncenter\" alt=\"GAOPE\" src=\"https:\/\/academia.utp.edu.co\/planeamiento\/files\/2013\/09\/GAOPE.jpg\" width=\"214\" height=\"160\" \/><\/a><\/p>\n<p><span style=\"color: #000000\">La clasificaci\u00f3n de estos grupos a nivel nacional, otorgada por Colciencias es:<\/span><\/p>\n<p><a href=\"https:\/\/academia.utp.edu.co\/planeamiento\/files\/2013\/09\/clasificacion-grupos1.jpg\"><img loading=\"lazy\" decoding=\"async\" class=\"size-full wp-image-665 aligncenter\" alt=\"clasificacion grupos\" src=\"https:\/\/academia.utp.edu.co\/planeamiento\/files\/2013\/09\/clasificacion-grupos1.jpg\" width=\"326\" height=\"304\" \/><\/a><\/p>\n<p><span style=\"color: #000000\">Estos grupos de investigaci\u00f3n soportan los siguientes programas:\u00a0<\/span><\/p>\n<p><a href=\"https:\/\/academia.utp.edu.co\/planeamiento\/files\/2013\/09\/programas.jpg\"><img loading=\"lazy\" decoding=\"async\" class=\"size-full wp-image-685 aligncenter\" alt=\"programas\" src=\"https:\/\/academia.utp.edu.co\/planeamiento\/files\/2013\/09\/programas.jpg\" width=\"654\" height=\"546\" \/><\/a><\/p>\n<p><span style=\"text-decoration: underline\"><span style=\"color: #c0c0c0;text-decoration: underline\"><b>\u00a0<\/b><\/span><\/span><\/p>\n<p>&nbsp;<\/p>\n","protected":false},"excerpt":{"rendered":"<p>El Grupo de Investigaci\u00f3n en Planeamiento de Sistemas El\u00e9ctricos fue fundado en el a\u00f1o 1999 por el Ingeniero Ram\u00f3n Alfonso Gallego\u00a0Rend\u00f3n, tiene como misi\u00f3n el desarrollar, mejorar y aplicar conocimiento en el \u00e1rea de sistemas el\u00e9ctricos de potencia para transferirlo &hellip; <a href=\"https:\/\/academia.utp.edu.co\/planeamiento\/presentacion\/\">Sigue leyendo <span class=\"meta-nav\">&rarr;<\/span><\/a><\/p>\n","protected":false},"author":31,"featured_media":0,"parent":0,"menu_order":0,"comment_status":"closed","ping_status":"open","template":"sidebar-page.php","meta":{"footnotes":""},"class_list":["post-17","page","type-page","status-publish","hentry"],"_links":{"self":[{"href":"https:\/\/academia.utp.edu.co\/planeamiento\/wp-json\/wp\/v2\/pages\/17","targetHints":{"allow":["GET"]}}],"collection":[{"href":"https:\/\/academia.utp.edu.co\/planeamiento\/wp-json\/wp\/v2\/pages"}],"about":[{"href":"https:\/\/academia.utp.edu.co\/planeamiento\/wp-json\/wp\/v2\/types\/page"}],"author":[{"embeddable":true,"href":"https:\/\/academia.utp.edu.co\/planeamiento\/wp-json\/wp\/v2\/users\/31"}],"replies":[{"embeddable":true,"href":"https:\/\/academia.utp.edu.co\/planeamiento\/wp-json\/wp\/v2\/comments?post=17"}],"version-history":[{"count":42,"href":"https:\/\/academia.utp.edu.co\/planeamiento\/wp-json\/wp\/v2\/pages\/17\/revisions"}],"predecessor-version":[{"id":1705,"href":"https:\/\/academia.utp.edu.co\/planeamiento\/wp-json\/wp\/v2\/pages\/17\/revisions\/1705"}],"wp:attachment":[{"href":"https:\/\/academia.utp.edu.co\/planeamiento\/wp-json\/wp\/v2\/media?parent=17"}],"curies":[{"name":"wp","href":"https:\/\/api.w.org\/{rel}","templated":true}]}}