{"id":1739,"date":"2013-12-18T17:03:43","date_gmt":"2013-12-18T17:03:43","guid":{"rendered":"http:\/\/academia.utp.edu.co\/planeamiento\/?page_id=1739"},"modified":"2013-12-21T18:57:03","modified_gmt":"2013-12-21T18:57:03","slug":"grupo-dinop","status":"publish","type":"page","link":"https:\/\/academia.utp.edu.co\/planeamiento\/produccion-bibliografica\/ponencias-en-congresos\/grupo-dinop\/","title":{"rendered":"Grupo DINOP"},"content":{"rendered":"<p><strong>Trabajos en Eventos\u00a0(Cap\u00edtulos de memoria)<\/strong><\/p>\n<table width=\"100%\">\n<tbody>\n<tr>\n<td>1.-\u00a0<strong>Completo<\/strong>\u00a0: A set of linear equations to calculate the steady-state operation of an electrical distribution system<br \/>\nColombia, Internacional Evento: Innovative Smart Grid Technologies (ISGT Latin America), 2011 IEEE PES Conference on Ponencia: A set of linear equations to calculate the steady-state operation of an electrical distribution system a\u00f1o:2011, 2011 Ieee Pes Conference On Innovative Smart Grid Technologies (Isgt Latin America) ISBN: 978-1-4577-1800-7 vol: 1 p\u00e1gs: ,<br \/>\nAutores: MARCOS JULIO RIDER FLORES,<\/td>\n<\/tr>\n<tr>\n<td>2.-\u00a0<strong>Completo<\/strong>\u00a0: Optimal allocation of capacitors in radial distribution systems with distributed generation<br \/>\nColombia, Internacional Evento: Innovative Smart Grid Technologies (ISGT Latin America), 2011 IEEE PES Conference on Ponencia: Optimal allocation of capacitors in radial distribution systems with distributed generation a\u00f1o:2011, 2011 Ieee Pes Conference On Innovative Smart Grid Technologies (Isgt Latin America) ISBN: 979-1457718006 vol: 1 p\u00e1gs: ,<br \/>\nAutores: MARCOS JULIO RIDER FLORES,<\/td>\n<\/tr>\n<tr>\n<td>3.-\u00a0<strong>Completo<\/strong>\u00a0: DISTRIBUCI\u00d3N DE COSTOS EN EL PLANEAMIENTO DE LA TRANSMISI\u00d3N USANDO EL VALOR BILATERAL DE SHAPLEY<br \/>\nColombia, Evento: II Congreso Internacional de Ingenier\u00eda El\u00e9ctrica y Electr\u00f3nica Ponencia: a\u00f1o:2003, Memorias Segundo Congreso Internacional De Ingenier\u00edas El\u00e9ctrica Y Electr\u00f3nica ISBN: 958-701-296-8 vol: 0 p\u00e1gs: ,<br \/>\nAutores: EDGAR MANUEL CARRENO FRANCO, ANTONIO HERNANDO ESCOBAR ZULUAGA, HERMAN JOSE SERRANO LOPEZ, RAMON ALFONGO GALLEGO RENDON,<\/td>\n<\/tr>\n<tr>\n<td>4.-\u00a0<strong>Completo<\/strong>\u00a0: DISTRIBUCI\u00d3N DE COSTOS EN EL PLANEAMIENTO DE LA TRANSMISI\u00d3N USANDO EL CONCEPTO DEL KERNEL<br \/>\nColombia, Evento: II Congreso Internacional de Ingenier\u00eda El\u00e9ctrica y Electr\u00f3nica Ponencia: a\u00f1o:2003, Memorias Segundo Congreso Internacional De Ingenier\u00edas El\u00e9ctrica Y Electr\u00f3nica ISBN: 958-701-296-8 vol: 0 p\u00e1gs: ,<br \/>\nAutores: EDGAR MANUEL CARRENO FRANCO, ANTONIO HERNANDO ESCOBAR ZULUAGA, HERMAN JOSE SERRANO LOPEZ, RAMON ALFONGO GALLEGO RENDON,<\/td>\n<\/tr>\n<tr>\n<td>5.-\u00a0<strong>Completo<\/strong>\u00a0: III Congreso Colombiano y I Conferencia Andina Internacional de Investigaci\u00f3n de Operaciones<br \/>\nColombia, Evento: III Congreso Colombiano y I Conferencia Andina Internacional de Investigaci\u00f3n de Operaciones Ponencia: a\u00f1o:2004, Revista de la Sociedad Colombiana de Investigaci\u00f3n de Operaciones ISBN: 0 vol: p\u00e1gs: ,<br \/>\nAutores: PEDRO PABLO BALLESTEROS SILVA, LUCIA TORRES,<\/td>\n<\/tr>\n<tr>\n<td>6.-\u00a0<strong>Completo<\/strong>\u00a0: Probabilistic analysis of the distributed power generation in weakly meshed distribution systems<br \/>\nBrasil, Internacional Evento: Transmission and Distribution Conference and Exposition: Latin America (T&amp;D-LA), 2010 IEEE\/PES Ponencia: Probabilistic analysis of the distributed power generation in weakly meshed distribution systems a\u00f1o:2010, Proceedings Ieee\/Pes 2010 Transmission And Distribution Conference And Exposition Latin America ISBN: 979&#8211;85-99916-02-4 vol: 1 p\u00e1gs: 1000, 1<br \/>\nAutores: MAURICIO GRANADA ECHEVERRI,<\/td>\n<\/tr>\n<tr>\n<td>7.-\u00a0<strong>Completo<\/strong>\u00a0: FERRAMENTAS COMPUTACIONAIS PARA O PLANEJAMENTO DE REDES DE DISTRIBUI\u00c7\u00c3O DESBALANCEADAS CONSIDERANDO A GERA\u00c7\u00c3O DISTRIBU\u00cdDA<br \/>\nBrasil, Internacional Evento: XVIII Congresso Brasileiro de Autom\u00e1tica CBA 2010 Ponencia: FERRAMENTAS COMPUTACIONAIS PARA O PLANEJAMENTO DE REDES DE DISTRIBUI\u00c7\u00c3O DESBALANCEADAS CONSIDERANDO A GERA\u00c7\u00c3O DISTRIBU\u00cdDA a\u00f1o:2010, ISBN: vol: p\u00e1gs: ,<br \/>\nAutores: MAURICIO GRANADA ECHEVERRI,<\/td>\n<\/tr>\n<tr>\n<td>8.-\u00a0<strong>Completo<\/strong>\u00a0: ALGORITMO DE DANTZIG WOLFE APLICADO AO PROBLEMA DE PLANEJAMENTO DE REATIVOS EM SISTEMAS DE POT\u00caNCIA MULTI-\u00c1REAS<br \/>\nBrasil, Internacional Evento: XVIII Congresso Brasileiro de Autom\u00e1tica (CBA2010), Bonito, Set. 2010. Ponencia: ALGORITMO DE DANTZIG WOLFE APLICADO AO PROBLEMA DE PLANEJAMENTO DE REATIVOS EM SISTEMAS DE POT\u00caNCIA MULTI-\u00c1REAS a\u00f1o:2010, ISBN: vol: p\u00e1gs: ,<br \/>\nAutores: MAURICIO GRANADA ECHEVERRI,<\/td>\n<\/tr>\n<tr>\n<td>9.-\u00a0<strong>Completo<\/strong>\u00a0: Reducci\u00f3n de p\u00e9rdidas t\u00e9cnicas usando medidas correctivas por etapas &#8211; Fase I.<br \/>\nColombia, Evento: III Simposio Internacional de la calidad de energ\u00eda el\u00e9ctrica &#8211; SICEL 2005 Ponencia: Reducci\u00f3n de p\u00e9rdidas t\u00e9cnicas usando medidas correctivas por etapas &#8211; Fase I. a\u00f1o:2005, III Simposio Internacional de la calidad de energ\u00eda el\u00e9ctrica &#8211; SICEL 2005 ISBN: 0 vol: p\u00e1gs: ,<br \/>\nAutores: MAURICIO GRANADA ECHEVERRI, RAMON ALFONSO GALLEGO RENDON, ANTONIO HERNANDO ESCOBAR ZULUAGA,<\/td>\n<\/tr>\n<tr>\n<td>10.-\u00a0<strong>Completo<\/strong>\u00a0: Balance de Fases Usando Colonia de Hormigas<br \/>\nColombia, Internacional Evento: III Simposio Internacional de la calidad de energ\u00eda el\u00e9ctrica &#8211; SICEL 2005 Ponencia: Balance de Fases Usando Colonia de Hormigas a\u00f1o:2005, Memoria Sicel 2003 Memorias Ii Simposio Internacional Sobre Calidad De La Energ\u00eda El\u00e9ctrica ISBN: 958-701-328-X vol: p\u00e1gs: ,<br \/>\nAutores: MAURICIO GRANADA ECHEVERRI, RAMON ALFONSO GALLEGO RENDON, ALEJANDRO GARCES RUIZ,<\/td>\n<\/tr>\n<tr>\n<td>11.-\u00a0<strong>Completo<\/strong>\u00a0: Reducci\u00f3n del Desbalance en Sistemas de Distribuci\u00f3n Aplicando B\u00fasqueda Tab\u00fa<br \/>\nColombia, Internacional Evento: III Simposio Internacional de la calidad de energ\u00eda el\u00e9ctrica &#8211; SICEL 2005 Ponencia: Reducci\u00f3n del Desbalance en Sistemas de Distribuci\u00f3n Aplicando B\u00fasqueda Tab\u00fa a\u00f1o:2005, Memoria Sicel 2003 Memorias Ii Simposio Internacional Sobre Calidad De La Energ\u00eda El\u00e9ctrica ISBN: 958-701-328-X vol: p\u00e1gs: ,<br \/>\nAutores: MAURICIO GRANADA ECHEVERRI, RAMON ALFONSO GALLEGO RENDON, JUAN CARLOS GALVIS MANSO,<\/td>\n<\/tr>\n<tr>\n<td>12.-\u00a0<strong>Completo<\/strong>\u00a0: Algoritmo mem\u00e9tico aplicado al problema de asignaci\u00f3n generalizada<br \/>\nColombia, Evento: XI Escuela latinoamericana de verano en investigaci\u00f3n de operaciones &#8211; XI ELAVIO Ponencia: a\u00f1o:2005, XI Escuela latinoamericana de verano en investigaci\u00f3n de operaciones &#8211; XI ELAVIO ISBN: 0 vol: p\u00e1gs: ,<br \/>\nAutores: MAURICIO GRANADA ECHEVERRI, RUBEN ROMERO, ELIANA M TORO OCAMPO,<\/td>\n<\/tr>\n<tr>\n<td>13.-\u00a0<strong>Completo<\/strong>\u00a0: M\u00e9todo de colonia de hormigas aplicado a la soluci\u00f3n del problema de asignaci\u00f3n generalizada<br \/>\nColombia, Evento: XI Escuela latinoamericana de verano en investigaci\u00f3n de operaciones &#8211; XI ELAVIO Ponencia: a\u00f1o:2005, XI Escuela latinoamericana de verano en investigaci\u00f3n de operaciones &#8211; XI ELAVIO ISBN: 0 vol: p\u00e1gs: ,<br \/>\nAutores: MAURICIO GRANADA ECHEVERRI, POMPILIO TABARES ESPINOZA, ELIANA M TORO OCAMPO,<\/td>\n<\/tr>\n<tr>\n<td>14.-\u00a0<strong>Completo<\/strong>\u00a0: B\u00fasqueda tab\u00fa aplicado a sistemas de distribuci\u00f3n desequilibrados<br \/>\nColombia, Evento: XI Escuela latinoamericana de verano en investigaci\u00f3n de operaciones &#8211; XI ELAVIO Ponencia: a\u00f1o:2005, XI Escuela latinoamericana de verano en investigaci\u00f3n de operaciones &#8211; XI ELAVIO ISBN: 0 vol: p\u00e1gs: ,<br \/>\nAutores: MAURICIO GRANADA ECHEVERRI, JUAN CARLOS GALVIS MANSO,<\/td>\n<\/tr>\n<tr>\n<td>15.-\u00a0<strong>Completo<\/strong>\u00a0: Optimizaci\u00f3n combinatorial aplicada a la soluci\u00f3n de algunos problemas de ingenier\u00eda.<br \/>\nColombia, Nacional Evento: Congreso Un mundo sin fronteras tecnol\u00f3gicas. Ponencia: Optimizaci\u00f3n combinatorial aplicada a la soluci\u00f3n de algunos problemas de ingenier\u00eda. a\u00f1o:2006, ISBN: vol: p\u00e1gs: ,<br \/>\nAutores: MAURICIO GRANADA ECHEVERRI,<\/td>\n<\/tr>\n<tr>\n<td>16.-\u00a0<strong>Completo<\/strong>\u00a0: Algoritmo de colonia de hormigas aplicado al problema de inyecci\u00f3n \u00f3ptima de reactivos en sistemas de distribuci\u00f3n<br \/>\nColombia, Evento: 3er congreso internacional de ingenier\u00eda el\u00e9ctrica y electr\u00f3nicas 3CIIEE. Ponencia: a\u00f1o:2007, ISBN: vol: p\u00e1gs: ,<br \/>\nAutores: MAURICIO GRANADA ECHEVERRI, CESAR AUGUSTO PENUELA,<\/td>\n<\/tr>\n<tr>\n<td>17.-\u00a0<strong>Completo<\/strong>\u00a0: Colonia de hormigas y algoritmos gen\u00e9ticos aplicados en la ubicaci\u00f3n \u00f3ptima de capacitores.<br \/>\nColombia, Evento: 1er congreso de ingenier\u00eda el\u00e9ctrica y el 2do encuentro binacional del sector el\u00e9ctrico en competencias laborales. Ponencia: a\u00f1o:2006, ISBN: vol: p\u00e1gs: ,<br \/>\nAutores: MAURICIO GRANADA ECHEVERRI,<\/td>\n<\/tr>\n<tr>\n<td>18.-\u00a0<strong>Completo<\/strong>\u00a0: Determinaci\u00f3n del Frente de Pareto al Problema de Ubicaci\u00f3n de Condensadores Usando Colonia de Hormigas<br \/>\nColombia, Internacional Evento: Simposio internacional sobre calidad de la energ\u00eda el\u00e9ctrica, SICEL 2007 Ponencia: a\u00f1o:2007, Memoria Sicel 2003 Memorias Ii Simposio Internacional Sobre Calidad De La Energ\u00eda El\u00e9ctrica ISBN: 958-701-328-X vol: p\u00e1gs: ,<br \/>\nAutores: MAURICIO GRANADA ECHEVERRI, RAMON ALFONSO GALLEGO RENDON, CESAR AUGUSTO PENUELA,<\/td>\n<\/tr>\n<tr>\n<td>19.-\u00a0<strong>Completo<\/strong>\u00a0: IEEE\/PES Latin America Transmission and Distribution Conference and Exhibition<br \/>\nColombia, Internacional Evento: IEEE\/PES Latin America Transmission and Distribution Conference and Exhibition (T&amp;D LA 2008) Ponencia: Multi-areas optimal reactive power flow a\u00f1o:2008, ISBN: vol: p\u00e1gs: ,<br \/>\nAutores: MAURICIO GRANADA ECHEVERRI,<\/td>\n<\/tr>\n<tr>\n<td>20.-\u00a0<strong>Completo<\/strong>\u00a0: VI ALIO\/EURO Workshop on Applied Combinatorial Optimization<br \/>\nArgentina, Evento: VI ALIO\/EURO Workshop on Applied Combinatorial Optimization Ponencia: Specialized linear programming applied to the transmission network expansion planning problem a\u00f1o:2008, ISBN: vol: p\u00e1gs: ,<br \/>\nAutores: MAURICIO GRANADA ECHEVERRI,<\/td>\n<\/tr>\n<tr>\n<td>21.-\u00a0<strong>Completo<\/strong>\u00a0: Mathematical decomposition technique applied to the probabilistic power flow problem<br \/>\nBrasil, Internacional Evento: Transmission and Distribution Conference and Exposition: Latin America (T&amp;D-LA), 2010 IEEE\/PES Ponencia: Mathematical decomposition technique applied to the probabilistic power flow problem a\u00f1o:2010, 2010 Ieee\/Pes Transmission And Distribution Conference And Exposition: Latin America ISBN: 1-4577-0487-0 vol: 1 p\u00e1gs: 882, 1<br \/>\nAutores: MAURICIO GRANADA ECHEVERRI,<\/td>\n<\/tr>\n<tr>\n<td>22.-\u00a0<strong>Completo<\/strong>\u00a0: Decentralized AC power flow for real-time multi-TSO power system operation<br \/>\nEstados Unidos, Internacional Evento: Power and Energy Society General Meeting, 2010 IEEE Ponencia: Decentralized AC power flow for real-time multi-TSO power system operation a\u00f1o:2010, Proceedings Ieee Pes General Meeting 2010 ISBN: 979-1424483579 vol: 1 p\u00e1gs: ,<br \/>\nAutores: MAURICIO GRANADA ECHEVERRI,<\/td>\n<\/tr>\n<tr>\n<td>23.-\u00a0<strong>Completo<\/strong>\u00a0: Multi-area decentralized optimal VAr planning using the Dantzig-Wolfe decomposition principle<br \/>\nBrasil, Internacional Evento: Transmission and Distribution Conference and Exposition: Latin America (T&amp;D-LA), 2010 IEEE\/PES Ponencia: Multi-area decentralized optimal VAr planning using the Dantzig-Wolfe decomposition principle a\u00f1o:2010, Proceedings Ieee\/Pes 2010 Transmission And Distribution Conference And Exposition Latin America ISBN: 979&#8211;85-99916-02-4 vol: 1 p\u00e1gs: 1000, 1<br \/>\nAutores: MAURICIO GRANADA ECHEVERRI,<\/td>\n<\/tr>\n<tr>\n<td>24.-\u00a0<strong>Completo<\/strong>\u00a0: An\u00e1lisis de confiabilidad del sistema compuesto Generaci\u00f3n-Transmisi\u00f3n de la ciudad de Pereira<br \/>\nColombia, Evento: Andescon2004 Ponencia: a\u00f1o:2004, Ii Congreso Internacional De La Region Andina, Ieee Colombia, Andescon2004 ISBN: 958-33-6534-3 vol: 0 p\u00e1gs: 7, 1<br \/>\nAutores: LINA PAOLA GARCES NEGRETE, OSCAR GOMEZ CARMONA, CARLOS JULIO ZAPATA GRISALES,<\/td>\n<\/tr>\n<tr>\n<td>25.-\u00a0<strong>Completo<\/strong>\u00a0: Reliability Assessment of Energy Limited Systems Using Sequential Montecarlo Simulation<br \/>\nVenezuela, Internacional Evento: Transmission &amp; Distribution Conference and Exposition: Latin America, 2006. TDC &#8217;06. IEEE\/PES Ponencia: Reliability Assessment of Energy Limited Systems Using Sequential Montecarlo Simulation a\u00f1o:2006, ISBN: vol: p\u00e1gs: ,<br \/>\nAutores: LINA PAOLA GARCES NEGRETE,<\/td>\n<\/tr>\n<tr>\n<td>26.-\u00a0<strong>Completo<\/strong>\u00a0: Coordinaci\u00f3n de rel\u00e9s de sobrecorriente usando programaci\u00f3n lineal<br \/>\nColombia, Internacional Evento: II congreso internacional sobre uso racional y eficiente de la energ\u00eda. CIUREE 2006 Ponencia: Coordinaci\u00f3n de rel\u00e9s de sobrecorriente usando programaci\u00f3n lineal a\u00f1o:2006, ISBN: vol: p\u00e1gs: ,<br \/>\nAutores: NESTOR JULIAN ESTRADA CARDONA, OSCAR GOMEZ CARMONA,<\/td>\n<\/tr>\n<tr>\n<td>27.-\u00a0<strong>Completo<\/strong>\u00a0: Soluci\u00f3n al problema del despacho hidrot\u00e9rmico usando un m\u00e9todo de punto interior no-lineal y simulaci\u00f3n de Montecarlo<br \/>\nChile, Internacional Evento: VII Congreso Latinoamericano de Generaci\u00f3n y Transporte de Energ\u00eda El\u00e9ctrica CLAGTEE 2007 Ponencia: Soluci\u00f3n al problema del despacho hidrot\u00e9rmico usando un m\u00e9todo de punto interior no-lineal y simulaci\u00f3n de Montecarlo a\u00f1o:2007, ISBN: vol: p\u00e1gs: ,<br \/>\nAutores: OSCAR GOMEZ CARMONA, CARLOS ADRIAN CORREA, ALEJANDRO GRACES RUIZ, RICARDO ANDRES BOLANOS,<\/td>\n<\/tr>\n<tr>\n<td>28.-\u00a0<strong>Completo<\/strong>\u00a0: Aplicaci\u00f3n de t\u00e9cnicas de optimizaci\u00f3n combinatorial a la soluci\u00f3n del sudoku<br \/>\nColombia, Internacional Evento: IX International Conference Approximation and Optimization in the Caribbean Ponencia: Aplicaci\u00f3n de t\u00e9cnicas de optimizaci\u00f3n combinatorial a la soluci\u00f3n del sudoku a\u00f1o:2008, ISBN: vol: p\u00e1gs: ,<br \/>\nAutores: OSCAR GOMEZ CARMONA, JOHN FREDY FRANCO, RAMON ALFONSO GALLEGO RENDON,<\/td>\n<\/tr>\n<tr>\n<td>29.-\u00a0<strong>Completo<\/strong>\u00a0: Flujo de Potencia \u00d3ptimo con Restricciones de Estabilidad de Voltaje (VSC-OPF)<br \/>\nBrasil, Internacional Evento: 8th Latin-American Congress: Electricity Generation and Transmission Ponencia: Flujo de Potencia \u00d3ptimo con Restricciones de Estabilidad de Voltaje (VSC-OPF) a\u00f1o:2009, ISBN: vol: p\u00e1gs: ,<br \/>\nAutores: OSCAR GOMEZ CARMONA, MARIO ALBERTO RIOS MESIAS, CARLOS JULIO ZAPATA GRISALES,<\/td>\n<\/tr>\n<tr>\n<td>30.-\u00a0<strong>Completo<\/strong>\u00a0: Placement and sizing evaluation of distributed generation in electric power systems<br \/>\nRep\u00fablica Checa, Internacional Evento: 20th International Conference on Electricity Distribution Ponencia: Placement and sizing evaluation of distributed generation in electric power systems a\u00f1o:2009, ISBN: vol: p\u00e1gs: ,<br \/>\nAutores: ANTONIO PADILHA FELTRIN, JESUS MARIA LOPEZ LEZAMA,<\/td>\n<\/tr>\n<tr>\n<td>31.-\u00a0<strong>Completo<\/strong>\u00a0: Modelo de coordinaci\u00f3n hidrot\u00e9rmica de corto plazo con restricciones de red<br \/>\nColombia, Internacional Evento: VIII Seminario Internacional Sobre An\u00e1lisis y Mercados Energ\u00e9ticos Ponencia: Modelo de coordinaci\u00f3n hidrot\u00e9rmica de corto plazo con restricciones de red a\u00f1o:2007, ISBN: vol: p\u00e1gs: ,<br \/>\nAutores: JESUS MARIA LOPEZ LEZAMA, DIEGO ADOLFO MEJIA GIRALDO, ROSA MARIA MONTOYA BECERRA,<\/td>\n<\/tr>\n<tr>\n<td>32.-\u00a0<strong>Completo<\/strong>\u00a0: Localizaci\u00f3n y tama\u00f1o \u00f3ptimo de condensadores en sistemas de distribuci\u00f3n usando redes neuronales.<br \/>\nColombia, Internacional Evento: III Colombian congress. I international andean conference on operations research CCIO-2004 Ponencia: Localizaci\u00f3n y tama\u00f1o \u00f3ptimo de condensadores en sistemas de distribuci\u00f3n usando redes neuronales. a\u00f1o:2004, ISBN: vol: p\u00e1gs: ,<br \/>\nAutores: MAURICIO GRANADA ECHEVERRI, RAMON ALFONSO GALLEGO RENDON, CARLOS ALBERTO RIOS PORRAS, HAROLD SALAZAR ISAZA,<\/td>\n<\/tr>\n<tr>\n<td>33.-\u00a0<strong>Completo<\/strong>\u00a0: Flujo de potencia \u00f3ptimo para sistemas radiales de distribuci\u00f3n usando el m\u00e9todo de la cadena y del gradiente<br \/>\nColombia, Evento: II Congreso Internacional de Ingenier\u00edas El\u00e9ctrica y Electr\u00f3nica Ponencia: a\u00f1o:2003, Memorias Segundo Congreso Internacional De Ingenier\u00edas El\u00e9ctrica Y Electr\u00f3nica ISBN: 958-701-296-8 vol: 0 p\u00e1gs: ,<br \/>\nAutores: MAURICIO GRANADA ECHEVERRI, RAMON ALFONSO GALLEGO RENDON, ANTONIO HERNANDO ESCOBAR ZULUAGA,<\/td>\n<\/tr>\n<tr>\n<td>34.-\u00a0<strong>Completo<\/strong>\u00a0: Anais do XL SBPO<br \/>\nBrasil, Internacional Evento: XL SBPO &#8211; Simp\u00f3sio Brasilero de Pesquisa Operacional Ponencia: A GENERIC ALGORITHM FOR CONSTRAINED OPTIMIZATION USING MULTI-OBJECTIVE OPTIMIZATION a\u00f1o:2008, ISBN: vol: p\u00e1gs: ,<br \/>\nAutores: MAURICIO GRANADA ECHEVERRI,<\/td>\n<\/tr>\n<tr>\n<td>35.-\u00a0<strong>Completo<\/strong>\u00a0: Reliability assessment of unbalanced distribution systems using sequential Montecarlo simulation<br \/>\nVenezuela, Internacional Evento: 2006 IEEE PES Transmission and Distribution Conference and Exposition Latin America, Ponencia: Reliability assessment of unbalanced distribution systems using sequential Montecarlo simulation a\u00f1o:2006, Proceedings 2006 Ieee Pes Transmission &amp; Distribution Conference &amp; Exposition In Latin America ISBN: 1-4244-0288-3 vol: p\u00e1gs: 1600, 1<br \/>\nAutores: OSCAR GOMEZ CARMONA, CARLOS JULIO ZAPATA GRISALES,<\/td>\n<\/tr>\n<tr>\n<td>36.-\u00a0<strong>Completo<\/strong>\u00a0: Reliability assessment of energy limited systems using sequential Montecarlo simulation<br \/>\nVenezuela, Internacional Evento: 2006 IEEE PES Transmission and Distribution Conference and Exposition Latin America Ponencia: Reliability assessment of energy limited systems using sequential Montecarlo simulation a\u00f1o:2006, Proceedings 2006 Ieee Pes Transmission &amp; Distribution Conference &amp; Exposition In Latin America ISBN: 1-4244-0288-3 vol: p\u00e1gs: 1600, 1<br \/>\nAutores: OSCAR GOMEZ CARMONA, LINA PAOLA GARCES NEGRETE, CARLOS JULIO ZAPATA GRISALES,<\/td>\n<\/tr>\n<tr>\n<td>37.-\u00a0<strong>Completo<\/strong>\u00a0: Planeamiento de peque\u00f1as centrales utilizando simulaci\u00f3n de Monte Carlo y optimizaci\u00f3n mediante puntos interiores<br \/>\nColombia, Internacional Evento: Latin American Summer Workshop on Operations Research \u00bfXI ELAVIO\u00bf 2005 Ponencia: Planeamiento de peque\u00f1as centrales utilizando simulaci\u00f3n de Monte Carlo y optimizaci\u00f3n mediante puntos interiores a\u00f1o:2005, ISBN: vol: p\u00e1gs: ,<br \/>\nAutores: LINA PAOLA GARCES NEGRETE, OSCAR GOMEZ CARMONA,<\/td>\n<\/tr>\n<tr>\n<td>38.-\u00a0<strong>Completo<\/strong>\u00a0: Algoritmo gen\u00e9tico especializado aplicado a la reconfiguraci\u00f3n de alimentadores primarios<br \/>\nColombia, Internacional Evento: IX International Conference Approximation and Optimization in the Caribbean Ponencia: Algoritmo gen\u00e9tico especializado aplicado a la reconfiguraci\u00f3n de alimentadores primarios a\u00f1o:2008, ISBN: vol: p\u00e1gs: ,<br \/>\nAutores: OSCAR GOMEZ CARMONA, ALEJANDRO GRACES RUIZ, ALFONSO GOZALES,<\/td>\n<\/tr>\n<tr>\n<td>39.-\u00a0<strong>Completo<\/strong>\u00a0: An\u00e1lisis de confiabilidad del sistema compuesto Generaci\u00f3n-Transmisi\u00f3n de la ciudad de Pereira<br \/>\nColombia, Internacional Evento: Andescon 2004 Ponencia: An\u00e1lisis de confiabilidad del sistema compuesto generaci\u00f3n-transmisi\u00f3n de la ciudad de Pereira a\u00f1o:2004, Ii Congreso Internacional De La Region Andina, Ieee Colombia, Andescon2004 ISBN: 958-33-6534-3 vol: 0 p\u00e1gs: 7, 1<br \/>\nAutores: OSCAR GOMEZ CARMONA, LINA PAOLA GARCES NEGRETE, CARLOS JULIO ZAPATA GRISALES,<\/td>\n<\/tr>\n<tr>\n<td>40.-\u00a0<strong>Completo<\/strong>\u00a0: Optimal Placement of Distributed Generation in Electric Power Systems<br \/>\nColombia, Evento: IEEE Transmission and Distribution Conference and Exposition Latin America Ponencia: a\u00f1o:2008, Proceeding of the IEEE T&amp;D Latin America ISBN: 0 vol: p\u00e1gs: ,<br \/>\nAutores: JESUS MARIA LOPEZ LEZAMA, ANTONIO PADILHA FELTRIN,<\/td>\n<\/tr>\n<tr>\n<td>41.-\u00a0<strong>Completo<\/strong>\u00a0: Manejo de Congesti\u00f3n en el Mercado de Energ\u00eda El\u00e9ctrica Colombiano Mediante Flujo de Potencia Optimo con Restricciones de Seguridad<br \/>\nColombia, Evento: VII Seminario Internacional Sobre An\u00e1lisis y Mercados Energ\u00e9ticos Ponencia: a\u00f1o:2005, Seminario Internacional Sobre An\u00e1lisis y Mercados Energ\u00e9ticos ISBN: 0 vol: p\u00e1gs: ,<br \/>\nAutores: JESUS MARIA LOPEZ LEZAMA, CE MURILLO SANCHEZ, LJ ZULUAGA LOPEZ, JF GUTIERREZ GOMEZ,<\/td>\n<\/tr>\n<tr>\n<td>42.-\u00a0<strong>Completo<\/strong>\u00a0: Experiencias y manejo financiero de la congesti\u00f3n en lineas de transmisi\u00f3n en los mercados de PJM en California, Chile y Colombia<br \/>\nColombia, Evento: VII Seminario Internacional sobre analisis y mercados en\u00e9rgeticos Ponencia: a\u00f1o:2005, VII Seminario Internacional sobre analisis y mercados en\u00e9rgeticos ISBN: 0 vol: p\u00e1gs: ,<br \/>\nAutores: JESUS MARIA LOPEZ LEZAMA, JF GUTIERREZ GOMEZ, JUAN DAVID ARANGO GOMEZ,<\/td>\n<\/tr>\n<tr>\n<td>43.-\u00a0<strong>Completo<\/strong>\u00a0: A Contingency-Based Security-Constrained Optimal Power Flow Model for Revealing the Marginal Cost of a Blackout Risk-Equalizing Policy in the Colombian Electricity Market<br \/>\nVenezuela, Evento: IEEE PES Transmission and Distribution Conference and Exposition Latin America, 2006 Ponencia: a\u00f1o:2006, Proceedings of the IEEE T&amp;D Latin Amercia 2006 ISBN: 0 vol: p\u00e1gs: ,<br \/>\nAutores: JESUS MARIA LOPEZ LEZAMA, CE MURILLO SANCHEZ, LJ ZULUAGA LOPEZ, JF GUTIERREZ GOMEZ,<\/td>\n<\/tr>\n<tr>\n<td>44.-\u00a0<strong>Completo<\/strong>\u00a0: Aloca\u00e7\u00e3o e dimensionamento \u00f3timo de gera\u00e7\u00e3o distribu\u00edda em sistemas com mercados el\u00e9tricos<br \/>\nBrasil, Nacional Evento: Congreso Brasileiro de Automatica Ponencia: Aloca\u00e7\u00e3o e dimensionamento \u00f3timo de gera\u00e7\u00e3o distribu\u00edda em sistemas com mercados el\u00e9tricos a\u00f1o:2008, ISBN: vol: p\u00e1gs: ,<br \/>\nAutores: ANTONIO PADILHA FELTRIN, JESUS MARIA LOPEZ LEZAMA,<\/td>\n<\/tr>\n<tr>\n<td>45.-\u00a0<strong>Completo<\/strong>\u00a0: Specialized linear programming applied to the transmission network expansion planning problem<br \/>\nArgentina, Internacional Evento: ALIO 2008 Workshop on Applied Combinatorial Optimization Ponencia: Specialized linear programming applied to the transmission network expansion planning problem a\u00f1o:2008, ISBN: vol: p\u00e1gs: ,<br \/>\nAutores: RUBEN ROMERO, EDISON RIGHETTO, MAURICIO GRANADA ECHEVERRI, JESUS MARIA LOPEZ LEZAMA, JOSE ROBERTO SANCHEZ MANTONVANI,<\/td>\n<\/tr>\n<\/tbody>\n<\/table>\n","protected":false},"excerpt":{"rendered":"<p>Trabajos en Eventos\u00a0(Cap\u00edtulos de memoria) 1.-\u00a0Completo\u00a0: A set of linear equations to calculate the steady-state operation of an electrical distribution system Colombia, Internacional Evento: Innovative Smart Grid Technologies (ISGT Latin America), 2011 IEEE PES Conference on Ponencia: A set of &hellip; <a href=\"https:\/\/academia.utp.edu.co\/planeamiento\/produccion-bibliografica\/ponencias-en-congresos\/grupo-dinop\/\">Sigue leyendo <span class=\"meta-nav\">&rarr;<\/span><\/a><\/p>\n","protected":false},"author":31,"featured_media":0,"parent":841,"menu_order":0,"comment_status":"closed","ping_status":"open","template":"sidebar-page.php","meta":{"footnotes":""},"class_list":["post-1739","page","type-page","status-publish","hentry"],"_links":{"self":[{"href":"https:\/\/academia.utp.edu.co\/planeamiento\/wp-json\/wp\/v2\/pages\/1739","targetHints":{"allow":["GET"]}}],"collection":[{"href":"https:\/\/academia.utp.edu.co\/planeamiento\/wp-json\/wp\/v2\/pages"}],"about":[{"href":"https:\/\/academia.utp.edu.co\/planeamiento\/wp-json\/wp\/v2\/types\/page"}],"author":[{"embeddable":true,"href":"https:\/\/academia.utp.edu.co\/planeamiento\/wp-json\/wp\/v2\/users\/31"}],"replies":[{"embeddable":true,"href":"https:\/\/academia.utp.edu.co\/planeamiento\/wp-json\/wp\/v2\/comments?post=1739"}],"version-history":[{"count":4,"href":"https:\/\/academia.utp.edu.co\/planeamiento\/wp-json\/wp\/v2\/pages\/1739\/revisions"}],"predecessor-version":[{"id":1821,"href":"https:\/\/academia.utp.edu.co\/planeamiento\/wp-json\/wp\/v2\/pages\/1739\/revisions\/1821"}],"up":[{"embeddable":true,"href":"https:\/\/academia.utp.edu.co\/planeamiento\/wp-json\/wp\/v2\/pages\/841"}],"wp:attachment":[{"href":"https:\/\/academia.utp.edu.co\/planeamiento\/wp-json\/wp\/v2\/media?parent=1739"}],"curies":[{"name":"wp","href":"https:\/\/api.w.org\/{rel}","templated":true}]}}