{"id":1831,"date":"2013-12-21T19:11:08","date_gmt":"2013-12-21T19:11:08","guid":{"rendered":"http:\/\/academia.utp.edu.co\/planeamiento\/?page_id=1831"},"modified":"2013-12-21T19:13:04","modified_gmt":"2013-12-21T19:13:04","slug":"grupo-planeamiento-de-sistema-electricos","status":"publish","type":"page","link":"https:\/\/academia.utp.edu.co\/planeamiento\/produccion-bibliografica\/software\/grupo-planeamiento-de-sistema-electricos\/","title":{"rendered":"Grupo Planeamiento de Sistema El\u00e9ctricos"},"content":{"rendered":"<p><strong>Softwares<\/strong><\/p>\n<table width=\"100%\">\n<tbody>\n<tr>\n<td>1.-\u00a0<strong>Computacional<\/strong>\u00a0: Modelo de Estimaci\u00f3n del Costo Total del Plan de Reducci\u00f3n de P\u00e9rdidas No T\u00e9cnicas<br \/>\nColombia, 2011, Modelo de Estimaci\u00f3n del Costo Total del Plan de Reducci\u00f3n de P\u00e9rdidas No T\u00e9cnicas, Restringido, , , Convenio Interadministrativo UTP-CREG 2010-0137, Comisi\u00f3n de Regulaci\u00f3n de Energ\u00eda y Gas, Programa que calcula el costo \u00f3ptimo de un plan de disminuci\u00f3n de p\u00e9rdidas no t\u00e9cnicas .<br \/>\nAutores: HAROLD SALAZAR ISAZA, CAMILO A GALLEGO, JOSE A. JARAMILLO VILLEGAS, RENE GOMEZ LONDONO, JHON H. OSORIO RIOS,<\/td>\n<\/tr>\n<tr>\n<td>2.-\u00a0<strong>Computacional<\/strong>\u00a0: AsignaTASK V 1.0<br \/>\nColombia, 2005, Asigna TASK, Irrestricta, PC, Windows, , , Investigaci\u00f3n y simulaci\u00f3n de fen\u00f3menos.<br \/>\nAutores: MAURICIO GRANADA ECHEVERRI, ELIANA MIRLEDY TORO OCAMPO, RAMON ALFONSO GALLEGO RENDON,<\/td>\n<\/tr>\n<tr>\n<td>3.-\u00a0<strong>Computacional<\/strong>\u00a0: TRIFASYS &#8211; FLUJO DE POTENCIA TRIFASICO<br \/>\nColombia, 2006, , Irrestricta, PC, Windows, , , Investigaci\u00f3n y simulaci\u00f3n de sistemas el\u00e9ctricos.<br \/>\nAutores: RAMON ALFONSO GALLEGO RENDON, MAURICIO GRANADA ECHEVERRI, ALEJANDRO GARCES RUIZ,<\/td>\n<\/tr>\n<tr>\n<td>4.-\u00a0<strong>Computacional<\/strong>\u00a0: ANALISIS DE SISTEMAS DE POTENCIA V1.0<br \/>\nColombia, 2005, , Irrestricta, PC, Windows, , , Simulaci\u00f3n de sistemas el\u00e9ctricos.<br \/>\nAutores: RAMON ALFONSO GALLEGO RENDON, MAURICIO GRANADA ECHEVERRI, JUAN JOSE MORA FLOREZ,<\/td>\n<\/tr>\n<tr>\n<td>5.-\u00a0<strong>Computacional<\/strong>\u00a0: Sistema de informaci\u00f3n audifarma<br \/>\nColombia, 2002, , Restricta, Windows, Windows, , , Empresarial.<br \/>\nAutores: MAURICIO GRANADA ECHEVERRI,<\/td>\n<\/tr>\n<tr>\n<td>6.-\u00a0<strong>Computacional<\/strong>\u00a0: An\u00e1lisis de sistemas de Potencia V. 1.0<br \/>\nColombia, 2005, An\u00e1lisis de sistemas de Potencia V. 1.0, No restringido, PC, Windows, , resoluci\u00f3n CIARP , Simulaci\u00f3n de fenomenos.<br \/>\nAutores: MAURICIO GRANADA ECHEVERRI, RAMON ALFONSO GALLEGO RENDON, JUAN JOSE MORA FLORES,<\/td>\n<\/tr>\n<tr>\n<td>7.-\u00a0<strong>Computacional<\/strong>\u00a0: Flujo de potencia trif\u00e1sico &#8211; TrifaSYS V.1.0<br \/>\nColombia, 2005, , Irrestricta, PC, Windows, , , Investigaci\u00f3n y simulaci\u00f3n de fen\u00f3menos.<br \/>\nAutores: MAURICIO GRANADA ECHEVERRI, RAMON ALFONSO GALLEGO RENDON, ALEJANDRO GARCES RUIZ,<\/td>\n<\/tr>\n<tr>\n<td>8.-\u00a0<strong>Computacional<\/strong>\u00a0: Asignaci\u00f3n \u00f3ptima de tareas &#8211; AsignaTASK V 1.0<br \/>\nColombia, 2005, , Irrestricta, PC, Windows, , , Investigaci\u00f3n y simulaci\u00f3n de fen\u00f3menos.<br \/>\nAutores: MAURICIO GRANADA ECHEVERRI, RAMON ALFONSO GALLEGO RENDON, ELIANA MIRLEDY TORO OCAMPO,<\/td>\n<\/tr>\n<tr>\n<td>9.-\u00a0<strong>Computacional<\/strong>\u00a0: TrifaSYS V.1.0<br \/>\nColombia, 2005, , Irrestricta, PC, Windows, , , Investigaci\u00f3n y simulaci\u00f3n de fen\u00f3menos.<br \/>\nAutores: MAURICIO GRANADA ECHEVERRI, RAMON ALFONSO GALLEGO RENDON, ALEJANDRO GARCES RUIZ,<\/td>\n<\/tr>\n<tr>\n<td>10.-\u00a0<strong>Computacional<\/strong>\u00a0: LORDS &#8211; Losses Reduction in Distribution System &#8211; versi\u00f3n trif\u00e1sica<br \/>\nColombia, 2007, , Restricta, , , , Resoluci\u00f3n No 126-0309-00, .<br \/>\nAutores: MAURICIO GRANADA ECHEVERRI, RAMON ALFONSO GALLEGO RENDON, ALEJANDRO GARCES RUIZ,<\/td>\n<\/tr>\n<tr>\n<td>11.-\u00a0<strong>Computacional<\/strong>\u00a0: AsignaTASK V 1.0<br \/>\nColombia, 2005, , Irrestricta, PC, Windows, , , Investigaci\u00f3n y simulaci\u00f3n de fen\u00f3menos.<br \/>\nAutores: MAURICIO GRANADA ECHEVERRI, RAMON ALFONSO GALLEGO RENDON, ELIANA MIRLEDY TORO OCAMPO,<\/td>\n<\/tr>\n<tr>\n<td>12.-\u00a0<strong>Multimedia<\/strong>\u00a0: Curso virtual de inform\u00e1tica<br \/>\nColombia, 2003, , Restricta, Internet, Windows, , , Educativa.<br \/>\nAutores: MAURICIO GRANADA ECHEVERRI,<\/td>\n<\/tr>\n<tr>\n<td>13.-\u00a0<strong>Multimedia<\/strong>\u00a0: Proyecto de empoderamiento<br \/>\nColombia, 2002, , Irrestricta, Windows, Windows, , , Trabajo social.<br \/>\nAutores: MAURICIO GRANADA ECHEVERRI,<\/td>\n<\/tr>\n<tr>\n<td>14.-\u00a0<strong>Computacional<\/strong>\u00a0: Distribuci\u00f3n MC<br \/>\nColombia, 2005, , Irrestricta, Delphi, Windows, , , Educativo.<br \/>\nAutores: OSCAR GOMEZ CARMONA,<\/td>\n<\/tr>\n<tr>\n<td>15.-\u00a0<strong>Computacional<\/strong>\u00a0: Simular SR<br \/>\nColombia, 2004, , Irrestricta, Delphi, Windows, , , Educativo.<br \/>\nAutores: JUAN CARLOS GALVIS MANSO, ALEJANDRO GARCES RUIZ,<\/td>\n<\/tr>\n<tr>\n<td>16.-\u00a0<strong>Computacional<\/strong>\u00a0: LORDS &#8211; LOSS REDUCTION IN DISTRIBUTION SYSTEM &#8211; VERSI\u00d3N TRIF\u00c1SICA<br \/>\nColombia, 2007, , Irrestricta, PC, Windows, , , Educaci\u00f3n y simulaci\u00f3n de sistemas de distribuci\u00f3n de energ\u00eda el\u00e9ctrica.<br \/>\nAutores: MAURICIO GRANADA ECHEVERRI, ALEJANDRO GARCES RUIZ, RAMON ALFONSO GALLEGO RENDON,<\/td>\n<\/tr>\n<tr>\n<td>17.-\u00a0<strong>Computacional<\/strong>\u00a0: TrifaSYS V.1.0<br \/>\nColombia, 2005, , , , , , , .<br \/>\nAutores: ALEJANDRO GARCES RUIZ,<\/td>\n<\/tr>\n<tr>\n<td>18.-\u00a0<strong>Computacional<\/strong>\u00a0: Simular SR<br \/>\nColombia, 2004, , Irrestricta, Delphi, Windows, , , Educativo.<br \/>\nAutores: ALEJANDRO GARCES RUIZ, JUAN CARLOS GALVIS MANZO,<\/td>\n<\/tr>\n<tr>\n<td>19.-\u00a0<strong>Computacional<\/strong>\u00a0: Mantenimiento ABB<br \/>\nColombia, 2001, , Restricta, Windows, Windows, , , Gestion de mantenimiento perventivo y predictivo.<br \/>\nAutores: JUAN CARLOS HENAO LOPEZ, GERMAN ALONSO GOMEZ,<\/td>\n<\/tr>\n<tr>\n<td>20.-\u00a0<strong>Multimedia<\/strong>\u00a0: Modelo de Estimaci\u00f3n del Costo Total del Plan de Reducci\u00f3n de P\u00e9rdidas no T\u00e9cnicas<br \/>\nColombia, 2011, Modelo de Estimaci\u00f3n del Costo Total del Plan de Reducci\u00f3n de P\u00e9rdidas no T\u00e9cnicas, Restringido, Programa fuente realizado en matlab, Progama fuente hecho en matlab , Convenio Marco No. 3, Universidad Tecnol\u00f3gica de Pereira, Estimaci\u00f3n de la senda \u00f3ptima para el plan de reducci\u00f3n de p\u00e9rdidas no t\u00e9cnicas y su costo. .<br \/>\nAutores: CAMILO ANDRES GALLEGO ARIAS,<\/td>\n<\/tr>\n<\/tbody>\n<\/table>\n<p><a href=\"https:\/\/academia.utp.edu.co\/planeamiento\/produccion-bibliografica\/software\/grupo-planeamiento-de-sistema-electricos\/\">\u00a0<\/a><\/p>\n","protected":false},"excerpt":{"rendered":"<p>Softwares 1.-\u00a0Computacional\u00a0: Modelo de Estimaci\u00f3n del Costo Total del Plan de Reducci\u00f3n de P\u00e9rdidas No T\u00e9cnicas Colombia, 2011, Modelo de Estimaci\u00f3n del Costo Total del Plan de Reducci\u00f3n de P\u00e9rdidas No T\u00e9cnicas, Restringido, , , Convenio Interadministrativo UTP-CREG 2010-0137, Comisi\u00f3n &hellip; <a href=\"https:\/\/academia.utp.edu.co\/planeamiento\/produccion-bibliografica\/software\/grupo-planeamiento-de-sistema-electricos\/\">Sigue leyendo <span class=\"meta-nav\">&rarr;<\/span><\/a><\/p>\n","protected":false},"author":31,"featured_media":0,"parent":845,"menu_order":0,"comment_status":"closed","ping_status":"open","template":"sidebar-page.php","meta":{"footnotes":""},"class_list":["post-1831","page","type-page","status-publish","hentry"],"_links":{"self":[{"href":"https:\/\/academia.utp.edu.co\/planeamiento\/wp-json\/wp\/v2\/pages\/1831","targetHints":{"allow":["GET"]}}],"collection":[{"href":"https:\/\/academia.utp.edu.co\/planeamiento\/wp-json\/wp\/v2\/pages"}],"about":[{"href":"https:\/\/academia.utp.edu.co\/planeamiento\/wp-json\/wp\/v2\/types\/page"}],"author":[{"embeddable":true,"href":"https:\/\/academia.utp.edu.co\/planeamiento\/wp-json\/wp\/v2\/users\/31"}],"replies":[{"embeddable":true,"href":"https:\/\/academia.utp.edu.co\/planeamiento\/wp-json\/wp\/v2\/comments?post=1831"}],"version-history":[{"count":3,"href":"https:\/\/academia.utp.edu.co\/planeamiento\/wp-json\/wp\/v2\/pages\/1831\/revisions"}],"predecessor-version":[{"id":1839,"href":"https:\/\/academia.utp.edu.co\/planeamiento\/wp-json\/wp\/v2\/pages\/1831\/revisions\/1839"}],"up":[{"embeddable":true,"href":"https:\/\/academia.utp.edu.co\/planeamiento\/wp-json\/wp\/v2\/pages\/845"}],"wp:attachment":[{"href":"https:\/\/academia.utp.edu.co\/planeamiento\/wp-json\/wp\/v2\/media?parent=1831"}],"curies":[{"name":"wp","href":"https:\/\/api.w.org\/{rel}","templated":true}]}}