{"id":1841,"date":"2013-12-21T19:15:14","date_gmt":"2013-12-21T19:15:14","guid":{"rendered":"http:\/\/academia.utp.edu.co\/planeamiento\/?page_id=1841"},"modified":"2013-12-21T19:21:01","modified_gmt":"2013-12-21T19:21:01","slug":"grupo-dinop","status":"publish","type":"page","link":"https:\/\/academia.utp.edu.co\/planeamiento\/produccion-bibliografica\/software\/grupo-dinop\/","title":{"rendered":"Grupo DINOP"},"content":{"rendered":"<p><strong>Softwares<\/strong><\/p>\n<table width=\"100%\">\n<tbody>\n<tr>\n<td>1.-\u00a0<strong>Computacional<\/strong>\u00a0: Sistema de informaci\u00f3n audifarma<br \/>\nColombia, 2002, , Restricta, Windows, Windows, , , Empresarial.<br \/>\nAutores: MAURICIO GRANADA ECHEVERRI,<\/td>\n<\/tr>\n<tr>\n<td>2.-\u00a0<strong>Computacional<\/strong>\u00a0: An\u00e1lisis de sistemas de Potencia V. 1.0<br \/>\nColombia, 2005, An\u00e1lisis de sistemas de Potencia V. 1.0, No restringido, PC, Windows, , resoluci\u00f3n CIARP , Simulaci\u00f3n de fenomenos.<br \/>\nAutores: MAURICIO GRANADA ECHEVERRI, RAMON ALFONSO GALLEGO RENDON, JUAN JOSE MORA FLORES,<\/td>\n<\/tr>\n<tr>\n<td>3.-\u00a0<strong>Computacional<\/strong>\u00a0: Flujo de potencia trif\u00e1sico &#8211; TrifaSYS V.1.0<br \/>\nColombia, 2005, , Irrestricta, PC, Windows, , , Investigaci\u00f3n y simulaci\u00f3n de fen\u00f3menos.<br \/>\nAutores: MAURICIO GRANADA ECHEVERRI, RAMON ALFONSO GALLEGO RENDON, ALEJANDRO GARCES RUIZ,<\/td>\n<\/tr>\n<tr>\n<td>4.-\u00a0<strong>Computacional<\/strong>\u00a0: Asignaci\u00f3n \u00f3ptima de tareas &#8211; AsignaTASK V 1.0<br \/>\nColombia, 2005, , Irrestricta, PC, Windows, , , Investigaci\u00f3n y simulaci\u00f3n de fen\u00f3menos.<br \/>\nAutores: MAURICIO GRANADA ECHEVERRI, RAMON ALFONSO GALLEGO RENDON, ELIANA MIRLEDY TORO OCAMPO,<\/td>\n<\/tr>\n<tr>\n<td>5.-\u00a0<strong>Computacional<\/strong>\u00a0: TrifaSYS V.1.0<br \/>\nColombia, 2005, , Irrestricta, PC, Windows, , , Investigaci\u00f3n y simulaci\u00f3n de fen\u00f3menos.<br \/>\nAutores: MAURICIO GRANADA ECHEVERRI, RAMON ALFONSO GALLEGO RENDON, ALEJANDRO GARCES RUIZ,<\/td>\n<\/tr>\n<tr>\n<td>6.-\u00a0<strong>Computacional<\/strong>\u00a0: AsignaTASK V 1.0<br \/>\nColombia, 2005, , Irrestricta, PC, Windows, , , Investigaci\u00f3n y simulaci\u00f3n de fen\u00f3menos.<br \/>\nAutores: MAURICIO GRANADA ECHEVERRI, RAMON ALFONSO GALLEGO RENDON, ELIANA MIRLEDY TORO OCAMPO,<\/td>\n<\/tr>\n<tr>\n<td>7.-\u00a0<strong>Multimedia<\/strong>\u00a0: Curso virtual de inform\u00e1tica<br \/>\nColombia, 2003, , Restricta, Internet, Windows, , , Educativa.<br \/>\nAutores: MAURICIO GRANADA ECHEVERRI,<\/td>\n<\/tr>\n<tr>\n<td>8.-\u00a0<strong>Computacional<\/strong>\u00a0: Distribuci\u00f3n MC<br \/>\nColombia, 2005, , Irrestricta, Delphi, Windows, , , Educativo.<br \/>\nAutores: OSCAR GOMEZ CARMONA,<\/td>\n<\/tr>\n<tr>\n<td>9.-\u00a0<strong>Computacional<\/strong>\u00a0: LORDS &#8211; Losses Reduction in Distribution System &#8211; versi\u00f3n trif\u00e1sica<br \/>\nColombia, 2007, , Restricta, , , , Resoluci\u00f3n No 126-0309-00, .<br \/>\nAutores: MAURICIO GRANADA ECHEVERRI, RAMON ALFONSO GALLEGO RENDON, ALEJANDRO GARCES RUIZ,<\/td>\n<\/tr>\n<tr>\n<td>10.-\u00a0<strong>Multimedia<\/strong>\u00a0: Proyecto de empoderamiento<br \/>\nColombia, 2002, , Irrestricta, Windows, Windows, , , Trabajo social.<br \/>\nAutores: MAURICIO GRANADA ECHEVERRI,<\/td>\n<\/tr>\n<\/tbody>\n<\/table>\n","protected":false},"excerpt":{"rendered":"<p>Softwares 1.-\u00a0Computacional\u00a0: Sistema de informaci\u00f3n audifarma Colombia, 2002, , Restricta, Windows, Windows, , , Empresarial. Autores: MAURICIO GRANADA ECHEVERRI, 2.-\u00a0Computacional\u00a0: An\u00e1lisis de sistemas de Potencia V. 1.0 Colombia, 2005, An\u00e1lisis de sistemas de Potencia V. 1.0, No restringido, PC, Windows, &hellip; <a href=\"https:\/\/academia.utp.edu.co\/planeamiento\/produccion-bibliografica\/software\/grupo-dinop\/\">Sigue leyendo <span class=\"meta-nav\">&rarr;<\/span><\/a><\/p>\n","protected":false},"author":31,"featured_media":0,"parent":845,"menu_order":0,"comment_status":"closed","ping_status":"open","template":"sidebar-page.php","meta":{"footnotes":""},"class_list":["post-1841","page","type-page","status-publish","hentry"],"_links":{"self":[{"href":"https:\/\/academia.utp.edu.co\/planeamiento\/wp-json\/wp\/v2\/pages\/1841","targetHints":{"allow":["GET"]}}],"collection":[{"href":"https:\/\/academia.utp.edu.co\/planeamiento\/wp-json\/wp\/v2\/pages"}],"about":[{"href":"https:\/\/academia.utp.edu.co\/planeamiento\/wp-json\/wp\/v2\/types\/page"}],"author":[{"embeddable":true,"href":"https:\/\/academia.utp.edu.co\/planeamiento\/wp-json\/wp\/v2\/users\/31"}],"replies":[{"embeddable":true,"href":"https:\/\/academia.utp.edu.co\/planeamiento\/wp-json\/wp\/v2\/comments?post=1841"}],"version-history":[{"count":2,"href":"https:\/\/academia.utp.edu.co\/planeamiento\/wp-json\/wp\/v2\/pages\/1841\/revisions"}],"predecessor-version":[{"id":1855,"href":"https:\/\/academia.utp.edu.co\/planeamiento\/wp-json\/wp\/v2\/pages\/1841\/revisions\/1855"}],"up":[{"embeddable":true,"href":"https:\/\/academia.utp.edu.co\/planeamiento\/wp-json\/wp\/v2\/pages\/845"}],"wp:attachment":[{"href":"https:\/\/academia.utp.edu.co\/planeamiento\/wp-json\/wp\/v2\/media?parent=1841"}],"curies":[{"name":"wp","href":"https:\/\/api.w.org\/{rel}","templated":true}]}}