{"id":1845,"date":"2013-12-21T19:18:08","date_gmt":"2013-12-21T19:18:08","guid":{"rendered":"http:\/\/academia.utp.edu.co\/planeamiento\/?page_id=1845"},"modified":"2013-12-21T19:21:29","modified_gmt":"2013-12-21T19:21:29","slug":"grupo-ice3","status":"publish","type":"page","link":"https:\/\/academia.utp.edu.co\/planeamiento\/produccion-bibliografica\/software\/grupo-ice3\/","title":{"rendered":"Grupo ICE3"},"content":{"rendered":"<p><strong>Softwares<\/strong><\/p>\n<table width=\"100%\">\n<tbody>\n<tr>\n<td>1.-\u00a0<strong>Computacional<\/strong>\u00a0: AsignaTASK V 1.0<br \/>\nColombia, 2005, Asigna TASK, Irrestricta, PC, Windows, , , Investigaci\u00f3n y simulaci\u00f3n de fen\u00f3menos.<br \/>\nAutores: MAURICIO GRANADA ECHEVERRI, ELIANA MIRLEDY TORO OCAMPO, RAMON ALFONSO GALLEGO RENDON,<\/td>\n<\/tr>\n<tr>\n<td>2.-\u00a0<strong>Computacional<\/strong>\u00a0: TRIFASYS &#8211; FLUJO DE POTENCIA TRIFASICO<br \/>\nColombia, 2006, , Irrestricta, PC, Windows, , , Investigaci\u00f3n y simulaci\u00f3n de sistemas el\u00e9ctricos.<br \/>\nAutores: RAMON ALFONSO GALLEGO RENDON, MAURICIO GRANADA ECHEVERRI, ALEJANDRO GARCES RUIZ,<\/td>\n<\/tr>\n<tr>\n<td>3.-\u00a0<strong>Computacional<\/strong>\u00a0: ANALISIS DE SISTEMAS DE POTENCIA V1.0<br \/>\nColombia, 2005, , Irrestricta, PC, Windows, , , Simulaci\u00f3n de sistemas el\u00e9ctricos.<br \/>\nAutores: RAMON ALFONSO GALLEGO RENDON, MAURICIO GRANADA ECHEVERRI, JUAN JOSE MORA FLOREZ,<\/td>\n<\/tr>\n<tr>\n<td>4.-\u00a0<strong>Computacional<\/strong>\u00a0: LORDS &#8211; LOSS REDUCTION IN DISTRIBUTION SYSTEM &#8211; VERSI\u00d3N TRIF\u00c1SICA<br \/>\nColombia, 2007, , Irrestricta, PC, Windows, , , Educaci\u00f3n y simulaci\u00f3n de sistemas de distribuci\u00f3n de energ\u00eda el\u00e9ctrica.<br \/>\nAutores: MAURICIO GRANADA ECHEVERRI, ALEJANDRO GARCES RUIZ, RAMON ALFONSO GALLEGO RENDON,<\/td>\n<\/tr>\n<tr>\n<td>5.-\u00a0<strong>Computacional<\/strong>\u00a0: An\u00e1lisis de sistemas de potencia V1.0<br \/>\nColombia, 2005, , Irrestricta, Delphi, Windows, , , Software educativo.<br \/>\nAutores: JUAN JOSE MORA FLOREZ, MAURICIO GRANADA,<\/td>\n<\/tr>\n<\/tbody>\n<\/table>\n","protected":false},"excerpt":{"rendered":"<p>Softwares 1.-\u00a0Computacional\u00a0: AsignaTASK V 1.0 Colombia, 2005, Asigna TASK, Irrestricta, PC, Windows, , , Investigaci\u00f3n y simulaci\u00f3n de fen\u00f3menos. Autores: MAURICIO GRANADA ECHEVERRI, ELIANA MIRLEDY TORO OCAMPO, RAMON ALFONSO GALLEGO RENDON, 2.-\u00a0Computacional\u00a0: TRIFASYS &#8211; FLUJO DE POTENCIA TRIFASICO Colombia, 2006, &hellip; <a href=\"https:\/\/academia.utp.edu.co\/planeamiento\/produccion-bibliografica\/software\/grupo-ice3\/\">Sigue leyendo <span class=\"meta-nav\">&rarr;<\/span><\/a><\/p>\n","protected":false},"author":31,"featured_media":0,"parent":845,"menu_order":0,"comment_status":"closed","ping_status":"open","template":"sidebar-page.php","meta":{"footnotes":""},"class_list":["post-1845","page","type-page","status-publish","hentry"],"_links":{"self":[{"href":"https:\/\/academia.utp.edu.co\/planeamiento\/wp-json\/wp\/v2\/pages\/1845","targetHints":{"allow":["GET"]}}],"collection":[{"href":"https:\/\/academia.utp.edu.co\/planeamiento\/wp-json\/wp\/v2\/pages"}],"about":[{"href":"https:\/\/academia.utp.edu.co\/planeamiento\/wp-json\/wp\/v2\/types\/page"}],"author":[{"embeddable":true,"href":"https:\/\/academia.utp.edu.co\/planeamiento\/wp-json\/wp\/v2\/users\/31"}],"replies":[{"embeddable":true,"href":"https:\/\/academia.utp.edu.co\/planeamiento\/wp-json\/wp\/v2\/comments?post=1845"}],"version-history":[{"count":2,"href":"https:\/\/academia.utp.edu.co\/planeamiento\/wp-json\/wp\/v2\/pages\/1845\/revisions"}],"predecessor-version":[{"id":1857,"href":"https:\/\/academia.utp.edu.co\/planeamiento\/wp-json\/wp\/v2\/pages\/1845\/revisions\/1857"}],"up":[{"embeddable":true,"href":"https:\/\/academia.utp.edu.co\/planeamiento\/wp-json\/wp\/v2\/pages\/845"}],"wp:attachment":[{"href":"https:\/\/academia.utp.edu.co\/planeamiento\/wp-json\/wp\/v2\/media?parent=1845"}],"curies":[{"name":"wp","href":"https:\/\/api.w.org\/{rel}","templated":true}]}}