{"id":1867,"date":"2013-12-21T19:28:47","date_gmt":"2013-12-21T19:28:47","guid":{"rendered":"http:\/\/academia.utp.edu.co\/planeamiento\/?page_id=1867"},"modified":"2014-01-17T07:05:06","modified_gmt":"2014-01-17T07:05:06","slug":"grupo-dinop","status":"publish","type":"page","link":"https:\/\/academia.utp.edu.co\/planeamiento\/produccion-bibliografica\/tesis-de-maestria\/grupo-dinop\/","title":{"rendered":"Grupo DINOP"},"content":{"rendered":"<ul>\n<li style=\"text-align: justify\"><span style=\"line-height: 15px\">1.-\u00a0<strong>Trabajo de grado de maestr\u00eda o especialidad m\u00e9dica<\/strong>\u00a0: Distribuci\u00f3n de costos considerando el cargo por uso en el proceso de la expansi\u00f3n de sistemas de transmisi\u00f3n aplicando teor\u00eda de juegos<br \/>\nColombia, 2003, Tutor principal, Orientados: Edgar Manuel Carre\u00f1o Franco, Maestr\u00eda en Ingenier\u00eda El\u00e9ctrica, Universidad Tecnol\u00f3gica De Pereira &#8211; Utp.<br \/>\nAutores: HERMAN JOSE SERRANO LOPEZ, EDGAR MANUEL CARRENO FRANCO,<\/span><\/li>\n<\/ul>\n<ul style=\"text-align: justify\">\n<li>2.-\u00a0<strong>Trabajo de grado de maestr\u00eda o especialidad m\u00e9dica<\/strong>\u00a0: La l\u00f3gica en la ecuaci\u00f3n b\u00e1sica y media alternativas metodologicas<br \/>\nColombia, 2006, Tutor principal, Orientados: Guillermo Giraldo Bernal , Maestria en Ense\u00f1anza de las Matematicas, Universidad Tecnol\u00f3gica De Pereira &#8211; Utp.<br \/>\nAutores:<\/li>\n<\/ul>\n<ul style=\"text-align: justify\">\n<li>3.-\u00a0<strong>Trabajo de grado de maestr\u00eda o especialidad m\u00e9dica<\/strong>\u00a0: Diagn\u00f3stico situacional de la poblaci\u00f3n desplazada decepcionada en el municipio de Pereira, primer quinquenio del siglo XXI<br \/>\nColombia, 2007, Tutor principal, Orientados: Diana Patricia Ortiz Camargo , Maestria en Ense\u00f1anza de las Matematicas, Universidad Tecnol\u00f3gica De Pereira &#8211; Utp.<br \/>\nAutores:<\/li>\n<\/ul>\n<ul style=\"text-align: justify\">\n<li>4.-\u00a0<strong>Trabajo de grado de maestr\u00eda o especialidad m\u00e9dica<\/strong>\u00a0: An\u00e1lisis bayesiano de series temporales: La tasa de desempleo en Colombia<br \/>\nColombia, 2007, Tutor principal, Orientados: John Jairo Le\u00f3n Salazar , Maestria en Ense\u00f1anza de las Matematicas, Universidad Tecnol\u00f3gica De Pereira &#8211; Utp.<br \/>\nAutores:<\/li>\n<\/ul>\n<ul style=\"text-align: justify\">\n<li>7.-\u00a0<strong>Trabajo de grado de maestr\u00eda o especialidad m\u00e9dica<\/strong>\u00a0: Algoritmos GRASP y Simulated Annealing como Inicializadores de Branch and Bound en la Soluci\u00f3n de Planeamiento Est\u00e1tico de Sistemas de Transmisi\u00f3n<br \/>\nColombia, 2002, Tutor principal, Orientados: Germ\u00e1n Alonso G\u00f3mez Rojas, Ingenieria Electrica, Universidad Tecnol\u00f3gica De Pereira &#8211; Utp.<br \/>\nAutores: ANTONIO HERNANDO ESCOBAR ZULUAGA, GERMAN ALONSO GOMEZ ROJAS,<\/li>\n<\/ul>\n<ul style=\"text-align: justify\">\n<li>8.-\u00a0<strong>Trabajo de grado de maestr\u00eda o especialidad m\u00e9dica<\/strong>\u00a0: Planeamiento de la expansi\u00f3n de sistemas de transmisi\u00f3n de energ\u00eda considerando seguridad e incertidumbre mediante optimizaci\u00f3n multiobjetivo<br \/>\nColombia, 2008, Tutor principal, Orientados: Ricardo Andr\u00e9s Bola\u00f1os Ocampo, Maestr\u00eda en Ingenier\u00eda El\u00e9ctrica, Universidad Tecnol\u00f3gica De Pereira &#8211; Utp.<br \/>\nAutores:<\/li>\n<\/ul>\n<ul style=\"text-align: justify\">\n<li>9.-\u00a0<strong>Trabajo de grado de maestr\u00eda o especialidad m\u00e9dica<\/strong>\u00a0: Planeamiento Multiobjetivo de la Expansi\u00f3n de Sistemas de Transmisi\u00f3n Considerando M\u00faltiples Escenarios de Generaci\u00f3n<br \/>\nColombia, 2008, Tutor principal, Orientados: Carlos Adri\u00e1n Correa Fl\u00f3rez, Ingenieria Electrica, Universidad Tecnol\u00f3gica De Pereira &#8211; Utp.<br \/>\nAutores:<\/li>\n<\/ul>\n<ul style=\"text-align: justify\">\n<li>10.-\u00a0<strong>Trabajo de grado de maestr\u00eda o especialidad m\u00e9dica<\/strong>\u00a0: Planeamiento de la expansi\u00f3n de sistemas de transmisi\u00f3n con incertidumbre en la demanda e incorporando p\u00e9rdidas usando b\u00fasqueda tab\u00fa<br \/>\nColombia, 2008, Tutor principal, Orientados: Augusto C\u00e9sar Rueda Medina, Maestr\u00eda en Ingenier\u00eda El\u00e9ctrica, Universidad Tecnol\u00f3gica De Pereira &#8211; Utp.<br \/>\nAutores:<\/li>\n<\/ul>\n<ul style=\"text-align: justify\">\n<li>11.-\u00a0<strong>Trabajo de grado de maestr\u00eda o especialidad m\u00e9dica<\/strong>\u00a0: PLANEAMIENTO DE LA EXPANSION DE REDES DE TRANSMISION BASADO EN CAMBIO DE NIVEL DE TENSION<br \/>\nColombia, 2010, Tutor principal, Orientados: Andr\u00e9s Hernando Dom\u00ednguez Casta\u00f1o, Maestr\u00eda en Ingenier\u00eda El\u00e9ctrica, Universidad Tecnol\u00f3gica De Pereira &#8211; Utp.<br \/>\nAutores:<\/li>\n<\/ul>\n<ul style=\"text-align: justify\">\n<li>13.-\u00a0<strong>Trabajo de grado de maestr\u00eda o especialidad m\u00e9dica<\/strong>\u00a0: Asignaci\u00f3n \u00f3ptima de salones de clase usando un algoritmo basado en colonia de hormigas<br \/>\nColombia, 2008, Tutor principal, Orientados: Jhon Jairo Santa, Maestr\u00eda En Ingenier\u00eda El\u00e9ctrica, Universidad Tecnol\u00f3gica De Pereira &#8211; Utp.<br \/>\nAutores: RAMON ALFONSO GALLEGO RENDON, JHON JAIRO SANTA,<\/li>\n<\/ul>\n<ul style=\"text-align: justify\">\n<li>16.-\u00a0<strong>Trabajo de grado de maestr\u00eda o especialidad m\u00e9dica<\/strong>\u00a0: Despacho \u00f3ptimo de generadores t\u00e9rmicos<br \/>\nColombia, 2004, Tutor principal, Orientados: Andr\u00e9s Felipe de los R\u00edos, Facultad de Ingenier\u00eda El\u00e9ctrica, Universidad Tecnol\u00f3gica De Pereira &#8211; Utp.<br \/>\nAutores: MAURICIO GRANADA ECHEVERRI,<\/li>\n<\/ul>\n<ul style=\"text-align: justify\">\n<li>18.-\u00a0<strong>Trabajo de grado de maestr\u00eda o especialidad m\u00e9dica<\/strong>\u00a0: Reducci\u00f3n de p\u00e9rdidas t\u00e9cnicas a trav\u00e9s de ubicaci\u00f3n \u00f3ptima de Taps y posicionamiento de switches en capacitores<br \/>\nColombia, 2006, Tutor principal, Orientados: Alexander Molina, Maestr\u00eda en Ingenier\u00eda El\u00e9ctrica, Universidad Tecnol\u00f3gica De Pereira &#8211; Utp.<br \/>\nAutores: MAURICIO GRANADA ECHEVERRI, ALEXANDER MOLINA CABRERA,<\/li>\n<\/ul>\n<ul style=\"text-align: justify\">\n<li>19.-\u00a0<strong>Trabajo de grado de maestr\u00eda o especialidad m\u00e9dica<\/strong>\u00a0: T\u00e9cnicas combinatoriales aplicadas al problema de asignaci\u00f3n generalizada<br \/>\nColombia, 2006, Tutor principal, Orientados: Eliana Mirledy Toro Ocampo, Maestr\u00eda en Ingenier\u00eda El\u00e9ctrica, Universidad Tecnol\u00f3gica De Pereira &#8211; Utp.<br \/>\nAutores: MAURICIO GRANADA ECHEVERRI, ELIANA MIRLEDY TORO OCAMPO,<\/li>\n<\/ul>\n<ul style=\"text-align: justify\">\n<li>20.-\u00a0<strong>Trabajo de grado de maestr\u00eda o especialidad m\u00e9dica<\/strong>\u00a0: Optimizaci\u00f3n de por part\u00edculas swarm aplicada al control de voltaje y reactivos considerando estabilidad de voltaje<br \/>\nColombia, 2004, Tutor principal, Orientados: Jorge Andres Garces Bermudez, Maestr\u00eda en Ingenier\u00eda El\u00e9ctrica, Universidad Tecnol\u00f3gica De Pereira &#8211; Utp.<br \/>\nAutores: MAURICIO GRANADA ECHEVERRI,<\/li>\n<\/ul>\n<ul style=\"text-align: justify\">\n<li>22.-\u00a0<strong>Trabajo de grado de maestr\u00eda o especialidad m\u00e9dica<\/strong>\u00a0: T\u00e9cnicas combinatoriales alpicadas al problema de asignaci\u00f3n generalizada<br \/>\nColombia, 2006, Tutor principal, Orientados: Eliana M Toro Ocampo, Maestr\u00eda en Ingenier\u00eda El\u00e9ctrica, Universidad Tecnol\u00f3gica De Pereira &#8211; Utp.<br \/>\nAutores: MAURICIO GRANADA ECHEVERRI,<\/li>\n<\/ul>\n<ul style=\"text-align: justify\">\n<li>24.-\u00a0<strong>Trabajo de grado de maestr\u00eda o especialidad m\u00e9dica<\/strong>\u00a0: LOCALIZACI\u00d3N DE CONDENSADORES Y REGULADORES DE TENSI\u00d3N EN SISTEMAS DE DISTRIBUCI\u00d3N USANDO OPTIMIZACI\u00d3N MULTI-OBJETIVO<br \/>\nColombia, 2008, Tutor principal, Orientados: C\u00c9SAR AUGUSTO PE\u00d1UELA MENESES, Maestr\u00eda en Ingenier\u00eda El\u00e9ctrica, Universidad Tecnol\u00f3gica De Pereira &#8211; Utp.<br \/>\nAutores:<\/li>\n<\/ul>\n<ul>\n<li style=\"text-align: justify\">25.-\u00a0<strong>Trabajo de grado de maestr\u00eda o especialidad m\u00e9dica<\/strong>\u00a0: APLICACI\u00d3N DE METAHE\u00daRISTICA MULTIOBJETIVO NSGA-II EN SISTEMA JOB SHOP PARA MINIMIZAR TIEMPO DE PROCESO, CONTROLAR LOS COSTOS DE ENERG\u00cdA ELECTRICA Y MITIGAR LA ACCIDENTALIDAD LABORAL<br \/>\nColombia, 2009, Tutor principal, Orientados: Santiago Ruiz Herrera, Maestr\u00eda En Investigaci\u00f3n de Operaciones, Universidad Tecnol\u00f3gica De Pereira &#8211; Utp.<br \/>\nAutores:<\/li>\n<\/ul>\n","protected":false},"excerpt":{"rendered":"<p>1.-\u00a0Trabajo de grado de maestr\u00eda o especialidad m\u00e9dica\u00a0: Distribuci\u00f3n de costos considerando el cargo por uso en el proceso de la expansi\u00f3n de sistemas de transmisi\u00f3n aplicando teor\u00eda de juegos Colombia, 2003, Tutor principal, Orientados: Edgar Manuel Carre\u00f1o Franco, Maestr\u00eda &hellip; <a href=\"https:\/\/academia.utp.edu.co\/planeamiento\/produccion-bibliografica\/tesis-de-maestria\/grupo-dinop\/\">Sigue leyendo <span class=\"meta-nav\">&rarr;<\/span><\/a><\/p>\n","protected":false},"author":31,"featured_media":0,"parent":849,"menu_order":0,"comment_status":"closed","ping_status":"open","template":"sidebar-page.php","meta":{"footnotes":""},"class_list":["post-1867","page","type-page","status-publish","hentry"],"_links":{"self":[{"href":"https:\/\/academia.utp.edu.co\/planeamiento\/wp-json\/wp\/v2\/pages\/1867","targetHints":{"allow":["GET"]}}],"collection":[{"href":"https:\/\/academia.utp.edu.co\/planeamiento\/wp-json\/wp\/v2\/pages"}],"about":[{"href":"https:\/\/academia.utp.edu.co\/planeamiento\/wp-json\/wp\/v2\/types\/page"}],"author":[{"embeddable":true,"href":"https:\/\/academia.utp.edu.co\/planeamiento\/wp-json\/wp\/v2\/users\/31"}],"replies":[{"embeddable":true,"href":"https:\/\/academia.utp.edu.co\/planeamiento\/wp-json\/wp\/v2\/comments?post=1867"}],"version-history":[{"count":3,"href":"https:\/\/academia.utp.edu.co\/planeamiento\/wp-json\/wp\/v2\/pages\/1867\/revisions"}],"predecessor-version":[{"id":2099,"href":"https:\/\/academia.utp.edu.co\/planeamiento\/wp-json\/wp\/v2\/pages\/1867\/revisions\/2099"}],"up":[{"embeddable":true,"href":"https:\/\/academia.utp.edu.co\/planeamiento\/wp-json\/wp\/v2\/pages\/849"}],"wp:attachment":[{"href":"https:\/\/academia.utp.edu.co\/planeamiento\/wp-json\/wp\/v2\/media?parent=1867"}],"curies":[{"name":"wp","href":"https:\/\/api.w.org\/{rel}","templated":true}]}}