{"id":1871,"date":"2013-12-21T19:29:37","date_gmt":"2013-12-21T19:29:37","guid":{"rendered":"http:\/\/academia.utp.edu.co\/planeamiento\/?page_id=1871"},"modified":"2014-01-17T08:03:25","modified_gmt":"2014-01-17T08:03:25","slug":"grupo-ice3","status":"publish","type":"page","link":"https:\/\/academia.utp.edu.co\/planeamiento\/produccion-bibliografica\/tesis-de-maestria\/grupo-ice3\/","title":{"rendered":"Grupo ICE3"},"content":{"rendered":"<ul>\n<li style=\"text-align: justify\"><span style=\"line-height: 15px\">1.-\u00a0<strong>Trabajo de grado de maestr\u00eda o especialidad m\u00e9dica<\/strong>\u00a0: Interrupciones y huecos de tensi\u00f3n: dise\u00f1o y construcci\u00f3n de un prototipo para su medici\u00f3n<br \/>\nColombia, 2001, Tutor principal, Orientados: Miguel \u00c1ngel \u00c1ngel Silva, Maestr\u00eda en Potencia El\u00e9ctrica, Universidad Industrial de Santander &#8211; UIS.<br \/>\nAutores: GABRIEL ORDONEZ PLATA, MIGUEL ANGEL ANGEL SILVA,<\/span><\/li>\n<\/ul>\n<ul style=\"text-align: justify\">\n<li>2.-\u00a0<strong>Trabajo de grado de maestr\u00eda o especialidad m\u00e9dica<\/strong>\u00a0: Implementaci\u00f3n de redes neuronales artificiales en haskell<br \/>\nColombia, 2003, Tutor principal, Orientados: C\u00e9sar Augusto Acosta M., Maestr\u00eda En Ense\u00f1anza de Las Matem\u00e1ticas, Universidad Tecnol\u00f3gica De Pereira &#8211; Utp.<br \/>\nAutores: RAMON ALFONSO GALLEGO RENDON, CESAR AUGUSTO ACOSTA M,<\/li>\n<\/ul>\n<ul style=\"text-align: justify\">\n<li>3.-\u00a0<strong>Trabajo de grado de maestr\u00eda o especialidad m\u00e9dica<\/strong>\u00a0: Reconfiguraci\u00f3n de alimentadores primarios usando una metodolog\u00eda combinatorial bajo un modelamiento trif\u00e1sico<br \/>\nColombia, 2005, Tutor principal, Orientados: Alejandro Garc\u00e9s Ruiz, Maestr\u00eda En Ingenier\u00eda El\u00e9ctrica, Universidad Tecnol\u00f3gica De Pereira &#8211; Utp.<br \/>\nAutores: RAMON ALFONSO GALLEGO RENDON, ALEJANDRO GARCES RUIZ,<\/li>\n<\/ul>\n<ul style=\"text-align: justify\">\n<li>4.-\u00a0<strong>Trabajo de grado de maestr\u00eda o especialidad m\u00e9dica<\/strong>\u00a0: Modelamiento de sistemas el\u00e8ctricos y empleo del software Digsilent Power Factory en el an\u00e1lisis de arm\u00f3nicos<br \/>\nColombia, 2002, Tutor principal, Orientados: Marcelo Aristizabal Naranjo y Carlos Alberto R\u00edos Porras, Ingenier\u00eda El\u00e9ctrica, Universidad Tecnol\u00f3gica De Pereira &#8211; Utp.<br \/>\nAutores:<\/li>\n<\/ul>\n<ul style=\"text-align: justify\">\n<li>7.-\u00a0<strong>Trabajo de grado de maestr\u00eda o especialidad m\u00e9dica<\/strong>\u00a0: Balanceo de Fases en Sistemas de Distribuci\u00f3n Empleando el Algor\u00edtmo Busqueda Tab\u00fa<br \/>\nColombia, 2004, Tutor principal, Orientados: Alberto Var\u00f3n Rodas, Maestr\u00eda En Ingenier\u00eda El\u00e9ctrica, Universidad Tecnol\u00f3gica De Pereira &#8211; Utp.<br \/>\nAutores: RAMON ALFONSO GALLEGO RENDON, ALBERTO VARON RODAS<\/li>\n<\/ul>\n<ul style=\"text-align: justify\">\n<li>10.-\u00a0<strong>Trabajo de grado de maestr\u00eda o especialidad m\u00e9dica<\/strong>\u00a0: An\u00e1lisis de Amortiguamiento de Las Oscilaciones De Baja Frecuencia Para Un Sistema de Potencia Multim\u00e1quina<br \/>\nColombia, 2003, Tutor principal, Orientados: Oscar Emilio D\u00edaz Vanegas, Maestr\u00eda En Ingenier\u00eda El\u00e9ctrica, Universidad Nacional De Colombia &#8211; Sede Manizales.<br \/>\nAutores: JORGE FERNANDO GUTIERREZ GOMEZ, OSCAR EMILIO DIAZ VANEGAS,<\/li>\n<\/ul>\n<ul style=\"text-align: justify\">\n<li>14.-\u00a0<strong>Trabajo de grado de maestr\u00eda o especialidad m\u00e9dica<\/strong>\u00a0: Propuesta Alternativas Para El Manejo De La Congesti\u00f3n En El Mercado De Energ\u00eda El\u00e9ctrica Colombiano<br \/>\nColombia, 2003, Tutor principal, Orientados: Jes\u00fas Mar\u00eda L\u00f3pez Lezama, Maestr\u00eda En Ingenier\u00eda El\u00e9ctrica, Universidad Nacional De Colombia &#8211; Sede Manizales.<br \/>\nAutores: JORGE FERNANDO GUTIERREZ GOMEZ, JESUS MARIA LOPEZ LEZAMA,<\/li>\n<\/ul>\n<ul style=\"text-align: justify\">\n<li>15.-\u00a0<strong>Trabajo de grado de maestr\u00eda o especialidad m\u00e9dica<\/strong>\u00a0: Propuesta Remunerativa Para El Servicio Complementario De Restablecimiento Del SIN (Sistema Interconectado Nacional)<br \/>\nColombia, 2003, Tutor principal, Orientados: Sandra Ximena Carvajal Quintero, Maestr\u00eda En Ingenier\u00eda El\u00e9ctrica, Universidad Nacional De Colombia &#8211; Sede Manizales.<br \/>\nAutores: JORGE FERNANDO GUTIERREZ GOMEZ, SANDRA XIMENA CARVAJAL QUINTERO,<\/li>\n<\/ul>\n<ul style=\"text-align: justify\">\n<li>17.-\u00a0<strong>Trabajo de grado de maestr\u00eda o especialidad m\u00e9dica<\/strong>\u00a0: Localizacion de fallas utilizando m\u00e1quinas de soporte vectorial<br \/>\nColombia, 2009, Tutor principal, Orientados: Juan Carlos Bedoya, Maestr\u00eda en Ingenier\u00eda El\u00e9ctrica, Universidad Tecnol\u00f3gica De Pereira &#8211; Utp.<br \/>\nAutores:<\/li>\n<\/ul>\n<ul style=\"text-align: justify\">\n<li>28.-\u00a0<strong>Trabajo de grado de maestr\u00eda o especialidad m\u00e9dica<\/strong>\u00a0: Mejoramiento de los \u00edndices de continuidad del servicio de energ\u00eda el\u00e9ctrica en sistemas de distribuci\u00f3n, a partir de la determinaci\u00f3n de la distancia a la falla<br \/>\nColombia, 2012, Tutor principal, Orientados: Ever Julian Correa , Maestr\u00eda en Ingenier\u00eda El\u00e9ctrica, Universidad Tecnol\u00f3gica De Pereira &#8211; Utp.<br \/>\nAutores:<\/li>\n<\/ul>\n<ul style=\"text-align: justify\">\n<li>29.-\u00a0<strong>Trabajo de grado de maestr\u00eda o especialidad m\u00e9dica<\/strong>\u00a0: An\u00e1lisis de los efectos de la variaci\u00f3n de los par\u00e1metros del modelo de l\u00ednea, de carga y de fuente, en la localizaci\u00f3n de fallas en sistemas de distribuci\u00f3n<br \/>\nColombia, 2012, Tutor principal, Orientados: Andres Ricardo Herrea, Maestr\u00eda en Ingenier\u00eda El\u00e9ctrica, Universidad Tecnol\u00f3gica De Pereira &#8211; Utp.<br \/>\nAutores:<\/li>\n<\/ul>\n<ul style=\"text-align: justify\">\n<li>32.-\u00a0<strong>Trabajo de grado de maestr\u00eda o especialidad m\u00e9dica<\/strong>\u00a0: Metodolog\u00eda de integraci\u00f3n para localizaci\u00f3n de fallas paralelas en sistemas de distribuci\u00f3n de energ\u00eda el\u00e9ctrica, considerando generaci\u00f3n distribuida<br \/>\nColombia, 2011, Tutor principal, Orientados: C\u00e9sar Augusto Orozco Henao, Maestr\u00eda en Ingenier\u00eda El\u00e9ctrica, Universidad Tecnol\u00f3gica De Pereira &#8211; Utp.<br \/>\nAutores:<\/li>\n<\/ul>\n<ul style=\"text-align: justify\">\n<li>36.-\u00a0<strong>Trabajo de grado de maestr\u00eda o especialidad m\u00e9dica<\/strong>\u00a0: Localizaci\u00f3n de fallas en alimentadores primarios de distribuci\u00f3n de energ\u00eda el\u00e9ctrica considerando incertidumbres en la carga y con presencia de generaci\u00f3n distribuida<br \/>\n, 2012, Tutor principal, Orientados: Andr\u00e9s Felipe Panesso Hern\u00e1ndez, Maestr\u00eda en Ingenier\u00eda El\u00e9ctrica, Universidad Tecnol\u00f3gica De Pereira &#8211; Utp.<br \/>\nAutores:<\/li>\n<\/ul>\n<ul style=\"text-align: justify\">\n<li>37.-\u00a0<strong>Trabajo de grado de maestr\u00eda o especialidad m\u00e9dica<\/strong>\u00a0: An\u00e1lisis del efecto de la variaci\u00f3n de par\u00e1metros de modelo de un sistema de distribuci\u00f3n sobre las metodolog\u00edas de localizaci\u00f3n de fallas paralelas<br \/>\n, 2012, Tutor principal, Orientados: Juan Guillermo Marin, Maestr\u00eda en Ingenier\u00eda El\u00e9ctrica, Universidad Tecnol\u00f3gica De Pereira &#8211; Utp.<br \/>\nAutores:<\/li>\n<\/ul>\n<ul style=\"text-align: justify\">\n<li>38.-\u00a0<strong>Trabajo de grado de maestr\u00eda o especialidad m\u00e9dica<\/strong>\u00a0: Desarrollo de un localizador de fallas para sistemas de distribuci\u00f3n usando m\u00e1quinas de soporte vectorial para clasificaci\u00f3n (SVMc), con ajuste inteligente de par\u00e1metros e \u00edndices de confianza<br \/>\n, 2010, Tutor principal, Orientados: Jaime Andr\u00e9s Guti\u00e9rrez Gallego, Maestr\u00eda en Ingenier\u00eda El\u00e9ctrica, Universidad Tecnol\u00f3gica De Pereira &#8211; Utp.<br \/>\nAutores:<\/li>\n<\/ul>\n<ul style=\"text-align: justify\">\n<li>39.-\u00a0<strong>Trabajo de grado de maestr\u00eda o especialidad m\u00e9dica<\/strong>\u00a0: Algoritmo para la localizaci\u00f3n de fallas en sistemas de distribuci\u00f3n usando m\u00e1quinas vectorial<br \/>\n, 2009, Tutor principal, Orientados: Juan Carlos Bedoya Ceballos, Maestr\u00eda en Ingenier\u00eda El\u00e9ctrica, Universidad Tecnol\u00f3gica De Pereira &#8211; Utp.<br \/>\nAutores:<\/li>\n<\/ul>\n<ul style=\"text-align: justify\">\n<li>40.-\u00a0<strong>Trabajo de grado de maestr\u00eda o especialidad m\u00e9dica<\/strong>\u00a0: Efecto de la variaci\u00f3n de par\u00e1metros de un sistema de distribuci\u00f3n en metodolog\u00edas de localizaci\u00f3n de fallas<br \/>\nColombia, 2011, Tutor principal, Orientados: Juan Guillermo Marin, Maestr\u00eda en Ingenier\u00eda El\u00e9ctrica, Universidad Tecnol\u00f3gica De Pereira &#8211; Utp.<br \/>\nAutores:<\/li>\n<\/ul>\n<ul style=\"text-align: justify\">\n<li>41.-\u00a0<strong>Trabajo de grado de maestr\u00eda o especialidad m\u00e9dica<\/strong>\u00a0: Estrategia generalizada para la aplicaci\u00f3n de m\u00e9todos de localizaci\u00f3n de fallas basados en la estimaci\u00f3n de la impedancia o MBM<br \/>\nColombia, 2012, Tutor principal, Orientados: Andr\u00e9s Fernando Bedoya Cadena, Maestr\u00eda en Ingenier\u00eda El\u00e9ctrica, Universidad Tecnol\u00f3gica De Pereira &#8211; Utp.<br \/>\nAutores:<\/li>\n<\/ul>\n<ul style=\"text-align: justify\">\n<li>42.-\u00a0<strong>Trabajo de grado de maestr\u00eda o especialidad m\u00e9dica<\/strong>\u00a0: An\u00e1lisis de metodos algor\u00edtmicos de localizaci\u00f3n de fallas en sistemas de distribuci\u00f3n<br \/>\nColombia, 2003, Tutor principal, Orientados: Gustavo Adolfo Santos, Maestria En Potencia El\u00e9ctrica, Universidad Industrial de Santander &#8211; UIS.<br \/>\nAutores: JUAN JOSE MORA FLOREZ, GUSTAVO ADOLFO SANTOS,<\/li>\n<\/ul>\n<ul>\n<li style=\"text-align: justify\">49.-\u00a0<strong>Trabajo de grado de maestr\u00eda o especialidad m\u00e9dica<\/strong>\u00a0: Dise\u00f1o de un software para rel\u00e9s de distancia para uso en sistemas de potencias radiales basado en m\u00e1quinas de soporte vectorial<br \/>\nColombia, 2009, Tutor principal, Orientados: Lucas Pa\u00fal P\u00e9rez Hern\u00e1ndez, Maestr\u00eda en Ingenier\u00eda El\u00e9ctrica, Universidad Tecnol\u00f3gica De Pereira &#8211; Utp.<br \/>\nAutores:<\/li>\n<\/ul>\n","protected":false},"excerpt":{"rendered":"<p>1.-\u00a0Trabajo de grado de maestr\u00eda o especialidad m\u00e9dica\u00a0: Interrupciones y huecos de tensi\u00f3n: dise\u00f1o y construcci\u00f3n de un prototipo para su medici\u00f3n Colombia, 2001, Tutor principal, Orientados: Miguel \u00c1ngel \u00c1ngel Silva, Maestr\u00eda en Potencia El\u00e9ctrica, Universidad Industrial de Santander &#8211; &hellip; <a href=\"https:\/\/academia.utp.edu.co\/planeamiento\/produccion-bibliografica\/tesis-de-maestria\/grupo-ice3\/\">Sigue leyendo <span class=\"meta-nav\">&rarr;<\/span><\/a><\/p>\n","protected":false},"author":31,"featured_media":0,"parent":849,"menu_order":0,"comment_status":"closed","ping_status":"open","template":"sidebar-page.php","meta":{"footnotes":""},"class_list":["post-1871","page","type-page","status-publish","hentry"],"_links":{"self":[{"href":"https:\/\/academia.utp.edu.co\/planeamiento\/wp-json\/wp\/v2\/pages\/1871","targetHints":{"allow":["GET"]}}],"collection":[{"href":"https:\/\/academia.utp.edu.co\/planeamiento\/wp-json\/wp\/v2\/pages"}],"about":[{"href":"https:\/\/academia.utp.edu.co\/planeamiento\/wp-json\/wp\/v2\/types\/page"}],"author":[{"embeddable":true,"href":"https:\/\/academia.utp.edu.co\/planeamiento\/wp-json\/wp\/v2\/users\/31"}],"replies":[{"embeddable":true,"href":"https:\/\/academia.utp.edu.co\/planeamiento\/wp-json\/wp\/v2\/comments?post=1871"}],"version-history":[{"count":3,"href":"https:\/\/academia.utp.edu.co\/planeamiento\/wp-json\/wp\/v2\/pages\/1871\/revisions"}],"predecessor-version":[{"id":2107,"href":"https:\/\/academia.utp.edu.co\/planeamiento\/wp-json\/wp\/v2\/pages\/1871\/revisions\/2107"}],"up":[{"embeddable":true,"href":"https:\/\/academia.utp.edu.co\/planeamiento\/wp-json\/wp\/v2\/pages\/849"}],"wp:attachment":[{"href":"https:\/\/academia.utp.edu.co\/planeamiento\/wp-json\/wp\/v2\/media?parent=1871"}],"curies":[{"name":"wp","href":"https:\/\/api.w.org\/{rel}","templated":true}]}}