{"id":1875,"date":"2013-12-21T19:30:22","date_gmt":"2013-12-21T19:30:22","guid":{"rendered":"http:\/\/academia.utp.edu.co\/planeamiento\/?page_id=1875"},"modified":"2014-01-17T10:20:38","modified_gmt":"2014-01-17T10:20:38","slug":"grupo-gaope","status":"publish","type":"page","link":"https:\/\/academia.utp.edu.co\/planeamiento\/produccion-bibliografica\/tesis-de-maestria\/grupo-gaope\/","title":{"rendered":"Grupo GAOPE"},"content":{"rendered":"<ul>\n<li style=\"text-align: justify\"><span style=\"line-height: 15px\">2.-\u00a0<strong>Trabajo de grado de maestr\u00eda o especialidad m\u00e9dica<\/strong>\u00a0: An\u00e1lisis de confiabilidad en sistemas de distribuci\u00f3n desbalanceados<br \/>\nColombia, 2005, Tutor principal, Orientados: Oscar G\u00f3mez Carmona, Maestr\u00eda En Ingenier\u00eda El\u00e9ctrica, Universidad Tecnol\u00f3gica De Pereira &#8211; Utp.<br \/>\nAutores:<\/span><\/li>\n<\/ul>\n<ul style=\"text-align: justify\">\n<li>3.-\u00a0<strong>Trabajo de grado de maestr\u00eda o especialidad m\u00e9dica<\/strong>\u00a0: Planeamiento de la expansi\u00f3n de la transmisi\u00f3n a largo plazo basados en confiabilidad<br \/>\nColombia, 2005, Tutor principal, Orientados: Lina Paola Garc\u00e9s Negrete, Maestr\u00eda En Ingenier\u00eda El\u00e9ctrica, Universidad Tecnol\u00f3gica De Pereira &#8211; Utp.<br \/>\nAutores:<\/li>\n<\/ul>\n<ul style=\"text-align: justify\">\n<li>4.-\u00a0<strong>Trabajo de grado de maestr\u00eda o especialidad m\u00e9dica<\/strong>\u00a0: Modelamiento de salidas de componentes el\u00e9ctricos utilizando procesos estoc\u00e1sticos puntuales<br \/>\nColombia, 2007, Tutor principal, Orientados: Claudio Marcelo Arbel\u00e1ez G\u00f3mez, Maestr\u00eda En Ingenier\u00eda El\u00e9ctrica, Universidad Tecnol\u00f3gica De Pereira &#8211; Utp.<br \/>\nAutores:<\/li>\n<\/ul>\n<ul style=\"text-align: justify\">\n<li>38.-\u00a0<strong>Trabajo de grado de maestr\u00eda o especialidad m\u00e9dica<\/strong>\u00a0: Localizaci\u00f3n \u00f3ptica de reconectadores basado en criterios de confiabilidad<br \/>\n, 2006, Tutor principal, Orientados: Carlos Andr\u00e9s Pulgar\u00edn Fl\u00f3rez, Maestr\u00eda en Ingenier\u00eda El\u00e9ctrica, Universidad Tecnol\u00f3gica De Pereira &#8211; Utp.<br \/>\nAutores:<\/li>\n<\/ul>\n<ul style=\"text-align: justify\">\n<li>55.-\u00a0<strong>Trabajo de grado de maestr\u00eda o especialidad m\u00e9dica<\/strong>\u00a0: Confiabilidad en sistemas de generaci\u00f3n<br \/>\nColombia, 2004, Tutor principal, Orientados: Erwin Campos, Ingenier\u00eda El\u00e9ctrica, Universidad Tecnol\u00f3gica De Pereira &#8211; Utp.<br \/>\nAutores: CARLOS JULIO ZAPATA GRISALES, ERWIN CAMPOS,<\/li>\n<\/ul>\n<ul style=\"text-align: justify\">\n<li>65.-\u00a0<strong>Trabajo de grado de maestr\u00eda o especialidad m\u00e9dica<\/strong>\u00a0: Una mirada cr\u00edtica a los indicadores de desempe\u00f1o de las universidades p\u00fablicas colombianas desde la perspectiva del An\u00e1lisis Envolvente de Datos<br \/>\nColombia, 2004, Coturor\/asesor, Orientados: Wilson Arenas Valencia, Magister En Investigaci\u00f3n Operativa y Estad\u00edstica, Universidad Tecnol\u00f3gica De Pereira &#8211; Utp.<br \/>\nAutores: JOSE ADALBERTO SOTO MEJIA, WILSON ARENAS VALENCIA,<\/li>\n<\/ul>\n<ul style=\"text-align: justify\">\n<li>67.-\u00a0<strong>Trabajo de grado de maestr\u00eda o especialidad m\u00e9dica<\/strong>\u00a0: APLICACI\u00d3N DE LAS TECNICAS MULTIVARIADAS PARA EL AN\u00c1LISIS DE LAS CARACTER\u00cdSTICAS F\u00cdSICAS, QUIMICAS Y BIOL\u00d3GICAS DE LA CALIDAD DEL AGUA DEL RIO PASTO<br \/>\nColombia, 1997, Tutor principal, Orientados: Fernando Arciniegas Pi\u00f1a, Investigaci\u00f3n de Operaciones y Estad\u00edstica, Universidad Tecnol\u00f3gica De Pereira &#8211; Utp.<br \/>\nAutores:<\/li>\n<\/ul>\n<ul style=\"text-align: justify\">\n<li>68.-\u00a0<strong>Trabajo de grado de maestr\u00eda o especialidad m\u00e9dica<\/strong>\u00a0: EFICIENCIA T\u00c9CNICA EN LA REGI\u00d3N DEL EJE CAFETERO: Estimaci\u00f3n de fronteras estoc\u00e1sticas de producci\u00f3n con datos de panel y modelo de An\u00e1lisis Envolvente de Datos-DEA<br \/>\nColombia, 2008, Tutor principal, Orientados: Omar de Jesus Montoya Suarez, Investigaci\u00f3n de Operaciones y Estad\u00edstica, Universidad Tecnol\u00f3gica De Pereira &#8211; Utp.<br \/>\nAutores:<\/li>\n<\/ul>\n<ul style=\"text-align: justify\">\n<li>69.-\u00a0<strong>Trabajo de grado de maestr\u00eda o especialidad m\u00e9dica<\/strong>\u00a0: DESARROLLO DE UNA PROPUESTA METODOL\u00d3GICA OBJETIVA Y REPRODUCIBLE PARA ESTABLECER O MEDIR RAZONABILIDAD DE VALORES EN AVAL\u00daOS DE PROPIEDADES PLANTA Y EQUIPO SIN INCLUIR TERRENOS Y CONSTRUCCIONES<br \/>\nColombia, 2009, Tutor principal, Orientados: Ricardo Alfredo Rojas Medina, Investigaci\u00f3n de Operaciones y Estad\u00edstica, Universidad Tecnol\u00f3gica De Pereira &#8211; Utp.<br \/>\nAutores:<\/li>\n<\/ul>\n<ul style=\"text-align: justify\">\n<li>70.-\u00a0<strong>Trabajo de grado de maestr\u00eda o especialidad m\u00e9dica<\/strong>\u00a0: ENFOQUE METODOL\u00d3GICO PARA DETERMINAR EL N\u00daMERO DE KANBANS EN UN SISTEMA DE PRODUCCI\u00d3N TIPO PULL, POR MEDIO DE SIMULACI\u00d3N, METAMODELOS Y METAHEUR\u00cdSTICAS<br \/>\nColombia, 2009, Tutor principal, Orientados: Augusto Fern\u00e1ndez Henao, Investigaci\u00f3n de Operaciones y Estad\u00edstica, Universidad Tecnol\u00f3gica De Pereira &#8211; Utp.<br \/>\nAutores:<\/li>\n<li>73.-\u00a0<strong>Trabajo de grado de maestr\u00eda o especialidad m\u00e9dica<\/strong>\u00a0: ENFOQUE METODOL\u00d3GICO PARA MEDIR LA CALIDAD DE LOS PROGRAMAS ACAD\u00c9MICOS DE LA UTP APLICANDO EL AN\u00c1LISIS ENVOLVENTE DE DATOS Y ANALISIS FACTORIAL<br \/>\nColombia, 2008, Tutor principal, Orientados: Maria Elena Bernal Loaiza, Magister En Investigaci\u00f3n Operativa y Estad\u00edstica, Universidad Tecnol\u00f3gica De Pereira &#8211; Utp.<br \/>\nAutores:<\/li>\n<\/ul>\n<ul style=\"text-align: justify\">\n<li>75.-\u00a0<strong>Trabajo de grado de maestr\u00eda o especialidad m\u00e9dica<\/strong>\u00a0: DESARROLLO DE UNA PROPUESTA METODOL\u00d3GICA OBJETIVA Y REPRODUCIBLE PARA ESTABLECER O MEDIR RAZONABILIDAD DE VALORES EN AVAL\u00daOS DE PROPIEDADES PLANTA Y EQUIPO SIN INCLUIR TERRENOS Y CONSTRUCCIONES<br \/>\nColombia, 2009, Tutor principal, Orientados: Ricardo Alfredo Rojas Medina, Magister En Investigaci\u00f3n Operativa y Estad\u00edstica, Universidad Tecnol\u00f3gica De Pereira &#8211; Utp.<br \/>\nAutores:<\/li>\n<\/ul>\n<ul style=\"text-align: justify\">\n<li>76.-\u00a0<strong>Trabajo de grado de maestr\u00eda o especialidad m\u00e9dica<\/strong>\u00a0: DETERMINACION DE LA EFICIENCIA DEL DIRIGENTE ORGANIZACIONAL UTILIZANDO ANALISIS MULTIVARIADO Y ANALISIS ENVOLVENTE DE DATOS<br \/>\nColombia, 2010, Tutor principal, Orientados: Carlos Mauricio Zuluaga Ramirez , Maestria en Administraci\u00f3n del Desarrollo Humano y Organizacional, Universidad Tecnol\u00f3gica De Pereira &#8211; Utp.<br \/>\nAutores: JOSE ADALBERTO SOTO MEJIA, CARLOS MAURICIO ZULUAGA RAMIREZ, SANDRA ESTRADA MEJIA,<\/li>\n<\/ul>\n<ul style=\"text-align: justify\">\n<li>77.-\u00a0<strong>Trabajo de grado de maestr\u00eda o especialidad m\u00e9dica<\/strong>\u00a0: MODELO DE OPTIMIZACI\u00d3N PARA LA OPERACI\u00d3N DE CORTE, ALCE, ARRASTRE, TRANSPORTE Y ENTREGA DE CA\u00d1A DE AZ\u00daCAR<br \/>\nColombia, 2010, Tutor principal, Orientados: MARCELA MAR\u00cdA MORALES CH\u00c1VEZ , Magister En Investigaci\u00f3n Operativa y Estad\u00edstica, Universidad Tecnol\u00f3gica De Pereira &#8211; Utp.<br \/>\nAutores:<\/li>\n<\/ul>\n<ul style=\"text-align: justify\">\n<li>78.-\u00a0<strong>Trabajo de grado de maestr\u00eda o especialidad m\u00e9dica<\/strong>\u00a0: EVALUAR LA UTILIDAD DE LA METODOLOG\u00cdA DE REDES BAYESIANAS EN LA PREDICCI\u00d3N Y DIAGNOSTICO ENFERMEDADES (CARDIOVASCULARES)<br \/>\nColombia, 2010, Tutor principal, Orientados: Guillermo Roberto Solarte, Magister En Investigaci\u00f3n Operativa y Estad\u00edstica, Universidad Tecnol\u00f3gica De Pereira &#8211; Utp.<br \/>\nAutores:<\/li>\n<\/ul>\n<ul style=\"text-align: justify\">\n<li>79.-\u00a0<strong>Trabajo de grado de maestr\u00eda o especialidad m\u00e9dica<\/strong>\u00a0: FORMULACI\u00d3N DE UN MODELO PARA MEDIR LA CALIDAD DE LOS DOCENTES DE LA FUNDACI\u00d3N UNIVERSITARIA DEL \u00c1REA ANDINA SECCIONAL PEREIRA, APLICANDO EL AN\u00c1LISIS ENVOLVENTE DE DATOS<br \/>\nColombia, 2011, Tutor principal, Orientados: Maria Antonia Lopez Castro, Magister En Investigaci\u00f3n Operativa y Estad\u00edstica, Universidad Tecnol\u00f3gica De Pereira &#8211; Utp.<br \/>\nAutores:<\/li>\n<\/ul>\n<ul style=\"text-align: justify\">\n<li>80.-\u00a0<strong>Trabajo de grado de maestr\u00eda o especialidad m\u00e9dica<\/strong>\u00a0: DETERMINACION DE LA EFICIENCIA DEL DIRIGENTE ORGANIZACIONAL UTILIZANDO ANALISIS MULTIVARIADO Y ANALISIS ENVOLVENTE DE DATOS.<br \/>\nColombia, 2010, Tutor principal, Orientados: Carlos Mauricio Zulauga Lopez, Maestria en Administraci\u00f3n del Desarrollo Humano y Organizacional, Universidad Tecnol\u00f3gica De Pereira &#8211; Utp.<br \/>\nAutores:<\/li>\n<\/ul>\n<ul style=\"text-align: justify\">\n<li>81.-\u00a0<strong>Trabajo de grado de maestr\u00eda o especialidad m\u00e9dica<\/strong>\u00a0: MODELO DE OPTIMIZACI\u00d3N PARA LA OPERACI\u00d3N DE CORTE, ALCE, ARRASTRE, TRANSPORTE Y ENTREGA DE CA\u00d1A DE AZ\u00daCAR<br \/>\nColombia, 2010, Tutor principal, Orientados: MARCELA MAR\u00cdA MORALES CH\u00c1VEZ , Investigaci\u00f3n de Operaciones y Estad\u00edstica, Universidad Tecnol\u00f3gica De Pereira &#8211; Utp.<br \/>\nAutores:<\/li>\n<\/ul>\n<ul style=\"text-align: justify\">\n<li>82.-\u00a0<strong>Trabajo de grado de maestr\u00eda o especialidad m\u00e9dica<\/strong>\u00a0: EVALUAR LA UTILIDAD DE LA METODOLOG\u00cdA DE REDES BAYESIANAS EN LA PREDICCI\u00d3N Y DIAGNOSTICO ENFERMEDADES (CARDIOVASCULARES)<br \/>\nColombia, 2010, Tutor principal, Orientados: Guillermo Roberto Solarte , Investigaci\u00f3n de Operaciones y Estad\u00edstica, Universidad Tecnol\u00f3gica De Pereira &#8211; Utp.<br \/>\nAutores:<\/li>\n<\/ul>\n<ul style=\"text-align: justify\">\n<li>83.-\u00a0<strong>Trabajo de grado de maestr\u00eda o especialidad m\u00e9dica<\/strong>\u00a0: DESARROLLO DE UNA PROPUESTA METODOL\u00d3GICA OBJETIVA Y REPRODUCIBLE PARA ESTABLECER O MEDIR RAZONABILIDAD DE VALORES EN AVAL\u00daOS DE PROPIEDADES PLANTA Y EQUIPO SIN INCLUIR TERRENOS Y CONSTRUCCIONES<br \/>\nColombia, 2009, Tutor principal, Orientados: Ricardo Alfredo Rojas Medina, Investigaci\u00f3n de Operaciones y Estad\u00edstica, Universidad Tecnol\u00f3gica De Pereira &#8211; Utp.<br \/>\nAutores:<\/li>\n<\/ul>\n<ul style=\"text-align: justify\">\n<li>84.-\u00a0<strong>Trabajo de grado de maestr\u00eda o especialidad m\u00e9dica<\/strong>\u00a0: ENFOQUE METODOL\u00d3GICO PARA MEDIR LA CALIDAD DE LOS PROGRAMAS ACAD\u00c9MICOS DE LA UTP APLICANDO EL AN\u00c1LISIS ENVOLVENTE DE DATOS Y ANALISIS FACTORIAL<br \/>\nColombia, 2008, Tutor principal, Orientados: Maria Elena Bernal Loaiza, Investigaci\u00f3n de Operaciones y Estad\u00edstica, Universidad Tecnol\u00f3gica De Pereira &#8211; Utp.<br \/>\nAutores:<\/li>\n<\/ul>\n<ul style=\"text-align: justify\">\n<li>85.-\u00a0<strong>Trabajo de grado de maestr\u00eda o especialidad m\u00e9dica<\/strong>\u00a0: MEDICI\u00d3N DE LA EFICIENCIA EN LAS INSTITUCIONES EDUCATIVAS OFICIALES DEL MUNICIPIO DE DOSQUEBRADAS (RISARALDA) EN EL A\u00d1O 2007,<br \/>\nColombia, 2007, Tutor principal, Orientados: Jairo Alberto Villegas Fl\u00f3rez y Santiago V\u00e1squez Artunduaga,, Investigaci\u00f3n de Operaciones y Estad\u00edstica, Universidad Tecnol\u00f3gica De Pereira &#8211; Utp.<br \/>\nAutores:<\/li>\n<\/ul>\n<ul style=\"text-align: justify\">\n<li>86.-\u00a0<strong>Trabajo de grado de maestr\u00eda o especialidad m\u00e9dica<\/strong>\u00a0: Determinaci\u00f3n Experimental de la Expansi\u00f3n Volum\u00e9trica de Mangueras Oleohidr\u00e1ulicas<br \/>\nColombia, 2010, Tutor principal, Orientados: Francisco Javier Henao Casta\u00f1eda, Maestr\u00eda en Ingenier\u00eda Mec\u00e1nica, Universidad Tecnol\u00f3gica De Pereira &#8211; Utp.<br \/>\nAutores:<\/li>\n<\/ul>\n<ul style=\"text-align: justify\">\n<li>87.-\u00a0<strong>Trabajo de grado de maestr\u00eda o especialidad m\u00e9dica<\/strong>\u00a0: Control de Posici\u00f3n y Presi\u00f3n para Manipulador Neum\u00e1tico a Trav\u00e9s de PC<br \/>\nColombia, 2002, Tutor principal, Orientados: Juan Carlos Burbano Jaramillo, Maestr\u00eda en Ingenier\u00eda Mec\u00e1nica, Universidad Tecnol\u00f3gica De Pereira &#8211; Utp.<br \/>\nAutores:<\/li>\n<\/ul>\n<ul style=\"text-align: justify\">\n<li>88.-\u00a0<strong>Trabajo de grado de maestr\u00eda o especialidad m\u00e9dica<\/strong>\u00a0: Dise\u00f1o de Banco de Pruebas para Predicci\u00f3n de Fallas en Cojinetes de Elementos Rodantes<br \/>\nColombia, 2008, Tutor principal, Orientados: Alba Patricia Arias Orozco, Maestr\u00eda en Ingenier\u00eda Mec\u00e1nica, Universidad Tecnol\u00f3gica De Pereira &#8211; Utp.<br \/>\nAutores:<\/li>\n<\/ul>\n<ul style=\"text-align: justify\">\n<li>89.-\u00a0<strong>Trabajo de grado de maestr\u00eda o especialidad m\u00e9dica<\/strong>\u00a0: Modelado de un Sistema de Inyecci\u00f3n de Materiales Termopl\u00e1sticos con Prop\u00f3sitos de Simulaci\u00f3n y Validaci\u00f3n<br \/>\nColombia, 2005, Tutor principal, Orientados: Edgar Alonso Salazar Mar\u00edn, Maestr\u00eda en Ingenier\u00eda Mec\u00e1nica, Universidad Tecnol\u00f3gica De Pereira &#8211; Utp.<br \/>\nAutores:<\/li>\n<\/ul>\n<ul style=\"text-align: justify\">\n<li>90.-\u00a0<strong>Trabajo de grado de maestr\u00eda o especialidad m\u00e9dica<\/strong>\u00a0: Dise\u00f1o y Construcci\u00f3n de un Banco de Pruebas para Bombas Hidr\u00e1ulicas de Desplazamiento Positivo para Potencias hasta de 7.5 kW<br \/>\nColombia, 2005, Tutor principal, Orientados: Mauricio Monroy, Maestr\u00eda en Sistemas Autom\u00e1ticos de Producci\u00f3n, Universidad Tecnol\u00f3gica De Pereira &#8211; Utp.<br \/>\nAutores:<\/li>\n<\/ul>\n<ul style=\"text-align: justify\">\n<li>91.-\u00a0<strong>Trabajo de grado de maestr\u00eda o especialidad m\u00e9dica<\/strong>\u00a0: Construcci\u00f3n de un Sistema para la Medici\u00f3n de la Compresibilidad Isot\u00e9rmica de los Aceites Minerales<br \/>\nColombia, 2005, Tutor principal, Orientados: Luz Adriana Mej\u00eda Calder\u00f3n, Maestr\u00eda en Sistemas Autom\u00e1ticos de Producci\u00f3n, Universidad Tecnol\u00f3gica De Pereira &#8211; Utp.<br \/>\nAutores:<\/li>\n<\/ul>\n<ul style=\"text-align: justify\">\n<li>92.-\u00a0<strong>Trabajo de grado de maestr\u00eda o especialidad m\u00e9dica<\/strong>\u00a0: Validaci\u00f3n de un Modelo de Programaci\u00f3n Secuencial Aplicado a una L\u00ednea de Producci\u00f3n para una Peque\u00f1a y Mediana Empresa<br \/>\nColombia, 2008, Tutor principal, Orientados: Orfa Luc\u00eda torres Jim\u00e9nez, Maestr\u00eda en Estad\u00edstica e Investigaci\u00f3n Operativa, Universidad Tecnol\u00f3gica De Pereira &#8211; Utp.<br \/>\nAutores:<\/li>\n<\/ul>\n<ul style=\"text-align: justify\">\n<li>93.-\u00a0<strong>Trabajo de grado de maestr\u00eda o especialidad m\u00e9dica<\/strong>\u00a0: Soluci\u00f3n al Problema de Entrgas de Pedidos con Tecnicas Heur\u00edsticas<br \/>\nColombia, 2003, Tutor principal, Orientados: Jorge Hernan Restrepo Correa, Maestr\u00eda en Estad\u00edstica e Investigaci\u00f3n Operativa, Universidad Tecnol\u00f3gica De Pereira &#8211; Utp.<br \/>\nAutores:<\/li>\n<\/ul>\n<ul style=\"text-align: justify\">\n<li>107.-\u00a0<strong>Trabajo de grado de maestr\u00eda o especialidad m\u00e9dica<\/strong>\u00a0: COMPARACI\u00d3N ENTRE M\u00c9TODOS ESTAD\u00cdSTICOS CL\u00c1SICOS Y T\u00c9CNICAS METAHEUR\u00cdSTICAS PARA LA SELECCI\u00d3N DEL MEJOR SUBCONJUNTO DE VARIABLES<br \/>\nColombia, 2012, Tutor principal, Orientados: JULI\u00c1N ALFONSO ACU\u00d1A COLLAZOS, Maestr\u00eda En Investigaci\u00f3n de Operaciones y Estad\u00eds, Universidad Tecnol\u00f3gica De Pereira &#8211; Utp.<br \/>\nAutores:<\/li>\n<\/ul>\n<ul style=\"text-align: justify\">\n<li>110.-\u00a0<strong>Trabajo de grado de maestr\u00eda o especialidad m\u00e9dica<\/strong>\u00a0: COMPARACI\u00d3N ENTRE M\u00c9TODOS ESTAD\u00cdSTICOS CL\u00c1SICOS Y T\u00c9CNICAS METAHEUR\u00cdSTICAS PARA LA SELECCI\u00d3N DEL MEJOR SUBCONJUNTO DE VARIABLES<br \/>\nColombia, 2012, Tutor principal, Orientados: Juli\u00e1n Alfonso Acu\u00f1a Ceballos, Maestr\u00eda En Investigaci\u00f3n de Operaciones y Estad\u00eds, Universidad Tecnol\u00f3gica De Pereira &#8211; Utp.<br \/>\nAutores:<\/li>\n<\/ul>\n<ul style=\"text-align: justify\">\n<li>117.-\u00a0<strong>Trabajo de grado de maestr\u00eda o especialidad m\u00e9dica<\/strong>\u00a0: SOLUCI\u00d3N DEL PROBLEMA DE EMPAQUETAMIENTO \u00d3PTIMO USANDO T\u00c9CNICAS METAHEUR\u00cdSTICAS DE OPTIMIZACI\u00d3N SIMULT\u00c1NEAS A TRAV\u00c9S DE PROCESAMIENTO PARALELO<br \/>\nColombia, 2012, Tutor principal, Orientados: Luis Miguel Falc\u00f3n Escobar, Maestr\u00eda en Ingenier\u00eda El\u00e9ctrica, Universidad Tecnol\u00f3gica De Pereira &#8211; Utp.<br \/>\nAutores:<\/li>\n<\/ul>\n<ul>\n<li style=\"text-align: justify\">123.-\u00a0<strong>Trabajo de grado de maestr\u00eda o especialidad m\u00e9dica<\/strong>\u00a0: SOLUCI\u00d2N DEL PROBLEMA DE EMPAQUETAMIENTO \u00d2PTIMO BIDIMENSIONAL<br \/>\n, 2006, Tutor principal, Orientados: Eliana Mirledy Toro Ocampo, Maestria en Investigaci\u00f3n operativa y estadistica, Universidad Tecnol\u00f3gica De Pereira &#8211; Utp.<br \/>\nAutores:<\/li>\n<\/ul>\n","protected":false},"excerpt":{"rendered":"<p>2.-\u00a0Trabajo de grado de maestr\u00eda o especialidad m\u00e9dica\u00a0: An\u00e1lisis de confiabilidad en sistemas de distribuci\u00f3n desbalanceados Colombia, 2005, Tutor principal, Orientados: Oscar G\u00f3mez Carmona, Maestr\u00eda En Ingenier\u00eda El\u00e9ctrica, Universidad Tecnol\u00f3gica De Pereira &#8211; Utp. Autores: 3.-\u00a0Trabajo de grado de maestr\u00eda &hellip; <a href=\"https:\/\/academia.utp.edu.co\/planeamiento\/produccion-bibliografica\/tesis-de-maestria\/grupo-gaope\/\">Sigue leyendo <span class=\"meta-nav\">&rarr;<\/span><\/a><\/p>\n","protected":false},"author":31,"featured_media":0,"parent":849,"menu_order":0,"comment_status":"closed","ping_status":"open","template":"sidebar-page.php","meta":{"footnotes":""},"class_list":["post-1875","page","type-page","status-publish","hentry"],"_links":{"self":[{"href":"https:\/\/academia.utp.edu.co\/planeamiento\/wp-json\/wp\/v2\/pages\/1875","targetHints":{"allow":["GET"]}}],"collection":[{"href":"https:\/\/academia.utp.edu.co\/planeamiento\/wp-json\/wp\/v2\/pages"}],"about":[{"href":"https:\/\/academia.utp.edu.co\/planeamiento\/wp-json\/wp\/v2\/types\/page"}],"author":[{"embeddable":true,"href":"https:\/\/academia.utp.edu.co\/planeamiento\/wp-json\/wp\/v2\/users\/31"}],"replies":[{"embeddable":true,"href":"https:\/\/academia.utp.edu.co\/planeamiento\/wp-json\/wp\/v2\/comments?post=1875"}],"version-history":[{"count":3,"href":"https:\/\/academia.utp.edu.co\/planeamiento\/wp-json\/wp\/v2\/pages\/1875\/revisions"}],"predecessor-version":[{"id":2117,"href":"https:\/\/academia.utp.edu.co\/planeamiento\/wp-json\/wp\/v2\/pages\/1875\/revisions\/2117"}],"up":[{"embeddable":true,"href":"https:\/\/academia.utp.edu.co\/planeamiento\/wp-json\/wp\/v2\/pages\/849"}],"wp:attachment":[{"href":"https:\/\/academia.utp.edu.co\/planeamiento\/wp-json\/wp\/v2\/media?parent=1875"}],"curies":[{"name":"wp","href":"https:\/\/api.w.org\/{rel}","templated":true}]}}