{"id":1889,"date":"2013-12-21T19:34:28","date_gmt":"2013-12-21T19:34:28","guid":{"rendered":"http:\/\/academia.utp.edu.co\/planeamiento\/?page_id=1889"},"modified":"2014-01-17T07:04:53","modified_gmt":"2014-01-17T07:04:53","slug":"grupo-dinop","status":"publish","type":"page","link":"https:\/\/academia.utp.edu.co\/planeamiento\/produccion-bibliografica\/proyectos-de-grado-de-ingenieria-electrica\/grupo-dinop\/","title":{"rendered":"Grupo DINOP"},"content":{"rendered":"<ul>\n<li style=\"text-align: justify\"><span style=\"line-height: 15px\">14.-\u00a0<strong>Trabajo de conclusi\u00f3n de curso de pregrado<\/strong>\u00a0: METODOLOG\u00cdA PARA LA ASIGNACI\u00d3N DE COSTOS DE CONGESTI\u00d3N DEBIDO A LA VIOLACI\u00d3N DE L\u00cdMITES DE GENERACI\u00d3N DE REACTIVOS Y L\u00cdMITES DE CAPACIDAD EN L\u00cdNEAS DE TRANSMISI\u00d3N<br \/>\n, 2013, Tutor principal, Orientados: MAIKOL RESTREPO GORDILLO, Programa de Ingenier\u00eda El\u00e9ctrica, Universidad Tecnol\u00f3gica De Pereira &#8211; Utp.<br \/>\nAutores:<\/span><\/li>\n<\/ul>\n<ul style=\"text-align: justify\">\n<li>15.-\u00a0<strong>Trabajo de conclusi\u00f3n de curso de pregrado<\/strong>\u00a0: Estudio del problema de flujo de carga desacoplado versi\u00f3n XB y BX<br \/>\nColombia, 2005, Tutor principal, Orientados: Fernando Vergara Osorio, Facultad de Ingenier\u00eda El\u00e9ctrica, Universidad Tecnol\u00f3gica De Pereira &#8211; Utp.<br \/>\nAutores: MAURICIO GRANADA ECHEVERRI, FERNANDO VERGARA OSORIO<\/li>\n<\/ul>\n<ul style=\"text-align: justify\">\n<li>17.-\u00a0<strong>Trabajo de conclusi\u00f3n de curso de pregrado<\/strong>\u00a0: Despacho \u00f3ptimo de generadores t\u00e9rmicos<br \/>\nColombia, 2006, Tutor principal, Orientados: Gustavo M\u00e1pura, Facultad de Ingenier\u00eda El\u00e9ctrica, Universidad Tecnol\u00f3gica De Pereira &#8211; Utp.<br \/>\nAutores: MAURICIO GRANADA ECHEVERRI, GUSTAVO MAPURA,<\/li>\n<\/ul>\n<ul style=\"text-align: justify\">\n<li>21.-\u00a0<strong>Trabajo de conclusi\u00f3n de curso de pregrado<\/strong>\u00a0: Despacho \u00f3ptimo de generadores t\u00e9rmicos<br \/>\nColombia, 2004, Tutor principal, Orientados: Gustavo M\u00e1pura, Facultad de Ingenier\u00eda El\u00e9ctrica, Universidad Tecnol\u00f3gica De Pereira &#8211; Utp.<br \/>\nAutores: MAURICIO GRANADA ECHEVERRI, GUSTAVO MAPURA,<\/li>\n<\/ul>\n<ul style=\"text-align: justify\">\n<li>23.-\u00a0<strong>Trabajo de conclusi\u00f3n de curso de pregrado<\/strong>\u00a0: Ubicaci\u00f3n y dimensionamiento \u00f3ptimo de capacitores usando optimizaci\u00f3n por colonia de hormigas<br \/>\nColombia, 2006, Tutor principal, Orientados: Cesar Augusto Pe\u00f1uela, Programa de Ingenier\u00eda El\u00e9ctrica, Universidad Tecnol\u00f3gica De Pereira &#8211; Utp.<br \/>\nAutores: MAURICIO GRANADA ECHEVERRI, CESAR AUGUSTO PENUELA,<\/li>\n<\/ul>\n<ul style=\"text-align: justify\">\n<li>26.-\u00a0<strong>Trabajo de conclusi\u00f3n de curso de pregrado<\/strong>\u00a0: An\u00e1lisis de estabilidad de tensi\u00f3n en el sistema de transmisi\u00f3n regional (STR)<br \/>\nColombia, 2008, Tutor principal, Orientados: Luis Leonardo L\u00f3pez G\u00f3mez &#8211; Olga Patricia Osorio Giraldo, Tecnolog\u00eda El\u00e9ctrica, Universidad Tecnol\u00f3gica De Pereira &#8211; Utp.<br \/>\nAutores:<\/li>\n<\/ul>\n<ul style=\"text-align: justify\">\n<li>27.-\u00a0<strong>Trabajo de conclusi\u00f3n de curso de pregrado<\/strong>\u00a0: An\u00e1lisis de estabilidad de peque\u00f1a se\u00f1al en el sistema el\u00e9ctrico de Pereira<br \/>\nColombia, 2009, Tutor principal, Orientados: Mauricio Ram\u00edrez Casta\u00f1o &#8211; Luz Adriana Duque Torres, Tecnolog\u00eda El\u00e9ctrica, Universidad Tecnol\u00f3gica De Pereira &#8211; Utp.<br \/>\nAutores:<\/li>\n<\/ul>\n<ul style=\"text-align: justify\">\n<li>28.-\u00a0<strong>Trabajo de conclusi\u00f3n de curso de pregrado<\/strong>\u00a0: Mejoramiento de la confiabilidad en sistemas de distribuci\u00f3n mediante reconfiguraci\u00f3n de circuitos primarios<br \/>\nColombia, 2007, Tutor principal, Orientados: Alfonso Gonz\u00e1lez Arias, Ingenier\u00eda El\u00e9ctrica, Universidad Tecnol\u00f3gica De Pereira &#8211; Utp.<br \/>\nAutores:<\/li>\n<\/ul>\n<ul style=\"text-align: justify\">\n<li>29.-\u00a0<strong>Trabajo de conclusi\u00f3n de curso de pregrado<\/strong>\u00a0: Metodolog\u00edas para el an\u00e1lisis de estabilidad de tensi\u00f3n en estado estacionario<br \/>\nColombia, 2008, Tutor principal, Orientados: Galo Fernando Pati\u00f1o Castrill\u00f3n &#8211; Gustavo Adolfo Limas Getial, Ingenier\u00eda El\u00e9ctrica, Universidad Tecnol\u00f3gica De Pereira &#8211; Utp.<br \/>\nAutores:<\/li>\n<\/ul>\n<ul style=\"text-align: justify\">\n<li>30.-\u00a0<strong>Trabajo de conclusi\u00f3n de curso de pregrado<\/strong>\u00a0: Calculo de la reserva rodante en el despacho programado<br \/>\nColombia, 2008, Tutor principal, Orientados: Luisa Fernanda Fl\u00f3rez Gallo, Ingenier\u00eda El\u00e9ctrica, Universidad Tecnol\u00f3gica De Pereira &#8211; Utp.<br \/>\nAutores:<\/li>\n<\/ul>\n<ul style=\"text-align: justify\">\n<li>31.-\u00a0<strong>Trabajo de conclusi\u00f3n de curso de pregrado<\/strong>\u00a0: Elaboraci\u00f3n de los planos de la red el\u00e9ctrica de la planta MABE como requisito para certificaci\u00f3n RETIE y modelo de mantenimiento el\u00e9ctrico<br \/>\nColombia, 2009, Tutor principal, Orientados: Jaime Alberto Loaiza Bland\u00f3n, Ingenier\u00eda El\u00e9ctrica, Universidad Tecnol\u00f3gica De Pereira &#8211; Utp.<br \/>\nAutores:<\/li>\n<\/ul>\n<ul style=\"text-align: justify\">\n<li>32.-\u00a0<strong>Trabajo de conclusi\u00f3n de curso de pregrado<\/strong>\u00a0: Determinaci\u00f3n del punto de m\u00e1xima capacidad de carga en sistemas el\u00e9ctricos de potencia mediante aproximaciones de Newton Raphson y simulaci\u00f3n de Monte Carlo<br \/>\nColombia, 2010, Tutor principal, Orientados: V\u00edctor Hugo Mej\u00eda Giraldo &#8211; V\u00edctor Hugo M\u00e1rquez Orozco, Ingenier\u00eda El\u00e9ctrica, Universidad Tecnol\u00f3gica De Pereira &#8211; Utp.<br \/>\nAutores:<\/li>\n<\/ul>\n<ul style=\"text-align: justify\">\n<li>35.-\u00a0<strong>Trabajo de conclusi\u00f3n de curso de pregrado<\/strong>\u00a0: \u00bfAn\u00e1lisis del comportamiento del algoritmo gen\u00e9tico frente a variaciones de par\u00e1metros en el problema de estimaci\u00f3n de estado\u00bf.<br \/>\nColombia, 2009, Tutor principal, Orientados: JUAN PABLO SANMART\u00cdN BURBANO Y DIEGO HANNER RUANO BENAVIDES, Ingenier\u00eda El\u00e9ctrica, Universidad Tecnol\u00f3gica De Pereira &#8211; Utp.<br \/>\nAutores: DIEGO HANNER RUANO BENAVIDES, JUAN PABLO SANMARTIN BURBANO,<\/li>\n<\/ul>\n<ul style=\"text-align: justify\">\n<li>36.-\u00a0<strong>Trabajo de conclusi\u00f3n de curso de pregrado<\/strong>\u00a0: Creaci\u00f3n de un sistema experto aplicado a estimaci\u00f3n de estado para centros de control de energ\u00eda.<br \/>\nColombia, 2011, Tutor principal, Orientados: GLORIA PATRICIA L\u00d3PEZ SEP\u00daLVEDA , Ingenier\u00eda El\u00e9ctrica, Universidad Tecnol\u00f3gica De Pereira &#8211; Utp.<br \/>\nAutores:<\/li>\n<\/ul>\n<ul style=\"text-align: justify\">\n<li>37.-\u00a0<strong>Trabajo de conclusi\u00f3n de curso de pregrado<\/strong>\u00a0: M\u00e9todos de Reconfiguraci\u00f3n de Alimentadores<br \/>\nColombia, 2005, Coturor\/asesor, Orientados: Monica Fernanda Gaviria, Ingenieria El\u00e9ctrica, Universidad Nacional De Colombia &#8211; Sede Manizales.<br \/>\nAutores: JESUS MARIA LOPEZ LEZAMA,<\/li>\n<\/ul>\n<ul style=\"text-align: justify\">\n<li>38.-\u00a0<strong>Trabajo de conclusi\u00f3n de curso de pregrado<\/strong>\u00a0: Dise\u00f1o y an\u00e1lisis econ\u00f3mico de una central fotovoltaica para el edificio del programa de ingenier\u00eda el\u00e9ctrica<br \/>\nColombia, 2009, Tutor principal, Orientados: Eduard Alberto Sandoval Zambrano &#8211; Oscar Leonardo Zarate Hurtado, Ingenieria Electrica, Universidad Tecnol\u00f3gica De Pereira &#8211; Utp.<br \/>\nAutores:<\/li>\n<\/ul>\n<ul style=\"text-align: justify\">\n<li>39.-\u00a0<strong>Trabajo de conclusi\u00f3n de curso de pregrado<\/strong>\u00a0: An\u00e1lisis te\u00f3rico de elementos de seguridad industrial para mantenimiento de l\u00edneas desenergizadas de media tensi\u00f3n<br \/>\nColombia, 2009, Tutor principal, Orientados: Santiago Mej\u00eda Arango, Ingenieria Electrica, Universidad Tecnol\u00f3gica De Pereira &#8211; Utp.<br \/>\nAutores:<\/li>\n<\/ul>\n<ul style=\"text-align: justify\">\n<li>40.-\u00a0<strong>Trabajo de conclusi\u00f3n de curso de pregrado<\/strong>\u00a0: Planeamiento de sistemas secundarios de distribuci\u00f3n usando el algoritmo Branch and Bound<br \/>\nColombia, 2009, Tutor principal, Orientados: Andr\u00e9s Alberto Galeano Ossa &#8211; Carlos Javier Tapias Isaza, Ingenieria Electrica, Universidad Tecnol\u00f3gica De Pereira &#8211; Utp.<br \/>\nAutores:<\/li>\n<\/ul>\n<ul style=\"text-align: justify\">\n<li>41.-\u00a0<strong>Trabajo de conclusi\u00f3n de curso de pregrado<\/strong>\u00a0: Localizaci\u00f3n y dimensionamiento \u00f3ptimo de generadores distribuidos para mejorar el perfil de tensi\u00f3n en sistemas de distribuci\u00f3n<br \/>\nColombia, 2009, Tutor principal, Orientados: Mariana L\u00f3pez Ceballos, Ingenieria Electrica, Universidad Tecnol\u00f3gica De Pereira &#8211; Utp.<br \/>\nAutores:<\/li>\n<\/ul>\n<ul style=\"text-align: justify\">\n<li>42.-\u00a0<strong>Trabajo de conclusi\u00f3n de curso de pregrado<\/strong>\u00a0: Planeamiento de sistemas de distribuci\u00f3n de energ\u00eda el\u00e9ctrica usando un algoritmo evolutivo<br \/>\nColombia, 2010, Tutor principal, Orientados: Libardo L\u00f3pez Lopera &#8211; Andr\u00e9s Felipe Rend\u00f3n Mora, Ingenieria Electrica, Universidad Tecnol\u00f3gica De Pereira &#8211; Utp.<br \/>\nAutores:<\/li>\n<\/ul>\n<ul style=\"text-align: justify\">\n<li>43.-\u00a0<strong>Trabajo de conclusi\u00f3n de curso de pregrado<\/strong>\u00a0: Dise\u00f1o e implementaci\u00f3n de una t\u00e9cnica para la construcci\u00f3n de las curvas de demanda m\u00e1xima diversificada para empresas del sector el\u00e9ctrico colombiano<br \/>\nColombia, 2010, Tutor principal, Orientados: Luisa Fernanda Guzm\u00e1n G\u00f3mez, Ingenieria Electrica, Universidad Tecnol\u00f3gica De Pereira &#8211; Utp.<br \/>\nAutores:<\/li>\n<\/ul>\n<ul style=\"text-align: justify\">\n<li>44.-\u00a0<strong>Trabajo de conclusi\u00f3n de curso de pregrado<\/strong>\u00a0: Implementaci\u00f3n de un sistema de monitoreo en l\u00ednea de la presi\u00f3n del gas sf6 en interruptores de potencia<br \/>\nColombia, 2010, Tutor principal, Orientados: Claudia Viviana Palacio Morales, Ingenieria Electrica, Universidad Tecnol\u00f3gica De Pereira &#8211; Utp.<br \/>\nAutores:<\/li>\n<\/ul>\n<ul style=\"text-align: justify\">\n<li>45.-\u00a0<strong>Trabajo de conclusi\u00f3n de curso de pregrado<\/strong>\u00a0: Protecci\u00f3n diferencial de generadores s\u00edncronos usando redes neuronales artificiales<br \/>\nColombia, 2010, Tutor principal, Orientados: Carolina Moreno Laverde, Ivonne Paniagua G\u00f3mez, Ingenieria Electrica, Universidad Tecnol\u00f3gica De Pereira &#8211; Utp.<br \/>\nAutores:<\/li>\n<\/ul>\n<ul style=\"text-align: justify\">\n<li>46.-\u00a0<strong>Trabajo de conclusi\u00f3n de curso de pregrado<\/strong>\u00a0: Planeamiento de sistemas de distribuci\u00f3n de energ\u00eda el\u00e9ctrica usando Simulated Annealing<br \/>\nColombia, 2011, Tutor principal, Orientados: Alejandro Garay Moreno, Alejandro Grajales Ot\u00e1lvaro, Ingenieria Electrica, Universidad Tecnol\u00f3gica De Pereira &#8211; Utp.<br \/>\nAutores:<\/li>\n<\/ul>\n<ul style=\"text-align: justify\">\n<li>47.-\u00a0<strong>Trabajo de conclusi\u00f3n de curso de pregrado<\/strong>\u00a0: Ubicaci\u00f3n \u00f3ptima de dispositivos de protecci\u00f3n en sistemas de distribuci\u00f3n de energ\u00eda el\u00e9ctrica<br \/>\nColombia, 2011, Tutor principal, Orientados: Carolina Toro Giraldo, Ingenieria Electrica, Universidad Tecnol\u00f3gica De Pereira &#8211; Utp.<br \/>\nAutores:<\/li>\n<\/ul>\n<ul style=\"text-align: justify\">\n<li>48.-\u00a0<strong>Trabajo de conclusi\u00f3n de curso de pregrado<\/strong>\u00a0: Flujo de carga radial considerando incertidumbre en la demanda y en los par\u00e1metros de los alimentadores<br \/>\nColombia, 2011, Tutor principal, Orientados: Edwar Andr\u00e9s Restrepo Rivera, Ingenieria Electrica, Universidad Tecnol\u00f3gica De Pereira &#8211; Utp.<br \/>\nAutores:<\/li>\n<\/ul>\n<ul style=\"text-align: justify\">\n<li>49.-\u00a0<strong>Trabajo de conclusi\u00f3n de curso de pregrado<\/strong>\u00a0: Planeamiento de sistemas de distribuci\u00f3n de energ\u00eda el\u00e9ctrica usando Part\u00edculas Swarm<br \/>\nColombia, 2011, Tutor principal, Orientados: Juli\u00e1n Andr\u00e9s Grisales Arango, Juan Manuel Home Ort\u00edz, Ingenieria Electrica, Universidad Tecnol\u00f3gica De Pereira &#8211; Utp.<br \/>\nAutores:<\/li>\n<\/ul>\n<ul style=\"text-align: justify\">\n<li>50.-\u00a0<strong>Trabajo de conclusi\u00f3n de curso de pregrado<\/strong>\u00a0: Coordinaci\u00f3n \u00f3ptima de dispositivos de protecci\u00f3n en sistemas de distribuci\u00f3n con presencia de generaci\u00f3n distribuida<br \/>\nColombia, 2011, Tutor principal, Orientados: Oscar Felipe Tuta Barbosa, Ingenieria Electrica, Universidad Tecnol\u00f3gica De Pereira &#8211; Utp.<br \/>\nAutores:<\/li>\n<\/ul>\n<ul>\n<li style=\"text-align: justify\">51.-\u00a0<strong>Trabajo de conclusi\u00f3n de curso de pregrado<\/strong>\u00a0: Planeaci\u00f3n de redes de distribuci\u00f3n rural usando algoritmos gen\u00e9ticos<br \/>\nColombia, 2009, Tutor principal, Orientados: Juan Pablo Acosta Arango &#8211; Santiago Ram\u00edrez Santa, Ingenieria Electrica, Universidad Tecnol\u00f3gica De Pereira &#8211; Utp.<br \/>\nAutores:<\/li>\n<\/ul>\n","protected":false},"excerpt":{"rendered":"<p>14.-\u00a0Trabajo de conclusi\u00f3n de curso de pregrado\u00a0: METODOLOG\u00cdA PARA LA ASIGNACI\u00d3N DE COSTOS DE CONGESTI\u00d3N DEBIDO A LA VIOLACI\u00d3N DE L\u00cdMITES DE GENERACI\u00d3N DE REACTIVOS Y L\u00cdMITES DE CAPACIDAD EN L\u00cdNEAS DE TRANSMISI\u00d3N , 2013, Tutor principal, Orientados: MAIKOL RESTREPO &hellip; <a href=\"https:\/\/academia.utp.edu.co\/planeamiento\/produccion-bibliografica\/proyectos-de-grado-de-ingenieria-electrica\/grupo-dinop\/\">Sigue leyendo <span class=\"meta-nav\">&rarr;<\/span><\/a><\/p>\n","protected":false},"author":31,"featured_media":0,"parent":855,"menu_order":0,"comment_status":"closed","ping_status":"open","template":"sidebar-page.php","meta":{"footnotes":""},"class_list":["post-1889","page","type-page","status-publish","hentry"],"_links":{"self":[{"href":"https:\/\/academia.utp.edu.co\/planeamiento\/wp-json\/wp\/v2\/pages\/1889","targetHints":{"allow":["GET"]}}],"collection":[{"href":"https:\/\/academia.utp.edu.co\/planeamiento\/wp-json\/wp\/v2\/pages"}],"about":[{"href":"https:\/\/academia.utp.edu.co\/planeamiento\/wp-json\/wp\/v2\/types\/page"}],"author":[{"embeddable":true,"href":"https:\/\/academia.utp.edu.co\/planeamiento\/wp-json\/wp\/v2\/users\/31"}],"replies":[{"embeddable":true,"href":"https:\/\/academia.utp.edu.co\/planeamiento\/wp-json\/wp\/v2\/comments?post=1889"}],"version-history":[{"count":3,"href":"https:\/\/academia.utp.edu.co\/planeamiento\/wp-json\/wp\/v2\/pages\/1889\/revisions"}],"predecessor-version":[{"id":2101,"href":"https:\/\/academia.utp.edu.co\/planeamiento\/wp-json\/wp\/v2\/pages\/1889\/revisions\/2101"}],"up":[{"embeddable":true,"href":"https:\/\/academia.utp.edu.co\/planeamiento\/wp-json\/wp\/v2\/pages\/855"}],"wp:attachment":[{"href":"https:\/\/academia.utp.edu.co\/planeamiento\/wp-json\/wp\/v2\/media?parent=1889"}],"curies":[{"name":"wp","href":"https:\/\/api.w.org\/{rel}","templated":true}]}}