{"id":1993,"date":"2013-12-28T06:53:00","date_gmt":"2013-12-28T06:53:00","guid":{"rendered":"http:\/\/academia.utp.edu.co\/planeamiento\/?page_id=1993"},"modified":"2013-12-28T23:16:30","modified_gmt":"2013-12-28T23:16:30","slug":"grupo-ice3","status":"publish","type":"page","link":"https:\/\/academia.utp.edu.co\/planeamiento\/produccion-bibliografica\/libros-2\/grupo-ice3\/","title":{"rendered":"Grupo ICE3"},"content":{"rendered":"<ul>\n<li style=\"text-align: justify\"><span style=\"line-height: 15px\"><strong>Libro resultado de investigaci\u00f3n<\/strong>\u00a0: Localizaci\u00f3n de faltas en sistemas de distribuci\u00f3n de energ\u00eda el\u00e9ctrica usando m\u00e9todos basados en el modelo y m\u00e9todos basados en el conocimiento<br \/>\nEspa\u00f1a,2006, ISBN: 978-84-690-4513-8 vol: 30 p\u00e1gs: 151, Ed. tdr.cesca<br \/>\nAutores: JUAN JOSE MORA FLOREZ,<br \/>\n<\/span><\/li>\n<\/ul>\n","protected":false},"excerpt":{"rendered":"<p>Libro resultado de investigaci\u00f3n\u00a0: Localizaci\u00f3n de faltas en sistemas de distribuci\u00f3n de energ\u00eda el\u00e9ctrica usando m\u00e9todos basados en el modelo y m\u00e9todos basados en el conocimiento Espa\u00f1a,2006, ISBN: 978-84-690-4513-8 vol: 30 p\u00e1gs: 151, Ed. tdr.cesca Autores: JUAN JOSE MORA FLOREZ,<\/p>\n","protected":false},"author":31,"featured_media":0,"parent":1971,"menu_order":0,"comment_status":"closed","ping_status":"closed","template":"sidebar-page.php","meta":{"footnotes":""},"class_list":["post-1993","page","type-page","status-publish","hentry"],"_links":{"self":[{"href":"https:\/\/academia.utp.edu.co\/planeamiento\/wp-json\/wp\/v2\/pages\/1993","targetHints":{"allow":["GET"]}}],"collection":[{"href":"https:\/\/academia.utp.edu.co\/planeamiento\/wp-json\/wp\/v2\/pages"}],"about":[{"href":"https:\/\/academia.utp.edu.co\/planeamiento\/wp-json\/wp\/v2\/types\/page"}],"author":[{"embeddable":true,"href":"https:\/\/academia.utp.edu.co\/planeamiento\/wp-json\/wp\/v2\/users\/31"}],"replies":[{"embeddable":true,"href":"https:\/\/academia.utp.edu.co\/planeamiento\/wp-json\/wp\/v2\/comments?post=1993"}],"version-history":[{"count":5,"href":"https:\/\/academia.utp.edu.co\/planeamiento\/wp-json\/wp\/v2\/pages\/1993\/revisions"}],"predecessor-version":[{"id":2071,"href":"https:\/\/academia.utp.edu.co\/planeamiento\/wp-json\/wp\/v2\/pages\/1993\/revisions\/2071"}],"up":[{"embeddable":true,"href":"https:\/\/academia.utp.edu.co\/planeamiento\/wp-json\/wp\/v2\/pages\/1971"}],"wp:attachment":[{"href":"https:\/\/academia.utp.edu.co\/planeamiento\/wp-json\/wp\/v2\/media?parent=1993"}],"curies":[{"name":"wp","href":"https:\/\/api.w.org\/{rel}","templated":true}]}}