{"id":1997,"date":"2013-12-28T06:54:02","date_gmt":"2013-12-28T06:54:02","guid":{"rendered":"http:\/\/academia.utp.edu.co\/planeamiento\/?page_id=1997"},"modified":"2013-12-28T23:16:55","modified_gmt":"2013-12-28T23:16:55","slug":"grupo-gaope","status":"publish","type":"page","link":"https:\/\/academia.utp.edu.co\/planeamiento\/produccion-bibliografica\/libros-2\/grupo-gaope\/","title":{"rendered":"Grupo GAOPE"},"content":{"rendered":"<ul>\n<li style=\"text-align: justify\"><span style=\"line-height: 15px\">1.-\u00a0<strong>Libro resultado de investigaci\u00f3n<\/strong>\u00a0: Proyecci\u00f3n Operativa de Seguridad de Voltaje<br \/>\nColombia,2009, ISBN: 978-958-722-045-2 vol: 0 p\u00e1gs: 171, Ed. Universidad de los Andes y Universidad Tecnol\u00f3gica de Pereira<br \/>\nAutores: CARLOS JULIO ZAPATA GRISALES,<\/span><\/li>\n<\/ul>\n<ul style=\"text-align: justify\">\n<li>2.-\u00a0<strong>Otro libro publicado<\/strong>\u00a0: \u00bf Planning of interconnected power systems considering security under cascading outages and catastrophic events<br \/>\nColombia,2010, ISBN: 978-958-695-554-6 vol: 164 p\u00e1gs: 137, Ed. Ediciones Uniandes<br \/>\nAutores: CARLOS JULIO ZAPATA GRISALES,<\/li>\n<\/ul>\n<ul>\n<li style=\"text-align: justify\">4.-\u00a0<strong>Libro resultado de investigaci\u00f3n<\/strong>\u00a0: T\u00e9cnicas Metaheuristicas de Optimizaci\u00f3n<br \/>\nColombia,2008, ISBN: 97-89587-22-0070 vol: 100 p\u00e1gs: 425, Ed. Editorial Universidad Tecnol\u00f3gica de Pereira<br \/>\nAutores: ELIANA MIRLEDY TORO OCAMPO, RAMON ALFONSO GALLEGO RENDON, ANTONIO ESCOBAR,<\/li>\n<\/ul>\n","protected":false},"excerpt":{"rendered":"<p>1.-\u00a0Libro resultado de investigaci\u00f3n\u00a0: Proyecci\u00f3n Operativa de Seguridad de Voltaje Colombia,2009, ISBN: 978-958-722-045-2 vol: 0 p\u00e1gs: 171, Ed. Universidad de los Andes y Universidad Tecnol\u00f3gica de Pereira Autores: CARLOS JULIO ZAPATA GRISALES, 2.-\u00a0Otro libro publicado\u00a0: \u00bf Planning of interconnected power &hellip; <a href=\"https:\/\/academia.utp.edu.co\/planeamiento\/produccion-bibliografica\/libros-2\/grupo-gaope\/\">Sigue leyendo <span class=\"meta-nav\">&rarr;<\/span><\/a><\/p>\n","protected":false},"author":31,"featured_media":0,"parent":1971,"menu_order":0,"comment_status":"closed","ping_status":"closed","template":"sidebar-page.php","meta":{"footnotes":""},"class_list":["post-1997","page","type-page","status-publish","hentry"],"_links":{"self":[{"href":"https:\/\/academia.utp.edu.co\/planeamiento\/wp-json\/wp\/v2\/pages\/1997","targetHints":{"allow":["GET"]}}],"collection":[{"href":"https:\/\/academia.utp.edu.co\/planeamiento\/wp-json\/wp\/v2\/pages"}],"about":[{"href":"https:\/\/academia.utp.edu.co\/planeamiento\/wp-json\/wp\/v2\/types\/page"}],"author":[{"embeddable":true,"href":"https:\/\/academia.utp.edu.co\/planeamiento\/wp-json\/wp\/v2\/users\/31"}],"replies":[{"embeddable":true,"href":"https:\/\/academia.utp.edu.co\/planeamiento\/wp-json\/wp\/v2\/comments?post=1997"}],"version-history":[{"count":5,"href":"https:\/\/academia.utp.edu.co\/planeamiento\/wp-json\/wp\/v2\/pages\/1997\/revisions"}],"predecessor-version":[{"id":2073,"href":"https:\/\/academia.utp.edu.co\/planeamiento\/wp-json\/wp\/v2\/pages\/1997\/revisions\/2073"}],"up":[{"embeddable":true,"href":"https:\/\/academia.utp.edu.co\/planeamiento\/wp-json\/wp\/v2\/pages\/1971"}],"wp:attachment":[{"href":"https:\/\/academia.utp.edu.co\/planeamiento\/wp-json\/wp\/v2\/media?parent=1997"}],"curies":[{"name":"wp","href":"https:\/\/api.w.org\/{rel}","templated":true}]}}