{"id":299,"date":"2013-10-02T11:36:00","date_gmt":"2013-10-02T11:36:00","guid":{"rendered":"http:\/\/academia.utp.edu.co\/planeamiento\/?page_id=299"},"modified":"2013-12-18T14:37:11","modified_gmt":"2013-12-18T14:37:11","slug":"antonio-hernando-escobar-zuluaga","status":"publish","type":"page","link":"https:\/\/academia.utp.edu.co\/planeamiento\/docentes\/antonio-hernando-escobar-zuluaga\/","title":{"rendered":"Antonio Hernando Escobar Zuluaga"},"content":{"rendered":"<p><a href=\"https:\/\/academia.utp.edu.co\/planeamiento\/files\/2013\/10\/Sin-t\u00edtulo.jpg\"><img loading=\"lazy\" decoding=\"async\" class=\" wp-image-319 alignleft\" alt=\"Sin t\u00edtulo\" src=\"https:\/\/academia.utp.edu.co\/planeamiento\/files\/2013\/10\/Sin-t\u00edtulo.jpg\" width=\"200\" height=\"213\" \/><\/a><\/p>\n<p>Profesor Titular<\/p>\n<p style=\"text-align: justify\">Facultad de Tecnolog\u00edas<\/p>\n<p style=\"text-align: justify\">Programa de Tecnolog\u00eda El\u00e9ctrica<\/p>\n<p style=\"text-align: justify\">aescobar@utp.edu.co<\/p>\n<p style=\"text-align: justify\">(0X6) 313 7240<\/p>\n<p style=\"text-align: justify\"><b>Formaci\u00f3n<\/b><\/p>\n<p>&nbsp;<\/p>\n<p style=\"text-align: justify\">Ph.D. en Ingenier\u00eda El\u00e9ctrica, Universidade Estadual Paulista UNESP. SP, Brasil.<\/p>\n<p style=\"text-align: justify\">Magister en Ingenier\u00eda El\u00e9ctrica, Universidad Tecnol\u00f3gica de Pereira. Pereira, Colombia.<\/p>\n<p style=\"text-align: justify\">Ingeniero Electricista, Universidad Tecnol\u00f3gica de Pereira. Pereira, Colombia.<\/p>\n<p style=\"text-align: justify\">Tecn\u00f3logo Electricista,\u00a0 Universidad Tecnol\u00f3gica de Pereira. Pereira, Colombia.<\/p>\n<p>&nbsp;<\/p>\n<p><b>\u00c1reas de Actuaci\u00f3n<\/b><\/p>\n<p>&nbsp;<\/p>\n<p>Optimizaci\u00f3n matem\u00e1tica<\/p>\n<p>Planeaci\u00f3n de sistemas de Transmisi\u00f3n de energ\u00eda El\u00e9ctrica<\/p>\n<p>Despacho Hidrot\u00e9rmico<\/p>\n<p>Sistemas de Automatizaci\u00f3n y Control<\/p>\n<p>&nbsp;<\/p>\n<p><b>CvLAC<\/b><\/p>\n<p style=\"text-align: justify\"><a href=\"http:\/\/190.216.132.131:8081\/cvlac\/visualizador\/generarCurriculoCv.do?cod_rh=0000207098\">http:\/\/190.216.132.131:8081\/cvlac\/visualizador\/generarCurriculoCv.do?cod_rh=0000207098<\/a><\/p>\n<p>&nbsp;<\/p>\n","protected":false},"excerpt":{"rendered":"<p>Profesor Titular Facultad de Tecnolog\u00edas Programa de Tecnolog\u00eda El\u00e9ctrica aescobar@utp.edu.co (0X6) 313 7240 Formaci\u00f3n &nbsp; Ph.D. en Ingenier\u00eda El\u00e9ctrica, Universidade Estadual Paulista UNESP. SP, Brasil. Magister en Ingenier\u00eda El\u00e9ctrica, Universidad Tecnol\u00f3gica de Pereira. Pereira, Colombia. Ingeniero Electricista, Universidad Tecnol\u00f3gica de &hellip; <a href=\"https:\/\/academia.utp.edu.co\/planeamiento\/docentes\/antonio-hernando-escobar-zuluaga\/\">Sigue leyendo <span class=\"meta-nav\">&rarr;<\/span><\/a><\/p>\n","protected":false},"author":31,"featured_media":0,"parent":183,"menu_order":0,"comment_status":"closed","ping_status":"open","template":"sidebar-page.php","meta":{"footnotes":""},"class_list":["post-299","page","type-page","status-publish","hentry"],"_links":{"self":[{"href":"https:\/\/academia.utp.edu.co\/planeamiento\/wp-json\/wp\/v2\/pages\/299","targetHints":{"allow":["GET"]}}],"collection":[{"href":"https:\/\/academia.utp.edu.co\/planeamiento\/wp-json\/wp\/v2\/pages"}],"about":[{"href":"https:\/\/academia.utp.edu.co\/planeamiento\/wp-json\/wp\/v2\/types\/page"}],"author":[{"embeddable":true,"href":"https:\/\/academia.utp.edu.co\/planeamiento\/wp-json\/wp\/v2\/users\/31"}],"replies":[{"embeddable":true,"href":"https:\/\/academia.utp.edu.co\/planeamiento\/wp-json\/wp\/v2\/comments?post=299"}],"version-history":[{"count":28,"href":"https:\/\/academia.utp.edu.co\/planeamiento\/wp-json\/wp\/v2\/pages\/299\/revisions"}],"predecessor-version":[{"id":321,"href":"https:\/\/academia.utp.edu.co\/planeamiento\/wp-json\/wp\/v2\/pages\/299\/revisions\/321"}],"up":[{"embeddable":true,"href":"https:\/\/academia.utp.edu.co\/planeamiento\/wp-json\/wp\/v2\/pages\/183"}],"wp:attachment":[{"href":"https:\/\/academia.utp.edu.co\/planeamiento\/wp-json\/wp\/v2\/media?parent=299"}],"curies":[{"name":"wp","href":"https:\/\/api.w.org\/{rel}","templated":true}]}}