{"id":3,"date":"2013-03-07T21:23:11","date_gmt":"2013-03-07T21:23:11","guid":{"rendered":"http:\/\/academia.utp.edu.co\/planeamiento\/?page_id=2"},"modified":"2013-12-18T17:56:51","modified_gmt":"2013-12-18T17:56:51","slug":"inicio","status":"publish","type":"page","link":"https:\/\/academia.utp.edu.co\/planeamiento\/","title":{"rendered":"INICIO"},"content":{"rendered":"<p><strong>Bienvenidos.<\/strong><\/p>\n<p>Esta p\u00e1gina presenta informaci\u00f3n acerca del Grupo de Investigaci\u00f3n en Planeamiento de Sistemas El\u00e9ctricos, perteneciente al Programa de Ingenier\u00eda El\u00e9ctrica de la Universidad Tecnol\u00f3gica de Pereira.<\/p>\n<p style=\"text-align: center\"><a href=\"https:\/\/academia.utp.edu.co\/planeamiento\/files\/2013\/03\/Foto-de-Inicio.jpg\"><img loading=\"lazy\" decoding=\"async\" class=\" wp-image-1293 aligncenter\" alt=\"Foto de Inicio\" src=\"https:\/\/academia.utp.edu.co\/planeamiento\/files\/2013\/03\/Foto-de-Inicio.jpg\" width=\"697\" height=\"522\" \/><\/a><\/p>\n","protected":false},"excerpt":{"rendered":"<p>Bienvenidos. Esta p\u00e1gina presenta informaci\u00f3n acerca del Grupo de Investigaci\u00f3n en Planeamiento de Sistemas El\u00e9ctricos, perteneciente al Programa de Ingenier\u00eda El\u00e9ctrica de la Universidad Tecnol\u00f3gica de Pereira.<\/p>\n","protected":false},"author":31,"featured_media":0,"parent":0,"menu_order":1,"comment_status":"closed","ping_status":"closed","template":"sidebar-page.php","meta":{"footnotes":""},"class_list":["post-3","page","type-page","status-publish","hentry"],"_links":{"self":[{"href":"https:\/\/academia.utp.edu.co\/planeamiento\/wp-json\/wp\/v2\/pages\/3","targetHints":{"allow":["GET"]}}],"collection":[{"href":"https:\/\/academia.utp.edu.co\/planeamiento\/wp-json\/wp\/v2\/pages"}],"about":[{"href":"https:\/\/academia.utp.edu.co\/planeamiento\/wp-json\/wp\/v2\/types\/page"}],"author":[{"embeddable":true,"href":"https:\/\/academia.utp.edu.co\/planeamiento\/wp-json\/wp\/v2\/users\/31"}],"replies":[{"embeddable":true,"href":"https:\/\/academia.utp.edu.co\/planeamiento\/wp-json\/wp\/v2\/comments?post=3"}],"version-history":[{"count":36,"href":"https:\/\/academia.utp.edu.co\/planeamiento\/wp-json\/wp\/v2\/pages\/3\/revisions"}],"predecessor-version":[{"id":29,"href":"https:\/\/academia.utp.edu.co\/planeamiento\/wp-json\/wp\/v2\/pages\/3\/revisions\/29"}],"wp:attachment":[{"href":"https:\/\/academia.utp.edu.co\/planeamiento\/wp-json\/wp\/v2\/media?parent=3"}],"curies":[{"name":"wp","href":"https:\/\/api.w.org\/{rel}","templated":true}]}}