{"id":745,"date":"2013-10-17T03:02:17","date_gmt":"2013-10-17T03:02:17","guid":{"rendered":"http:\/\/academia.utp.edu.co\/planeamiento\/?page_id=745"},"modified":"2015-04-07T14:49:11","modified_gmt":"2015-04-07T14:49:11","slug":"estudiante-de-doctorado","status":"publish","type":"page","link":"https:\/\/academia.utp.edu.co\/planeamiento\/investigadores\/estudiante-de-doctorado\/","title":{"rendered":"Estudiantes de Doctorado"},"content":{"rendered":"<p>Los investigadores que en el momento se encuentran realizando proyectos para estudios de doctorado son los siguientes:<\/p>\n<p>Andr\u00e9s Hernando Dom\u00ednguez Casta\u00f1o<\/p>\n<p>Carlos Arturo Saldarriaga Cort\u00e9s<\/p>\n<p>Andr\u00e9s Arias Londo\u00f1o<\/p>\n","protected":false},"excerpt":{"rendered":"<p>Los investigadores que en el momento se encuentran realizando proyectos para estudios de doctorado son los siguientes: Andr\u00e9s Hernando Dom\u00ednguez Casta\u00f1o Carlos Arturo Saldarriaga Cort\u00e9s Andr\u00e9s Arias Londo\u00f1o<\/p>\n","protected":false},"author":31,"featured_media":0,"parent":95,"menu_order":0,"comment_status":"closed","ping_status":"open","template":"sidebar-page.php","meta":{"footnotes":""},"class_list":["post-745","page","type-page","status-publish","hentry"],"_links":{"self":[{"href":"https:\/\/academia.utp.edu.co\/planeamiento\/wp-json\/wp\/v2\/pages\/745","targetHints":{"allow":["GET"]}}],"collection":[{"href":"https:\/\/academia.utp.edu.co\/planeamiento\/wp-json\/wp\/v2\/pages"}],"about":[{"href":"https:\/\/academia.utp.edu.co\/planeamiento\/wp-json\/wp\/v2\/types\/page"}],"author":[{"embeddable":true,"href":"https:\/\/academia.utp.edu.co\/planeamiento\/wp-json\/wp\/v2\/users\/31"}],"replies":[{"embeddable":true,"href":"https:\/\/academia.utp.edu.co\/planeamiento\/wp-json\/wp\/v2\/comments?post=745"}],"version-history":[{"count":11,"href":"https:\/\/academia.utp.edu.co\/planeamiento\/wp-json\/wp\/v2\/pages\/745\/revisions"}],"predecessor-version":[{"id":2381,"href":"https:\/\/academia.utp.edu.co\/planeamiento\/wp-json\/wp\/v2\/pages\/745\/revisions\/2381"}],"up":[{"embeddable":true,"href":"https:\/\/academia.utp.edu.co\/planeamiento\/wp-json\/wp\/v2\/pages\/95"}],"wp:attachment":[{"href":"https:\/\/academia.utp.edu.co\/planeamiento\/wp-json\/wp\/v2\/media?parent=745"}],"curies":[{"name":"wp","href":"https:\/\/api.w.org\/{rel}","templated":true}]}}