{"id":823,"date":"2013-10-17T04:19:38","date_gmt":"2013-10-17T04:19:38","guid":{"rendered":"http:\/\/academia.utp.edu.co\/planeamiento\/?page_id=823"},"modified":"2014-03-04T17:53:24","modified_gmt":"2014-03-04T17:53:24","slug":"libros","status":"publish","type":"page","link":"https:\/\/academia.utp.edu.co\/planeamiento\/produccion-bibliografica\/libros-2\/libros\/","title":{"rendered":"Grupo Planeamiento de Sistemas El\u00e9ctricos"},"content":{"rendered":"<p style=\"text-align: justify\">Estos libros pueden ser encontrados en la Biblioteca de la Universidad Tecnol\u00f3gica de Pereira. Tambi\u00e9n pueden ser conseguidos con integrantes del grupo de investigaci\u00f3n<b>.\u00a0<\/b><\/p>\n<p style=\"text-align: center\"><a href=\"https:\/\/academia.utp.edu.co\/planeamiento\/files\/2013\/09\/libros.jpg\"><img loading=\"lazy\" decoding=\"async\" class=\" wp-image-813 aligncenter\" alt=\"libros\" src=\"https:\/\/academia.utp.edu.co\/planeamiento\/files\/2013\/09\/libros.jpg\" width=\"531\" height=\"365\" \/><\/a><\/p>\n<p>&nbsp;<\/p>\n<p>&nbsp;<\/p>\n<p style=\"text-align: center\"><a href=\"https:\/\/academia.utp.edu.co\/planeamiento\/files\/2013\/09\/libros-11.jpg\"><img loading=\"lazy\" decoding=\"async\" class=\" wp-image-809 aligncenter\" alt=\"libros 1\" src=\"https:\/\/academia.utp.edu.co\/planeamiento\/files\/2013\/09\/libros-11.jpg\" width=\"538\" height=\"361\" \/><\/a><\/p>\n<p>&nbsp;<\/p>\n<p>&nbsp;<\/p>\n<p><a href=\"https:\/\/academia.utp.edu.co\/planeamiento\/files\/2013\/09\/libros-3.jpg\"><img loading=\"lazy\" decoding=\"async\" class=\"wp-image-811 aligncenter\" alt=\"libros 3\" src=\"https:\/\/academia.utp.edu.co\/planeamiento\/files\/2013\/09\/libros-3.jpg\" width=\"585\" height=\"367\" \/><\/a><\/p>\n<p>&nbsp;<\/p>\n<p style=\"text-align: justify\">Estos son otros libros producto de las investigaciones realizadas por el grupo<\/p>\n<ul style=\"text-align: justify\">\n<li>3.-\u00a0<strong>Libro resultado de investigaci\u00f3n<\/strong>\u00a0: Modelos Usados en el Planeamiento de la Expansi\u00f3n a Largo Plazo de Sistemas de Transmisi\u00f3n de Energ\u00eda El\u00e9ctrica<br \/>\nColombia,2010, ISBN: 978-958-722-077-3 vol: 1 p\u00e1gs: 217, Ed. Taller de publicaciones Universidad Tecnol\u00f3gica de Pereira<br \/>\nAutores: ANTONIO HERNANDO ESCOBAR ZULUAGA,<\/li>\n<\/ul>\n<ul style=\"text-align: justify\">\n<li>7.-\u00a0<strong>Libro resultado de investigaci\u00f3n<\/strong>\u00a0: REDUCCION DE PERDIDAS POR ETAPAS EN SISTEMAS DE DISTRIBUCION<br \/>\nColombia,2006, ISBN: 9588272270 vol: 100 p\u00e1gs: 187, Ed. Editorial Universidad Tecnol\u00f3gica de Pereira<br \/>\nAutores: ANTONIO HERNANDO ESCOBAR ZULUAGA, RAMON ALFONSO GALLEGO RENDON, MAURICIO GRANADA ECHEVERRY,<\/li>\n<\/ul>\n<ul style=\"text-align: justify\">\n<li>\u00a08.-\u00a0<strong>Libro resultado de investigaci\u00f3n<\/strong>\u00a0: PROGRAMACI\u00d3N LINEAL ENTERA Y M\u00c9TODOS DE DESCOMPOSICI\u00d3N<br \/>\nColombia,2007, ISBN: 9588272289 vol: 100 p\u00e1gs: 248, Ed. Editorial Universidad Tecnol\u00f3gica de Pereira<br \/>\nAutores: RAMON ALFONSO GALLEGO RENDON, MAURICIO GRANADA ECHEVERRI, ANTONIO HERNANDO ESCOBAR ZULUAGA,<\/li>\n<\/ul>\n<ul style=\"text-align: justify\">\n<li>9.-\u00a0<strong>Libro resultado de investigaci\u00f3n<\/strong>\u00a0: OPTIMIZACI\u00d3N EN SISTEMAS EL\u00c9CTRICOS I &#8211; PROGRAMACI\u00d3N LINEAL<br \/>\nColombia,2003, ISBN: 9588065674 vol: 100 p\u00e1gs: 360, Ed. Editorial Universidad Tecnol\u00f3gica de Pereira<br \/>\nAutores: RAMON ALFONSO GALLEGO RENDON, ANTONIO HERNANDO ESCOBAR ZULUAGA, RUBEN AUGUSTO ROMERO LAZARO,<\/li>\n<\/ul>\n<ul style=\"text-align: justify\">\n<li>10.-\u00a0<strong>Libro resultado de investigaci\u00f3n<\/strong>\u00a0: T\u00c9CNICAS DE OPTIMIZACI\u00d3N COMBINATORIAL<br \/>\nColombia,2006, ISBN: 9588272041 vol: 100 p\u00e1gs: 186, Ed. Universidad Tecnl\u00f3gica de Pereira<br \/>\nAutores: RAMON ALFONSO GALLEGO RENDON, ANTONIO HERNANDO ESCOBAR ZULUAGA, RUBEN AUGUSTO ROMERO LAZARO,<\/li>\n<\/ul>\n<ul style=\"text-align: justify\">\n<li>11.-\u00a0<strong>Libro resultado de investigaci\u00f3n<\/strong>\u00a0: PROGRAMACI\u00d3N LINEAL Y FLUJO EN REDES<br \/>\nColombia,2007, ISBN: 9588272262 vol: 100 p\u00e1gs: 460, Ed. Editorial Universidad Tecnol\u00f3gica de Pereira<br \/>\nAutores: RAMON ALFONSO GALLEGO RENDON, ANTONIO HERNANDO ESCOBAR ZULUAGA, ELIANA MIRLEDY TORO OCAMPO,<\/li>\n<\/ul>\n<ul style=\"text-align: justify\">\n<li>12.-\u00a0<strong>Libro resultado de investigaci\u00f3n<\/strong>\u00a0: REDUCCI\u00d3N DE P\u00c9RDIDAS POR ETAPAS EN SISTEMAS DE DISTRIBUCI\u00d3N<br \/>\nColombia,2006, ISBN: 9588272270 vol: 100 p\u00e1gs: 270, Ed. Editorial Universidad Tecnol\u00f3gica de Pereira<br \/>\nAutores: RAMON ALFONSO GALLEGO RENDON, MAURICIO GRANADA ECHEVERRI, ANTONIO HERNANDO ESCOBAR ZULUAGA,<\/li>\n<\/ul>\n<ul style=\"text-align: justify\">\n<li>13.-\u00a0<strong>Libro resultado de investigaci\u00f3n<\/strong>\u00a0: PROGRAMACI\u00d3N LINEAL ENTERA<br \/>\nColombia,2007, ISBN: 9588272696 vol: 100 p\u00e1gs: 261, Ed. Editorial Universidad Tecnol\u00f3gica de Pereira<br \/>\nAutores: RAMON ALFONSO GALLEGO RENDON, ANTONIO HERNANDO ESCOBAR ZULUAGA, RUBEN AUGUSTO ROMERO LAZARO,<\/li>\n<\/ul>\n<ul style=\"text-align: justify\">\n<li>14.-\u00a0<strong>Libro resultado de investigaci\u00f3n<\/strong>\u00a0: T\u00e9cnicas Metaheur\u00edsticas de Optimizaci\u00f3n<br \/>\nColombia,2008, ISBN: 9789587220070 vol: 100 p\u00e1gs: 450, Ed. Editorial Universidad Tecnol\u00f3gica de Pereira<br \/>\nAutores: RAMON ALFONSO GALLEGO RENDON,<\/li>\n<\/ul>\n<ul style=\"text-align: justify\">\n<li>15.-\u00a0<strong>Libro resultado de investigaci\u00f3n<\/strong>\u00a0: Modelos usados en el planeamiento de la expansi\u00f3n a largo plazo de sistemas de transmisi\u00f3n de energ\u00eda el\u00e9ctirca<br \/>\nColombia,2010, ISBN: 978-958-722-077-3 vol: 1 p\u00e1gs: 100, Ed. Fondo Editorial De La Universidad Tecnologica De Pereira<br \/>\nAutores: RAMON ALFONSO GALLEGO RENDON,<\/li>\n<\/ul>\n<ul style=\"text-align: justify\">\n<li>16.-\u00a0<strong>Libro resultado de investigaci\u00f3n<\/strong>\u00a0: Reducci\u00f3n de p\u00e9rdidas por etapas en sistemas de distribuci\u00f3n<br \/>\nColombia,2006, ISBN: 9588272270 vol: 1 p\u00e1gs: 187, Ed. Editorial Universidad Tecnol\u00f3gica de Pereira<br \/>\nAutores: MAURICIO GRANADA ECHEVERRI, RAMON ALFONSO GALLEGO RENDON, ANTONIO HERNANDO ESCOBAR ZULUAGA,<\/li>\n<\/ul>\n<ul style=\"text-align: justify\">\n<li>17.-\u00a0<strong>Libro resultado de investigaci\u00f3n<\/strong>\u00a0: Proyecci\u00f3n Operativa de Seguridad de Voltaje<br \/>\nColombia,2009, ISBN: 978-958-722-045-2 vol: 1 p\u00e1gs: 80, Ed. Editorial Universidad Tecnol\u00f3gica de Pereira<br \/>\nAutores: OSCAR GOMEZ CARMONA, MARIO ALBERTO RIOS MESIAS, CARLOS JULIO ZAPATA GRISALES,<\/li>\n<\/ul>\n<ul>\n<li style=\"text-align: justify\">18.-\u00a0<strong>Libro resultado de investigaci\u00f3n<\/strong>\u00a0: Sistemas de Generaci\u00f3n de Energ\u00eda<br \/>\nColombia,2008, ISBN: 9789587220049 vol: 100 p\u00e1gs: 260, Ed. Fondo Editorial De La Universidad Tecnologica De Pereira<br \/>\nAutores: ALEJANDRO GARCES RUIZ,<\/li>\n<\/ul>\n<ul>\n<li style=\"text-align: justify\"><a href=\"http:\/\/digital-library.theiet.org\/content\/books\/10.1049\/pbrn017e_ch4\"><a href=\"http:\/\/digital-library.theiet.org\/content\/books\/10.1049\/pbrn017e_ch4\">19. Electrical design for ocean wave and tidal energy systems. Capitulo 4: Grid integration part I: power system interaction of wave energy generators<\/a>,<\/a><\/li>\n<\/ul>\n<ul>\n<li style=\"text-align: justify\"><a href=\"http:\/\/link.springer.com\/chapter\/10.1007\/978-981-4585-30-9_11\">20. Large scale renewable power generation. Capitulo 11: HVDC transmission for offshore wind farms,<\/a><\/li>\n<\/ul>\n","protected":false},"excerpt":{"rendered":"<p>Estos libros pueden ser encontrados en la Biblioteca de la Universidad Tecnol\u00f3gica de Pereira. Tambi\u00e9n pueden ser conseguidos con integrantes del grupo de investigaci\u00f3n.\u00a0 &nbsp; &nbsp; &nbsp; &nbsp; &nbsp; Estos son otros libros producto de las investigaciones realizadas por el &hellip; <a href=\"https:\/\/academia.utp.edu.co\/planeamiento\/produccion-bibliografica\/libros-2\/libros\/\">Sigue leyendo <span class=\"meta-nav\">&rarr;<\/span><\/a><\/p>\n","protected":false},"author":31,"featured_media":0,"parent":1971,"menu_order":0,"comment_status":"closed","ping_status":"open","template":"sidebar-page.php","meta":{"footnotes":""},"class_list":["post-823","page","type-page","status-publish","hentry"],"_links":{"self":[{"href":"https:\/\/academia.utp.edu.co\/planeamiento\/wp-json\/wp\/v2\/pages\/823","targetHints":{"allow":["GET"]}}],"collection":[{"href":"https:\/\/academia.utp.edu.co\/planeamiento\/wp-json\/wp\/v2\/pages"}],"about":[{"href":"https:\/\/academia.utp.edu.co\/planeamiento\/wp-json\/wp\/v2\/types\/page"}],"author":[{"embeddable":true,"href":"https:\/\/academia.utp.edu.co\/planeamiento\/wp-json\/wp\/v2\/users\/31"}],"replies":[{"embeddable":true,"href":"https:\/\/academia.utp.edu.co\/planeamiento\/wp-json\/wp\/v2\/comments?post=823"}],"version-history":[{"count":13,"href":"https:\/\/academia.utp.edu.co\/planeamiento\/wp-json\/wp\/v2\/pages\/823\/revisions"}],"predecessor-version":[{"id":1975,"href":"https:\/\/academia.utp.edu.co\/planeamiento\/wp-json\/wp\/v2\/pages\/823\/revisions\/1975"}],"up":[{"embeddable":true,"href":"https:\/\/academia.utp.edu.co\/planeamiento\/wp-json\/wp\/v2\/pages\/1971"}],"wp:attachment":[{"href":"https:\/\/academia.utp.edu.co\/planeamiento\/wp-json\/wp\/v2\/media?parent=823"}],"curies":[{"name":"wp","href":"https:\/\/api.w.org\/{rel}","templated":true}]}}