{"id":865,"date":"2013-10-21T20:19:20","date_gmt":"2013-10-21T20:19:20","guid":{"rendered":"http:\/\/academia.utp.edu.co\/planeamiento\/?page_id=865"},"modified":"2013-12-18T15:07:28","modified_gmt":"2013-12-18T15:07:28","slug":"proyectos-realizados","status":"publish","type":"page","link":"https:\/\/academia.utp.edu.co\/planeamiento\/eventos\/proyectos-realizados\/","title":{"rendered":"Proyectos Realizados"},"content":{"rendered":"<ul>\n<li>Estudio de p\u00e9rdidas en poblaciones menores a 80.000 habitantes.<\/li>\n<\/ul>\n<ul>\n<li>Reducci\u00f3n de p\u00e9rdidas t\u00e9cnicas en sistemas de distribuci\u00f3n aplicando medidas correctivas por etapas &#8211; Fase I.<\/li>\n<\/ul>\n<ul>\n<li>Convenio de capacitaci\u00f3n: EPM \u2013 UTP. M\u00e9todos matem\u00e1ticos de optimizaci\u00f3n aplicados al estudio de redes el\u00e9ctricas.<\/li>\n<\/ul>\n<ul>\n<li>Obtenci\u00f3n de curvas de demanda m\u00e1xima diversificada: EDEQ.<\/li>\n<\/ul>\n<ul>\n<li>Apoyo Acad\u00e9mico y Soporte T\u00e9cnico en el Proceso de Implementaci\u00f3n de Planes de Reducci\u00f3n de P\u00e9rdidas de Energ\u00eda El\u00e9ctrica &#8211; Medidas para la Reducci\u00f3n de P\u00e9rdidas T\u00e9cnicas\u00a0 en los Sistemas de Distribuci\u00f3n: CREG \u2013 UTP.<\/li>\n<\/ul>\n","protected":false},"excerpt":{"rendered":"<p>Estudio de p\u00e9rdidas en poblaciones menores a 80.000 habitantes. Reducci\u00f3n de p\u00e9rdidas t\u00e9cnicas en sistemas de distribuci\u00f3n aplicando medidas correctivas por etapas &#8211; Fase I. Convenio de capacitaci\u00f3n: EPM \u2013 UTP. M\u00e9todos matem\u00e1ticos de optimizaci\u00f3n aplicados al estudio de redes &hellip; <a href=\"https:\/\/academia.utp.edu.co\/planeamiento\/eventos\/proyectos-realizados\/\">Sigue leyendo <span class=\"meta-nav\">&rarr;<\/span><\/a><\/p>\n","protected":false},"author":31,"featured_media":0,"parent":111,"menu_order":0,"comment_status":"closed","ping_status":"open","template":"sidebar-page.php","meta":{"footnotes":""},"class_list":["post-865","page","type-page","status-publish","hentry"],"_links":{"self":[{"href":"https:\/\/academia.utp.edu.co\/planeamiento\/wp-json\/wp\/v2\/pages\/865","targetHints":{"allow":["GET"]}}],"collection":[{"href":"https:\/\/academia.utp.edu.co\/planeamiento\/wp-json\/wp\/v2\/pages"}],"about":[{"href":"https:\/\/academia.utp.edu.co\/planeamiento\/wp-json\/wp\/v2\/types\/page"}],"author":[{"embeddable":true,"href":"https:\/\/academia.utp.edu.co\/planeamiento\/wp-json\/wp\/v2\/users\/31"}],"replies":[{"embeddable":true,"href":"https:\/\/academia.utp.edu.co\/planeamiento\/wp-json\/wp\/v2\/comments?post=865"}],"version-history":[{"count":7,"href":"https:\/\/academia.utp.edu.co\/planeamiento\/wp-json\/wp\/v2\/pages\/865\/revisions"}],"predecessor-version":[{"id":1005,"href":"https:\/\/academia.utp.edu.co\/planeamiento\/wp-json\/wp\/v2\/pages\/865\/revisions\/1005"}],"up":[{"embeddable":true,"href":"https:\/\/academia.utp.edu.co\/planeamiento\/wp-json\/wp\/v2\/pages\/111"}],"wp:attachment":[{"href":"https:\/\/academia.utp.edu.co\/planeamiento\/wp-json\/wp\/v2\/media?parent=865"}],"curies":[{"name":"wp","href":"https:\/\/api.w.org\/{rel}","templated":true}]}}