{"id":905,"date":"2013-10-21T20:35:27","date_gmt":"2013-10-21T20:35:27","guid":{"rendered":"http:\/\/academia.utp.edu.co\/planeamiento\/?page_id=905"},"modified":"2017-06-09T22:04:06","modified_gmt":"2017-06-09T22:04:06","slug":"sistemas-de-prueba","status":"publish","type":"page","link":"https:\/\/academia.utp.edu.co\/planeamiento\/sistemas-de-prueba\/","title":{"rendered":"SISTEMAS DE PRUEBA"},"content":{"rendered":"<ul>\n<li><a href=\"https:\/\/academia.utp.edu.co\/planeamiento\/sistemas-de-prueba\/planeacion-de-sistemas-de-transmisionplaneacion-de-sistemas-de-transmision-2\/\">Planeaci\u00f3n de sistemas de transmisi\u00f3n<\/a><\/li>\n<li><a href=\"https:\/\/academia.utp.edu.co\/planeamiento\/sistemas-de-prueba\/recarga-de-vehiculos-electricos-en-sistemas-de-distribucion-3\/\">Recarga de veh\u00edculos el\u00e9ctricos en sistemas de distribuci\u00f3n<\/a><\/li>\n<li><b><\/b><b>Localizaci\u00f3n de fallas<\/b><\/li>\n<li><b><\/b><b>Planeaci\u00f3n de sistemas de distribuci\u00f3n<\/b><\/li>\n<li><b><\/b><b>Operaci\u00f3n de sistemas de distribuci\u00f3n<\/b><\/li>\n<li><a href=\"https:\/\/academia.utp.edu.co\/planeamiento\/sistemas-de-prueba\/multi-depot-electric-vehicle-location-routing-problem-with-time-windows-2\/\">Multi-Depot Electric Vehicle Location Routing Problem with Time Windows<\/a><\/li>\n<li><a href=\"https:\/\/academia.utp.edu.co\/planeamiento\/sistemas-de-prueba\/test-system-2\/\" rel=\"attachment wp-att-4331\">HTD and GMS Test system<\/a><\/li>\n<\/ul>\n","protected":false},"excerpt":{"rendered":"<p>Planeaci\u00f3n de sistemas de transmisi\u00f3n Recarga de veh\u00edculos el\u00e9ctricos en sistemas de distribuci\u00f3n Localizaci\u00f3n de fallas Planeaci\u00f3n de sistemas de distribuci\u00f3n Operaci\u00f3n de sistemas de distribuci\u00f3n Multi-Depot Electric Vehicle Location Routing Problem with Time Windows HTD and GMS Test system<\/p>\n","protected":false},"author":31,"featured_media":0,"parent":0,"menu_order":0,"comment_status":"closed","ping_status":"open","template":"sidebar-page.php","meta":{"footnotes":""},"class_list":["post-905","page","type-page","status-publish","hentry"],"_links":{"self":[{"href":"https:\/\/academia.utp.edu.co\/planeamiento\/wp-json\/wp\/v2\/pages\/905","targetHints":{"allow":["GET"]}}],"collection":[{"href":"https:\/\/academia.utp.edu.co\/planeamiento\/wp-json\/wp\/v2\/pages"}],"about":[{"href":"https:\/\/academia.utp.edu.co\/planeamiento\/wp-json\/wp\/v2\/types\/page"}],"author":[{"embeddable":true,"href":"https:\/\/academia.utp.edu.co\/planeamiento\/wp-json\/wp\/v2\/users\/31"}],"replies":[{"embeddable":true,"href":"https:\/\/academia.utp.edu.co\/planeamiento\/wp-json\/wp\/v2\/comments?post=905"}],"version-history":[{"count":16,"href":"https:\/\/academia.utp.edu.co\/planeamiento\/wp-json\/wp\/v2\/pages\/905\/revisions"}],"predecessor-version":[{"id":1275,"href":"https:\/\/academia.utp.edu.co\/planeamiento\/wp-json\/wp\/v2\/pages\/905\/revisions\/1275"}],"wp:attachment":[{"href":"https:\/\/academia.utp.edu.co\/planeamiento\/wp-json\/wp\/v2\/media?parent=905"}],"curies":[{"name":"wp","href":"https:\/\/api.w.org\/{rel}","templated":true}]}}