{"id":95,"date":"2013-09-18T00:55:42","date_gmt":"2013-09-18T00:55:42","guid":{"rendered":"http:\/\/academia.utp.edu.co\/planeamiento\/?page_id=95"},"modified":"2013-12-18T14:56:53","modified_gmt":"2013-12-18T14:56:53","slug":"investigadores","status":"publish","type":"page","link":"https:\/\/academia.utp.edu.co\/planeamiento\/investigadores\/","title":{"rendered":"INVESTIGADORES"},"content":{"rendered":"<p>Esta secci\u00f3n se divide dependiendo del nivel de estudio o investigaci\u00f3n.<\/p>\n<p>Cada integrante tiene su informaci\u00f3n b\u00e1sica (foto, nombre, orientador, tema de investigaci\u00f3n, email).<\/p>\n<ul>\n<li><span style=\"text-decoration: underline;color: #0000ff\"><a href=\"https:\/\/academia.utp.edu.co\/planeamiento\/investigadores\/estudiante-de-doctorado\/\"><span style=\"color: #0000ff;text-decoration: underline\">Estudiantes de Doctorado<\/span><\/a><\/span><\/li>\n<li><span style=\"text-decoration: underline;color: #0000ff\"><a href=\"https:\/\/academia.utp.edu.co\/planeamiento\/investigadores\/estudiantes-de-maestria\/\"><span style=\"color: #0000ff;text-decoration: underline\">Estudiantes de Maestr\u00eda<\/span><\/a><\/span><\/li>\n<li><span style=\"text-decoration: underline\"><span style=\"color: #0000ff\"><a href=\"https:\/\/academia.utp.edu.co\/planeamiento\/investigadores\/estudiantes-de-pregrado\/\"><span style=\"color: #0000ff;text-decoration: underline\">Estudiantes de Pregrado<\/span><\/a><\/span><\/span><\/li>\n<\/ul>\n<p>&nbsp;<\/p>\n","protected":false},"excerpt":{"rendered":"<p>Esta secci\u00f3n se divide dependiendo del nivel de estudio o investigaci\u00f3n. Cada integrante tiene su informaci\u00f3n b\u00e1sica (foto, nombre, orientador, tema de investigaci\u00f3n, email). Estudiantes de Doctorado Estudiantes de Maestr\u00eda Estudiantes de Pregrado &nbsp;<\/p>\n","protected":false},"author":31,"featured_media":0,"parent":0,"menu_order":0,"comment_status":"closed","ping_status":"open","template":"sidebar-page.php","meta":{"footnotes":""},"class_list":["post-95","page","type-page","status-publish","hentry"],"_links":{"self":[{"href":"https:\/\/academia.utp.edu.co\/planeamiento\/wp-json\/wp\/v2\/pages\/95","targetHints":{"allow":["GET"]}}],"collection":[{"href":"https:\/\/academia.utp.edu.co\/planeamiento\/wp-json\/wp\/v2\/pages"}],"about":[{"href":"https:\/\/academia.utp.edu.co\/planeamiento\/wp-json\/wp\/v2\/types\/page"}],"author":[{"embeddable":true,"href":"https:\/\/academia.utp.edu.co\/planeamiento\/wp-json\/wp\/v2\/users\/31"}],"replies":[{"embeddable":true,"href":"https:\/\/academia.utp.edu.co\/planeamiento\/wp-json\/wp\/v2\/comments?post=95"}],"version-history":[{"count":8,"href":"https:\/\/academia.utp.edu.co\/planeamiento\/wp-json\/wp\/v2\/pages\/95\/revisions"}],"predecessor-version":[{"id":1659,"href":"https:\/\/academia.utp.edu.co\/planeamiento\/wp-json\/wp\/v2\/pages\/95\/revisions\/1659"}],"wp:attachment":[{"href":"https:\/\/academia.utp.edu.co\/planeamiento\/wp-json\/wp\/v2\/media?parent=95"}],"curies":[{"name":"wp","href":"https:\/\/api.w.org\/{rel}","templated":true}]}}