{"id":1821,"date":"2020-07-25T23:53:39","date_gmt":"2020-07-25T23:53:39","guid":{"rendered":"http:\/\/academia.utp.edu.co\/plus\/?page_id=1821"},"modified":"2021-10-29T17:53:26","modified_gmt":"2021-10-29T17:53:26","slug":"feria-de-semilleros-de-investigacion","status":"publish","type":"page","link":"https:\/\/academia.utp.edu.co\/plus\/feria-de-semilleros-de-investigacion\/","title":{"rendered":"Encuentros de investigaci\u00f3n"},"content":{"rendered":"\n<div class=\"wp-block-cover alignfull has-neve-link-color-background-color has-background-dim\" style=\"min-height:300px;aspect-ratio:unset;\"><div class=\"wp-block-cover__inner-container is-layout-flow wp-block-cover-is-layout-flow\">\n<h1 class=\"has-text-align-center has-nv-text-dark-bg-color has-text-color wp-block-heading\" id=\"Encuentros-plus\"><\/h1>\n\n\n\n<p class=\"has-text-align-center\" style=\"font-size:24px\">Sabemos que es importante la difusi\u00f3n del conocimiento que es creado dentro de los semilleros. Por eso Plus aporta a la difusi\u00f3n del conocimiento participando en las diferentes ferias de investigaci\u00f3n.<\/p>\n\n\n\n<div style=\"height:80px\" aria-hidden=\"true\" class=\"wp-block-spacer\"><\/div>\n\n\n\n<p><\/p>\n<\/div><\/div>\n\n\n\n<div style=\"height:80px\" aria-hidden=\"true\" class=\"wp-block-spacer\"><\/div>\n\n\n\n<div class=\"wp-block-group\"><div class=\"wp-block-group__inner-container is-layout-flow wp-block-group-is-layout-flow\">\n<div class=\"wp-block-columns is-layout-flex wp-container-core-columns-is-layout-9d6595d7 wp-block-columns-is-layout-flex\">\n<div class=\"wp-block-column is-layout-flow wp-block-column-is-layout-flow\" style=\"flex-basis:100%\">\n<div class=\"wp-block-columns are-vertically-aligned-center is-layout-flex wp-container-core-columns-is-layout-9d6595d7 wp-block-columns-is-layout-flex\">\n<div class=\"wp-block-column is-vertically-aligned-center is-layout-flow wp-block-column-is-layout-flow\" style=\"flex-basis:50%\">\n<p><\/p>\n\n\n\n<figure class=\"wp-block-image size-large is-resized\"><img loading=\"lazy\" decoding=\"async\" src=\"https:\/\/academia.utp.edu.co\/plus\/files\/2020\/07\/IMG-20190914-WA0031-682x1024.jpg\" alt=\"\" class=\"wp-image-1831\" width=\"502\" height=\"752\" srcset=\"https:\/\/academia.utp.edu.co\/plus\/files\/2020\/07\/IMG-20190914-WA0031-200x300.jpg 200w, https:\/\/academia.utp.edu.co\/plus\/files\/2020\/07\/IMG-20190914-WA0031-768x1152.jpg 768w, https:\/\/academia.utp.edu.co\/plus\/files\/2020\/07\/IMG-20190914-WA0031.jpg 853w\" sizes=\"auto, (max-width: 502px) 100vw, 502px\" \/><\/figure>\n<\/div>\n\n\n\n<div class=\"wp-block-column is-layout-flow wp-block-column-is-layout-flow\" style=\"flex-basis:50%\">\n<figure class=\"wp-block-pullquote alignwide is-style-solid-color\"><blockquote><p>Feria de semilleros de investigaci\u00f3n de la IV Jornada de Apropiaci\u00f3n Social del conocimiento\u00bb INVESTIGACI\u00d3N, INNOVACI\u00d3N Y EXTENSI\u00d3N DE LA UTP\u00bb<\/p><\/blockquote><\/figure>\n<\/div>\n<\/div>\n<\/div>\n<\/div>\n<\/div><\/div>\n\n\n\n<p id=\"Encuentros-plus\"><\/p>\n\n\n\n<div style=\"height:80px\" aria-hidden=\"true\" class=\"wp-block-spacer\"><\/div>\n\n\n\n<div class=\"wp-block-columns is-layout-flex wp-container-core-columns-is-layout-9d6595d7 wp-block-columns-is-layout-flex\">\n<div class=\"wp-block-column is-layout-flow wp-block-column-is-layout-flow\">\n<figure class=\"wp-block-image size-large\"><img decoding=\"async\" src=\"https:\/\/api.themeisle.com\/templates-data\/2020\/11\/ebf0233ced7259cf0838b7ba6d3aee074649wchz3dop6tjnx9tu\/images\/neve-patterns-15.jpg\" alt=\"\" class=\"wp-image-414\" \/><\/figure>\n<\/div>\n\n\n\n<div class=\"wp-block-column is-layout-flow wp-block-column-is-layout-flow\">\n<figure class=\"wp-block-image size-large\"><img decoding=\"async\" src=\"https:\/\/api.themeisle.com\/templates-data\/2020\/11\/ebf0233ced7259cf0838b7ba6d3aee074649wchz3dop6tjnx9tu\/images\/neve-patterns-14.jpg\" alt=\"\" class=\"wp-image-413\" \/><\/figure>\n<\/div>\n\n\n\n<div class=\"wp-block-column is-vertically-aligned-center is-layout-flow wp-block-column-is-layout-flow\">\n<h2 class=\"wp-block-heading\">Want more?<\/h2>\n\n\n\n<p>Having previously declared his intention to hold a press conference on Wednesday where he would revea.<\/p>\n<\/div>\n<\/div>\n\n\n\n<div style=\"height:80px\" aria-hidden=\"true\" class=\"wp-block-spacer\"><\/div>\n\n\n\n<p><\/p>\n","protected":false},"excerpt":{"rendered":"<p>Feria de semilleros de investigaci\u00f3n de la IV Jornada de Apropiaci\u00f3n Social del conocimiento\u00bb INVESTIGACI\u00d3N, INNOVACI\u00d3N Y EXTENSI\u00d3N DE LA UTP\u00bb Want more? Having previously declared his intention to hold&hellip;&nbsp;<a href=\"https:\/\/academia.utp.edu.co\/plus\/feria-de-semilleros-de-investigacion\/\" rel=\"bookmark\">Leer m\u00e1s &raquo;<span class=\"screen-reader-text\">Encuentros de investigaci\u00f3n<\/span><\/a><\/p>\n","protected":false},"author":1421,"featured_media":0,"parent":0,"menu_order":0,"comment_status":"closed","ping_status":"closed","template":"","meta":{"neve_meta_sidebar":"full-width","neve_meta_container":"contained","neve_meta_enable_content_width":"on","neve_meta_content_width":93,"neve_meta_title_alignment":"","neve_meta_author_avatar":"","neve_post_elements_order":"","neve_meta_disable_header":"","neve_meta_disable_footer":"","neve_meta_disable_title":"","footnotes":""},"class_list":["post-1821","page","type-page","status-publish","hentry"],"_links":{"self":[{"href":"https:\/\/academia.utp.edu.co\/plus\/wp-json\/wp\/v2\/pages\/1821","targetHints":{"allow":["GET"]}}],"collection":[{"href":"https:\/\/academia.utp.edu.co\/plus\/wp-json\/wp\/v2\/pages"}],"about":[{"href":"https:\/\/academia.utp.edu.co\/plus\/wp-json\/wp\/v2\/types\/page"}],"author":[{"embeddable":true,"href":"https:\/\/academia.utp.edu.co\/plus\/wp-json\/wp\/v2\/users\/1421"}],"replies":[{"embeddable":true,"href":"https:\/\/academia.utp.edu.co\/plus\/wp-json\/wp\/v2\/comments?post=1821"}],"version-history":[{"count":11,"href":"https:\/\/academia.utp.edu.co\/plus\/wp-json\/wp\/v2\/pages\/1821\/revisions"}],"predecessor-version":[{"id":9401,"href":"https:\/\/academia.utp.edu.co\/plus\/wp-json\/wp\/v2\/pages\/1821\/revisions\/9401"}],"wp:attachment":[{"href":"https:\/\/academia.utp.edu.co\/plus\/wp-json\/wp\/v2\/media?parent=1821"}],"curies":[{"name":"wp","href":"https:\/\/api.w.org\/{rel}","templated":true}]}}