{"id":5131,"date":"2021-05-18T18:48:26","date_gmt":"2021-05-18T18:48:26","guid":{"rendered":"https:\/\/academia.utp.edu.co\/plus\/?page_id=5131"},"modified":"2021-05-24T19:46:21","modified_gmt":"2021-05-24T19:46:21","slug":"5131-2","status":"publish","type":"page","link":"https:\/\/academia.utp.edu.co\/plus\/5131-2\/","title":{"rendered":"julian pulido"},"content":{"rendered":"\n<div class=\"wp-block-cover alignfull has-background-dim has-background-gradient has-light-green-cyan-to-vivid-green-cyan-gradient-background\" style=\"min-height:360px;aspect-ratio:unset;\"><div class=\"wp-block-cover__inner-container is-layout-flow wp-block-cover-is-layout-flow\">\n<h1 class=\"has-text-align-center has-nv-site-bg-color has-text-color wp-block-heading\">Julian David Pulido Charry<\/h1>\n\n\n\n<p class=\"has-text-align-center has-neve-text-color-color has-text-color\"><em>Time machine enviroment.<\/em><\/p>\n<\/div><\/div>\n\n\n\n<div class=\"wp-block-cover alignfull has-nv-dark-bg-background-color has-background-dim\" style=\"min-height:1100px;aspect-ratio:unset;\"><div class=\"wp-block-cover__inner-container is-layout-flow wp-block-cover-is-layout-flow\">\n<div style=\"height:80px\" aria-hidden=\"true\" class=\"wp-block-spacer\"><\/div>\n\n\n\n<div class=\"wp-block-image is-style-rounded\"><figure class=\"aligncenter size-medium is-resized\"><img loading=\"lazy\" decoding=\"async\" src=\"https:\/\/academia.utp.edu.co\/plus\/files\/2021\/05\/120219513_10221837690587762_4724280662985262006_n-edited-187x300.jpg\" alt=\"Julian pulido Charry\" class=\"wp-image-5161\" width=\"275\" height=\"439\" \/><\/figure><\/div>\n\n\n\n<p> <\/p>\n\n\n\n<p class=\"has-nv-site-bg-color has-text-color\" style=\"font-size:29px\">Juli\u00e1n David Pulido Charry nacido en Bogot\u00e1, el 12 de diciembre de 1997. Investigador del Ambiente Transling\u00fce de Historia \u201cTime Machine\u201d en el semillero de Investigaci\u00f3n Plus. Ingreso al semillero el 10 de febrero del 2020. Curso la primaria en Cambridge School. se graduado en el 2008 y curso la secundaria en Colegio cristiano shalom en el 2015. Actualmente se encuentra en noveno semestre de la Licenciatura en biling\u00fcismo con \u00e9nfasis en Ingles en la Universidad Tecnol\u00f3gica de Pereira.<\/p>\n\n\n\n<p>Linkedin: https:<a href=\"\/\/www.linkedin.com\/in\/julian-pulido-9562981b5\/detail\/background-image\/\" data-type=\"URL\" data-id=\"\/\/www.linkedin.com\/in\/julian-pulido-9562981b5\/detail\/background-image\/\">\/\/www.linkedin.com\/in\/julian-pulido-9562981b5\/detail\/background-image\/<\/a><\/p>\n\n\n\n<p>ResearchGate: <a href=\"https:\/\/www.linkedin.com\/in\/julian-pulido-9562981b5\/detail\/background-image\/\">https:\/\/www.linkedin.com\/in\/julian-pulido-9562981b5\/detail\/background-image\/<\/a><\/p>\n\n\n\n<p>Google Academics: <a href=\"https:\/\/scholar.google.com\/citations?hl=en&amp;authuser=1&amp;user=lgpoWgcAAAAJ\">https:\/\/scholar.google.com\/citations?hl=en&amp;authuser=1&amp;user=lgpoWgcAAAAJ<\/a><\/p>\n\n\n\n<p class=\"has-medium-font-size\"><br><br><br><br><br><br><\/p>\n\n\n\n<div style=\"height:40px\" aria-hidden=\"true\" class=\"wp-block-spacer\"><\/div>\n<\/div><\/div>\n\n\n\n<div style=\"height:20px\" aria-hidden=\"true\" class=\"wp-block-spacer\"><\/div>\n","protected":false},"excerpt":{"rendered":"","protected":false},"author":1421,"featured_media":0,"parent":0,"menu_order":0,"comment_status":"closed","ping_status":"closed","template":"","meta":{"neve_meta_sidebar":"full-width","neve_meta_container":"contained","neve_meta_enable_content_width":"on","neve_meta_content_width":84,"neve_meta_title_alignment":"center","neve_meta_author_avatar":"","neve_post_elements_order":"","neve_meta_disable_header":"","neve_meta_disable_footer":"","neve_meta_disable_title":"on","footnotes":""},"class_list":["post-5131","page","type-page","status-publish","hentry"],"_links":{"self":[{"href":"https:\/\/academia.utp.edu.co\/plus\/wp-json\/wp\/v2\/pages\/5131","targetHints":{"allow":["GET"]}}],"collection":[{"href":"https:\/\/academia.utp.edu.co\/plus\/wp-json\/wp\/v2\/pages"}],"about":[{"href":"https:\/\/academia.utp.edu.co\/plus\/wp-json\/wp\/v2\/types\/page"}],"author":[{"embeddable":true,"href":"https:\/\/academia.utp.edu.co\/plus\/wp-json\/wp\/v2\/users\/1421"}],"replies":[{"embeddable":true,"href":"https:\/\/academia.utp.edu.co\/plus\/wp-json\/wp\/v2\/comments?post=5131"}],"version-history":[{"count":11,"href":"https:\/\/academia.utp.edu.co\/plus\/wp-json\/wp\/v2\/pages\/5131\/revisions"}],"predecessor-version":[{"id":8561,"href":"https:\/\/academia.utp.edu.co\/plus\/wp-json\/wp\/v2\/pages\/5131\/revisions\/8561"}],"wp:attachment":[{"href":"https:\/\/academia.utp.edu.co\/plus\/wp-json\/wp\/v2\/media?parent=5131"}],"curies":[{"name":"wp","href":"https:\/\/api.w.org\/{rel}","templated":true}]}}