{"id":5681,"date":"2021-05-19T02:47:27","date_gmt":"2021-05-19T02:47:27","guid":{"rendered":"https:\/\/academia.utp.edu.co\/plus\/?page_id=5681"},"modified":"2021-05-24T19:41:38","modified_gmt":"2021-05-24T19:41:38","slug":"juan-camilo-bermudez-lopez","status":"publish","type":"page","link":"https:\/\/academia.utp.edu.co\/plus\/juan-camilo-bermudez-lopez\/","title":{"rendered":"Juan Camilo Bermudez Lopez"},"content":{"rendered":"\n<div class=\"wp-block-cover alignfull has-background-dim has-background-gradient has-light-green-cyan-to-vivid-green-cyan-gradient-background\" style=\"min-height:360px;aspect-ratio:unset;\"><div class=\"wp-block-cover__inner-container is-layout-flow wp-block-cover-is-layout-flow\">\n<h1 class=\"has-text-align-center has-nv-site-bg-color has-text-color wp-block-heading\">Juan Camilo Bermudez Lopez<\/h1>\n\n\n\n<p class=\"has-text-align-center has-neve-text-color-color has-text-color\"><em>Time machine environment.<\/em><\/p>\n<\/div><\/div>\n\n\n\n<hr class=\"wp-block-separator\" \/>\n\n\n\n<div class=\"wp-block-cover alignfull has-nv-dark-bg-background-color has-background-dim\"><div class=\"wp-block-cover__inner-container is-layout-flow wp-block-cover-is-layout-flow\">\n<div class=\"wp-block-image is-style-rounded\"><figure class=\"aligncenter size-large is-resized\"><img decoding=\"async\" src=\"https:\/\/academia.utp.edu.co\/plus\/files\/2021\/05\/Juan-Camilo-2-edited.jpeg\" alt=\"\" class=\"wp-image-5701\" width=\"304\" srcset=\"https:\/\/academia.utp.edu.co\/plus\/files\/2021\/05\/Juan-Camilo-2-edited.jpeg 720w, https:\/\/academia.utp.edu.co\/plus\/files\/2021\/05\/Juan-Camilo-2-edited-225x300.jpeg 225w\" sizes=\"(max-width: 720px) 100vw, 720px\" \/><\/figure><\/div>\n\n\n\n<figure class=\"wp-block-pullquote alignwide has-background has-nv-dark-bg-background-color is-style-default\" style=\"border-color:#3ebdba\"><blockquote class=\"has-text-color has-nv-site-bg-color\"><p>Juan Camilo Bermudez Lopez, nacido el 28 de diciembre de 1998 en Bogot\u00e1 DC. Desempe\u00f1a el rol de investigador, hace parte del semillero Plus desde el 10 de febrero de 2020 y trabaja en el ambiente transling\u00fce de historia. Curs\u00f3 su b\u00e1sica primaria, b\u00e1sica secundaria y su bachiller en el Colegio Nuestra se\u00f1ora de F\u00e1tima en la ciudad de Pereira entre los a\u00f1os 2009, 2013 y 2015. Por \u00faltimo, actualmente se encuentra en su octavo semestre de Licenciatura en Biling\u00fcismo con \u00c9nfasis en Ingles.<\/p><\/blockquote><\/figure>\n\n\n\n<div style=\"height:40px\" aria-hidden=\"true\" class=\"wp-block-spacer\"><\/div>\n<\/div><\/div>\n\n\n\n<div style=\"height:20px\" aria-hidden=\"true\" class=\"wp-block-spacer\"><\/div>\n","protected":false},"excerpt":{"rendered":"","protected":false},"author":1421,"featured_media":0,"parent":0,"menu_order":0,"comment_status":"closed","ping_status":"closed","template":"","meta":{"neve_meta_sidebar":"full-width","neve_meta_container":"","neve_meta_enable_content_width":"on","neve_meta_content_width":100,"neve_meta_title_alignment":"","neve_meta_author_avatar":"","neve_post_elements_order":"","neve_meta_disable_header":"","neve_meta_disable_footer":"","neve_meta_disable_title":"on","footnotes":""},"class_list":["post-5681","page","type-page","status-publish","hentry"],"_links":{"self":[{"href":"https:\/\/academia.utp.edu.co\/plus\/wp-json\/wp\/v2\/pages\/5681","targetHints":{"allow":["GET"]}}],"collection":[{"href":"https:\/\/academia.utp.edu.co\/plus\/wp-json\/wp\/v2\/pages"}],"about":[{"href":"https:\/\/academia.utp.edu.co\/plus\/wp-json\/wp\/v2\/types\/page"}],"author":[{"embeddable":true,"href":"https:\/\/academia.utp.edu.co\/plus\/wp-json\/wp\/v2\/users\/1421"}],"replies":[{"embeddable":true,"href":"https:\/\/academia.utp.edu.co\/plus\/wp-json\/wp\/v2\/comments?post=5681"}],"version-history":[{"count":6,"href":"https:\/\/academia.utp.edu.co\/plus\/wp-json\/wp\/v2\/pages\/5681\/revisions"}],"predecessor-version":[{"id":8531,"href":"https:\/\/academia.utp.edu.co\/plus\/wp-json\/wp\/v2\/pages\/5681\/revisions\/8531"}],"wp:attachment":[{"href":"https:\/\/academia.utp.edu.co\/plus\/wp-json\/wp\/v2\/media?parent=5681"}],"curies":[{"name":"wp","href":"https:\/\/api.w.org\/{rel}","templated":true}]}}