{"id":5781,"date":"2021-05-19T02:57:51","date_gmt":"2021-05-19T02:57:51","guid":{"rendered":"https:\/\/academia.utp.edu.co\/plus\/?page_id=5781"},"modified":"2021-05-24T19:38:51","modified_gmt":"2021-05-24T19:38:51","slug":"camilo-gonzales-echeverry","status":"publish","type":"page","link":"https:\/\/academia.utp.edu.co\/plus\/camilo-gonzales-echeverry\/","title":{"rendered":"Camilo Gonzales Echeverry"},"content":{"rendered":"\n<div class=\"wp-block-cover alignfull has-background-dim has-background-gradient has-light-green-cyan-to-vivid-green-cyan-gradient-background\" style=\"min-height:360px;aspect-ratio:unset;\"><div class=\"wp-block-cover__inner-container is-layout-flow wp-block-cover-is-layout-flow\">\n<h1 class=\"has-text-align-center has-nv-site-bg-color has-text-color wp-block-heading\">Camilo Gonzales Echeverry<\/h1>\n\n\n\n<p class=\"has-text-align-center has-neve-text-color-color has-text-color\"><em>Time machine environment<\/em><\/p>\n<\/div><\/div>\n\n\n\n<div class=\"wp-block-cover alignfull has-nv-dark-bg-background-color has-background-dim\"><div class=\"wp-block-cover__inner-container is-layout-flow wp-block-cover-is-layout-flow\">\n<div style=\"height:80px\" aria-hidden=\"true\" class=\"wp-block-spacer\"><\/div>\n\n\n\n<div class=\"wp-block-image is-style-rounded\"><figure class=\"aligncenter size-large is-resized\"><img decoding=\"async\" src=\"https:\/\/academia.utp.edu.co\/plus\/files\/2021\/05\/WhatsApp-Image-2021-03-29-at-11.28.23-AM-2-edited.jpeg\" alt=\"\" class=\"wp-image-5811\" width=\"318\" srcset=\"https:\/\/academia.utp.edu.co\/plus\/files\/2021\/05\/WhatsApp-Image-2021-03-29-at-11.28.23-AM-2-edited.jpeg 538w, https:\/\/academia.utp.edu.co\/plus\/files\/2021\/05\/WhatsApp-Image-2021-03-29-at-11.28.23-AM-2-edited-225x300.jpeg 225w\" sizes=\"(max-width: 538px) 100vw, 538px\" \/><\/figure><\/div>\n\n\n\n<figure class=\"wp-block-pullquote alignwide has-background has-nv-dark-bg-background-color is-style-default\"><blockquote class=\"has-text-color has-nv-site-bg-color\"><p>Camilo Gonzalez Echeverry nacido en Pereira, Risaralda el 31 de mayo de 1994. Investigador del Ambiente Transling\u00fce de Historia \u201cTime Machine\u201d en el semillero de Investigaci\u00f3n Plus. Ingreso al semillero el 10 de febrero del 2020. Curso la primaria en el Centro Educativo Providencia en el a\u00f1o 2003 y curso la secundaria en la Escuela La Palabra el 2016. Actualmente en su octavo semestre de Licenciatura en biling\u00fcismo con \u00e9nfasis en Ingles en la Universidad Tecnol\u00f3gica de Pereira.<\/p><\/blockquote><\/figure>\n\n\n\n<div style=\"height:40px\" aria-hidden=\"true\" class=\"wp-block-spacer\"><\/div>\n<\/div><\/div>\n\n\n\n<div style=\"height:20px\" aria-hidden=\"true\" class=\"wp-block-spacer\"><\/div>\n","protected":false},"excerpt":{"rendered":"","protected":false},"author":1421,"featured_media":0,"parent":0,"menu_order":0,"comment_status":"closed","ping_status":"closed","template":"","meta":{"neve_meta_sidebar":"full-width","neve_meta_container":"","neve_meta_enable_content_width":"on","neve_meta_content_width":100,"neve_meta_title_alignment":"","neve_meta_author_avatar":"","neve_post_elements_order":"","neve_meta_disable_header":"","neve_meta_disable_footer":"","neve_meta_disable_title":"on","footnotes":""},"class_list":["post-5781","page","type-page","status-publish","hentry"],"_links":{"self":[{"href":"https:\/\/academia.utp.edu.co\/plus\/wp-json\/wp\/v2\/pages\/5781","targetHints":{"allow":["GET"]}}],"collection":[{"href":"https:\/\/academia.utp.edu.co\/plus\/wp-json\/wp\/v2\/pages"}],"about":[{"href":"https:\/\/academia.utp.edu.co\/plus\/wp-json\/wp\/v2\/types\/page"}],"author":[{"embeddable":true,"href":"https:\/\/academia.utp.edu.co\/plus\/wp-json\/wp\/v2\/users\/1421"}],"replies":[{"embeddable":true,"href":"https:\/\/academia.utp.edu.co\/plus\/wp-json\/wp\/v2\/comments?post=5781"}],"version-history":[{"count":4,"href":"https:\/\/academia.utp.edu.co\/plus\/wp-json\/wp\/v2\/pages\/5781\/revisions"}],"predecessor-version":[{"id":8501,"href":"https:\/\/academia.utp.edu.co\/plus\/wp-json\/wp\/v2\/pages\/5781\/revisions\/8501"}],"wp:attachment":[{"href":"https:\/\/academia.utp.edu.co\/plus\/wp-json\/wp\/v2\/media?parent=5781"}],"curies":[{"name":"wp","href":"https:\/\/api.w.org\/{rel}","templated":true}]}}