{"id":6011,"date":"2021-05-19T03:54:14","date_gmt":"2021-05-19T03:54:14","guid":{"rendered":"https:\/\/academia.utp.edu.co\/plus\/?page_id=6011"},"modified":"2021-05-19T03:54:15","modified_gmt":"2021-05-19T03:54:15","slug":"angie-gaviria","status":"publish","type":"page","link":"https:\/\/academia.utp.edu.co\/plus\/angie-gaviria\/","title":{"rendered":"Angie Gaviria"},"content":{"rendered":"\n<div class=\"wp-block-cover alignfull has-background-dim has-background-gradient\" style=\"background:linear-gradient(135deg,rgb(255,203,112) 14%,rgb(199,81,192) 37%,rgb(65,88,208) 58%);min-height:360px;aspect-ratio:unset;\"><div class=\"wp-block-cover__inner-container is-layout-flow wp-block-cover-is-layout-flow\">\n<h1 class=\"has-text-align-center has-neve-text-color-color has-text-color wp-block-heading\">Angie Carolina Gaviria Rend\u00f3n<\/h1>\n\n\n\n<p class=\"has-text-align-center has-neve-text-color-color has-text-color\">Ambiente Transling\u00fce de liderazgo<\/p>\n<\/div><\/div>\n\n\n\n<div class=\"wp-block-cover alignfull has-background-dim\" style=\"background-color:#3e62a0\"><div class=\"wp-block-cover__inner-container is-layout-flow wp-block-cover-is-layout-flow\">\n<div style=\"height:80px\" aria-hidden=\"true\" class=\"wp-block-spacer\"><\/div>\n\n\n\n<div class=\"wp-block-image is-style-rounded\"><figure class=\"aligncenter size-medium is-resized\"><img loading=\"lazy\" decoding=\"async\" src=\"https:\/\/academia.utp.edu.co\/plus\/files\/2021\/05\/Angie-gaviria-1-228x300.jpeg\" alt=\"\" class=\"wp-image-6021\" width=\"268\" height=\"352\" srcset=\"https:\/\/academia.utp.edu.co\/plus\/files\/2021\/05\/Angie-gaviria-1-228x300.jpeg 228w, https:\/\/academia.utp.edu.co\/plus\/files\/2021\/05\/Angie-gaviria-1-779x1024.jpeg 779w, https:\/\/academia.utp.edu.co\/plus\/files\/2021\/05\/Angie-gaviria-1-768x1009.jpeg 768w, https:\/\/academia.utp.edu.co\/plus\/files\/2021\/05\/Angie-gaviria-1.jpeg 974w\" sizes=\"auto, (max-width: 268px) 100vw, 268px\" \/><\/figure><\/div>\n\n\n\n<figure class=\"wp-block-pullquote alignwide has-background has-nv-dark-bg-background-color is-style-default\" style=\"border-color:#2c3f86\"><blockquote class=\"has-text-color has-nv-text-dark-bg-color\"><p>Angie Carolina Gaviria Rend\u00f3n naci\u00f3 el 25 de marzo de 2001 en Risaralda\/ Pereira. Hace parte del semillero PLUS desde el 4 de marzo del 2021, en el cual cumple su rol como co-investigador en la l\u00ednea de lenguaje o praxis en un ambiente Transling\u00fce enfocado en el desarrollo de liderazgo. Obtuvo su diploma de b\u00e1sica primaria en el instituto Rodrigo Arenas Betancurt el 3 de diciembre del 2011, en esta misma instituci\u00f3n consigui\u00f3 el t\u00edtulo de bachiller el 5 de diciembre del 2017. En este momento se encuentra cursando 7 semestres de la licenciatura en Biling\u00fcismo con \u00c9nfasis en Ingles en la universidad tecnol\u00f3gica de Pereira.<\/p><\/blockquote><\/figure>\n\n\n\n<div style=\"height:40px\" aria-hidden=\"true\" class=\"wp-block-spacer\"><\/div>\n<\/div><\/div>\n\n\n\n<div style=\"height:20px\" aria-hidden=\"true\" class=\"wp-block-spacer\"><\/div>\n","protected":false},"excerpt":{"rendered":"","protected":false},"author":1421,"featured_media":0,"parent":0,"menu_order":0,"comment_status":"closed","ping_status":"closed","template":"","meta":{"neve_meta_sidebar":"full-width","neve_meta_container":"","neve_meta_enable_content_width":"on","neve_meta_content_width":100,"neve_meta_title_alignment":"","neve_meta_author_avatar":"","neve_post_elements_order":"","neve_meta_disable_header":"","neve_meta_disable_footer":"","neve_meta_disable_title":"on","footnotes":""},"class_list":["post-6011","page","type-page","status-publish","hentry"],"_links":{"self":[{"href":"https:\/\/academia.utp.edu.co\/plus\/wp-json\/wp\/v2\/pages\/6011","targetHints":{"allow":["GET"]}}],"collection":[{"href":"https:\/\/academia.utp.edu.co\/plus\/wp-json\/wp\/v2\/pages"}],"about":[{"href":"https:\/\/academia.utp.edu.co\/plus\/wp-json\/wp\/v2\/types\/page"}],"author":[{"embeddable":true,"href":"https:\/\/academia.utp.edu.co\/plus\/wp-json\/wp\/v2\/users\/1421"}],"replies":[{"embeddable":true,"href":"https:\/\/academia.utp.edu.co\/plus\/wp-json\/wp\/v2\/comments?post=6011"}],"version-history":[{"count":1,"href":"https:\/\/academia.utp.edu.co\/plus\/wp-json\/wp\/v2\/pages\/6011\/revisions"}],"predecessor-version":[{"id":6041,"href":"https:\/\/academia.utp.edu.co\/plus\/wp-json\/wp\/v2\/pages\/6011\/revisions\/6041"}],"wp:attachment":[{"href":"https:\/\/academia.utp.edu.co\/plus\/wp-json\/wp\/v2\/media?parent=6011"}],"curies":[{"name":"wp","href":"https:\/\/api.w.org\/{rel}","templated":true}]}}