{"id":6131,"date":"2021-05-19T04:15:11","date_gmt":"2021-05-19T04:15:11","guid":{"rendered":"https:\/\/academia.utp.edu.co\/plus\/?page_id=6131"},"modified":"2021-05-19T04:15:12","modified_gmt":"2021-05-19T04:15:12","slug":"stephania-lopez","status":"publish","type":"page","link":"https:\/\/academia.utp.edu.co\/plus\/stephania-lopez\/","title":{"rendered":"Stephania Lop\u00e9z"},"content":{"rendered":"\n<div class=\"wp-block-cover alignfull has-background-dim has-background-gradient has-vivid-cyan-blue-to-vivid-purple-gradient-background\" style=\"min-height:360px;aspect-ratio:unset;\"><div class=\"wp-block-cover__inner-container is-layout-flow wp-block-cover-is-layout-flow\">\n<div style=\"height:100px\" aria-hidden=\"true\" class=\"wp-block-spacer\"><\/div>\n\n\n\n<h1 class=\"has-text-align-center has-neve-text-color-color has-text-color wp-block-heading\">Estephania L\u00f3pez Arcila<\/h1>\n\n\n\n<p class=\"has-text-align-center has-neve-text-color-color has-text-color\"><\/p>\n<\/div><\/div>\n\n\n\n<div class=\"wp-block-cover alignfull has-background-dim\" style=\"background-color:#3c57a9\"><div class=\"wp-block-cover__inner-container is-layout-flow wp-block-cover-is-layout-flow\">\n<div style=\"height:80px\" aria-hidden=\"true\" class=\"wp-block-spacer\"><\/div>\n\n\n\n<div class=\"wp-block-image is-style-rounded\"><figure class=\"aligncenter size-medium is-resized\"><img decoding=\"async\" src=\"https:\/\/academia.utp.edu.co\/plus\/files\/2021\/05\/stephani-1-249x300.jpeg\" alt=\"\" class=\"wp-image-6141\" height=\"359\" srcset=\"https:\/\/academia.utp.edu.co\/plus\/files\/2021\/05\/stephani-1-249x300.jpeg 249w, https:\/\/academia.utp.edu.co\/plus\/files\/2021\/05\/stephani-1-848x1024.jpeg 848w, https:\/\/academia.utp.edu.co\/plus\/files\/2021\/05\/stephani-1-768x927.jpeg 768w, https:\/\/academia.utp.edu.co\/plus\/files\/2021\/05\/stephani-1.jpeg 1231w\" sizes=\"(max-width: 249px) 100vw, 249px\" \/><\/figure><\/div>\n\n\n\n<figure class=\"wp-block-pullquote alignwide has-background has-nv-dark-bg-background-color is-style-default\"><blockquote class=\"has-text-color has-nv-text-dark-bg-color\"><p><span style=\"color: inherit;letter-spacing: 0px\">Estephania L\u00f3pez Arcila naci\u00f3 el 12 de febrero del 2001 en Risaralda \/ Dosquebradas. Hace parte del semillero PLUS desde el 1 de marzo del 2021 en cual cumple su rol como coinvestigadora \u00a0 en la l\u00ednea de lenguaje  en un ambiente transling\u00fce. Obtuvo su diploma de primaria en el Instituto Educativo Leningrado el 7 de diciembre del 2011, el de bachiller en el mismo instituto el 2 de diciembre del 2017. En este momento se encuentra cursando 7 semestre de la licenciatura en Biling\u00fcismo con \u00c9nfasis en Ingl\u00e9s en la universidad Tecnol\u00f3gica de Pereira.<\/span><\/p><\/blockquote><\/figure>\n\n\n\n<div style=\"height:40px\" aria-hidden=\"true\" class=\"wp-block-spacer\"><\/div>\n<\/div><\/div>\n\n\n\n<div style=\"height:20px\" aria-hidden=\"true\" class=\"wp-block-spacer\"><\/div>\n","protected":false},"excerpt":{"rendered":"","protected":false},"author":1421,"featured_media":0,"parent":0,"menu_order":0,"comment_status":"closed","ping_status":"closed","template":"","meta":{"neve_meta_sidebar":"full-width","neve_meta_container":"","neve_meta_enable_content_width":"on","neve_meta_content_width":100,"neve_meta_title_alignment":"","neve_meta_author_avatar":"","neve_post_elements_order":"","neve_meta_disable_header":"","neve_meta_disable_footer":"","neve_meta_disable_title":"on","footnotes":""},"class_list":["post-6131","page","type-page","status-publish","hentry"],"_links":{"self":[{"href":"https:\/\/academia.utp.edu.co\/plus\/wp-json\/wp\/v2\/pages\/6131","targetHints":{"allow":["GET"]}}],"collection":[{"href":"https:\/\/academia.utp.edu.co\/plus\/wp-json\/wp\/v2\/pages"}],"about":[{"href":"https:\/\/academia.utp.edu.co\/plus\/wp-json\/wp\/v2\/types\/page"}],"author":[{"embeddable":true,"href":"https:\/\/academia.utp.edu.co\/plus\/wp-json\/wp\/v2\/users\/1421"}],"replies":[{"embeddable":true,"href":"https:\/\/academia.utp.edu.co\/plus\/wp-json\/wp\/v2\/comments?post=6131"}],"version-history":[{"count":1,"href":"https:\/\/academia.utp.edu.co\/plus\/wp-json\/wp\/v2\/pages\/6131\/revisions"}],"predecessor-version":[{"id":6161,"href":"https:\/\/academia.utp.edu.co\/plus\/wp-json\/wp\/v2\/pages\/6131\/revisions\/6161"}],"wp:attachment":[{"href":"https:\/\/academia.utp.edu.co\/plus\/wp-json\/wp\/v2\/media?parent=6131"}],"curies":[{"name":"wp","href":"https:\/\/api.w.org\/{rel}","templated":true}]}}