{"id":6181,"date":"2021-05-19T04:21:28","date_gmt":"2021-05-19T04:21:28","guid":{"rendered":"https:\/\/academia.utp.edu.co\/plus\/?page_id=6181"},"modified":"2021-05-24T19:49:44","modified_gmt":"2021-05-24T19:49:44","slug":"maria-daniela-aguirre-loaiza","status":"publish","type":"page","link":"https:\/\/academia.utp.edu.co\/plus\/maria-daniela-aguirre-loaiza\/","title":{"rendered":"Mar\u00eda Daniela Aguirre Loaiza"},"content":{"rendered":"\n<div class=\"wp-block-cover alignfull has-background-dim has-background-gradient has-light-green-cyan-to-vivid-green-cyan-gradient-background\" style=\"min-height:360px;aspect-ratio:unset;\"><div class=\"wp-block-cover__inner-container is-layout-flow wp-block-cover-is-layout-flow\">\n<div style=\"height:100px\" aria-hidden=\"true\" class=\"wp-block-spacer\"><\/div>\n\n\n\n<h1 class=\"has-text-align-center has-neve-text-color-color has-text-color wp-block-heading\">Mar\u00eda Daniela Aguirre Loaiza<\/h1>\n\n\n\n<p class=\"has-text-align-center has-neve-text-color-color has-text-color\">Ambiente Club de Lectura Biling\u00fce<\/p>\n<\/div><\/div>\n\n\n\n<div class=\"wp-block-cover alignfull has-nv-dark-bg-background-color has-background-dim\"><div class=\"wp-block-cover__inner-container is-layout-flow wp-block-cover-is-layout-flow\">\n<div style=\"height:80px\" aria-hidden=\"true\" class=\"wp-block-spacer\"><\/div>\n\n\n\n<div class=\"wp-block-image is-style-rounded\"><figure class=\"aligncenter size-medium is-resized\"><img loading=\"lazy\" decoding=\"async\" src=\"https:\/\/academia.utp.edu.co\/plus\/files\/2021\/05\/WhatsApp-Image-2021-03-26-at-5.22.28-PM-1-225x300.jpeg\" alt=\"\" class=\"wp-image-6201\" width=\"254\" height=\"338\" srcset=\"https:\/\/academia.utp.edu.co\/plus\/files\/2021\/05\/WhatsApp-Image-2021-03-26-at-5.22.28-PM-1-225x300.jpeg 225w, https:\/\/academia.utp.edu.co\/plus\/files\/2021\/05\/WhatsApp-Image-2021-03-26-at-5.22.28-PM-1-769x1024.jpeg 769w, https:\/\/academia.utp.edu.co\/plus\/files\/2021\/05\/WhatsApp-Image-2021-03-26-at-5.22.28-PM-1-768x1023.jpeg 768w, https:\/\/academia.utp.edu.co\/plus\/files\/2021\/05\/WhatsApp-Image-2021-03-26-at-5.22.28-PM-1.jpeg 961w\" sizes=\"auto, (max-width: 254px) 100vw, 254px\" \/><\/figure><\/div>\n\n\n\n<figure class=\"wp-block-pullquote alignwide has-background has-nv-dark-bg-background-color is-style-default\"><blockquote class=\"has-text-color has-nv-site-bg-color\"><p>Mar\u00eda Daniela Aguirre Loaiza naci\u00f3 el 15 de julio del 2001 en Risaralda \/ Dosquebradas. Hace parte del semillero PLUS desde el 03 de marzo del 2021 en cual cumple su rol como coinvestigador en la implementaci\u00f3n de un club de lectura biling\u00fce en las escuelas p\u00fablicas de Pereira. Obtuvo su diploma de b\u00e1sica primaria, en la instituci\u00f3n educativa Agustin Nieto Caballero el 02 de diciembre del 2011, el de secundaria el 27 de noviembre del 2015 en la misma instituci\u00f3n, y su t\u00edtulo de bachiller el 02 de diciembre del 2017 en la instituci\u00f3n educativa La Bella . En este momento se encuentra cursando 7 semestre de la licenciatura en Biling\u00fcismo con \u00c9nfasis en Ingles en la Universidad Tecnol\u00f3gica e Pereira.<\/p><\/blockquote><\/figure>\n\n\n\n<div style=\"height:40px\" aria-hidden=\"true\" class=\"wp-block-spacer\"><\/div>\n<\/div><\/div>\n\n\n\n<div style=\"height:20px\" aria-hidden=\"true\" class=\"wp-block-spacer\"><\/div>\n","protected":false},"excerpt":{"rendered":"","protected":false},"author":1421,"featured_media":0,"parent":0,"menu_order":0,"comment_status":"closed","ping_status":"closed","template":"","meta":{"neve_meta_sidebar":"full-width","neve_meta_container":"","neve_meta_enable_content_width":"on","neve_meta_content_width":100,"neve_meta_title_alignment":"","neve_meta_author_avatar":"","neve_post_elements_order":"","neve_meta_disable_header":"","neve_meta_disable_footer":"","neve_meta_disable_title":"on","footnotes":""},"class_list":["post-6181","page","type-page","status-publish","hentry"],"_links":{"self":[{"href":"https:\/\/academia.utp.edu.co\/plus\/wp-json\/wp\/v2\/pages\/6181","targetHints":{"allow":["GET"]}}],"collection":[{"href":"https:\/\/academia.utp.edu.co\/plus\/wp-json\/wp\/v2\/pages"}],"about":[{"href":"https:\/\/academia.utp.edu.co\/plus\/wp-json\/wp\/v2\/types\/page"}],"author":[{"embeddable":true,"href":"https:\/\/academia.utp.edu.co\/plus\/wp-json\/wp\/v2\/users\/1421"}],"replies":[{"embeddable":true,"href":"https:\/\/academia.utp.edu.co\/plus\/wp-json\/wp\/v2\/comments?post=6181"}],"version-history":[{"count":3,"href":"https:\/\/academia.utp.edu.co\/plus\/wp-json\/wp\/v2\/pages\/6181\/revisions"}],"predecessor-version":[{"id":8601,"href":"https:\/\/academia.utp.edu.co\/plus\/wp-json\/wp\/v2\/pages\/6181\/revisions\/8601"}],"wp:attachment":[{"href":"https:\/\/academia.utp.edu.co\/plus\/wp-json\/wp\/v2\/media?parent=6181"}],"curies":[{"name":"wp","href":"https:\/\/api.w.org\/{rel}","templated":true}]}}