{"id":6241,"date":"2021-05-19T04:28:35","date_gmt":"2021-05-19T04:28:35","guid":{"rendered":"https:\/\/academia.utp.edu.co\/plus\/?page_id=6241"},"modified":"2021-05-19T04:30:09","modified_gmt":"2021-05-19T04:30:09","slug":"paula-andrea-guevara-puerta","status":"publish","type":"page","link":"https:\/\/academia.utp.edu.co\/plus\/paula-andrea-guevara-puerta\/","title":{"rendered":"Paula Andrea Guevara Puerta"},"content":{"rendered":"\n<div class=\"wp-block-cover alignfull has-background-dim has-background-gradient has-blush-light-purple-gradient-background\" style=\"min-height:360px;aspect-ratio:unset;\"><div class=\"wp-block-cover__inner-container is-layout-flow wp-block-cover-is-layout-flow\">\n<h1 class=\"has-text-align-center has-neve-text-color-color has-text-color wp-block-heading\">Paula Andrea Guevara Puerta<\/h1>\n\n\n\n<p class=\"has-text-align-center has-neve-text-color-color has-text-color\"><em>Praxis<\/em><\/p>\n<\/div><\/div>\n\n\n\n<div class=\"wp-block-cover alignfull has-background-dim\" style=\"background-color:#3d66a7\"><div class=\"wp-block-cover__inner-container is-layout-flow wp-block-cover-is-layout-flow\">\n<div style=\"height:80px\" aria-hidden=\"true\" class=\"wp-block-spacer\"><\/div>\n\n\n\n<div class=\"wp-block-image is-style-rounded\"><figure class=\"aligncenter size-medium is-resized\"><img loading=\"lazy\" decoding=\"async\" src=\"https:\/\/academia.utp.edu.co\/plus\/files\/2021\/05\/Paula-Guevara-1-225x300.jpeg\" alt=\"\" class=\"wp-image-6251\" width=\"260\" height=\"328\" \/><\/figure><\/div>\n\n\n\n<figure class=\"wp-block-pullquote alignwide has-background has-nv-dark-bg-background-color is-style-default\"><blockquote class=\"has-text-color has-nv-text-dark-bg-color\"><p>Paula Andrea Guevara Puerta naci\u00f3 el 3 de septiembre del 2000 en Cartagena \/ Bol\u00edvar. Hace parte del semillero PLUS desde el 4 de marzo del 2021 en cual cumple su roll como coinvestigador en la l\u00ednea de praxis con una monograf\u00eda acerca del uso dado a los recursos digitales en las pr\u00e1cticas pedag\u00f3gicas de los estudiantes. Obtuvo su diploma de b\u00e1sica primaria en el colegio San Jos\u00e9 el d\u00eda 30 de noviembre del 2010. As\u00ed mismo, obtuvo su diploma de b\u00e1sica secundaria el d\u00eda 29 de noviembre del 2015 y su t\u00edtulo de bachiller el d\u00eda 5 de diciembre del 2017 en el colegio Luis Carlos Gonz\u00e1lez Mej\u00eda. Actualmente, se encuentra cursando s\u00e9ptimo semestre de la Licenciatura en Biling\u00fcismo con \u00e9nfasis en ingl\u00e9s en la Universidad Tecnol\u00f3gica de Pereira<\/p><\/blockquote><\/figure>\n\n\n\n<div style=\"height:40px\" aria-hidden=\"true\" class=\"wp-block-spacer\"><\/div>\n<\/div><\/div>\n\n\n\n<div style=\"height:20px\" aria-hidden=\"true\" class=\"wp-block-spacer\"><\/div>\n","protected":false},"excerpt":{"rendered":"","protected":false},"author":1421,"featured_media":0,"parent":0,"menu_order":0,"comment_status":"closed","ping_status":"closed","template":"","meta":{"neve_meta_sidebar":"full-width","neve_meta_container":"","neve_meta_enable_content_width":"on","neve_meta_content_width":100,"neve_meta_title_alignment":"","neve_meta_author_avatar":"","neve_post_elements_order":"","neve_meta_disable_header":"","neve_meta_disable_footer":"","neve_meta_disable_title":"on","footnotes":""},"class_list":["post-6241","page","type-page","status-publish","hentry"],"_links":{"self":[{"href":"https:\/\/academia.utp.edu.co\/plus\/wp-json\/wp\/v2\/pages\/6241","targetHints":{"allow":["GET"]}}],"collection":[{"href":"https:\/\/academia.utp.edu.co\/plus\/wp-json\/wp\/v2\/pages"}],"about":[{"href":"https:\/\/academia.utp.edu.co\/plus\/wp-json\/wp\/v2\/types\/page"}],"author":[{"embeddable":true,"href":"https:\/\/academia.utp.edu.co\/plus\/wp-json\/wp\/v2\/users\/1421"}],"replies":[{"embeddable":true,"href":"https:\/\/academia.utp.edu.co\/plus\/wp-json\/wp\/v2\/comments?post=6241"}],"version-history":[{"count":2,"href":"https:\/\/academia.utp.edu.co\/plus\/wp-json\/wp\/v2\/pages\/6241\/revisions"}],"predecessor-version":[{"id":6301,"href":"https:\/\/academia.utp.edu.co\/plus\/wp-json\/wp\/v2\/pages\/6241\/revisions\/6301"}],"wp:attachment":[{"href":"https:\/\/academia.utp.edu.co\/plus\/wp-json\/wp\/v2\/media?parent=6241"}],"curies":[{"name":"wp","href":"https:\/\/api.w.org\/{rel}","templated":true}]}}