{"id":6311,"date":"2021-05-19T04:35:21","date_gmt":"2021-05-19T04:35:21","guid":{"rendered":"https:\/\/academia.utp.edu.co\/plus\/?page_id=6311"},"modified":"2021-05-19T04:35:22","modified_gmt":"2021-05-19T04:35:22","slug":"vanessa-marin-cardona","status":"publish","type":"page","link":"https:\/\/academia.utp.edu.co\/plus\/vanessa-marin-cardona\/","title":{"rendered":"Vanessa Mar\u00edn Cardona"},"content":{"rendered":"\n<div class=\"wp-block-cover alignfull has-background-dim has-background-gradient has-vivid-cyan-blue-to-vivid-purple-gradient-background\" style=\"min-height:360px;aspect-ratio:unset;\"><div class=\"wp-block-cover__inner-container is-layout-flow wp-block-cover-is-layout-flow\">\n<h1 class=\"has-text-align-center has-neve-text-color-color has-text-color wp-block-heading\">Vanessa Mar\u00edn Cardona<\/h1>\n\n\n\n<p class=\"has-text-align-center has-neve-text-color-color has-text-color\">Ambiente cine &#8211; club Transling\u00fce <\/p>\n<\/div><\/div>\n\n\n\n<div class=\"wp-block-cover alignfull has-background-dim\" style=\"background-color:#4a63ac\"><div class=\"wp-block-cover__inner-container is-layout-flow wp-block-cover-is-layout-flow\">\n<div style=\"height:80px\" aria-hidden=\"true\" class=\"wp-block-spacer\"><\/div>\n\n\n\n<div class=\"wp-block-image is-style-rounded\"><figure class=\"aligncenter size-medium is-resized\"><img decoding=\"async\" src=\"https:\/\/academia.utp.edu.co\/plus\/files\/2021\/05\/Vanessa-2-243x300.jpeg\" alt=\"\" class=\"wp-image-6321\" width=\"267\" srcset=\"https:\/\/academia.utp.edu.co\/plus\/files\/2021\/05\/Vanessa-2-243x300.jpeg 243w, https:\/\/academia.utp.edu.co\/plus\/files\/2021\/05\/Vanessa-2.jpeg 573w\" sizes=\"(max-width: 243px) 100vw, 243px\" \/><\/figure><\/div>\n\n\n\n<figure class=\"wp-block-pullquote alignwide has-background has-nv-dark-bg-background-color is-style-default\"><blockquote class=\"has-text-color has-nv-text-dark-bg-color\"><p>Vanessa Mar\u00edn Cardona naci\u00f3 el 12 de mayo de 1999 en Risaralda \/ Pereira. Hace parte del semillero PLUS desde el 6 de marzo de 2021, en el cual cumple su rol como co-investigadora en el \u00e1rea del lenguaje y praxis en un ambiente Transling\u00fce enfocado hacia un Cine-Club Infantil. Obtuvo su diploma de b\u00e1sica primaria en la Instituci\u00f3n Educativa Comunitario Cerritos el 2 de diciembre de 2009 en Pereira, el de secundaria en la Instituci\u00f3n Educativa Pedro Uribe Mej\u00eda y su t\u00edtulo de bachiller en la Instituci\u00f3n Educativa Labour\u00e9 en la ciudad de Santa Rosa de Cabal en 2013 y 2015 respectivamente. Actualmente, se encuentra cursando su s\u00e9ptimo semestre de la licenciatura en Biling\u00fcismo con \u00c9nfasis en Ingles en la universidad tecnol\u00f3gica de Pereira.<\/p><cite>Julia Roberts<\/cite><\/blockquote><\/figure>\n\n\n\n<div style=\"height:40px\" aria-hidden=\"true\" class=\"wp-block-spacer\"><\/div>\n<\/div><\/div>\n\n\n\n<div style=\"height:20px\" aria-hidden=\"true\" class=\"wp-block-spacer\"><\/div>\n","protected":false},"excerpt":{"rendered":"","protected":false},"author":1421,"featured_media":0,"parent":0,"menu_order":0,"comment_status":"closed","ping_status":"closed","template":"","meta":{"neve_meta_sidebar":"full-width","neve_meta_container":"","neve_meta_enable_content_width":"on","neve_meta_content_width":100,"neve_meta_title_alignment":"","neve_meta_author_avatar":"","neve_post_elements_order":"","neve_meta_disable_header":"","neve_meta_disable_footer":"","neve_meta_disable_title":"on","footnotes":""},"class_list":["post-6311","page","type-page","status-publish","hentry"],"_links":{"self":[{"href":"https:\/\/academia.utp.edu.co\/plus\/wp-json\/wp\/v2\/pages\/6311","targetHints":{"allow":["GET"]}}],"collection":[{"href":"https:\/\/academia.utp.edu.co\/plus\/wp-json\/wp\/v2\/pages"}],"about":[{"href":"https:\/\/academia.utp.edu.co\/plus\/wp-json\/wp\/v2\/types\/page"}],"author":[{"embeddable":true,"href":"https:\/\/academia.utp.edu.co\/plus\/wp-json\/wp\/v2\/users\/1421"}],"replies":[{"embeddable":true,"href":"https:\/\/academia.utp.edu.co\/plus\/wp-json\/wp\/v2\/comments?post=6311"}],"version-history":[{"count":1,"href":"https:\/\/academia.utp.edu.co\/plus\/wp-json\/wp\/v2\/pages\/6311\/revisions"}],"predecessor-version":[{"id":6341,"href":"https:\/\/academia.utp.edu.co\/plus\/wp-json\/wp\/v2\/pages\/6311\/revisions\/6341"}],"wp:attachment":[{"href":"https:\/\/academia.utp.edu.co\/plus\/wp-json\/wp\/v2\/media?parent=6311"}],"curies":[{"name":"wp","href":"https:\/\/api.w.org\/{rel}","templated":true}]}}