{"id":6371,"date":"2021-05-19T04:42:13","date_gmt":"2021-05-19T04:42:13","guid":{"rendered":"https:\/\/academia.utp.edu.co\/plus\/?page_id=6371"},"modified":"2021-05-24T19:40:51","modified_gmt":"2021-05-24T19:40:51","slug":"jean-paul-erazo-munoz","status":"publish","type":"page","link":"https:\/\/academia.utp.edu.co\/plus\/jean-paul-erazo-munoz\/","title":{"rendered":"Jean Paul Erazo Mu\u00f1oz"},"content":{"rendered":"\n<div class=\"wp-block-cover alignfull has-background-dim has-background-gradient has-light-green-cyan-to-vivid-green-cyan-gradient-background\" style=\"min-height:360px;aspect-ratio:unset;\"><div class=\"wp-block-cover__inner-container is-layout-flow wp-block-cover-is-layout-flow\">\n<h1 class=\"has-text-align-center has-nv-site-bg-color has-text-color wp-block-heading\">Jean Paul Erazo Mu\u00f1oz<\/h1>\n\n\n\n<p class=\"has-text-align-center has-neve-text-color-color has-text-color\">Praxis<\/p>\n<\/div><\/div>\n\n\n\n<div class=\"wp-block-cover alignfull has-nv-dark-bg-background-color has-background-dim\"><div class=\"wp-block-cover__inner-container is-layout-flow wp-block-cover-is-layout-flow\">\n<div style=\"height:80px\" aria-hidden=\"true\" class=\"wp-block-spacer\"><\/div>\n\n\n\n<div class=\"wp-block-image is-style-rounded\"><figure class=\"aligncenter size-medium is-resized\"><img loading=\"lazy\" decoding=\"async\" src=\"https:\/\/academia.utp.edu.co\/plus\/files\/2021\/05\/WhatsApp-Image-2021-03-27-at-10.12.14-AM-1-178x300.jpeg\" alt=\"\" class=\"wp-image-6391\" width=\"229\" height=\"334\" \/><\/figure><\/div>\n\n\n\n<figure class=\"wp-block-pullquote alignwide has-background has-nv-dark-bg-background-color is-style-default\"><blockquote class=\"has-text-color has-nv-site-bg-color\"><p>Jean Paul Erazo Mu\u00f1oz naci\u00f3 el 28 de junio de 1999 en Caldas \/ Chinchin\u00e1. Hace parte del semillero PLUS desde el 4 de marzo del 2021 en el cual cumple su rol como (coinvestigador) en la l\u00ednea de praxis con una monograf\u00eda acerca del uso que le dan los practicantes de la licenciatura en Biling\u00fcismo a los recursos digitales en sus pr\u00e1cticas pedag\u00f3gicas. Obtuvo su diploma de b\u00e1sica primaria en la escuela San Mart\u00edn de Porres el d\u00eda 7 de diciembre de 2010, el de b\u00e1sica secundaria en el Instituto T\u00e9cnico Marillac el d\u00eda 2 de diciembre de 2014 y su t\u00edtulo bachiller acad\u00e9mico en el mismo instituto el d\u00eda 25 de noviembre de 2016. En este momento se encuentra cursando 7 semestre de la licenciatura en Biling\u00fcismo con \u00c9nfasis en Ingles en la universidad tecnol\u00f3gica e Pereira<\/p><\/blockquote><\/figure>\n\n\n\n<div style=\"height:40px\" aria-hidden=\"true\" class=\"wp-block-spacer\"><\/div>\n<\/div><\/div>\n\n\n\n<div style=\"height:20px\" aria-hidden=\"true\" class=\"wp-block-spacer\"><\/div>\n","protected":false},"excerpt":{"rendered":"","protected":false},"author":1421,"featured_media":0,"parent":0,"menu_order":0,"comment_status":"closed","ping_status":"closed","template":"","meta":{"neve_meta_sidebar":"full-width","neve_meta_container":"","neve_meta_enable_content_width":"on","neve_meta_content_width":100,"neve_meta_title_alignment":"","neve_meta_author_avatar":"","neve_post_elements_order":"","neve_meta_disable_header":"","neve_meta_disable_footer":"","neve_meta_disable_title":"on","footnotes":""},"class_list":["post-6371","page","type-page","status-publish","hentry"],"_links":{"self":[{"href":"https:\/\/academia.utp.edu.co\/plus\/wp-json\/wp\/v2\/pages\/6371","targetHints":{"allow":["GET"]}}],"collection":[{"href":"https:\/\/academia.utp.edu.co\/plus\/wp-json\/wp\/v2\/pages"}],"about":[{"href":"https:\/\/academia.utp.edu.co\/plus\/wp-json\/wp\/v2\/types\/page"}],"author":[{"embeddable":true,"href":"https:\/\/academia.utp.edu.co\/plus\/wp-json\/wp\/v2\/users\/1421"}],"replies":[{"embeddable":true,"href":"https:\/\/academia.utp.edu.co\/plus\/wp-json\/wp\/v2\/comments?post=6371"}],"version-history":[{"count":3,"href":"https:\/\/academia.utp.edu.co\/plus\/wp-json\/wp\/v2\/pages\/6371\/revisions"}],"predecessor-version":[{"id":8521,"href":"https:\/\/academia.utp.edu.co\/plus\/wp-json\/wp\/v2\/pages\/6371\/revisions\/8521"}],"wp:attachment":[{"href":"https:\/\/academia.utp.edu.co\/plus\/wp-json\/wp\/v2\/media?parent=6371"}],"curies":[{"name":"wp","href":"https:\/\/api.w.org\/{rel}","templated":true}]}}