{"id":6521,"date":"2021-05-19T05:17:37","date_gmt":"2021-05-19T05:17:37","guid":{"rendered":"https:\/\/academia.utp.edu.co\/plus\/?page_id=6521"},"modified":"2021-05-24T19:48:04","modified_gmt":"2021-05-24T19:48:04","slug":"manuela-torres-bedoya","status":"publish","type":"page","link":"https:\/\/academia.utp.edu.co\/plus\/manuela-torres-bedoya\/","title":{"rendered":"Manuela Torres Bedoya"},"content":{"rendered":"\n<div class=\"wp-block-cover alignfull has-background-dim has-background-gradient has-light-green-cyan-to-vivid-green-cyan-gradient-background\" style=\"min-height:360px;aspect-ratio:unset;\"><div class=\"wp-block-cover__inner-container is-layout-flow wp-block-cover-is-layout-flow\">\n<h1 class=\"has-text-align-center has-nv-site-bg-color has-text-color wp-block-heading\">Manuela Torres Bedoya<\/h1>\n\n\n\n<p class=\"has-text-align-center has-neve-text-color-color has-text-color\">Ambiente Club de Lectura<\/p>\n<\/div><\/div>\n\n\n\n<div class=\"wp-block-cover alignfull has-nv-dark-bg-background-color has-background-dim\"><div class=\"wp-block-cover__inner-container is-layout-flow wp-block-cover-is-layout-flow\">\n<div style=\"height:80px\" aria-hidden=\"true\" class=\"wp-block-spacer\"><\/div>\n\n\n\n<div class=\"wp-block-image is-style-rounded\"><figure class=\"aligncenter size-large\"><img loading=\"lazy\" decoding=\"async\" width=\"330\" height=\"419\" src=\"https:\/\/academia.utp.edu.co\/plus\/files\/2021\/05\/Manuela-torres-2.png\" alt=\"\" class=\"wp-image-6531\" srcset=\"https:\/\/academia.utp.edu.co\/plus\/files\/2021\/05\/Manuela-torres-2.png 330w, https:\/\/academia.utp.edu.co\/plus\/files\/2021\/05\/Manuela-torres-2-236x300.png 236w\" sizes=\"auto, (max-width: 330px) 100vw, 330px\" \/><\/figure><\/div>\n\n\n\n<figure class=\"wp-block-pullquote alignwide has-background has-nv-dark-bg-background-color is-style-default\"><blockquote class=\"has-text-color has-nv-site-bg-color\"><p>Manuela Torres Bedoya naci\u00f3 el 19 de mayo del 2001 en Risaralda\/Pereira. Es miembro del semillero Plus desde el 15 de marzo del 2021 en el que desempe\u00f1a el rol de investigador en el proyecto de un ambiente transling\u00fce en estudiantes de primaria a trav\u00e9s de un club de lectura. Desempe\u00f1a otros roles en la universidad como miembro del equipo de porrismo de la UTP. Obtuvo su diploma de b\u00e1sica primaria, en la instituci\u00f3n educativa Nuestra Se\u00f1ora de F\u00e1tima el 08 de noviembre del 2006, el de secundaria el 30 de noviembre del 2010 y su t\u00edtulo de bachiller en la misma instituci\u00f3n el 10 de diciembre del 2017. En este momento se encuentra cursando 7 semestre de la licenciatura en Biling\u00fcismo con \u00c9nfasis en Ingles en la universidad tecnol\u00f3gica de Pereira.<\/p><\/blockquote><\/figure>\n\n\n\n<div style=\"height:40px\" aria-hidden=\"true\" class=\"wp-block-spacer\"><\/div>\n<\/div><\/div>\n\n\n\n<div style=\"height:20px\" aria-hidden=\"true\" class=\"wp-block-spacer\"><\/div>\n","protected":false},"excerpt":{"rendered":"","protected":false},"author":1421,"featured_media":0,"parent":0,"menu_order":0,"comment_status":"closed","ping_status":"closed","template":"","meta":{"neve_meta_sidebar":"full-width","neve_meta_container":"","neve_meta_enable_content_width":"on","neve_meta_content_width":100,"neve_meta_title_alignment":"","neve_meta_author_avatar":"","neve_post_elements_order":"","neve_meta_disable_header":"","neve_meta_disable_footer":"","neve_meta_disable_title":"on","footnotes":""},"class_list":["post-6521","page","type-page","status-publish","hentry"],"_links":{"self":[{"href":"https:\/\/academia.utp.edu.co\/plus\/wp-json\/wp\/v2\/pages\/6521","targetHints":{"allow":["GET"]}}],"collection":[{"href":"https:\/\/academia.utp.edu.co\/plus\/wp-json\/wp\/v2\/pages"}],"about":[{"href":"https:\/\/academia.utp.edu.co\/plus\/wp-json\/wp\/v2\/types\/page"}],"author":[{"embeddable":true,"href":"https:\/\/academia.utp.edu.co\/plus\/wp-json\/wp\/v2\/users\/1421"}],"replies":[{"embeddable":true,"href":"https:\/\/academia.utp.edu.co\/plus\/wp-json\/wp\/v2\/comments?post=6521"}],"version-history":[{"count":2,"href":"https:\/\/academia.utp.edu.co\/plus\/wp-json\/wp\/v2\/pages\/6521\/revisions"}],"predecessor-version":[{"id":8581,"href":"https:\/\/academia.utp.edu.co\/plus\/wp-json\/wp\/v2\/pages\/6521\/revisions\/8581"}],"wp:attachment":[{"href":"https:\/\/academia.utp.edu.co\/plus\/wp-json\/wp\/v2\/media?parent=6521"}],"curies":[{"name":"wp","href":"https:\/\/api.w.org\/{rel}","templated":true}]}}