{"id":6571,"date":"2021-05-19T05:23:30","date_gmt":"2021-05-19T05:23:30","guid":{"rendered":"https:\/\/academia.utp.edu.co\/plus\/?page_id=6571"},"modified":"2021-05-24T19:47:16","modified_gmt":"2021-05-24T19:47:16","slug":"luisa-maria-henao-lotero","status":"publish","type":"page","link":"https:\/\/academia.utp.edu.co\/plus\/luisa-maria-henao-lotero\/","title":{"rendered":"Luisa Mar\u00eda Henao Lotero"},"content":{"rendered":"\n<div class=\"wp-block-cover alignfull has-background-dim has-background-gradient has-light-green-cyan-to-vivid-green-cyan-gradient-background\" style=\"min-height:360px;aspect-ratio:unset;\"><div class=\"wp-block-cover__inner-container is-layout-flow wp-block-cover-is-layout-flow\">\n<h1 class=\"has-text-align-center has-nv-site-bg-color has-text-color wp-block-heading\">Luisa Mar\u00eda Henao Lotero<\/h1>\n\n\n\n<p class=\"has-text-align-center has-neve-text-color-color has-text-color\">Ambiente Club de Lectura<\/p>\n<\/div><\/div>\n\n\n\n<div class=\"wp-block-cover alignfull has-nv-dark-bg-background-color has-background-dim\"><div class=\"wp-block-cover__inner-container is-layout-flow wp-block-cover-is-layout-flow\">\n<div style=\"height:80px\" aria-hidden=\"true\" class=\"wp-block-spacer\"><\/div>\n\n\n\n<div class=\"wp-block-image is-style-rounded\"><figure class=\"aligncenter size-large is-resized\"><img decoding=\"async\" src=\"https:\/\/academia.utp.edu.co\/plus\/files\/2021\/05\/Luisa-henao-2.jpg\" alt=\"\" class=\"wp-image-6581\" width=\"267\" srcset=\"https:\/\/academia.utp.edu.co\/plus\/files\/2021\/05\/Luisa-henao-2.jpg 298w, https:\/\/academia.utp.edu.co\/plus\/files\/2021\/05\/Luisa-henao-2-225x300.jpg 225w\" sizes=\"(max-width: 298px) 100vw, 298px\" \/><\/figure><\/div>\n\n\n\n<figure class=\"wp-block-pullquote alignwide has-background has-nv-dark-bg-background-color is-style-default\"><blockquote class=\"has-text-color has-nv-site-bg-color\"><p>Luisa Mar\u00eda Henao Lotero naci\u00f3 el 18 de diciembre del 2000 en Risaralda \/ Bel\u00e9n de Umbr\u00eda. Hace parte del semillero PLUS desde el 15 de marzo del 2021 en cual cumple su roll como coinvestigador en el proyecto de un ambiente Transling\u00fce a trav\u00e9s la actividad extracurricular \u201cclub de lectura\u201d para estudiantes de tercero a quinto grado de primaria. Obtuvo su diploma de b\u00e1sica primaria, en la instituci\u00f3n educativa Luis Carlos Gonzales Mej\u00eda en diciembre del 2011, el de secundaria la instituci\u00f3n Mar\u00eda Auxiliadora en diciembre del 2015 y su t\u00edtulo de bachiller, en la misma instituci\u00f3n, el 7 de diciembre del 2017. En este momento se encuentra cursando 7 semestre de la licenciatura en Biling\u00fcismo con \u00c9nfasis en Ingles en la universidad tecnol\u00f3gica e Pereira.<\/p><\/blockquote><\/figure>\n\n\n\n<div style=\"height:40px\" aria-hidden=\"true\" class=\"wp-block-spacer\"><\/div>\n<\/div><\/div>\n\n\n\n<div style=\"height:20px\" aria-hidden=\"true\" class=\"wp-block-spacer\"><\/div>\n","protected":false},"excerpt":{"rendered":"","protected":false},"author":1421,"featured_media":0,"parent":0,"menu_order":0,"comment_status":"closed","ping_status":"closed","template":"","meta":{"neve_meta_sidebar":"full-width","neve_meta_container":"","neve_meta_enable_content_width":"on","neve_meta_content_width":100,"neve_meta_title_alignment":"","neve_meta_author_avatar":"","neve_post_elements_order":"","neve_meta_disable_header":"","neve_meta_disable_footer":"","neve_meta_disable_title":"on","footnotes":""},"class_list":["post-6571","page","type-page","status-publish","hentry"],"_links":{"self":[{"href":"https:\/\/academia.utp.edu.co\/plus\/wp-json\/wp\/v2\/pages\/6571","targetHints":{"allow":["GET"]}}],"collection":[{"href":"https:\/\/academia.utp.edu.co\/plus\/wp-json\/wp\/v2\/pages"}],"about":[{"href":"https:\/\/academia.utp.edu.co\/plus\/wp-json\/wp\/v2\/types\/page"}],"author":[{"embeddable":true,"href":"https:\/\/academia.utp.edu.co\/plus\/wp-json\/wp\/v2\/users\/1421"}],"replies":[{"embeddable":true,"href":"https:\/\/academia.utp.edu.co\/plus\/wp-json\/wp\/v2\/comments?post=6571"}],"version-history":[{"count":2,"href":"https:\/\/academia.utp.edu.co\/plus\/wp-json\/wp\/v2\/pages\/6571\/revisions"}],"predecessor-version":[{"id":8571,"href":"https:\/\/academia.utp.edu.co\/plus\/wp-json\/wp\/v2\/pages\/6571\/revisions\/8571"}],"wp:attachment":[{"href":"https:\/\/academia.utp.edu.co\/plus\/wp-json\/wp\/v2\/media?parent=6571"}],"curies":[{"name":"wp","href":"https:\/\/api.w.org\/{rel}","templated":true}]}}