{"id":6621,"date":"2021-05-19T05:28:48","date_gmt":"2021-05-19T05:28:48","guid":{"rendered":"https:\/\/academia.utp.edu.co\/plus\/?page_id=6621"},"modified":"2021-05-24T19:40:04","modified_gmt":"2021-05-24T19:40:04","slug":"gizeth-daniela-ortiz-losada","status":"publish","type":"page","link":"https:\/\/academia.utp.edu.co\/plus\/gizeth-daniela-ortiz-losada\/","title":{"rendered":"Gizeth Daniela Ortiz Losada"},"content":{"rendered":"\n<div class=\"wp-block-cover alignfull has-background-dim has-background-gradient has-light-green-cyan-to-vivid-green-cyan-gradient-background\" style=\"min-height:360px;aspect-ratio:unset;\"><div class=\"wp-block-cover__inner-container is-layout-flow wp-block-cover-is-layout-flow\">\n<h1 class=\"has-text-align-center has-nv-site-bg-color has-text-color wp-block-heading\">Gizeth Daniela Ortiz Losada<\/h1>\n\n\n\n<p class=\"has-text-align-center has-neve-text-color-color has-text-color\">Ambiente Cine-club<\/p>\n<\/div><\/div>\n\n\n\n<div class=\"wp-block-cover alignfull has-nv-dark-bg-background-color has-background-dim\"><div class=\"wp-block-cover__inner-container is-layout-flow wp-block-cover-is-layout-flow\">\n<div style=\"height:80px\" aria-hidden=\"true\" class=\"wp-block-spacer\"><\/div>\n\n\n\n<div class=\"wp-block-image is-style-rounded\"><figure class=\"aligncenter size-medium is-resized\"><img loading=\"lazy\" decoding=\"async\" src=\"https:\/\/academia.utp.edu.co\/plus\/files\/2021\/05\/Gizeth-daniela-1-288x300.jpg\" alt=\"\" class=\"wp-image-6631\" width=\"321\" height=\"334\" srcset=\"https:\/\/academia.utp.edu.co\/plus\/files\/2021\/05\/Gizeth-daniela-1-288x300.jpg 288w, https:\/\/academia.utp.edu.co\/plus\/files\/2021\/05\/Gizeth-daniela-1.jpg 469w\" sizes=\"auto, (max-width: 321px) 100vw, 321px\" \/><\/figure><\/div>\n\n\n\n<figure class=\"wp-block-pullquote alignwide has-background has-nv-dark-bg-background-color is-style-default\"><blockquote class=\"has-text-color has-nv-site-bg-color\"><p>Gizeth Daniela Ortiz Losada naci\u00f3 el 17 de junio del 2000 en Huila, Pitalito. Hace parte del semillero PLUS desde el 6 de marzo del 2021 en el cual cumple su rol como investigadora en el \u00e1rea del lenguaje y praxis en un ambiente Transling\u00fce enfocado en la creaci\u00f3n de un Cine-Club infantil. Obtuvo su diploma de b\u00e1sica primaria, en la Instituci\u00f3n Educativa V\u00edctor Manuel Meneses. El 1 de diciembre del 2015 obtuvo su diploma de secundaria y el 6 de diciembre del 2017, su t\u00edtulo de bachillerato en la Instituci\u00f3n Educativa Municipal Nacional. En este momento se encuentra cursando s\u00e9ptimo semestre de la licenciatura en Biling\u00fcismo con \u00c9nfasis en Ingles en la universidad tecnol\u00f3gica de Pereira.<\/p><\/blockquote><\/figure>\n\n\n\n<div style=\"height:40px\" aria-hidden=\"true\" class=\"wp-block-spacer\"><\/div>\n<\/div><\/div>\n\n\n\n<div style=\"height:20px\" aria-hidden=\"true\" class=\"wp-block-spacer\"><\/div>\n\n\n\n<p><\/p>\n","protected":false},"excerpt":{"rendered":"","protected":false},"author":1421,"featured_media":0,"parent":0,"menu_order":0,"comment_status":"closed","ping_status":"closed","template":"","meta":{"neve_meta_sidebar":"full-width","neve_meta_container":"","neve_meta_enable_content_width":"on","neve_meta_content_width":100,"neve_meta_title_alignment":"","neve_meta_author_avatar":"","neve_post_elements_order":"","neve_meta_disable_header":"","neve_meta_disable_footer":"","neve_meta_disable_title":"on","footnotes":""},"class_list":["post-6621","page","type-page","status-publish","hentry"],"_links":{"self":[{"href":"https:\/\/academia.utp.edu.co\/plus\/wp-json\/wp\/v2\/pages\/6621","targetHints":{"allow":["GET"]}}],"collection":[{"href":"https:\/\/academia.utp.edu.co\/plus\/wp-json\/wp\/v2\/pages"}],"about":[{"href":"https:\/\/academia.utp.edu.co\/plus\/wp-json\/wp\/v2\/types\/page"}],"author":[{"embeddable":true,"href":"https:\/\/academia.utp.edu.co\/plus\/wp-json\/wp\/v2\/users\/1421"}],"replies":[{"embeddable":true,"href":"https:\/\/academia.utp.edu.co\/plus\/wp-json\/wp\/v2\/comments?post=6621"}],"version-history":[{"count":2,"href":"https:\/\/academia.utp.edu.co\/plus\/wp-json\/wp\/v2\/pages\/6621\/revisions"}],"predecessor-version":[{"id":8511,"href":"https:\/\/academia.utp.edu.co\/plus\/wp-json\/wp\/v2\/pages\/6621\/revisions\/8511"}],"wp:attachment":[{"href":"https:\/\/academia.utp.edu.co\/plus\/wp-json\/wp\/v2\/media?parent=6621"}],"curies":[{"name":"wp","href":"https:\/\/api.w.org\/{rel}","templated":true}]}}