{"id":8211,"date":"2021-05-24T18:03:10","date_gmt":"2021-05-24T18:03:10","guid":{"rendered":"https:\/\/academia.utp.edu.co\/plus\/?page_id=8211"},"modified":"2021-05-24T19:42:31","modified_gmt":"2021-05-24T19:42:31","slug":"juan-pablo-montoya","status":"publish","type":"page","link":"https:\/\/academia.utp.edu.co\/plus\/juan-pablo-montoya\/","title":{"rendered":"Juan Pablo Montoya"},"content":{"rendered":"\n<div class=\"wp-block-cover alignfull has-background-dim has-background-gradient has-light-green-cyan-to-vivid-green-cyan-gradient-background\" style=\"min-height:360px;aspect-ratio:unset;\"><div class=\"wp-block-cover__inner-container is-layout-flow wp-block-cover-is-layout-flow\">\n<div style=\"height:100px\" aria-hidden=\"true\" class=\"wp-block-spacer\"><\/div>\n\n\n\n<h1 class=\"has-text-align-center has-nv-site-bg-color has-text-color wp-block-heading\">Juan Pablo Montoya<\/h1>\n\n\n\n<p class=\"has-text-align-center has-neve-text-color-color has-text-color\">Ambiente de iniciaci\u00f3n a la cultura deportiva<\/p>\n\n\n\n<div style=\"height:100px\" aria-hidden=\"true\" class=\"wp-block-spacer\"><\/div>\n<\/div><\/div>\n\n\n\n<div class=\"wp-block-cover alignfull has-nv-dark-bg-background-color has-background-dim\"><div class=\"wp-block-cover__inner-container is-layout-flow wp-block-cover-is-layout-flow\">\n<div style=\"height:80px\" aria-hidden=\"true\" class=\"wp-block-spacer\"><\/div>\n\n\n\n<figure class=\"wp-block-image size-full\"><img decoding=\"async\" src=\"https:\/\/api.themeisle.com\/templates-data\/2021\/04\/ebf0233ced7259cf0838b7ba6d3aee078b9yfohh9p7fmlmprcji\/images\/neve-patterns-18.jpg\" alt=\"\" class=\"wp-image-417\" \/><\/figure>\n\n\n\n<figure class=\"wp-block-pullquote alignwide has-background has-nv-dark-bg-background-color is-style-default\"><blockquote class=\"has-text-color has-nv-site-bg-color\"><p>El estudiante Juan Pablo Montoya Vergara, quien naci\u00f3 el 04 de octubre del 2000, en el departamento Risaralda- Municipio Pereira, es miembro activo del semillero PLUS; el rol que desempe\u00f1a dentro del semillero es de investigador. El miembro del semillero entra a ser parte del mismo en el primer semestre del a\u00f1o 2020 a mediados del mes de febrero y as\u00ed mismo, se encuentra trabajando en el Ambiente Transling\u00fce de Formaci\u00f3n Integral con \u00e9nfasis en acondicionamiento f\u00edsico o educaci\u00f3n deportiva. Por otro lado, el estudian Juan Pablo Montoya Vergara es y ha sido monitor de la universidad Tecnol\u00f3gica de Pereira dentro del programa Licenciatura en Biling\u00fcismo con \u00c9nfasis en Ingl\u00e9s en donde se desempe\u00f1a en el \u00e1rea acad\u00e9mica. El estudiante curs\u00f3 sus estudios de b\u00e1sica primaria, b\u00e1sica secundaria y bachiller acad\u00e9mico en la Instituci\u00f3n educativa Rodrigo Arenas desde el a\u00f1o 2005 hasta el 2017. Por \u00faltimo, actualmente el estudiante se encuentra cursando el semestre n\u00famero 7 de la Licenciatura en Biling\u00fcismo con \u00c9nfasis en Ingl\u00e9s.<\/p><\/blockquote><\/figure>\n\n\n\n<div style=\"height:40px\" aria-hidden=\"true\" class=\"wp-block-spacer\"><\/div>\n<\/div><\/div>\n\n\n\n<div style=\"height:20px\" aria-hidden=\"true\" class=\"wp-block-spacer\"><\/div>\n","protected":false},"excerpt":{"rendered":"","protected":false},"author":1421,"featured_media":0,"parent":0,"menu_order":0,"comment_status":"closed","ping_status":"closed","template":"","meta":{"neve_meta_sidebar":"full-width","neve_meta_container":"","neve_meta_enable_content_width":"on","neve_meta_content_width":100,"neve_meta_title_alignment":"","neve_meta_author_avatar":"","neve_post_elements_order":"","neve_meta_disable_header":"","neve_meta_disable_footer":"","neve_meta_disable_title":"","footnotes":""},"class_list":["post-8211","page","type-page","status-publish","hentry"],"_links":{"self":[{"href":"https:\/\/academia.utp.edu.co\/plus\/wp-json\/wp\/v2\/pages\/8211","targetHints":{"allow":["GET"]}}],"collection":[{"href":"https:\/\/academia.utp.edu.co\/plus\/wp-json\/wp\/v2\/pages"}],"about":[{"href":"https:\/\/academia.utp.edu.co\/plus\/wp-json\/wp\/v2\/types\/page"}],"author":[{"embeddable":true,"href":"https:\/\/academia.utp.edu.co\/plus\/wp-json\/wp\/v2\/users\/1421"}],"replies":[{"embeddable":true,"href":"https:\/\/academia.utp.edu.co\/plus\/wp-json\/wp\/v2\/comments?post=8211"}],"version-history":[{"count":2,"href":"https:\/\/academia.utp.edu.co\/plus\/wp-json\/wp\/v2\/pages\/8211\/revisions"}],"predecessor-version":[{"id":8541,"href":"https:\/\/academia.utp.edu.co\/plus\/wp-json\/wp\/v2\/pages\/8211\/revisions\/8541"}],"wp:attachment":[{"href":"https:\/\/academia.utp.edu.co\/plus\/wp-json\/wp\/v2\/media?parent=8211"}],"curies":[{"name":"wp","href":"https:\/\/api.w.org\/{rel}","templated":true}]}}