{"id":8641,"date":"2021-05-24T20:30:36","date_gmt":"2021-05-24T20:30:36","guid":{"rendered":"https:\/\/academia.utp.edu.co\/plus\/?page_id=8641"},"modified":"2021-05-24T20:30:37","modified_gmt":"2021-05-24T20:30:37","slug":"juan-david-cardona","status":"publish","type":"page","link":"https:\/\/academia.utp.edu.co\/plus\/juan-david-cardona\/","title":{"rendered":"Juan David Cardona"},"content":{"rendered":"\n<div class=\"wp-block-cover alignfull has-background-dim has-background-gradient has-light-green-cyan-to-vivid-green-cyan-gradient-background\" style=\"min-height:360px;aspect-ratio:unset;\"><div class=\"wp-block-cover__inner-container is-layout-flow wp-block-cover-is-layout-flow\">\n<div style=\"height:100px\" aria-hidden=\"true\" class=\"wp-block-spacer\"><\/div>\n\n\n\n<h1 class=\"has-text-align-center has-neve-text-color-color has-text-color wp-block-heading\">Juan David Cardona S\u00e1nchez<\/h1>\n\n\n\n<p class=\"has-text-align-center has-neve-text-color-color has-text-color\">Comunicaci\u00f3n y difusi\u00f3n de podcast educativos<\/p>\n\n\n\n<div style=\"height:100px\" aria-hidden=\"true\" class=\"wp-block-spacer\"><\/div>\n<\/div><\/div>\n\n\n\n<div class=\"wp-block-cover alignfull has-nv-dark-bg-background-color has-background-dim\"><div class=\"wp-block-cover__inner-container is-layout-flow wp-block-cover-is-layout-flow\">\n<div style=\"height:80px\" aria-hidden=\"true\" class=\"wp-block-spacer\"><\/div>\n\n\n\n<div class=\"wp-block-image is-style-rounded\"><figure class=\"aligncenter size-medium\"><img loading=\"lazy\" decoding=\"async\" width=\"225\" height=\"300\" src=\"https:\/\/academia.utp.edu.co\/plus\/files\/2021\/05\/WhatsApp-Image-2021-05-22-at-6.22.47-PM-225x300.jpeg\" alt=\"\" class=\"wp-image-8631\" srcset=\"https:\/\/academia.utp.edu.co\/plus\/files\/2021\/05\/WhatsApp-Image-2021-05-22-at-6.22.47-PM-225x300.jpeg 225w, https:\/\/academia.utp.edu.co\/plus\/files\/2021\/05\/WhatsApp-Image-2021-05-22-at-6.22.47-PM-768x1025.jpeg 768w, https:\/\/academia.utp.edu.co\/plus\/files\/2021\/05\/WhatsApp-Image-2021-05-22-at-6.22.47-PM.jpeg 796w\" sizes=\"auto, (max-width: 225px) 100vw, 225px\" \/><\/figure><\/div>\n\n\n\n<figure class=\"wp-block-pullquote alignwide has-background has-nv-dark-bg-background-color is-style-default\"><blockquote class=\"has-text-color has-nv-site-bg-color\"><p>Juan David Cardona S\u00e1nchez naci\u00f3 el 12 de Agosto del 2000 en Risaralda \/ Pereira. Hace parte del semillero PLUS desde el 16 de marzo del 2021 en cual cumple su roll como investigador en la l\u00ednea de la comunicaci\u00f3n por medio de programas de difusi\u00f3n virtuales (podcast). Obtuvo su diploma de b\u00e1sica primaria, en el instituto Santa Rosa de Lima en 2012 y el de bachiller el Instituto t\u00e9cnico Superior de Pereira el 12 de Diciembre del 2017. En este momento se encuentra cursando 7 semestre de la licenciatura en Biling\u00fcismo con \u00c9nfasis en Ingles en la universidad tecnol\u00f3gica de Pereira.<\/p><cite>Julia Roberts<\/cite><\/blockquote><\/figure>\n\n\n\n<div style=\"height:40px\" aria-hidden=\"true\" class=\"wp-block-spacer\"><\/div>\n<\/div><\/div>\n\n\n\n<div style=\"height:20px\" aria-hidden=\"true\" class=\"wp-block-spacer\"><\/div>\n","protected":false},"excerpt":{"rendered":"","protected":false},"author":1421,"featured_media":0,"parent":0,"menu_order":0,"comment_status":"closed","ping_status":"closed","template":"","meta":{"neve_meta_sidebar":"full-width","neve_meta_container":"","neve_meta_enable_content_width":"on","neve_meta_content_width":100,"neve_meta_title_alignment":"","neve_meta_author_avatar":"","neve_post_elements_order":"","neve_meta_disable_header":"","neve_meta_disable_footer":"","neve_meta_disable_title":"on","footnotes":""},"class_list":["post-8641","page","type-page","status-publish","hentry"],"_links":{"self":[{"href":"https:\/\/academia.utp.edu.co\/plus\/wp-json\/wp\/v2\/pages\/8641","targetHints":{"allow":["GET"]}}],"collection":[{"href":"https:\/\/academia.utp.edu.co\/plus\/wp-json\/wp\/v2\/pages"}],"about":[{"href":"https:\/\/academia.utp.edu.co\/plus\/wp-json\/wp\/v2\/types\/page"}],"author":[{"embeddable":true,"href":"https:\/\/academia.utp.edu.co\/plus\/wp-json\/wp\/v2\/users\/1421"}],"replies":[{"embeddable":true,"href":"https:\/\/academia.utp.edu.co\/plus\/wp-json\/wp\/v2\/comments?post=8641"}],"version-history":[{"count":1,"href":"https:\/\/academia.utp.edu.co\/plus\/wp-json\/wp\/v2\/pages\/8641\/revisions"}],"predecessor-version":[{"id":8661,"href":"https:\/\/academia.utp.edu.co\/plus\/wp-json\/wp\/v2\/pages\/8641\/revisions\/8661"}],"wp:attachment":[{"href":"https:\/\/academia.utp.edu.co\/plus\/wp-json\/wp\/v2\/media?parent=8641"}],"curies":[{"name":"wp","href":"https:\/\/api.w.org\/{rel}","templated":true}]}}