{"id":8981,"date":"2021-05-24T22:55:15","date_gmt":"2021-05-24T22:55:15","guid":{"rendered":"https:\/\/academia.utp.edu.co\/plus\/?page_id=8981"},"modified":"2021-05-26T21:33:28","modified_gmt":"2021-05-26T21:33:28","slug":"ambientes-translingues","status":"publish","type":"page","link":"https:\/\/academia.utp.edu.co\/plus\/ambientes-translingues\/","title":{"rendered":"Ambientes transling\u00fces"},"content":{"rendered":"\n<div class=\"wp-block-cover alignfull has-background-dim-70 has-neve-text-color-background-color has-background-dim\" style=\"min-height:600px;aspect-ratio:unset;\"><img loading=\"lazy\" decoding=\"async\" width=\"1920\" height=\"480\" class=\"wp-block-cover__image-background wp-image-9061\" alt=\"\" src=\"https:\/\/academia.utp.edu.co\/plus\/files\/2021\/05\/encabezado.jpg\" style=\"object-position:38% 33%\" data-object-fit=\"cover\" data-object-position=\"38% 33%\" srcset=\"https:\/\/academia.utp.edu.co\/plus\/files\/2021\/05\/encabezado.jpg 1920w, https:\/\/academia.utp.edu.co\/plus\/files\/2021\/05\/encabezado-300x75.jpg 300w, https:\/\/academia.utp.edu.co\/plus\/files\/2021\/05\/encabezado-1024x256.jpg 1024w, https:\/\/academia.utp.edu.co\/plus\/files\/2021\/05\/encabezado-768x192.jpg 768w, https:\/\/academia.utp.edu.co\/plus\/files\/2021\/05\/encabezado-1536x384.jpg 1536w\" sizes=\"auto, (max-width: 1920px) 100vw, 1920px\" \/><div class=\"wp-block-cover__inner-container is-layout-flow wp-block-cover-is-layout-flow\">\n<div style=\"height:140px\" aria-hidden=\"true\" class=\"wp-block-spacer\"><\/div>\n\n\n\n<h1 class=\"has-text-align-center has-nv-site-bg-color has-text-color wp-block-heading\">Ambientes transling\u00fces <\/h1>\n\n\n\n<p class=\"has-text-align-center has-nv-site-bg-color has-text-color\">Aqu\u00ed se encuentran cada uno de los proyectos pertenecientes a Transling\u00fcaland.<\/p>\n\n\n\n<div style=\"height:140px\" aria-hidden=\"true\" class=\"wp-block-spacer\"><\/div>\n<\/div><\/div>\n\n\n\n<div class=\"wp-block-cover alignfull has-nv-site-bg-background-color has-background-dim\" style=\"min-height:200px;aspect-ratio:unset;\"><div class=\"wp-block-cover__inner-container is-layout-flow wp-block-cover-is-layout-flow\">\n<div style=\"height:80px\" aria-hidden=\"true\" class=\"wp-block-spacer\"><\/div>\n\n\n\n<div class=\"wp-block-columns is-layout-flex wp-container-core-columns-is-layout-9d6595d7 wp-block-columns-is-layout-flex\">\n<div class=\"wp-block-column is-vertically-aligned-top is-layout-flow wp-block-column-is-layout-flow\">\n<h2 class=\"has-neve-text-color-color has-text-color wp-block-heading\" style=\"font-size:45px\">Transling\u00fcaland<\/h2>\n\n\n\n<p class=\"has-neve-text-color-color has-text-color\">Proyectos innovadores en la ense\u00f1anza de ingles, los cuales conjugan diferentes medios de aprendizajes art\u00edstico, deportivo y creativo, con  el aprendizaje de nuevos c\u00f3digos ling\u00fc\u00edsticos.<\/p>\n<\/div>\n\n\n\n<div class=\"wp-block-column is-vertically-aligned-top is-layout-flow wp-block-column-is-layout-flow\">\n<figure class=\"wp-block-image size-large is-resized\"><img decoding=\"async\" src=\"https:\/\/academia.utp.edu.co\/plus\/files\/2021\/03\/historia-ambiente-784x1024.jpeg\" alt=\"\" class=\"wp-image-4201\" width=\"366\" srcset=\"https:\/\/academia.utp.edu.co\/plus\/files\/2021\/03\/historia-ambiente-784x1024.jpeg 784w, https:\/\/academia.utp.edu.co\/plus\/files\/2021\/03\/historia-ambiente-230x300.jpeg 230w, https:\/\/academia.utp.edu.co\/plus\/files\/2021\/03\/historia-ambiente-768x1003.jpeg 768w, https:\/\/academia.utp.edu.co\/plus\/files\/2021\/03\/historia-ambiente.jpeg 858w\" sizes=\"(max-width: 784px) 100vw, 784px\" \/><\/figure>\n\n\n\n<h3 class=\"has-neve-text-color-color has-text-color wp-block-heading\">The time machine<\/h3>\n\n\n\n<p class=\"has-neve-text-color-color has-text-color\"><\/p>\n<\/div>\n\n\n\n<div class=\"wp-block-column is-layout-flow wp-block-column-is-layout-flow\">\n<figure class=\"wp-block-image size-large is-resized\"><img decoding=\"async\" src=\"https:\/\/academia.utp.edu.co\/plus\/files\/2021\/03\/WhatsApp-Image-2021-03-25-at-2.30.48-PM-724x1024.jpeg\" alt=\"\" class=\"wp-image-4121\" width=\"338\" srcset=\"https:\/\/academia.utp.edu.co\/plus\/files\/2021\/03\/WhatsApp-Image-2021-03-25-at-2.30.48-PM-724x1024.jpeg 724w, https:\/\/academia.utp.edu.co\/plus\/files\/2021\/03\/WhatsApp-Image-2021-03-25-at-2.30.48-PM-212x300.jpeg 212w, https:\/\/academia.utp.edu.co\/plus\/files\/2021\/03\/WhatsApp-Image-2021-03-25-at-2.30.48-PM-768x1087.jpeg 768w, https:\/\/academia.utp.edu.co\/plus\/files\/2021\/03\/WhatsApp-Image-2021-03-25-at-2.30.48-PM.jpeg 793w\" sizes=\"(max-width: 724px) 100vw, 724px\" \/><\/figure>\n\n\n\n<h3 class=\"has-neve-text-color-color has-text-color wp-block-heading\">Taller L\u00fadico <\/h3>\n\n\n\n<p class=\"has-neve-text-color-color has-text-color\">Franzen bespoke flexitarian, pop-up squid sustainable hella copper mug vape mmetrical.<\/p>\n<\/div>\n<\/div>\n\n\n\n<div style=\"height:50px\" aria-hidden=\"true\" class=\"wp-block-spacer\"><\/div>\n<\/div><\/div>\n\n\n\n<div class=\"wp-block-cover alignfull has-nv-light-bg-background-color has-background-dim\" style=\"min-height:200px;aspect-ratio:unset;\"><div class=\"wp-block-cover__inner-container is-layout-flow wp-block-cover-is-layout-flow\">\n<div style=\"height:80px\" aria-hidden=\"true\" class=\"wp-block-spacer\"><\/div>\n\n\n\n<div class=\"wp-block-columns is-layout-flex wp-container-core-columns-is-layout-9d6595d7 wp-block-columns-is-layout-flex\">\n<div class=\"wp-block-column is-vertically-aligned-center is-layout-flow wp-block-column-is-layout-flow\">\n<div class=\"wp-block-image\"><figure class=\"aligncenter size-full is-resized\"><img loading=\"lazy\" decoding=\"async\" src=\"https:\/\/academia.utp.edu.co\/plus\/files\/2021\/05\/ambiente-arts-and-paint.jpg\" alt=\"\" class=\"wp-image-9041\" width=\"344\" height=\"468\" \/><\/figure><\/div>\n<\/div>\n\n\n\n<div class=\"wp-block-column is-vertically-aligned-center is-layout-flow wp-block-column-is-layout-flow\">\n<h2 class=\"has-text-align-left has-neve-text-color-color has-text-color wp-block-heading\">Taller de artes y pintura<\/h2>\n\n\n\n<p class=\"has-text-align-left has-neve-text-color-color has-text-color\">Lorem ipsum dolor sit amet, consectetur adipiscing elit, sed do eiusmod tempor incididunt ut labore et dolore magna aliqua. Ut enim ad milom lorem veniam, quis nostrud exercitation ullamco laboris nisi Lorem ipsum dolor sit amet, consectetur adipiscing elit, eiusmod tempor incididunt.<\/p>\n\n\n\n<div class=\"wp-block-buttons is-content-justification-left is-layout-flex wp-block-buttons-is-layout-flex\">\n<div class=\"wp-block-button is-style-secondary\"><a class=\"wp-block-button__link\">Secondary Button<\/a><\/div>\n<\/div>\n<\/div>\n<\/div>\n\n\n\n<div style=\"height:30px\" aria-hidden=\"true\" class=\"wp-block-spacer\"><\/div>\n<\/div><\/div>\n\n\n\n<div class=\"wp-block-cover alignfull has-nv-site-bg-background-color has-background-dim\" style=\"min-height:200px;aspect-ratio:unset;\"><div class=\"wp-block-cover__inner-container is-layout-flow wp-block-cover-is-layout-flow\">\n<div style=\"height:80px\" aria-hidden=\"true\" class=\"wp-block-spacer\"><\/div>\n\n\n\n<div class=\"wp-block-columns is-layout-flex wp-container-core-columns-is-layout-9d6595d7 wp-block-columns-is-layout-flex\">\n<div class=\"wp-block-column is-vertically-aligned-center is-layout-flow wp-block-column-is-layout-flow\">\n<h2 class=\"has-text-align-left has-neve-text-color-color has-text-color wp-block-heading\">Paragraph Title<\/h2>\n\n\n\n<p class=\"has-text-align-left has-neve-text-color-color has-text-color\">Lorem ipsum dolor sit amet, consectetur adipiscing elit, sed do eiusmod tempor incididunt ut labore et dolore magna aliqua. Ut enim ad mi eam, quis nostrud exercitation ullamco laboris nisi Lorem ipsum dolor sit amet, consectetur adipiscing elit, sed do eiusmod tempor incididunt ut labore.<\/p>\n\n\n\n<div class=\"wp-block-buttons is-content-justification-left is-layout-flex wp-block-buttons-is-layout-flex\">\n<div class=\"wp-block-button is-style-primary\"><a class=\"wp-block-button__link\">Primary Button<\/a><\/div>\n<\/div>\n<\/div>\n\n\n\n<div class=\"wp-block-column is-vertically-aligned-center is-layout-flow wp-block-column-is-layout-flow\">\n<figure class=\"wp-block-image size-large\"><img decoding=\"async\" src=\"https:\/\/api.themeisle.com\/templates-data\/2021\/05\/ebf0233ced7259cf0838b7ba6d3aee07gucrc9kuyncfd6tomp58\/images\/neve-patterns-20.jpg\" alt=\"\" class=\"wp-image-419\" \/><\/figure>\n<\/div>\n<\/div>\n\n\n\n<div style=\"height:30px\" aria-hidden=\"true\" class=\"wp-block-spacer\"><\/div>\n<\/div><\/div>\n\n\n\n<div class=\"wp-block-cover alignfull has-nv-dark-bg-background-color has-background-dim\" style=\"min-height:400px;aspect-ratio:unset;\"><div class=\"wp-block-cover__inner-container is-layout-flow wp-block-cover-is-layout-flow\">\n<div style=\"height:80px\" aria-hidden=\"true\" class=\"wp-block-spacer\"><\/div>\n\n\n\n<h2 class=\"has-text-align-center has-nv-text-dark-bg-color has-text-color wp-block-heading\">Call To Action<\/h2>\n\n\n\n<div style=\"height:20px\" aria-hidden=\"true\" class=\"wp-block-spacer\"><\/div>\n\n\n\n<p class=\"has-text-align-center has-nv-text-dark-bg-color has-text-color\">Synergestic actionables. Organic growth deep dive but circle back or but <br>what\u2019s the real problem we\u2019re trying to solve here<\/p>\n\n\n\n<div style=\"height:20px\" aria-hidden=\"true\" class=\"wp-block-spacer\"><\/div>\n\n\n\n<div class=\"wp-block-buttons is-content-justification-center is-layout-flex wp-block-buttons-is-layout-flex\">\n<div class=\"wp-block-button is-style-secondary\"><a class=\"wp-block-button__link\">Secondary Button<\/a><\/div>\n<\/div>\n\n\n\n<div style=\"height:80px\" aria-hidden=\"true\" class=\"wp-block-spacer\"><\/div>\n<\/div><\/div>\n","protected":false},"excerpt":{"rendered":"","protected":false},"author":1421,"featured_media":0,"parent":0,"menu_order":0,"comment_status":"closed","ping_status":"closed","template":"","meta":{"neve_meta_sidebar":"full-width","neve_meta_container":"","neve_meta_enable_content_width":"on","neve_meta_content_width":100,"neve_meta_title_alignment":"","neve_meta_author_avatar":"","neve_post_elements_order":"","neve_meta_disable_header":"","neve_meta_disable_footer":"","neve_meta_disable_title":"on","footnotes":""},"class_list":["post-8981","page","type-page","status-publish","hentry"],"_links":{"self":[{"href":"https:\/\/academia.utp.edu.co\/plus\/wp-json\/wp\/v2\/pages\/8981","targetHints":{"allow":["GET"]}}],"collection":[{"href":"https:\/\/academia.utp.edu.co\/plus\/wp-json\/wp\/v2\/pages"}],"about":[{"href":"https:\/\/academia.utp.edu.co\/plus\/wp-json\/wp\/v2\/types\/page"}],"author":[{"embeddable":true,"href":"https:\/\/academia.utp.edu.co\/plus\/wp-json\/wp\/v2\/users\/1421"}],"replies":[{"embeddable":true,"href":"https:\/\/academia.utp.edu.co\/plus\/wp-json\/wp\/v2\/comments?post=8981"}],"version-history":[{"count":3,"href":"https:\/\/academia.utp.edu.co\/plus\/wp-json\/wp\/v2\/pages\/8981\/revisions"}],"predecessor-version":[{"id":9071,"href":"https:\/\/academia.utp.edu.co\/plus\/wp-json\/wp\/v2\/pages\/8981\/revisions\/9071"}],"wp:attachment":[{"href":"https:\/\/academia.utp.edu.co\/plus\/wp-json\/wp\/v2\/media?parent=8981"}],"curies":[{"name":"wp","href":"https:\/\/api.w.org\/{rel}","templated":true}]}}