{"id":2081,"date":"2023-01-15T18:46:16","date_gmt":"2023-01-15T23:46:16","guid":{"rendered":"https:\/\/academia.utp.edu.co\/practica-ambiental-interdisciplinaria\/?page_id=2081"},"modified":"2023-02-03T10:20:10","modified_gmt":"2023-02-03T15:20:10","slug":"tesis-y-disertaciones","status":"publish","type":"page","link":"https:\/\/academia.utp.edu.co\/practica-ambiental-interdisciplinaria\/tesis-y-disertaciones\/","title":{"rendered":"Trabajos de grado"},"content":{"rendered":"\n<p class=\"has-cyan-bluish-gray-background-color has-background\"><strong>Sobre problem\u00e1ticas ambientales<\/strong> <strong>territoriales<\/strong><\/p>\n\n\n\n<p>\ud83d\udcd1 <strong>Cucu\u00f1ame, J &amp; M\u00fanera, E.<\/strong> 2022. <em>Estrategia de gesti\u00f3n ambiental local a partir de la comprensi\u00f3n de la problem\u00e1tica y las potencialidades ambientales del barrio bosques de la milagrosa, municipio de la Virginia. <\/em>Pereira, Risaralda. Trabajo de grado del programa Administraci\u00f3n Ambiental de la Universidad Tecnol\u00f3gica de Pereira. Disponible en: <a href=\"https:\/\/repositorio.utp.edu.co\/items\/60bccd15-d29e-48b5-aeee-6ee09f4d538e\/full\" target=\"_blank\" rel=\"noreferrer noopener\">https:\/\/repositorio.utp.edu.co\/items\/60bccd15-d29e-48b5-aeee-6ee09f4d538e\/full<\/a><\/p>\n\n\n\n<p>\ud83d\udcd1 <strong>Agudelo, M &amp; Casta\u00f1o, C.<\/strong> 2020. <em>Lineamientos estrat\u00e9gicos para un plan de gesti\u00f3n municipal en Viterbo, Caldas.<\/em> Pereira, Risaralda. Trabajo de grado del programa Administraci\u00f3n Ambiental de la Universidad Tecnol\u00f3gica de Pereira. Disponible en: <a href=\"https:\/\/repositorio.utp.edu.co\/items\/f136e42e-b605-4ecd-92ae-cdddb67e9e57\" target=\"_blank\" rel=\"noreferrer noopener\">https:\/\/repositorio.utp.edu.co\/items\/f136e42e-b605-4ecd-92ae-cdddb67e9e57<\/a><\/p>\n\n\n\n<p>\ud83d\udcd1 <strong>Ladino, J &amp; Torres, L. <\/strong>2020. <em>Lineamientos de gesti\u00f3n ambiental para contribuir a la soluci\u00f3n de la problem\u00e1tica ambiental del barrio Pueblo Nuevo del municipio de Viterbo, Caldas<\/em>. &nbsp;Pereira, Risaralda. Trabajo de grado del programa Administraci\u00f3n Ambiental de la Universidad Tecnol\u00f3gica de Pereira. Disponible en: <a href=\"https:\/\/repositorio.utp.edu.co\/items\/63e99269-f29a-40c2-94ac-33bdd7712209\" target=\"_blank\" rel=\"noreferrer noopener\">https:\/\/repositorio.utp.edu.co\/items\/63e99269-f29a-40c2-94ac-33bdd7712209<\/a><\/p>\n\n\n\n<p>\ud83d\udcd1 <strong>Duque, L &amp; Marulanda, J.<\/strong> 2017. <em>Criterios para formular un plan de gesti\u00f3n ambiental territorial en el casco urbano del municipio de Ap\u00eda<\/em>, <em>Risaralda.<\/em> Pereira, Risaralda. Trabajo de grado del programa Administraci\u00f3n Ambiental de la Universidad Tecnol\u00f3gica de Pereira. Disponible en: <a href=\"https:\/\/repositorio.utp.edu.co\/handle\/11059\/8289\" target=\"_blank\" rel=\"noreferrer noopener\">https:\/\/repositorio.utp.edu.co\/handle\/11059\/8289<\/a><\/p>\n\n\n\n<p>\ud83d\udcd1 <strong>Garcia, G.<\/strong> 2019. <em>Un aporte a la administraci\u00f3n efectiva de la demanda Ambiental para el municipio Gu\u00e1tica, Risaralda<\/em>. Pereira, Risaralda. Trabajo de grado del programa Administraci\u00f3n Ambiental de la Universidad Tecnol\u00f3gica de Pereira. Disponible en: <a href=\"https:\/\/repositorio.utp.edu.co\/server\/api\/core\/bitstreams\/666890de-be55-4041-a69b-7e1528384885\/content\" target=\"_blank\" rel=\"noreferrer noopener\">https:\/\/repositorio.utp.edu.co\/server\/api\/core\/bitstreams\/666890de-be55-4041-a69b-7e1528384885\/content<\/a><\/p>\n\n\n\n<p>\ud83d\udcd1 <strong>Rivera, M. 2016. <\/strong><em>Los procesos de asociatividad rural como alternativa sustentable para la agricultura cafetera. caso de estudio: Asociaci\u00f3n de cultivadores de Ap\u00eda \u2013 Asoap\u00eda<\/em>. Pereira, Risaralda. Trabajo de grado del programa Administraci\u00f3n Ambiental de la Universidad Tecnol\u00f3gica de Pereira. Disponible en: <a href=\"https:\/\/repositorio.utp.edu.co\/items\/357ff397-6d4a-4cde-b662-e67ade462479\" target=\"_blank\" rel=\"noreferrer noopener\">https:\/\/repositorio.utp.edu.co\/items\/357ff397-6d4a-4cde-b662-e67ade462479<\/a><\/p>\n\n\n\n<p>\ud83d\udcd1 <strong>Giraldo, M &amp; Hidalgo, E.<\/strong> 2019.<em> Tras las huellas de historia ambiental en la vereda el retiro, corregimiento de Morelia, Pereira<\/em>. Risaralda. Trabajo de grado del programa Administraci\u00f3n Ambiental de la Universidad Tecnol\u00f3gica de Pereira. Disponible en: <a href=\"https:\/\/repositorio.utp.edu.co\/items\/6b0a36fd-3bc2-4754-88cf-6294090387d8\" target=\"_blank\" rel=\"noreferrer noopener\">https:\/\/repositorio.utp.edu.co\/items\/6b0a36fd-3bc2-4754-88cf-6294090387d8<\/a><\/p>\n\n\n\n<p>\ud83d\udcd1 <strong>Palacios, H &amp; Fuentes, S. <\/strong>2016.<strong> <\/strong><em>Lineamientos para un plan de gesti\u00f3n ambiental vereda Agualinda, Ap\u00eda Risaralda 2022.<\/em> Pereira, Risaralda. Trabajo de grado del programa Administraci\u00f3n Ambiental de la Universidad Tecnol\u00f3gica de Pereira. Disponible en: <a rel=\"noreferrer noopener\" href=\"https:\/\/repositorio.utp.edu.co\/items\/e7ca021d-c422-4781-ae59-dfa19e82d0bf\" target=\"_blank\">https:\/\/repositorio.utp.edu.co\/items\/e7ca021d-c422-4781-ae59-dfa19e82d0bf<\/a><\/p>\n\n\n\n<p>\ud83d\udcd1 <strong>Valencia, V. <\/strong>2013.<strong> <\/strong><em>Propuesta de gesti\u00f3n local en salud ambiental para siete barrios del tramo urbano uno, dos y tres del rio Consota.<\/em> Pereira, Risaralda. Pereira, Risaralda. Trabajo de grado del programa Administraci\u00f3n Ambiental de la Universidad Tecnol\u00f3gica de Pereira. Disponible en: <a rel=\"noreferrer noopener\" href=\"https:\/\/repositorio.utp.edu.co\/items\/a2e5cd5d-131f-450e-8416-7bb75f111b79\/full\" target=\"_blank\">https:\/\/repositorio.utp.edu.co\/items\/a2e5cd5d-131f-450e-8416-7bb75f111b79\/full<\/a><\/p>\n\n\n\n<p>\ud83d\udcd1 <strong>Pineda, M &amp; Quimbayo, K.<\/strong> 2011. <em>Lineamientos proyectuales para la gesti\u00f3n ambiental del corredor rururbano Ot\u00fan-Consot\u00e1 de Pereira<\/em>. Risaralda. Trabajo de grado del programa Administraci\u00f3n Ambiental de la Universidad Tecnol\u00f3gica de Pereira. Disponible en: <a rel=\"noreferrer noopener\" href=\"https:\/\/repositorio.utp.edu.co\/server\/api\/core\/bitstreams\/ab989554-a0d3-4874-a3a4-47e0c49d8f83\/content\" target=\"_blank\">https:\/\/repositorio.utp.edu.co\/server\/api\/core\/bitstreams\/ab989554-a0d3-4874-a3a4-47e0c49d8f83\/content<\/a><\/p>\n\n\n\n<p><\/p>\n\n\n\n<p class=\"has-cyan-bluish-gray-background-color has-background\"><strong>De reflexi\u00f3n sobre la Pr\u00e1ctica Ambiental Interdisciplinaria<\/strong><\/p>\n\n\n\n<p>\ud83d\udcd1 <strong>Rinc\u00f3n, M. <\/strong>2019. <em>El enfoque de sistemas aplicado a un estudio sobre la administraci\u00f3n curricular de la pr\u00e1ctica ambiental interdisciplinaria: programa de Administraci\u00f3n Ambiental &#8211; Universidad Tecnol\u00f3gica de Pereira<\/em>. Risaralda. Trabajo de grado del programa Administraci\u00f3n Ambiental de la Universidad Tecnol\u00f3gica de Pereira. Disponible en: <a rel=\"noreferrer noopener\" href=\"https:\/\/repositorio.utp.edu.co\/items\/c8fdcbca-d279-4b28-a668-ed7822885658\/full\" target=\"_blank\">https:\/\/repositorio.utp.edu.co\/items\/c8fdcbca-d279-4b28-a668-ed7822885658\/full<\/a><\/p>\n\n\n\n<p>\ud83d\udcd1 <strong>Arredondo, O &amp; Casta\u00f1o, C. <\/strong>2018.<strong> <\/strong><em>Comprensi\u00f3n de la profesi\u00f3n del Administrador Ambiental, en la comunidad educativa del programa de Administraci\u00f3n Ambiental de la Facultad de Ciencias Ambientales de la Universidad Tecnol\u00f3gica de Pereira<\/em>. Risaralda. Trabajo de grado del programa Administraci\u00f3n Ambiental de la Universidad Tecnol\u00f3gica de Pereira. Disponible en: <a rel=\"noreferrer noopener\" href=\"https:\/\/repositorio.utp.edu.co\/items\/c1a61818-5620-4255-8f54-16a3fe59443c\" target=\"_blank\">https:\/\/repositorio.utp.edu.co\/items\/c1a61818-5620-4255-8f54-16a3fe59443c<\/a><\/p>\n\n\n\n<p><\/p>\n\n\n\n<p class=\"has-cyan-bluish-gray-background-color has-background\"><strong>Sobre agendas ambientales municipales<\/strong><\/p>\n\n\n\n<p>\ud83d\udcd1 (**) <strong>Palacios, H &amp; Fuentes, S.<\/strong> 2022. L<em>ineamientos para un plan de gesti\u00f3n ambiental Vereda Agualinda, Ap\u00eda Risaralda 2022<\/em>. Pereira, Risaralda. Trabajo de grado del programa Administraci\u00f3n Ambiental de la Universidad Tecnol\u00f3gica de Pereira. Disponible en:&nbsp;<a rel=\"noreferrer noopener\" href=\"https:\/\/repositorio.utp.edu.co\/server\/api\/core\/bitstreams\/5d5df82b-585b-46cd-bcb5-352cfe1a5020\/content\" target=\"_blank\">https:\/\/repositorio.utp.edu.co\/server\/api\/core\/bitstreams\/5d5df82b-585b-46cd-bcb5-352cfe1a5020\/content<\/a><\/p>\n\n\n\n<p>\ud83d\udcd1 (*)&nbsp;<strong>Potes, A.<\/strong> 2020. <em>El Sistema de Gesti\u00f3n Ambiental Municipal \u201cuna mirada desde la proyectaci\u00f3n ambiental\u201d estudio de caso Municipio de Pueblo Rico, Risaralda<\/em>. Pereira, Risaralda. Trabajo de grado del programa Administraci\u00f3n Ambiental de la Universidad Tecnol\u00f3gica de Pereira. Disponible en: <a href=\"https:\/\/repositorio.utp.edu.co\/items\/8f86ef73-d080-4a63-847e-49250c2a8a26\" target=\"_blank\" rel=\"noreferrer noopener\">https:\/\/repositorio.utp.edu.co\/items\/8f86ef73-d080-4a63-847e-49250c2a8a26<\/a><\/p>\n\n\n\n<p>\ud83d\udcd1 (*)&nbsp;<strong>Arias, E.<\/strong> 2020. <em>Gesti\u00f3n ambiental sist\u00e9mica: orientaciones estrat\u00e9gicas para la gesti\u00f3n ambiental municipal de Pereira, Colombia<\/em>. Pereira, Risaralda. Investigaci\u00f3n realizada en el marco de la Maestr\u00eda en Ciencias Ambientales de la Universidad Tecnol\u00f3gica de Pereira. Disponible en:&nbsp; <a href=\"https:\/\/repositorio.utp.edu.co\/server\/api\/core\/bitstreams\/46384da8-8fb3-40b3-94f6-f28cd32b6f97\/content\" target=\"_blank\" rel=\"noreferrer noopener\">https:\/\/repositorio.utp.edu.co\/server\/api\/core\/bitstreams\/46384da8-8fb3-40b3-94f6-f28cd32b6f97\/content<\/a><\/p>\n\n\n\n<p>\ud83d\udcd1 (*)&nbsp;<strong>Posada, J. <\/strong>2018. <em>Evaluaci\u00f3n de la estructura organizacional del sistema de gesti\u00f3n ambiental -SIGAM- del municipio de Pereira. <\/em>Risaralda. Trabajo de grado del programa Administraci\u00f3n Ambiental de la Universidad Tecnol\u00f3gica de Pereira. Disponible en: &nbsp;<a href=\"https:\/\/repositorio.utp.edu.co\/items\/2e35c123-ee3c-4a2e-9de5-0c4da5af7f5e\" target=\"_blank\" rel=\"noreferrer noopener\">https:\/\/repositorio.utp.edu.co\/items\/2e35c123-ee3c-4a2e-9de5-0c4da5af7f5e<\/a><\/p>\n\n\n\n<p>\ud83d\udcd1 (**)&nbsp;<strong>Duque, L &amp; Marulanda, J.<\/strong> 2017. <em>Criterios para formular un plan de gesti\u00f3n ambiental territorial en el casco urbano del municipio de Ap\u00eda, Risaralda.<\/em> Pereira, Risaralda. Trabajo de grado del programa Administraci\u00f3n Ambiental de la Universidad Tecnol\u00f3gica de Pereira. Disponible en: <a href=\"https:\/\/repositorio.utp.edu.co\/items\/859527bc-91a8-4dca-8daa-af7e4c12c2ae\" target=\"_blank\" rel=\"noreferrer noopener\">https:\/\/repositorio.utp.edu.co\/items\/859527bc-91a8-4dca-8daa-af7e4c12c2ae<\/a><\/p>\n\n\n\n<p>\ud83d\udcd1 (*)&nbsp;<strong>Heredia, J.<\/strong> 2017. <em>Propuesta metodol\u00f3gica para la formulaci\u00f3n del sistema de gesti\u00f3n ambiental municipal, Anserma Caldas<a>. <\/a><\/em>Pereira, Risaralda. Trabajo de grado del programa Administraci\u00f3n Ambiental de la Universidad Tecnol\u00f3gica de Pereira. Disponible en: <a href=\"https:\/\/repositorio.utp.edu.co\/server\/api\/core\/bitstreams\/31ce9369-af55-41fc-aaf1-f733feeef39c\/content\" target=\"_blank\" rel=\"noreferrer noopener\">https:\/\/repositorio.utp.edu.co\/server\/api\/core\/bitstreams\/31ce9369-af55-41fc-aaf1-f733feeef39c\/content<\/a><\/p>\n\n\n\n<p>\ud83d\udcd1 (*)&nbsp;<strong>Obando, A.<\/strong> 2014. <em>Estrategia para la implementaci\u00f3n del sistema de gesti\u00f3n ambiental municipal (SIGAM) en el municipio de Quinch\u00eda Risaralda.<\/em> Pereira, Risaralda. Trabajo de grado del programa Administraci\u00f3n Ambiental de la Universidad Tecnol\u00f3gica de Pereira. Disponible en:&nbsp; <a rel=\"noreferrer noopener\" href=\"https:\/\/repositorio.utp.edu.co\/items\/aeb1fbf5-ad20-4a46-b4a8-120428063b9d\" target=\"_blank\">https:\/\/repositorio.utp.edu.co\/items\/aeb1fbf5-ad20-4a46-b4a8-120428063b9d<\/a><\/p>\n\n\n\n<p>\ud83d\udcd1 (*)&nbsp;<strong>Ram\u00edrez, L.<\/strong> 2013. <em>Propuesta de actualizaci\u00f3n para la agenda ambiental en el municipio de Marsella Risaralda. Pereira, Risaralda<\/em>. Trabajo de grado del programa Administraci\u00f3n Ambiental de la Universidad Tecnol\u00f3gica de Pereira. Disponible en: <a href=\"https:\/\/repositorio.utp.edu.co\/items\/bf557fb2-3886-4e36-b598-8776e49a09c0\" target=\"_blank\" rel=\"noreferrer noopener\">https:\/\/repositorio.utp.edu.co\/items\/bf557fb2-3886-4e36-b598-8776e49a09c0<\/a><\/p>\n\n\n\n<p>\ud83d\udcd1 (*)&nbsp;<strong>Vald\u00e9s, A.<\/strong> 2011. <em>Acciones para el mejoramiento del sistema de gesti\u00f3n ambiental del municipio de La Virginia, Risaralda<\/em>. Pereira, Risaralda. Trabajo de grado del programa Administraci\u00f3n Ambiental de la Universidad Tecnol\u00f3gica de Pereira. Disponible en:&nbsp; <a href=\"https:\/\/repositorio.utp.edu.co\/items\/d9fce7cc-a22f-45db-a216-cbb3bf4d4360\" target=\"_blank\" rel=\"noreferrer noopener\">https:\/\/repositorio.utp.edu.co\/items\/d9fce7cc-a22f-45db-a216-cbb3bf4d4360<\/a><\/p>\n\n\n\n<p>\ud83d\udcd1 (*)&nbsp;<strong>Castro, Y.<\/strong> 2009. <em>Estrategias para dinamizar el Sistema de Gesti\u00f3n Ambiental municipal &#8211; SIGAM &#8211; del municipio de Santuario Risaralda<\/em>. Pereira, Risaralda. Trabajo de grado del programa Administraci\u00f3n Ambiental de la Universidad Tecnol\u00f3gica de Pereira. Disponible en:&nbsp; <a rel=\"noreferrer noopener\" href=\"https:\/\/repositorio.utp.edu.co\/items\/13599e97-c91e-4ea6-a6fe-11de82a72747\" target=\"_blank\">https:\/\/repositorio.utp.edu.co\/items\/13599e97-c91e-4ea6-a6fe-11de82a72747<\/a><\/p>\n\n\n\n<p>\ud83d\udcd1 (*)&nbsp;<strong>Jim\u00e9nez, J.<\/strong> 2009. Estrategias para dinamizar el Sistema de Gesti\u00f3n ambiental Municipal &#8211; SIGAM &#8211; del municipio de Ap\u00eda Risaralda. Pereira, Risaralda. Trabajo de grado del programa Administraci\u00f3n Ambiental de la Universidad Tecnol\u00f3gica de Pereira. Disponible en:&nbsp; <a href=\"https:\/\/core.ac.uk\/download\/pdf\/71395635.pdf\" target=\"_blank\" rel=\"noreferrer noopener\">https:\/\/core.ac.uk\/download\/pdf\/71395635.pdf<\/a><\/p>\n\n\n\n<p>\ud83d\udcd1 (*) <strong>Posada, V.<\/strong> 2009. <em>Propuesta para la implementaci\u00f3n del sistema de gesti\u00f3n ambiental municipal : Caso Municipio de Marsella, Risaralda<\/em>. Pereira, Risaralda. Trabajo de grado del programa Administraci\u00f3n Ambiental de la Universidad Tecnol\u00f3gica de Pereira. Disponible en: &nbsp;<a rel=\"noreferrer noopener\" href=\"https:\/\/repositorio.utp.edu.co\/items\/74b2b1ef-36de-4d10-a78d-42dc9d085e15\/full\" target=\"_blank\">https:\/\/repositorio.utp.edu.co\/items\/74b2b1ef-36de-4d10-a78d-42dc9d085e15\/full<\/a>&nbsp;&nbsp;<\/p>\n\n\n\n<p>\ud83d\udcd1 (*) <strong>Burgos, L.<\/strong> 2008. &nbsp;<em>Apoyo a la operaci\u00f3n del sistema de gesti\u00f3n ambiental municipal (SIGAM) del Municipio de Balboa, Risaralda<\/em>. Pereira, Risaralda. Trabajo de grado del programa Administraci\u00f3n Ambiental de la Universidad Tecnol\u00f3gica de Pereira. Disponible en: &nbsp;<a rel=\"noreferrer noopener\" href=\"https:\/\/repositorio.utp.edu.co\/items\/14082d09-e7ea-4101-945c-96d614b085f2\" target=\"_blank\">https:\/\/repositorio.utp.edu.co\/items\/14082d09-e7ea-4101-945c-96d614b085f2<\/a><\/p>\n\n\n\n<hr class=\"wp-block-separator has-alpha-channel-opacity\" \/>\n\n\n\n<p class=\"has-small-font-size\">(*) Trabajos de grado y pr\u00e1cticas empresariales, dirigidos desde el Departamento de Ciencias Administrativas y el Centro de Gesti\u00f3n Ambiental de la Universidad Tecnol\u00f3gica de Pereira.<\/p>\n\n\n\n<p class=\"has-small-font-size\">(**) Proyectos de grado dirigidos desde el Departamento de Estudios Interdisciplinarios, en el marco de la \u201cPr\u00e1ctica Ambiental Interdisciplinaria\u201d.<\/p>\n","protected":false},"excerpt":{"rendered":"<p>Sobre problem\u00e1ticas ambientales territoriales \ud83d\udcd1 Cucu\u00f1ame, J &amp; M\u00fanera, E. 2022. Estrategia de gesti\u00f3n ambiental local a partir de la comprensi\u00f3n de la problem\u00e1tica y las potencialidades ambientales del barrio <a href=\"https:\/\/academia.utp.edu.co\/practica-ambiental-interdisciplinaria\/tesis-y-disertaciones\/\" rel=\"nofollow\"><span class=\"sr-only\">Leer m\u00e1sTrabajos de grado<\/span>[&hellip;]<\/a><\/p>\n","protected":false},"author":1861,"featured_media":0,"parent":0,"menu_order":0,"comment_status":"closed","ping_status":"closed","template":"template-fullwidth.php","meta":{"_EventAllDay":false,"_EventTimezone":"","_EventStartDate":"","_EventEndDate":"","_EventStartDateUTC":"","_EventEndDateUTC":"","_EventShowMap":false,"_EventShowMapLink":false,"_EventURL":"","_EventCost":"","_EventCostDescription":"","_EventCurrencySymbol":"","_EventCurrencyCode":"","_EventCurrencyPosition":"","_EventDateTimeSeparator":"","_EventTimeRangeSeparator":"","_EventOrganizerID":[],"_EventVenueID":[],"_OrganizerEmail":"","_OrganizerPhone":"","_OrganizerWebsite":"","_VenueAddress":"","_VenueCity":"","_VenueCountry":"","_VenueProvince":"","_VenueState":"","_VenueZip":"","_VenuePhone":"","_VenueURL":"","_VenueStateProvince":"","_VenueLat":"","_VenueLng":"","_VenueShowMap":false,"_VenueShowMapLink":false,"footnotes":""},"class_list":["post-2081","page","type-page","status-publish","hentry"],"_links":{"self":[{"href":"https:\/\/academia.utp.edu.co\/practica-ambiental-interdisciplinaria\/wp-json\/wp\/v2\/pages\/2081","targetHints":{"allow":["GET"]}}],"collection":[{"href":"https:\/\/academia.utp.edu.co\/practica-ambiental-interdisciplinaria\/wp-json\/wp\/v2\/pages"}],"about":[{"href":"https:\/\/academia.utp.edu.co\/practica-ambiental-interdisciplinaria\/wp-json\/wp\/v2\/types\/page"}],"author":[{"embeddable":true,"href":"https:\/\/academia.utp.edu.co\/practica-ambiental-interdisciplinaria\/wp-json\/wp\/v2\/users\/1861"}],"replies":[{"embeddable":true,"href":"https:\/\/academia.utp.edu.co\/practica-ambiental-interdisciplinaria\/wp-json\/wp\/v2\/comments?post=2081"}],"version-history":[{"count":25,"href":"https:\/\/academia.utp.edu.co\/practica-ambiental-interdisciplinaria\/wp-json\/wp\/v2\/pages\/2081\/revisions"}],"predecessor-version":[{"id":6771,"href":"https:\/\/academia.utp.edu.co\/practica-ambiental-interdisciplinaria\/wp-json\/wp\/v2\/pages\/2081\/revisions\/6771"}],"wp:attachment":[{"href":"https:\/\/academia.utp.edu.co\/practica-ambiental-interdisciplinaria\/wp-json\/wp\/v2\/media?parent=2081"}],"curies":[{"name":"wp","href":"https:\/\/api.w.org\/{rel}","templated":true}]}}