{"id":3391,"date":"2023-01-31T14:34:23","date_gmt":"2023-01-31T19:34:23","guid":{"rendered":"https:\/\/academia.utp.edu.co\/practica-ambiental-interdisciplinaria\/?page_id=3391"},"modified":"2023-02-03T15:13:11","modified_gmt":"2023-02-03T20:13:11","slug":"docentes","status":"publish","type":"page","link":"https:\/\/academia.utp.edu.co\/practica-ambiental-interdisciplinaria\/docentes\/","title":{"rendered":"Docentes"},"content":{"rendered":"\n<p><strong><em>Carlos Alfonso Victoria Mena<\/em> <\/strong>\u2013 Licenciado en Ciencias Sociales, Especialista en Gobierno y Pol\u00edticas P\u00fablicas, Mag\u00edster en Historia. Intereses de investigaci\u00f3n: Historia ambiental, conflictos ambientales, memoria de las v\u00edctimas y resistencias sociales. <a href=\"https:\/\/scienti.minciencias.gov.co\/cvlac\/visualizador\/generarCurriculoCv.do?cod_rh=0001013246\" target=\"_blank\" rel=\"noreferrer noopener\">CvLAC<\/a><\/p>\n\n\n\n<p><em><strong>Carlos Eduardo L\u00f3pez Casta\u00f1o<\/strong> <\/em>\u2013 Antrop\u00f3logo, Mag\u00edster en Antropolog\u00eda, Doctor en Antropolog\u00eda. Intereses de investigaci\u00f3n: Ecolog\u00edas Socio-culturales, Geoarqueolog\u00eda y Arqueolog\u00eda Ambiental, Patrimonio Cultural, Paisaje Cultural Cafetero. <a href=\"https:\/\/scienti.minciencias.gov.co\/cvlac\/visualizador\/generarCurriculoCv.do?cod_rh=0000047279\" target=\"_blank\" rel=\"noreferrer noopener\">CvLAC<\/a><\/p>\n\n\n\n<p><strong><em>Carolina Arias Hurtado<\/em><\/strong> \u2013 Administradora Ambiental, Mag\u00edster en Gesti\u00f3n del Patrimonio y Desarrollo Territorial, Doctora en Estudios del Desarrollo. Intereses de Investigaci\u00f3n: Extractivismo, Luchas Contrahegem\u00f3nicas, Estudios del Desarrollo, Estudios Socioculturales, Patrimonio Cultural. <a href=\"https:\/\/scienti.minciencias.gov.co\/cvlac\/visualizador\/generarCurriculoCv.do?cod_rh=0001404426\" target=\"_blank\" rel=\"noreferrer noopener\">CvLAC<\/a><\/p>\n\n\n\n<p><em><strong>Diana Mar\u00eda Rodr\u00edguez Herrera<\/strong> <\/em>\u2013 Administradora Ambiental, Mag\u00edster en Investigaci\u00f3n Social Aplicada al Medio Ambiente, Doctora en Ciencias Sociales. Intereses de Investigaci\u00f3n: Estudios Cr\u00edticos del Patrimonio, Patrimonializaci\u00f3n de Paisajes, Postdesarrollo, Pr\u00e1cticas Sociales, Resistencias, Iniciativas de Transformaci\u00f3n. <a rel=\"noreferrer noopener\" href=\"https:\/\/scienti.colciencias.gov.co\/cvlac\/visualizador\/generarCurriculoCv.do?cod_rh=0000695572\" target=\"_blank\">CvLAC<\/a><\/p>\n\n\n\n<p><strong><em>H\u00e9ctor Jaime V\u00e1squez Morales<\/em><\/strong> \u2013 Ge\u00f3logo, Mag\u00edster en Ciencias Ambientales. Intereses de Investigaci\u00f3n: Riesgo de Desastres, Gesti\u00f3n del Riesgo, Transformaciones Ambientales, Geoarqueolog\u00eda, Problem\u00e1tica Ambiental. <a rel=\"noreferrer noopener\" href=\"https:\/\/scienti.minciencias.gov.co\/cvlac\/visualizador\/generarCurriculoCv.do?cod_rh=0001479015\" target=\"_blank\">CvLAC<\/a><\/p>\n\n\n\n<p><strong><em>Jos\u00e9 Uriel Hern\u00e1ndez Arenas<\/em><\/strong> \u2013 M\u00e9dico Veterinario Zootecnista, Magister en Agroecolog\u00eda. Intereses de Investigaci\u00f3n: Promoci\u00f3n de la Investigaci\u00f3n como Estrategia Pedag\u00f3gica en el AULA, Patrimonio Cultural y Arqueolog\u00eda. <a href=\"https:\/\/scienti.minciencias.gov.co\/cvlac\/visualizador\/generarCurriculoCv.do?cod_rh=0000588911\" target=\"_blank\" rel=\"noreferrer noopener\">CvLAC<\/a><\/p>\n\n\n\n<p><strong><em>Juliana Mu\u00f1oz L\u00f3pez<\/em><\/strong> \u2013 Administradora Ambiental, Magister en Ciencias Ambientales. Intereses de Investigaci\u00f3n: Valoraci\u00f3n de Servicios Ecosist\u00e9micos, Vulnerabilidad de Sistemas Productivos a la Variabilidad Clim\u00e1tica, Patrimonio Cultural y Natural, Desarrollo Rural y Planificaci\u00f3n Ambiental del Territorio. <a href=\"https:\/\/scienti.minciencias.gov.co\/cvlac\/visualizador\/generarCurriculoCv.do?cod_rh=0001432383\" target=\"_blank\" rel=\"noreferrer noopener\">CvLAC<\/a><\/p>\n\n\n\n<p><em><strong>Le\u00f3n Felipe Cubillos Quintero<\/strong><\/em> \u2013 Licenciado en Filosofia y Letras, Mag\u00edster en Sociolog\u00eda de la Cultura, Doctor en Sociolog\u00eda del Desarrollo. <a rel=\"noreferrer noopener\" href=\"https:\/\/scienti.colciencias.gov.co\/cvlac\/visualizador\/generarCurriculoCv.do?cod_rh=0000220272\" target=\"_blank\">CvLAC<\/a><\/p>\n\n\n\n<p><strong><em>Miguel Angel Dossman Gil<\/em><\/strong> \u2013 Agr\u00f3logo, Magister en Desarrollo Rural. Intereses de Investigaci\u00f3n: Planificaci\u00f3n Ambiental del Territorio y Cambio Clim\u00e1tico. <a href=\"https:\/\/scienti.minciencias.gov.co\/cvlac\/visualizador\/generarCurriculoCv.do?cod_rh=0000590240\" target=\"_blank\" rel=\"noreferrer noopener\">CvLAC<\/a><\/p>\n\n\n\n<p><strong><em>Sara Arenas Mart\u00ednez<\/em><\/strong> \u2013 Administradora Ambiental. <a rel=\"noreferrer noopener\" href=\"https:\/\/scienti.minciencias.gov.co\/cvlac\/visualizador\/generarCurriculoCv.do?cod_rh=0001792325\" target=\"_blank\">CvLAC<\/a><\/p>\n\n\n\n<p><\/p>\n\n\n\n<p><\/p>\n","protected":false},"excerpt":{"rendered":"<p>Carlos Alfonso Victoria Mena \u2013 Licenciado en Ciencias Sociales, Especialista en Gobierno y Pol\u00edticas P\u00fablicas, Mag\u00edster en Historia. Intereses de investigaci\u00f3n: Historia ambiental, conflictos ambientales, memoria de las v\u00edctimas y <a href=\"https:\/\/academia.utp.edu.co\/practica-ambiental-interdisciplinaria\/docentes\/\" rel=\"nofollow\"><span class=\"sr-only\">Leer m\u00e1sDocentes<\/span>[&hellip;]<\/a><\/p>\n","protected":false},"author":1861,"featured_media":0,"parent":0,"menu_order":0,"comment_status":"closed","ping_status":"closed","template":"template-fullwidth.php","meta":{"_EventAllDay":false,"_EventTimezone":"","_EventStartDate":"","_EventEndDate":"","_EventStartDateUTC":"","_EventEndDateUTC":"","_EventShowMap":false,"_EventShowMapLink":false,"_EventURL":"","_EventCost":"","_EventCostDescription":"","_EventCurrencySymbol":"","_EventCurrencyCode":"","_EventCurrencyPosition":"","_EventDateTimeSeparator":"","_EventTimeRangeSeparator":"","_EventOrganizerID":[],"_EventVenueID":[],"_OrganizerEmail":"","_OrganizerPhone":"","_OrganizerWebsite":"","_VenueAddress":"","_VenueCity":"","_VenueCountry":"","_VenueProvince":"","_VenueState":"","_VenueZip":"","_VenuePhone":"","_VenueURL":"","_VenueStateProvince":"","_VenueLat":"","_VenueLng":"","_VenueShowMap":false,"_VenueShowMapLink":false,"footnotes":""},"class_list":["post-3391","page","type-page","status-publish","hentry"],"_links":{"self":[{"href":"https:\/\/academia.utp.edu.co\/practica-ambiental-interdisciplinaria\/wp-json\/wp\/v2\/pages\/3391","targetHints":{"allow":["GET"]}}],"collection":[{"href":"https:\/\/academia.utp.edu.co\/practica-ambiental-interdisciplinaria\/wp-json\/wp\/v2\/pages"}],"about":[{"href":"https:\/\/academia.utp.edu.co\/practica-ambiental-interdisciplinaria\/wp-json\/wp\/v2\/types\/page"}],"author":[{"embeddable":true,"href":"https:\/\/academia.utp.edu.co\/practica-ambiental-interdisciplinaria\/wp-json\/wp\/v2\/users\/1861"}],"replies":[{"embeddable":true,"href":"https:\/\/academia.utp.edu.co\/practica-ambiental-interdisciplinaria\/wp-json\/wp\/v2\/comments?post=3391"}],"version-history":[{"count":28,"href":"https:\/\/academia.utp.edu.co\/practica-ambiental-interdisciplinaria\/wp-json\/wp\/v2\/pages\/3391\/revisions"}],"predecessor-version":[{"id":6961,"href":"https:\/\/academia.utp.edu.co\/practica-ambiental-interdisciplinaria\/wp-json\/wp\/v2\/pages\/3391\/revisions\/6961"}],"wp:attachment":[{"href":"https:\/\/academia.utp.edu.co\/practica-ambiental-interdisciplinaria\/wp-json\/wp\/v2\/media?parent=3391"}],"curies":[{"name":"wp","href":"https:\/\/api.w.org\/{rel}","templated":true}]}}