{"id":4651,"date":"2023-02-01T15:17:03","date_gmt":"2023-02-01T20:17:03","guid":{"rendered":"https:\/\/academia.utp.edu.co\/practica-ambiental-interdisciplinaria\/?page_id=4651"},"modified":"2023-02-03T10:10:25","modified_gmt":"2023-02-03T15:10:25","slug":"cartillas-y-folletos","status":"publish","type":"page","link":"https:\/\/academia.utp.edu.co\/practica-ambiental-interdisciplinaria\/cartillas-y-folletos\/","title":{"rendered":"Cartillas y folletos"},"content":{"rendered":"\n<div class=\"wp-block-media-text alignwide is-stacked-on-mobile has-light-green-cyan-background-color has-background\" style=\"grid-template-columns:15% auto\"><figure class=\"wp-block-media-text__media\"><a href=\"http:\/\/academia.utp.edu.co\/practica-ambiental-interdisciplinaria\/files\/2023\/02\/Diagnostico-Ambiental-Integral-para-la-comprension-de-la-problematica-ambiental-rural-del-municipio-Guatica-Risaralda.-1.pdf\" target=\"_blank\" rel=\"noreferrer noopener\"><img loading=\"lazy\" decoding=\"async\" width=\"569\" height=\"737\" src=\"http:\/\/academia.utp.edu.co\/practica-ambiental-interdisciplinaria\/files\/2023\/02\/Cartilla-diagnosticoambiental.png\" alt=\"\" class=\"wp-image-4061 size-full\" srcset=\"https:\/\/academia.utp.edu.co\/practica-ambiental-interdisciplinaria\/files\/2023\/02\/Cartilla-diagnosticoambiental.png 569w, https:\/\/academia.utp.edu.co\/practica-ambiental-interdisciplinaria\/files\/2023\/02\/Cartilla-diagnosticoambiental-232x300.png 232w\" sizes=\"auto, (max-width: 569px) 100vw, 569px\" \/><\/a><\/figure><div class=\"wp-block-media-text__content\">\n<p class=\"has-text-align-left\"><strong>Cartilla divulgativa: Diagn\u00f3stico Ambiental Integral para la comprensi\u00f3n de la problem\u00e1tica ambiental rural del municipio Gu\u00e1tica, Risaralda.<\/strong><\/p>\n\n\n\n<p><strong>Publicaci\u00f3n:<\/strong> 2019<\/p>\n\n\n\n<p class=\"has-text-align-left\"><strong>Autores:\u00a0<\/strong>Daniel Augusto Calvo Bueno, Brahiam David Mar\u00edn Quiceno, Cristian Serna Correa, Linijibet Betancourt Zapata, Maritza Mar\u00edn Restrepo, Daniela Osma Gallego, Mar\u00eda Paula Casta\u00f1eda Ortega, Katherine Le\u00f3n Rivera, Julio Enrique Gil Lopera, Jos\u00e9 Daniel Mu\u00f1oz G\u00f3mez, Juan Camilo Ram\u00edrez Ospina. <strong>Docente orientadora:<\/strong>\u00a0Yuliana Salazar Duque.<\/p>\n\n\n\n<p class=\"has-text-align-left\"><a rel=\"noreferrer noopener\" href=\"http:\/\/academia.utp.edu.co\/practica-ambiental-interdisciplinaria\/files\/2023\/02\/Diagnostico-Ambiental-Integral-para-la-comprension-de-la-problematica-ambiental-rural-del-municipio-Guatica-Risaralda.-1.pdf\" target=\"_blank\">V<\/a><a rel=\"noreferrer noopener\" href=\"http:\/\/academia.utp.edu.co\/practica-ambiental-interdisciplinaria\/files\/2023\/02\/Diagnostico-Ambiental-Integral-para-la-comprension-de-la-problematica-ambiental-rural-del-municipio-Guatica-Risaralda.-1.pdf\" target=\"_blank\">e<\/a><a rel=\"noreferrer noopener\" href=\"http:\/\/academia.utp.edu.co\/practica-ambiental-interdisciplinaria\/files\/2023\/02\/Diagnostico-Ambiental-Integral-para-la-comprension-de-la-problematica-ambiental-rural-del-municipio-Guatica-Risaralda.-1.pdf\" target=\"_blank\">r<\/a><a rel=\"noreferrer noopener\" href=\"http:\/\/academia.utp.edu.co\/practica-ambiental-interdisciplinaria\/files\/2023\/02\/Diagnostico-Ambiental-Integral-para-la-comprension-de-la-problematica-ambiental-rural-del-municipio-Guatica-Risaralda.-1.pdf\" target=\"_blank\"> <\/a><a rel=\"noreferrer noopener\" href=\"http:\/\/academia.utp.edu.co\/practica-ambiental-interdisciplinaria\/files\/2023\/02\/Diagnostico-Ambiental-Integral-para-la-comprension-de-la-problematica-ambiental-rural-del-municipio-Guatica-Risaralda.-1.pdf\" target=\"_blank\">documento completo<\/a><\/p>\n<\/div><\/div>\n\n\n\n<p><\/p>\n\n\n\n<div class=\"wp-block-media-text alignwide is-stacked-on-mobile has-light-green-cyan-background-color has-background\" style=\"grid-template-columns:15% auto\"><figure class=\"wp-block-media-text__media\"><a href=\"http:\/\/academia.utp.edu.co\/practica-ambiental-interdisciplinaria\/files\/2023\/02\/CartillaDivulgativa-Marmato.pdf\" target=\"_blank\" rel=\"noreferrer noopener\"><img loading=\"lazy\" decoding=\"async\" width=\"597\" height=\"799\" src=\"http:\/\/academia.utp.edu.co\/practica-ambiental-interdisciplinaria\/files\/2023\/02\/problematicas_ambiental_minera.png\" alt=\"\" class=\"wp-image-4351 size-full\" srcset=\"https:\/\/academia.utp.edu.co\/practica-ambiental-interdisciplinaria\/files\/2023\/02\/problematicas_ambiental_minera.png 597w, https:\/\/academia.utp.edu.co\/practica-ambiental-interdisciplinaria\/files\/2023\/02\/problematicas_ambiental_minera-224x300.png 224w\" sizes=\"auto, (max-width: 597px) 100vw, 597px\" \/><\/a><\/figure><div class=\"wp-block-media-text__content\">\n<p><strong>Cartilla divulgativa:<\/strong> <strong>Problem\u00e1ticas ambientales mineras desde la perspectiva sociocultural y derechos fundamentales.<\/strong>&nbsp;L\u00ednea de Investigaci\u00f3n Estudios Socioculturales y Problem\u00e1tica Ambiental -IESPA- (Comp). 2016.&nbsp;Universidad Tecnol\u00f3gica de Pereira.<\/p>\n\n\n\n<p><strong>Publicaci\u00f3n:<\/strong>&nbsp;2016<\/p>\n\n\n\n<p><strong>Director:<\/strong>&nbsp;Le\u00f3n Felipe Cubillos Quintero.&nbsp;<strong>Participantes:&nbsp;<\/strong>Yuliana Salazar Duque, Liliana Sandoval Manso, Lindelia Tapasco Botero, Juan Sebasti\u00e1n Gallego V\u00e9lez.&nbsp;<strong>Colaboradores:<\/strong>&nbsp;Carolina Ar\u00edas Hurtado, Olga Lucia Monsalve Morales.&nbsp;<strong>Dise\u00f1o:<\/strong>&nbsp;Katherine Rojas Ruiz<\/p>\n\n\n\n<p class=\"has-text-align-left\"><a rel=\"noreferrer noopener\" href=\"http:\/\/academia.utp.edu.co\/practica-ambiental-interdisciplinaria\/files\/2023\/02\/Diagnostico-Ambiental-Integral-para-la-comprension-de-la-problematica-ambiental-rural-del-municipio-Guatica-Risaralda.-1.pdf\" target=\"_blank\">Ver <\/a><a href=\"http:\/\/academia.utp.edu.co\/practica-ambiental-interdisciplinaria\/files\/2023\/02\/CartillaDivulgativa-Marmato.pdf\" target=\"_blank\" rel=\"noreferrer noopener\">documento completo<\/a><\/p>\n<\/div><\/div>\n\n\n\n<p><\/p>\n\n\n\n<div class=\"wp-block-media-text alignwide is-stacked-on-mobile has-light-green-cyan-background-color has-background\" style=\"grid-template-columns:15% auto\"><figure class=\"wp-block-media-text__media\"><a href=\"https:\/\/es.calameo.com\/read\/003993182e670c5382df2\" target=\"_blank\" rel=\"noreferrer noopener\"><img loading=\"lazy\" decoding=\"async\" width=\"170\" height=\"170\" src=\"http:\/\/academia.utp.edu.co\/practica-ambiental-interdisciplinaria\/files\/2023\/02\/dialogosaberes.png\" alt=\"\" class=\"wp-image-4401 size-full\" srcset=\"https:\/\/academia.utp.edu.co\/practica-ambiental-interdisciplinaria\/files\/2023\/02\/dialogosaberes.png 170w, https:\/\/academia.utp.edu.co\/practica-ambiental-interdisciplinaria\/files\/2023\/02\/dialogosaberes-150x150.png 150w\" sizes=\"auto, (max-width: 170px) 100vw, 170px\" \/><\/a><\/figure><div class=\"wp-block-media-text__content\">\n<p><strong>El di\u00e1logo de saberes en la conservaci\u00f3n de la Biodiversidad, experiencias locales de manejo.<\/strong><\/p>\n\n\n\n<p>\u00bfC\u00f3mo reconocer la cultura que somos en el Paisaje Cultural Cafetero? Publicaci\u00f3n que recoge las experiencias de aula para la apropiaci\u00f3n social de los valores patrimoniales del PCC.<\/p>\n\n\n\n<p class=\"has-text-align-left\"><a rel=\"noreferrer noopener\" href=\"https:\/\/es.calameo.com\/read\/003993182e670c5382df2\" target=\"_blank\">V<\/a><a rel=\"noreferrer noopener\" href=\"https:\/\/es.calameo.com\/read\/003993182e670c5382df2\" target=\"_blank\">e<\/a><a rel=\"noreferrer noopener\" href=\"https:\/\/es.calameo.com\/read\/003993182e670c5382df2\" target=\"_blank\">r<\/a><a rel=\"noreferrer noopener\" href=\"https:\/\/es.calameo.com\/read\/003993182e670c5382df2\" target=\"_blank\"> <\/a><a rel=\"noreferrer noopener\" href=\"https:\/\/es.calameo.com\/read\/003993182e670c5382df2\" target=\"_blank\">documento completo<\/a><\/p>\n<\/div><\/div>\n\n\n\n<p><\/p>\n","protected":false},"excerpt":{"rendered":"<p>Cartilla divulgativa: Diagn\u00f3stico Ambiental Integral para la comprensi\u00f3n de la problem\u00e1tica ambiental rural del municipio Gu\u00e1tica, Risaralda. Publicaci\u00f3n: 2019 Autores:\u00a0Daniel Augusto Calvo Bueno, Brahiam David Mar\u00edn Quiceno, Cristian Serna Correa, <a href=\"https:\/\/academia.utp.edu.co\/practica-ambiental-interdisciplinaria\/cartillas-y-folletos\/\" rel=\"nofollow\"><span class=\"sr-only\">Leer m\u00e1sCartillas y folletos<\/span>[&hellip;]<\/a><\/p>\n","protected":false},"author":1861,"featured_media":0,"parent":0,"menu_order":0,"comment_status":"closed","ping_status":"closed","template":"template-fullwidth.php","meta":{"_EventAllDay":false,"_EventTimezone":"","_EventStartDate":"","_EventEndDate":"","_EventStartDateUTC":"","_EventEndDateUTC":"","_EventShowMap":false,"_EventShowMapLink":false,"_EventURL":"","_EventCost":"","_EventCostDescription":"","_EventCurrencySymbol":"","_EventCurrencyCode":"","_EventCurrencyPosition":"","_EventDateTimeSeparator":"","_EventTimeRangeSeparator":"","_EventOrganizerID":[],"_EventVenueID":[],"_OrganizerEmail":"","_OrganizerPhone":"","_OrganizerWebsite":"","_VenueAddress":"","_VenueCity":"","_VenueCountry":"","_VenueProvince":"","_VenueState":"","_VenueZip":"","_VenuePhone":"","_VenueURL":"","_VenueStateProvince":"","_VenueLat":"","_VenueLng":"","_VenueShowMap":false,"_VenueShowMapLink":false,"footnotes":""},"class_list":["post-4651","page","type-page","status-publish","hentry"],"_links":{"self":[{"href":"https:\/\/academia.utp.edu.co\/practica-ambiental-interdisciplinaria\/wp-json\/wp\/v2\/pages\/4651","targetHints":{"allow":["GET"]}}],"collection":[{"href":"https:\/\/academia.utp.edu.co\/practica-ambiental-interdisciplinaria\/wp-json\/wp\/v2\/pages"}],"about":[{"href":"https:\/\/academia.utp.edu.co\/practica-ambiental-interdisciplinaria\/wp-json\/wp\/v2\/types\/page"}],"author":[{"embeddable":true,"href":"https:\/\/academia.utp.edu.co\/practica-ambiental-interdisciplinaria\/wp-json\/wp\/v2\/users\/1861"}],"replies":[{"embeddable":true,"href":"https:\/\/academia.utp.edu.co\/practica-ambiental-interdisciplinaria\/wp-json\/wp\/v2\/comments?post=4651"}],"version-history":[{"count":15,"href":"https:\/\/academia.utp.edu.co\/practica-ambiental-interdisciplinaria\/wp-json\/wp\/v2\/pages\/4651\/revisions"}],"predecessor-version":[{"id":6681,"href":"https:\/\/academia.utp.edu.co\/practica-ambiental-interdisciplinaria\/wp-json\/wp\/v2\/pages\/4651\/revisions\/6681"}],"wp:attachment":[{"href":"https:\/\/academia.utp.edu.co\/practica-ambiental-interdisciplinaria\/wp-json\/wp\/v2\/media?parent=4651"}],"curies":[{"name":"wp","href":"https:\/\/api.w.org\/{rel}","templated":true}]}}