{"id":7,"date":"2025-05-13T23:03:36","date_gmt":"2025-05-13T21:03:36","guid":{"rendered":"https:\/\/academia.utp.edu.co\/profe-ramon\/?page_id=7"},"modified":"2025-07-01T17:32:15","modified_gmt":"2025-07-01T22:32:15","slug":"inicio","status":"publish","type":"page","link":"https:\/\/academia.utp.edu.co\/profe-ramon\/","title":{"rendered":"Bienvenida"},"content":{"rendered":"\n<p class=\"has-medium-font-size\">Soy el profesor Ram\u00f3n Valencia. Por mucho tiempo he estado dedicado a la academia en la <a href=\"http:\/\/www.utp.edu.co\">Universidad Tecnol\u00f3gica de Pereira<\/a>, donde me he desempe\u00f1ado como docente en la factulatad de ingenier\u00eda mec\u00e1nica y director del programa de maestr\u00eda. Este espacio lo quiero dedicar a brindar asesor\u00edas acad\u00e9micas y empresariales.<\/p>\n\n\n\n<p><\/p>\n\n\n\n<div class=\"wp-block-columns is-layout-flex wp-container-core-columns-is-layout-28f84493 wp-block-columns-is-layout-flex\">\n<div class=\"wp-block-column is-layout-flow wp-block-column-is-layout-flow\" style=\"flex-basis:50%\">\n<figure class=\"wp-block-video\"><video height=\"480\" style=\"aspect-ratio: 848 \/ 480;\" width=\"848\" controls src=\"https:\/\/academia.utp.edu.co\/profe-ramon\/files\/2025\/07\/ProfeRamon-intro.mp4\"><\/video><\/figure>\n<\/div>\n\n\n\n<div class=\"wp-block-column is-layout-flow wp-block-column-is-layout-flow\" style=\"flex-basis:30%\">\n<h2 class=\"wp-block-heading has-text-align-center has-medium-font-size\">Presentaci\u00f3n personal<\/h2>\n\n\n\n<p class=\"has-text-align-left has-medium-font-size\">Te invito a conocer m\u00e1s sobre mi en este video que recopila parte de mi trayectoria docente.<\/p>\n<\/div>\n<\/div>\n\n\n\n<h2 class=\"wp-block-heading\">Asesor\u00edas acad\u00e9micas<\/h2>\n\n\n\n<p>Mi larga trayectoria acad\u00e9mica me permite ofrecer asesor\u00edas personalizadas en temas relacionados con las siguientes \u00e1reas:<\/p>\n\n\n\n<div class=\"wp-block-columns is-layout-flex wp-container-core-columns-is-layout-28f84493 wp-block-columns-is-layout-flex\">\n<div class=\"wp-block-column is-layout-flow wp-block-column-is-layout-flow\">\n<h2 class=\"wp-block-heading has-text-align-center\">Est\u00e1tica<\/h2>\n\n\n\n<figure class=\"wp-block-image aligncenter size-medium\"><a href=\"https:\/\/academia.utp.edu.co\/profe-ramon\/tema-1\/\"><img loading=\"lazy\" decoding=\"async\" width=\"300\" height=\"211\" src=\"https:\/\/academia.utp.edu.co\/profe-ramon\/files\/2025\/07\/diagram-300x211.jpeg\" alt=\"\" class=\"wp-image-59\" srcset=\"https:\/\/academia.utp.edu.co\/profe-ramon\/files\/2025\/07\/diagram-300x211.jpeg 300w, https:\/\/academia.utp.edu.co\/profe-ramon\/files\/2025\/07\/diagram-768x539.jpeg 768w, https:\/\/academia.utp.edu.co\/profe-ramon\/files\/2025\/07\/diagram.jpeg 1024w\" sizes=\"auto, (max-width: 300px) 100vw, 300px\" \/><\/a><\/figure>\n<\/div>\n\n\n\n<div class=\"wp-block-column is-layout-flow wp-block-column-is-layout-flow\">\n<h2 class=\"wp-block-heading has-text-align-center\">Din\u00e1mica<\/h2>\n\n\n\n<figure class=\"wp-block-image aligncenter size-medium\"><a href=\"https:\/\/academia.utp.edu.co\/profe-ramon\/dinamica\/\"><img loading=\"lazy\" decoding=\"async\" width=\"300\" height=\"200\" src=\"https:\/\/academia.utp.edu.co\/profe-ramon\/files\/2025\/07\/ChatGPT-Image-1-jul-2025-05_51_37-p.m-1-300x200.png\" alt=\"\" class=\"wp-image-99\" srcset=\"https:\/\/academia.utp.edu.co\/profe-ramon\/files\/2025\/07\/ChatGPT-Image-1-jul-2025-05_51_37-p.m-1-300x200.png 300w, https:\/\/academia.utp.edu.co\/profe-ramon\/files\/2025\/07\/ChatGPT-Image-1-jul-2025-05_51_37-p.m-1-1024x683.png 1024w, https:\/\/academia.utp.edu.co\/profe-ramon\/files\/2025\/07\/ChatGPT-Image-1-jul-2025-05_51_37-p.m-1-768x512.png 768w, https:\/\/academia.utp.edu.co\/profe-ramon\/files\/2025\/07\/ChatGPT-Image-1-jul-2025-05_51_37-p.m-1.png 1536w\" sizes=\"auto, (max-width: 300px) 100vw, 300px\" \/><\/a><\/figure>\n<\/div>\n<\/div>\n\n\n\n<p>Puedes hacer click en cada uno de los temas para ver informaci\u00f3n m\u00e1s detallada de los conceptos que se cubren en las asesor\u00edas.<\/p>\n\n\n\n<h2 class=\"wp-block-heading\">M\u00e1s informaci\u00f3n<\/h2>\n\n\n\n<p>Puedes consultar mi <a href=\"https:\/\/academia.utp.edu.co\/profe-ramon\/informacion-de-contacto\/\" data-type=\"page\" data-id=\"77\">informaci\u00f3n de contacto<\/a> y el <a href=\"https:\/\/academia.utp.edu.co\/profe-ramon\/inversion-costo\/\" data-type=\"page\" data-id=\"79\">costo (inversi\u00f3n)<\/a> de las asesor\u00edas.<\/p>\n\n\n\n<p><\/p>\n","protected":false},"excerpt":{"rendered":"<p>Soy el profesor Ram\u00f3n Valencia. Por mucho tiempo he estado dedicado a la academia en la Universidad Tecnol\u00f3gica de Pereira, donde me he desempe\u00f1ado como docente en la factulatad de [&hellip;]<\/p>\n","protected":false},"author":531,"featured_media":0,"parent":0,"menu_order":0,"comment_status":"closed","ping_status":"closed","template":"","meta":{"site-sidebar-layout":"default","site-content-layout":"","ast-site-content-layout":"","site-content-style":"default","site-sidebar-style":"default","ast-global-header-display":"","ast-banner-title-visibility":"","ast-main-header-display":"","ast-hfb-above-header-display":"","ast-hfb-below-header-display":"","ast-hfb-mobile-header-display":"","site-post-title":"","ast-breadcrumbs-content":"","ast-featured-img":"","footer-sml-layout":"","ast-disable-related-posts":"","theme-transparent-header-meta":"","adv-header-id-meta":"","stick-header-meta":"","header-above-stick-meta":"","header-main-stick-meta":"","header-below-stick-meta":"","astra-migrate-meta-layouts":"default","ast-page-background-enabled":"default","ast-page-background-meta":{"desktop":{"background-color":"var(--ast-global-color-5)","background-image":"","background-repeat":"repeat","background-position":"center center","background-size":"auto","background-attachment":"scroll","background-type":"","background-media":"","overlay-type":"","overlay-color":"","overlay-opacity":"","overlay-gradient":""},"tablet":{"background-color":"","background-image":"","background-repeat":"repeat","background-position":"center center","background-size":"auto","background-attachment":"scroll","background-type":"","background-media":"","overlay-type":"","overlay-color":"","overlay-opacity":"","overlay-gradient":""},"mobile":{"background-color":"","background-image":"","background-repeat":"repeat","background-position":"center center","background-size":"auto","background-attachment":"scroll","background-type":"","background-media":"","overlay-type":"","overlay-color":"","overlay-opacity":"","overlay-gradient":""}},"ast-content-background-meta":{"desktop":{"background-color":"var(--ast-global-color-4)","background-image":"","background-repeat":"repeat","background-position":"center center","background-size":"auto","background-attachment":"scroll","background-type":"","background-media":"","overlay-type":"","overlay-color":"","overlay-opacity":"","overlay-gradient":""},"tablet":{"background-color":"var(--ast-global-color-4)","background-image":"","background-repeat":"repeat","background-position":"center center","background-size":"auto","background-attachment":"scroll","background-type":"","background-media":"","overlay-type":"","overlay-color":"","overlay-opacity":"","overlay-gradient":""},"mobile":{"background-color":"var(--ast-global-color-4)","background-image":"","background-repeat":"repeat","background-position":"center center","background-size":"auto","background-attachment":"scroll","background-type":"","background-media":"","overlay-type":"","overlay-color":"","overlay-opacity":"","overlay-gradient":""}},"footnotes":""},"class_list":["post-7","page","type-page","status-publish","hentry"],"_links":{"self":[{"href":"https:\/\/academia.utp.edu.co\/profe-ramon\/wp-json\/wp\/v2\/pages\/7","targetHints":{"allow":["GET"]}}],"collection":[{"href":"https:\/\/academia.utp.edu.co\/profe-ramon\/wp-json\/wp\/v2\/pages"}],"about":[{"href":"https:\/\/academia.utp.edu.co\/profe-ramon\/wp-json\/wp\/v2\/types\/page"}],"author":[{"embeddable":true,"href":"https:\/\/academia.utp.edu.co\/profe-ramon\/wp-json\/wp\/v2\/users\/531"}],"replies":[{"embeddable":true,"href":"https:\/\/academia.utp.edu.co\/profe-ramon\/wp-json\/wp\/v2\/comments?post=7"}],"version-history":[{"count":22,"href":"https:\/\/academia.utp.edu.co\/profe-ramon\/wp-json\/wp\/v2\/pages\/7\/revisions"}],"predecessor-version":[{"id":107,"href":"https:\/\/academia.utp.edu.co\/profe-ramon\/wp-json\/wp\/v2\/pages\/7\/revisions\/107"}],"wp:attachment":[{"href":"https:\/\/academia.utp.edu.co\/profe-ramon\/wp-json\/wp\/v2\/media?parent=7"}],"curies":[{"name":"wp","href":"https:\/\/api.w.org\/{rel}","templated":true}]}}