{"id":88,"date":"2025-07-01T16:56:28","date_gmt":"2025-07-01T21:56:28","guid":{"rendered":"https:\/\/academia.utp.edu.co\/profe-ramon\/?page_id=88"},"modified":"2025-07-01T17:13:13","modified_gmt":"2025-07-01T22:13:13","slug":"dinamica","status":"publish","type":"page","link":"https:\/\/academia.utp.edu.co\/profe-ramon\/dinamica\/","title":{"rendered":"Din\u00e1mica"},"content":{"rendered":"\n<p class=\"has-medium-font-size\">La <strong>din\u00e1mica<\/strong> es una rama esencial de la mec\u00e1nica que estudia el movimiento de los cuerpos y las fuerzas que lo generan. A diferencia de la Est\u00e1tica, que se enfoca en sistemas en equilibrio, la Din\u00e1mica nos permite analizar y predecir c\u00f3mo y por qu\u00e9 los cuerpos se mueven.<\/p>\n\n\n\n<p class=\"has-medium-font-size\">Es importante contar con bases conceptuales y anal\u00edticas necesarias para comprender el comportamiento din\u00e1mico de sistemas mec\u00e1nicos. En las asesor\u00edas cubriremos dos grandes \u00e1reas:<\/p>\n\n\n\n<ul class=\"wp-block-list\">\n<li class=\"has-medium-font-size\"><strong>Cinem\u00e1tica<\/strong>, que describe el movimiento sin atender a las causas que lo originan.<\/li>\n\n\n\n<li class=\"has-medium-font-size\"><strong>Din\u00e1mica (en sentido estricto)<\/strong>, que relaciona el movimiento con las fuerzas mediante las leyes de Newton.<\/li>\n<\/ul>\n\n\n\n<h2 class=\"wp-block-heading\">\u00bfPor qu\u00e9 es importante la Din\u00e1mica en Ingenier\u00eda Mec\u00e1nica?<\/h2>\n\n\n\n<ul class=\"wp-block-list\">\n<li class=\"has-medium-font-size\">Permite analizar y dise\u00f1ar <strong>m\u00e1quinas en movimiento<\/strong>, desde mecanismos simples hasta robots industriales y motores.<\/li>\n\n\n\n<li class=\"has-medium-font-size\">Es fundamental para entender el comportamiento de <strong>veh\u00edculos<\/strong>, <strong>estructuras sometidas a vibraciones<\/strong>, y <strong>sistemas mecatr\u00f3nicos<\/strong>.<\/li>\n\n\n\n<li class=\"has-medium-font-size\">Sienta las bases para disciplinas m\u00e1s avanzadas como el an\u00e1lisis de vibraciones, control autom\u00e1tico y simulaci\u00f3n de sistemas f\u00edsicos.<\/li>\n<\/ul>\n\n\n\n<div class=\"wp-block-group is-nowrap is-layout-flex wp-container-core-group-is-layout-6c531013 wp-block-group-is-layout-flex\">\n<figure class=\"wp-block-image size-large is-resized\"><img loading=\"lazy\" decoding=\"async\" width=\"1024\" height=\"683\" src=\"https:\/\/academia.utp.edu.co\/profe-ramon\/files\/2025\/07\/ChatGPT-Image-1-jul-2025-05_45_37-p.m-1024x683.png\" alt=\"\" class=\"wp-image-95\" style=\"width:383px;height:auto\" srcset=\"https:\/\/academia.utp.edu.co\/profe-ramon\/files\/2025\/07\/ChatGPT-Image-1-jul-2025-05_45_37-p.m-1024x683.png 1024w, https:\/\/academia.utp.edu.co\/profe-ramon\/files\/2025\/07\/ChatGPT-Image-1-jul-2025-05_45_37-p.m-300x200.png 300w, https:\/\/academia.utp.edu.co\/profe-ramon\/files\/2025\/07\/ChatGPT-Image-1-jul-2025-05_45_37-p.m-768x512.png 768w, https:\/\/academia.utp.edu.co\/profe-ramon\/files\/2025\/07\/ChatGPT-Image-1-jul-2025-05_45_37-p.m.png 1536w\" sizes=\"auto, (max-width: 1024px) 100vw, 1024px\" \/><\/figure>\n\n\n\n<figure class=\"wp-block-image size-large is-resized\"><img loading=\"lazy\" decoding=\"async\" width=\"1024\" height=\"683\" src=\"https:\/\/academia.utp.edu.co\/profe-ramon\/files\/2025\/07\/ChatGPT-Image-1-jul-2025-05_49_20-p.m-1024x683.png\" alt=\"\" class=\"wp-image-96\" style=\"width:377px;height:auto\" srcset=\"https:\/\/academia.utp.edu.co\/profe-ramon\/files\/2025\/07\/ChatGPT-Image-1-jul-2025-05_49_20-p.m-1024x683.png 1024w, https:\/\/academia.utp.edu.co\/profe-ramon\/files\/2025\/07\/ChatGPT-Image-1-jul-2025-05_49_20-p.m-300x200.png 300w, https:\/\/academia.utp.edu.co\/profe-ramon\/files\/2025\/07\/ChatGPT-Image-1-jul-2025-05_49_20-p.m-768x512.png 768w, https:\/\/academia.utp.edu.co\/profe-ramon\/files\/2025\/07\/ChatGPT-Image-1-jul-2025-05_49_20-p.m.png 1536w\" sizes=\"auto, (max-width: 1024px) 100vw, 1024px\" \/><\/figure>\n\n\n\n<figure class=\"wp-block-image size-large is-resized\"><img loading=\"lazy\" decoding=\"async\" width=\"1024\" height=\"683\" src=\"https:\/\/academia.utp.edu.co\/profe-ramon\/files\/2025\/07\/ChatGPT-Image-1-jul-2025-05_51_37-p.m-1024x683.png\" alt=\"\" class=\"wp-image-97\" style=\"width:384px;height:auto\" srcset=\"https:\/\/academia.utp.edu.co\/profe-ramon\/files\/2025\/07\/ChatGPT-Image-1-jul-2025-05_51_37-p.m-1024x683.png 1024w, https:\/\/academia.utp.edu.co\/profe-ramon\/files\/2025\/07\/ChatGPT-Image-1-jul-2025-05_51_37-p.m-300x200.png 300w, https:\/\/academia.utp.edu.co\/profe-ramon\/files\/2025\/07\/ChatGPT-Image-1-jul-2025-05_51_37-p.m-768x512.png 768w, https:\/\/academia.utp.edu.co\/profe-ramon\/files\/2025\/07\/ChatGPT-Image-1-jul-2025-05_51_37-p.m.png 1536w\" sizes=\"auto, (max-width: 1024px) 100vw, 1024px\" \/><\/figure>\n<\/div>\n\n\n\n<p><\/p>\n","protected":false},"excerpt":{"rendered":"<p>La din\u00e1mica es una rama esencial de la mec\u00e1nica que estudia el movimiento de los cuerpos y las fuerzas que lo generan. A diferencia de la Est\u00e1tica, que se enfoca [&hellip;]<\/p>\n","protected":false},"author":1951,"featured_media":0,"parent":0,"menu_order":0,"comment_status":"closed","ping_status":"closed","template":"","meta":{"site-sidebar-layout":"default","site-content-layout":"","ast-site-content-layout":"default","site-content-style":"default","site-sidebar-style":"default","ast-global-header-display":"","ast-banner-title-visibility":"","ast-main-header-display":"","ast-hfb-above-header-display":"","ast-hfb-below-header-display":"","ast-hfb-mobile-header-display":"","site-post-title":"","ast-breadcrumbs-content":"","ast-featured-img":"","footer-sml-layout":"","ast-disable-related-posts":"","theme-transparent-header-meta":"","adv-header-id-meta":"","stick-header-meta":"","header-above-stick-meta":"","header-main-stick-meta":"","header-below-stick-meta":"","astra-migrate-meta-layouts":"default","ast-page-background-enabled":"default","ast-page-background-meta":{"desktop":{"background-color":"var(--ast-global-color-5)","background-image":"","background-repeat":"repeat","background-position":"center center","background-size":"auto","background-attachment":"scroll","background-type":"","background-media":"","overlay-type":"","overlay-color":"","overlay-opacity":"","overlay-gradient":""},"tablet":{"background-color":"","background-image":"","background-repeat":"repeat","background-position":"center center","background-size":"auto","background-attachment":"scroll","background-type":"","background-media":"","overlay-type":"","overlay-color":"","overlay-opacity":"","overlay-gradient":""},"mobile":{"background-color":"","background-image":"","background-repeat":"repeat","background-position":"center center","background-size":"auto","background-attachment":"scroll","background-type":"","background-media":"","overlay-type":"","overlay-color":"","overlay-opacity":"","overlay-gradient":""}},"ast-content-background-meta":{"desktop":{"background-color":"var(--ast-global-color-4)","background-image":"","background-repeat":"repeat","background-position":"center center","background-size":"auto","background-attachment":"scroll","background-type":"","background-media":"","overlay-type":"","overlay-color":"","overlay-opacity":"","overlay-gradient":""},"tablet":{"background-color":"var(--ast-global-color-4)","background-image":"","background-repeat":"repeat","background-position":"center center","background-size":"auto","background-attachment":"scroll","background-type":"","background-media":"","overlay-type":"","overlay-color":"","overlay-opacity":"","overlay-gradient":""},"mobile":{"background-color":"var(--ast-global-color-4)","background-image":"","background-repeat":"repeat","background-position":"center center","background-size":"auto","background-attachment":"scroll","background-type":"","background-media":"","overlay-type":"","overlay-color":"","overlay-opacity":"","overlay-gradient":""}},"footnotes":""},"class_list":["post-88","page","type-page","status-publish","hentry"],"_links":{"self":[{"href":"https:\/\/academia.utp.edu.co\/profe-ramon\/wp-json\/wp\/v2\/pages\/88","targetHints":{"allow":["GET"]}}],"collection":[{"href":"https:\/\/academia.utp.edu.co\/profe-ramon\/wp-json\/wp\/v2\/pages"}],"about":[{"href":"https:\/\/academia.utp.edu.co\/profe-ramon\/wp-json\/wp\/v2\/types\/page"}],"author":[{"embeddable":true,"href":"https:\/\/academia.utp.edu.co\/profe-ramon\/wp-json\/wp\/v2\/users\/1951"}],"replies":[{"embeddable":true,"href":"https:\/\/academia.utp.edu.co\/profe-ramon\/wp-json\/wp\/v2\/comments?post=88"}],"version-history":[{"count":2,"href":"https:\/\/academia.utp.edu.co\/profe-ramon\/wp-json\/wp\/v2\/pages\/88\/revisions"}],"predecessor-version":[{"id":98,"href":"https:\/\/academia.utp.edu.co\/profe-ramon\/wp-json\/wp\/v2\/pages\/88\/revisions\/98"}],"wp:attachment":[{"href":"https:\/\/academia.utp.edu.co\/profe-ramon\/wp-json\/wp\/v2\/media?parent=88"}],"curies":[{"name":"wp","href":"https:\/\/api.w.org\/{rel}","templated":true}]}}