{"id":104721,"date":"2019-02-05T09:32:11","date_gmt":"2019-02-05T14:32:11","guid":{"rendered":"http:\/\/academia.utp.edu.co\/propiedades-magneticas-y-magnetoopticas-de-nuevos-materiales\/?page_id=104721"},"modified":"2019-10-07T09:15:20","modified_gmt":"2019-10-07T14:15:20","slug":"redes","status":"publish","type":"page","link":"https:\/\/academia.utp.edu.co\/propiedades-magneticas-y-magnetoopticas-de-nuevos-materiales\/redes\/","title":{"rendered":"REDES"},"content":{"rendered":"\n<h2 class=\"wp-block-heading\"><strong>Redes de investigaci\u00f3n <\/strong><\/h2>\n\n\n\n<p>El Grupo de investigaci\u00f3n a establecido diversas relaciones entre ellas la participaci\u00f3n y formaci\u00f3n de redes de investigaci\u00f3n y apoyo a la ciencia.<br \/><br \/>Las redes actualmente vinculadas son:<\/p>\n\n\n\n<ul class=\"wp-block-list\"><li> <a href=\"https:\/\/academia.utp.edu.co\/propiedades-magneticas-y-magnetoopticas-de-nuevos-materiales\/redes\/profesores-de-fisica\/\">Profesores de F\u00edsica<\/a><\/li><li> <a href=\"https:\/\/academia.utp.edu.co\/propiedades-magneticas-y-magnetoopticas-de-nuevos-materiales\/redes\/energias-alternativas\/\">Energ\u00edas Alternativas<\/a><\/li><li> <a href=\"https:\/\/academia.utp.edu.co\/propiedades-magneticas-y-magnetoopticas-de-nuevos-materiales\/redes\/nanomateriales\/\">Nanomateriales Funcionales<\/a><\/li><li> <a href=\"https:\/\/academia.utp.edu.co\/propiedades-magneticas-y-magnetoopticas-de-nuevos-materiales\/redes\/red-nuevos-materiales-utp-cinvestavqueretaro\/\">Red Nuevos Materiales UTP-CINVESTAV (Queretaro)<\/a> <\/li><\/ul>\n\n\n\n<p><em>Para mayor informaci\u00f3n dar clic sobre el nombre de cualquier red resaltada.<\/em><\/p>\n","protected":false},"excerpt":{"rendered":"<p>Redes de investigaci\u00f3n El Grupo de investigaci\u00f3n a establecido diversas relaciones entre ellas la participaci\u00f3n y formaci\u00f3n de redes de investigaci\u00f3n y apoyo a la ciencia. Las redes actualmente vinculadas <a href=\"https:\/\/academia.utp.edu.co\/propiedades-magneticas-y-magnetoopticas-de-nuevos-materiales\/redes\/\" rel=\"nofollow\"><span class=\"sr-only\">Leer m\u00e1sREDES<\/span>[&hellip;]<\/a><\/p>\n","protected":false},"author":781,"featured_media":0,"parent":0,"menu_order":0,"comment_status":"closed","ping_status":"closed","template":"","meta":{"footnotes":""},"class_list":["post-104721","page","type-page","status-publish","hentry"],"_links":{"self":[{"href":"https:\/\/academia.utp.edu.co\/propiedades-magneticas-y-magnetoopticas-de-nuevos-materiales\/wp-json\/wp\/v2\/pages\/104721","targetHints":{"allow":["GET"]}}],"collection":[{"href":"https:\/\/academia.utp.edu.co\/propiedades-magneticas-y-magnetoopticas-de-nuevos-materiales\/wp-json\/wp\/v2\/pages"}],"about":[{"href":"https:\/\/academia.utp.edu.co\/propiedades-magneticas-y-magnetoopticas-de-nuevos-materiales\/wp-json\/wp\/v2\/types\/page"}],"author":[{"embeddable":true,"href":"https:\/\/academia.utp.edu.co\/propiedades-magneticas-y-magnetoopticas-de-nuevos-materiales\/wp-json\/wp\/v2\/users\/781"}],"replies":[{"embeddable":true,"href":"https:\/\/academia.utp.edu.co\/propiedades-magneticas-y-magnetoopticas-de-nuevos-materiales\/wp-json\/wp\/v2\/comments?post=104721"}],"version-history":[{"count":19,"href":"https:\/\/academia.utp.edu.co\/propiedades-magneticas-y-magnetoopticas-de-nuevos-materiales\/wp-json\/wp\/v2\/pages\/104721\/revisions"}],"predecessor-version":[{"id":108231,"href":"https:\/\/academia.utp.edu.co\/propiedades-magneticas-y-magnetoopticas-de-nuevos-materiales\/wp-json\/wp\/v2\/pages\/104721\/revisions\/108231"}],"wp:attachment":[{"href":"https:\/\/academia.utp.edu.co\/propiedades-magneticas-y-magnetoopticas-de-nuevos-materiales\/wp-json\/wp\/v2\/media?parent=104721"}],"curies":[{"name":"wp","href":"https:\/\/api.w.org\/{rel}","templated":true}]}}